{"id":7226,"date":"2017-05-29T10:22:42","date_gmt":"2017-05-29T10:22:42","guid":{"rendered":"http:\/\/www.cmserviceitalia.it\/cm-service-italia-pre-owned-corrugated-machinery\/"},"modified":"2023-10-25T11:47:20","modified_gmt":"2023-10-25T09:47:20","slug":"cm-service-italia-pre-owned-corrugated-machinery","status":"publish","type":"page","link":"https:\/\/cmserviceitalia.it\/de\/","title":{"rendered":"CM Service Italia Verkauf und Revisions-Machinery Corrugated"},"content":{"rendered":"<div class=\"wpb-content-wrapper\"><p>[vc_row expanded=&#8220;2&#8243; css=&#8220;.vc_custom_1501494651345{background-color: #ffffff !important;}&#8220;][vc_column][rev_slider_vc alias=&#8220;grade_machinery_1&#8243; el_class=&#8220;max1280&#8243;][vc_row_inner equal_height=&#8220;yes&#8220; gap=&#8220;15&#8243; css=&#8220;.vc_custom_1503057798752{margin-top: -50px !important;margin-bottom: 30px !important;}&#8220; el_class=&#8220;smaller-font shadow-box&#8220;][vc_column_inner width=&#8220;1\/4&#8243; css=&#8220;.vc_custom_1502370113866{padding-right: 15px !important;padding-left: 15px !important;background-color: #ffffff !important;}&#8220;][vc_single_image image=&#8220;4783&#8243; img_size=&#8220;262&#215;200&#8243; alignment=&#8220;center&#8220; onclick=&#8220;custom_link&#8220; css=&#8220;.vc_custom_1500907710539{margin-right: -15px !important;margin-left: -15px !important;}&#8220; link=&#8220;http:\/\/www.cmserviceitalia.it\/de\/gebrauchte-und-ueberholte-stanzautomaten\/&#8220;][vc_column_text css=&#8220;.vc_custom_1502456278076{margin-top: -15px !important;}&#8220;]<\/p>\n<h4 class=\"t_home\"><a href=\"http:\/\/www.cmserviceitalia.it\/de\/gebrauchte-und-ueberholte-stanzautomaten\/\">BOBST<\/a><\/h4>\n<p class=\"s_titre_home\">SPO Stansautomaten<\/p>\n<p class=\"p_home\">Cm Service Italia hat im Laufe der Zeit reichlich Erfahrung gesammelt, um den perfekten Zustand der \u00fcberholten Stanzmaschinen garantieren zu k\u00f6nnen und allen Anforderungen in vollem Umfang gerecht zu werden.<\/p>\n<p>[\/vc_column_text][\/vc_column_inner][vc_column_inner width=&#8220;1\/4&#8243; css=&#8220;.vc_custom_1488274790175{padding-right: 15px !important;padding-left: 15px !important;background-color: #ffffff !important;}&#8220;][vc_single_image image=&#8220;4789&#8243; img_size=&#8220;262&#215;200&#8243; alignment=&#8220;center&#8220; onclick=&#8220;custom_link&#8220; css=&#8220;.vc_custom_1500907676495{margin-right: -15px !important;margin-left: -15px !important;}&#8220; link=&#8220;http:\/\/www.cmserviceitalia.it\/de\/gebrauchte-und-ueberholte-flexodruckmaschinen\/&#8220;][vc_column_text css=&#8220;.vc_custom_1502456287574{margin-top: -15px !important;}&#8220;]<\/p>\n<h4 class=\"t_home\"><a href=\"http:\/\/www.cmserviceitalia.it\/de\/gebrauchte-und-ueberholte-flexodruckmaschinen\/\">BOBST<\/a><\/h4>\n<p class=\"s_titre_home\">Flexodruckmaschinen<\/p>\n<p class=\"p_home\">Die gebrauchten Flexodruckmaschinen, werden nach Revision, Aufr\u00fcstung und Verbesserungen mit einer umfassenden Garantie von 6 bis 12 Monaten angeboten.<\/p>\n<p>[\/vc_column_text][\/vc_column_inner][vc_column_inner width=&#8220;1\/4&#8243; css=&#8220;.vc_custom_1488274993668{padding-right: 15px !important;padding-left: 15px !important;background-color: #ffffff !important;}&#8220;][vc_single_image image=&#8220;4797&#8243; img_size=&#8220;262&#215;200&#8243; alignment=&#8220;center&#8220; onclick=&#8220;custom_link&#8220; css=&#8220;.vc_custom_1500907646120{margin-right: -15px !important;margin-left: -15px !important;}&#8220; link=&#8220;http:\/\/www.cmserviceitalia.it\/de\/transport\/&#8220;][vc_column_text css=&#8220;.vc_custom_1502456297996{margin-top: -15px !important;}&#8220;]<\/p>\n<h4 class=\"t_home\"><a href=\"http:\/\/www.cmserviceitalia.it\/de\/transport\/\">BOBST<\/a><\/h4>\n<p class=\"s_titre_home\">Transport<\/p>\n<p class=\"p_home\">Unser Unternehmen hat spezialisierte Mechaniker und Elektriker, die sich um die fachm\u00e4nnische Demontage, den Transport, die Installation und die Wiederaufstellung der \u00fcberholten Maschinen k\u00fcmmern.<\/p>\n<p>[\/vc_column_text][\/vc_column_inner][vc_column_inner width=&#8220;1\/4&#8243; css=&#8220;.vc_custom_1488275057166{padding-right: 15px !important;padding-left: 15px !important;background-color: #ffffff !important;}&#8220;][vc_single_image image=&#8220;9084&#8243; img_size=&#8220;262&#215;200&#8243; alignment=&#8220;center&#8220; onclick=&#8220;custom_link&#8220; css=&#8220;.vc_custom_1698226894401{margin-right: -15px !important;margin-left: -15px !important;}&#8220; link=&#8220;https:\/\/cmserviceitalia.it\/de\/casemaker\/&#8220;][vc_column_text css=&#8220;.vc_custom_1698227226443{margin-top: -15px !important;}&#8220;]<\/p>\n<h4 class=\"t_home\"><a href=\"https:\/\/cmserviceitalia.it\/de\/casemaker\/\">Martin<\/a><\/h4>\n<p class=\"s_titre_home\">Casemaker<\/p>\n<p class=\"p_home\">Unsere Firma verf\u00fcgt \u00fcber eine fundierte Erfahrung auf dem Bereich der Revision und \u00dcberholung von gebrauchten boxmaker. In Besonderen \u00fcberholt Cm Service die Boxmaker des Herstellers Martin.<\/p>\n<p>[\/vc_column_text][\/vc_column_inner][\/vc_row_inner][\/vc_column][\/vc_row][vc_row expanded=&#8220;2&#8243; css=&#8220;.vc_custom_1502456850921{margin-bottom: 0px !important;padding-top: 10px !important;padding-bottom: 10px !important;background-color: #26324a !important;}&#8220; el_class=&#8220;white-font&#8220;][vc_column css=&#8220;.vc_custom_1488269132659{margin-top: 10px !important;}&#8220;][vc_row_inner css=&#8220;.vc_custom_1488215614916{margin-bottom: 0px !important;}&#8220;][vc_column_inner][section_header layout_type=&#8220;section-heading-underlined&#8220; main_heading=&#8220;GESAMTSPEZIALISTEN AUF DIE \u00dcBERHOLUNG VON MASCHINEN F\u00dcR DIE WELLPAPPEVERARBEITUNG&#8220; font_size=&#8220;custom&#8220; custom_font_size=&#8220;21&#8243; font_weight=&#8220;normal&#8220; use_multi_color=&#8220;0&#8243; color=&#8220;#3f4348&#8243; separator_color=&#8220;#ffffff&#8220; css=&#8220;.vc_custom_1503651560839{margin-bottom: 10px !important;}&#8220;][vc_single_image image=&#8220;8691&#8243; img_size=&#8220;900&#215;2&#8243; alignment=&#8220;center&#8220;][vc_column_text css=&#8220;.vc_custom_1503652501269{margin-top: -10px !important;margin-bottom: 15px !important;}&#8220;]<\/p>\n<p style=\"text-align: center; color: #3f4348; text-transform: uppercase;\"><span style=\"font-size: 1.2em;\">CM SERVICE ITALIA ist sicher Ihre beste Wahl, wenn Sie auf der Suche nach \u00fcberholten Maschinen zur Wellpappeverarbeitung mit sehr hohem Qualit\u00e4tsstandard sind. Wir sind Gesamtspezialisten f\u00fcr die Papierverarbeitung und \u00fcberholen Maschinen wie Flexodruckmaschinen, Stanzautomaten, casemaker und boxmaker mit Upgrade und Verbesserungen.<\/span><\/p>\n<p style=\"text-align: center; color: #3f4348; text-transform: uppercase;\"><span style=\"font-size: 1.2em;\">Wir sind Ihr zuverl\u00e4ssiger Partner, wenn sie in gebrauchten Maschinen mit Garantie investieren wollen<\/span><\/p>\n<p>[\/vc_column_text][\/vc_column_inner][\/vc_row_inner][\/vc_column][\/vc_row][vc_row expanded=&#8220;2&#8243; background_style=&#8220;cover&#8220; el_id=&#8220;group-logos&#8220; css=&#8220;.vc_custom_1504091517015{margin-top: 0px !important;margin-bottom: 15px !important;}&#8220;][vc_column css=&#8220;.vc_custom_1471579178669{padding-right: 0px !important;padding-left: 0px !important;}&#8220;][vc_row_inner css=&#8220;.vc_custom_1503060738165{margin-top: 0px !important;}&#8220;][vc_column_inner width=&#8220;1\/3&#8243; css=&#8220;.vc_custom_1503057351388{padding-top: 30px !important;padding-bottom: 30px !important;}&#8220;][vc_posts_slider count=&#8220;1&#8243; interval=&#8220;0&#8243; slides_content=&#8220;teaser&#8220; slides_title=&#8220;1&#8243; posttypes=&#8220;post&#8220; posts_in=&#8220;4845&#8243;][\/vc_column_inner][vc_column_inner width=&#8220;1\/3&#8243; css=&#8220;.vc_custom_1503057887347{padding-top: 30px !important;padding-bottom: 30px !important;}&#8220;][vc_posts_slider count=&#8220;1&#8243; interval=&#8220;0&#8243; slides_content=&#8220;teaser&#8220; slides_title=&#8220;1&#8243; posttypes=&#8220;post&#8220; posts_in=&#8220;4831&#8243;][\/vc_column_inner][vc_column_inner width=&#8220;1\/3&#8243; css=&#8220;.vc_custom_1503057893274{padding-top: 30px !important;padding-bottom: 30px !important;}&#8220;][vc_posts_slider count=&#8220;1&#8243; interval=&#8220;0&#8243; slides_content=&#8220;teaser&#8220; slides_title=&#8220;1&#8243; posttypes=&#8220;post&#8220; posts_in=&#8220;4838&#8243;][\/vc_column_inner][\/vc_row_inner][\/vc_column][\/vc_row]<\/p>\n<\/div>","protected":false},"excerpt":{"rendered":"<p>[vc_row expanded=&#8220;2&#8243; css=&#8220;.vc_custom_1501494651345{background-color: #ffffff !important;}&#8220;][vc_column][rev_slider_vc alias=&#8220;grade_machinery_1&#8243; el_class=&#8220;max1280&#8243;][vc_row_inner equal_height=&#8220;yes&#8220; gap=&#8220;15&#8243; css=&#8220;.vc_custom_1503057798752{margin-top: -50px !important;margin-bottom: 30px !important;}&#8220; el_class=&#8220;smaller-font shadow-box&#8220;][vc_column_inner width=&#8220;1\/4&#8243; css=&#8220;.vc_custom_1502370113866{padding-right: 15px !important;padding-left: 15px !important;background-color: #ffffff !important;}&#8220;][vc_single_image image=&#8220;4783&#8243; img_size=&#8220;262&#215;200&#8243; alignment=&#8220;center&#8220; onclick=&#8220;custom_link&#8220; css=&#8220;.vc_custom_1500907710539{margin-right: -15px !important;margin-left: -15px !important;}&#8220; link=&#8220;http:\/\/www.cmserviceitalia.it\/de\/gebrauchte-und-ueberholte-stanzautomaten\/&#8220;][vc_column_text css=&#8220;.vc_custom_1502456278076{margin-top: -15px !important;}&#8220;] BOBST SPO Stansautomaten Cm Service Italia hat im Laufe der Zeit reichlich Erfahrung gesammelt, um den perfekten Zustand&hellip;<\/p>\n","protected":false},"author":11,"featured_media":0,"parent":0,"menu_order":0,"comment_status":"closed","ping_status":"closed","template":"fullwidth.php","meta":{"footnotes":""},"class_list":["post-7226","page","type-page","status-publish","hentry"],"yoast_head":"<!-- This site is optimized with the Yoast SEO plugin v27.2 - https:\/\/yoast.com\/product\/yoast-seo-wordpress\/ -->\r\n<title>CM Service Italia Verkauf und Revisions-Machinery Corrugated - CM Service<\/title>\r\n<meta name=\"robots\" content=\"index, follow, max-snippet:-1, max-image-preview:large, max-video-preview:-1\" \/>\r\n<link rel=\"canonical\" href=\"https:\/\/cmserviceitalia.it\/de\/\" \/>\r\n<meta property=\"og:locale\" content=\"de_DE\" \/>\r\n<meta property=\"og:type\" content=\"article\" \/>\r\n<meta property=\"og:title\" content=\"CM Service Italia Verkauf und Revisions-Machinery Corrugated - CM Service\" \/>\r\n<meta property=\"og:description\" content=\"[vc_row expanded=&#8220;2&#8243; css=&#8220;.vc_custom_1501494651345{background-color: #ffffff !important;}&#8220;][vc_column][rev_slider_vc alias=&#8220;grade_machinery_1&#8243; el_class=&#8220;max1280&#8243;][vc_row_inner equal_height=&#8220;yes&#8220; gap=&#8220;15&#8243; css=&#8220;.vc_custom_1503057798752{margin-top: -50px !important;margin-bottom: 30px !important;}&#8220; el_class=&#8220;smaller-font shadow-box&#8220;][vc_column_inner width=&#8220;1\/4&#8243; css=&#8220;.vc_custom_1502370113866{padding-right: 15px !important;padding-left: 15px !important;background-color: #ffffff !important;}&#8220;][vc_single_image image=&#8220;4783&#8243; img_size=&#8220;262&#215;200&#8243; alignment=&#8220;center&#8220; onclick=&#8220;custom_link&#8220; css=&#8220;.vc_custom_1500907710539{margin-right: -15px !important;margin-left: -15px !important;}&#8220; link=&#8220;http:\/\/www.cmserviceitalia.it\/de\/gebrauchte-und-ueberholte-stanzautomaten\/&#8220;][vc_column_text css=&#8220;.vc_custom_1502456278076{margin-top: -15px !important;}&#8220;] BOBST SPO Stansautomaten Cm Service Italia hat im Laufe der Zeit reichlich Erfahrung gesammelt, um den perfekten Zustand&hellip;\" \/>\r\n<meta property=\"og:url\" content=\"https:\/\/cmserviceitalia.it\/de\/\" \/>\r\n<meta property=\"og:site_name\" content=\"CM Service\" \/>\r\n<meta property=\"article:modified_time\" content=\"2023-10-25T09:47:20+00:00\" \/>\r\n<meta property=\"og:image\" content=\"https:\/\/cmserviceitalia.it\/assets\/uploads\/logo_cm-service_jaune_02.jpg\" \/>\r\n\t<meta property=\"og:image:width\" content=\"732\" \/>\r\n\t<meta property=\"og:image:height\" content=\"732\" \/>\r\n\t<meta property=\"og:image:type\" content=\"image\/jpeg\" \/>\r\n<meta name=\"twitter:label1\" content=\"Gesch\u00e4tzte Lesezeit\" \/>\n\t<meta name=\"twitter:data1\" content=\"2\u00a0Minuten\" \/>\r\n<script type=\"application\/ld+json\" class=\"yoast-schema-graph\">{\"@context\":\"https:\/\/schema.org\",\"@graph\":[{\"@type\":\"WebPage\",\"@id\":\"https:\/\/cmserviceitalia.it\/de\/\",\"url\":\"https:\/\/cmserviceitalia.it\/de\/\",\"name\":\"CM Service Italia Verkauf und Revisions-Machinery Corrugated - CM Service\",\"isPartOf\":{\"@id\":\"https:\/\/cmserviceitalia.it\/#website\"},\"datePublished\":\"2017-05-29T10:22:42+00:00\",\"dateModified\":\"2023-10-25T09:47:20+00:00\",\"inLanguage\":\"de\",\"potentialAction\":[{\"@type\":\"ReadAction\",\"target\":[\"https:\/\/cmserviceitalia.it\/de\/\"]}]},{\"@type\":\"WebSite\",\"@id\":\"https:\/\/cmserviceitalia.it\/#website\",\"url\":\"https:\/\/cmserviceitalia.it\/\",\"name\":\"CM Service\",\"description\":\"Printer Slotter Presse de d\u00e9coupe automatique Diecutter Automatique\",\"publisher\":{\"@id\":\"https:\/\/cmserviceitalia.it\/#organization\"},\"potentialAction\":[{\"@type\":\"SearchAction\",\"target\":{\"@type\":\"EntryPoint\",\"urlTemplate\":\"https:\/\/cmserviceitalia.it\/?s={search_term_string}\"},\"query-input\":{\"@type\":\"PropertyValueSpecification\",\"valueRequired\":true,\"valueName\":\"search_term_string\"}}],\"inLanguage\":\"de\"},{\"@type\":\"Organization\",\"@id\":\"https:\/\/cmserviceitalia.it\/#organization\",\"name\":\"CM Service Italia\",\"url\":\"https:\/\/cmserviceitalia.it\/\",\"logo\":{\"@type\":\"ImageObject\",\"inLanguage\":\"de\",\"@id\":\"https:\/\/cmserviceitalia.it\/#\/schema\/logo\/image\/\",\"url\":\"https:\/\/cmserviceitalia.it\/assets\/uploads\/logo_cm-service_jaune_02.jpg\",\"contentUrl\":\"https:\/\/cmserviceitalia.it\/assets\/uploads\/logo_cm-service_jaune_02.jpg\",\"width\":732,\"height\":732,\"caption\":\"CM Service Italia\"},\"image\":{\"@id\":\"https:\/\/cmserviceitalia.it\/#\/schema\/logo\/image\/\"}}]}<\/script>\r\n<!-- \/ Yoast SEO plugin. -->","yoast_head_json":{"title":"CM Service Italia Verkauf und Revisions-Machinery Corrugated - CM Service","robots":{"index":"index","follow":"follow","max-snippet":"max-snippet:-1","max-image-preview":"max-image-preview:large","max-video-preview":"max-video-preview:-1"},"canonical":"https:\/\/cmserviceitalia.it\/de\/","og_locale":"de_DE","og_type":"article","og_title":"CM Service Italia Verkauf und Revisions-Machinery Corrugated - CM Service","og_description":"[vc_row expanded=&#8220;2&#8243; css=&#8220;.vc_custom_1501494651345{background-color: #ffffff !important;}&#8220;][vc_column][rev_slider_vc alias=&#8220;grade_machinery_1&#8243; el_class=&#8220;max1280&#8243;][vc_row_inner equal_height=&#8220;yes&#8220; gap=&#8220;15&#8243; css=&#8220;.vc_custom_1503057798752{margin-top: -50px !important;margin-bottom: 30px !important;}&#8220; el_class=&#8220;smaller-font shadow-box&#8220;][vc_column_inner width=&#8220;1\/4&#8243; css=&#8220;.vc_custom_1502370113866{padding-right: 15px !important;padding-left: 15px !important;background-color: #ffffff !important;}&#8220;][vc_single_image image=&#8220;4783&#8243; img_size=&#8220;262&#215;200&#8243; alignment=&#8220;center&#8220; onclick=&#8220;custom_link&#8220; css=&#8220;.vc_custom_1500907710539{margin-right: -15px !important;margin-left: -15px !important;}&#8220; link=&#8220;http:\/\/www.cmserviceitalia.it\/de\/gebrauchte-und-ueberholte-stanzautomaten\/&#8220;][vc_column_text css=&#8220;.vc_custom_1502456278076{margin-top: -15px !important;}&#8220;] BOBST SPO Stansautomaten Cm Service Italia hat im Laufe der Zeit reichlich Erfahrung gesammelt, um den perfekten Zustand&hellip;","og_url":"https:\/\/cmserviceitalia.it\/de\/","og_site_name":"CM Service","article_modified_time":"2023-10-25T09:47:20+00:00","og_image":[{"width":732,"height":732,"url":"https:\/\/cmserviceitalia.it\/assets\/uploads\/logo_cm-service_jaune_02.jpg","type":"image\/jpeg"}],"twitter_misc":{"Gesch\u00e4tzte Lesezeit":"2\u00a0Minuten"},"schema":{"@context":"https:\/\/schema.org","@graph":[{"@type":"WebPage","@id":"https:\/\/cmserviceitalia.it\/de\/","url":"https:\/\/cmserviceitalia.it\/de\/","name":"CM Service Italia Verkauf und Revisions-Machinery Corrugated - CM Service","isPartOf":{"@id":"https:\/\/cmserviceitalia.it\/#website"},"datePublished":"2017-05-29T10:22:42+00:00","dateModified":"2023-10-25T09:47:20+00:00","inLanguage":"de","potentialAction":[{"@type":"ReadAction","target":["https:\/\/cmserviceitalia.it\/de\/"]}]},{"@type":"WebSite","@id":"https:\/\/cmserviceitalia.it\/#website","url":"https:\/\/cmserviceitalia.it\/","name":"CM Service","description":"Printer Slotter Presse de d\u00e9coupe automatique Diecutter Automatique","publisher":{"@id":"https:\/\/cmserviceitalia.it\/#organization"},"potentialAction":[{"@type":"SearchAction","target":{"@type":"EntryPoint","urlTemplate":"https:\/\/cmserviceitalia.it\/?s={search_term_string}"},"query-input":{"@type":"PropertyValueSpecification","valueRequired":true,"valueName":"search_term_string"}}],"inLanguage":"de"},{"@type":"Organization","@id":"https:\/\/cmserviceitalia.it\/#organization","name":"CM Service Italia","url":"https:\/\/cmserviceitalia.it\/","logo":{"@type":"ImageObject","inLanguage":"de","@id":"https:\/\/cmserviceitalia.it\/#\/schema\/logo\/image\/","url":"https:\/\/cmserviceitalia.it\/assets\/uploads\/logo_cm-service_jaune_02.jpg","contentUrl":"https:\/\/cmserviceitalia.it\/assets\/uploads\/logo_cm-service_jaune_02.jpg","width":732,"height":732,"caption":"CM Service Italia"},"image":{"@id":"https:\/\/cmserviceitalia.it\/#\/schema\/logo\/image\/"}}]}},"_links":{"self":[{"href":"https:\/\/cmserviceitalia.it\/de\/wp-json\/wp\/v2\/pages\/7226","targetHints":{"allow":["GET"]}}],"collection":[{"href":"https:\/\/cmserviceitalia.it\/de\/wp-json\/wp\/v2\/pages"}],"about":[{"href":"https:\/\/cmserviceitalia.it\/de\/wp-json\/wp\/v2\/types\/page"}],"author":[{"embeddable":true,"href":"https:\/\/cmserviceitalia.it\/de\/wp-json\/wp\/v2\/users\/11"}],"replies":[{"embeddable":true,"href":"https:\/\/cmserviceitalia.it\/de\/wp-json\/wp\/v2\/comments?post=7226"}],"version-history":[{"count":44,"href":"https:\/\/cmserviceitalia.it\/de\/wp-json\/wp\/v2\/pages\/7226\/revisions"}],"predecessor-version":[{"id":14595,"href":"https:\/\/cmserviceitalia.it\/de\/wp-json\/wp\/v2\/pages\/7226\/revisions\/14595"}],"wp:attachment":[{"href":"https:\/\/cmserviceitalia.it\/de\/wp-json\/wp\/v2\/media?parent=7226"}],"curies":[{"name":"wp","href":"https:\/\/api.w.org\/{rel}","templated":true}]}}