{"id":7276,"date":"2017-06-01T12:16:31","date_gmt":"2017-06-01T12:16:31","guid":{"rendered":"http:\/\/www.cmserviceitalia.it\/corrugated-cardboard-machines-upgrade\/"},"modified":"2017-08-11T08:02:08","modified_gmt":"2017-08-11T08:02:08","slug":"corrugated-cardboard-machines-upgrade","status":"publish","type":"page","link":"https:\/\/cmserviceitalia.it\/de\/corrugated-cardboard-machines-upgrade\/","title":{"rendered":"CORRUGATED CARDBOARD MACHINES UPGRADE"},"content":{"rendered":"<div class=\"wpb-content-wrapper\"><p>[vc_row][vc_column][section_header layout_type=&#8220;section-heading-colorblock&#8220; main_heading=&#8220;UPGRADE&#8220; font_size=&#8220;default&#8220; use_multi_color=&#8220;0&#8243;][\/vc_column][\/vc_row][vc_row][vc_column css=&#8220;.vc_custom_1500995683215{margin-top: 10px !important;}&#8220;][vc_cta h2=&#8220;&#8220; shape=&#8220;square&#8220; style=&#8220;custom&#8220; custom_background=&#8220;#ffffff&#8220;]Mechanische und elektrische Aufr\u00fcstung und Software-Aktualisierung f\u00fcr \u00fcberholte Maschinen<\/p>\n<p id=\"jstf\">CCm Service Italia bietet einen <b>Upgrade-Service f\u00fcr \u00fcberholte Industriemaschinen<\/b> f\u00fcr den Papierverarbeitungssektor an, der auf L\u00f6sungen und Upgrades f\u00fcr Mechanik, Elektrik und Software ausgerichtet ist und die Leistungen der bearbeiteten Maschinen durch eine Steigerung der Qualit\u00e4t der erbrachten Leistung verbessert.<\/p>\n<p id=\"jstf\">F\u00fcr diesen Service ist unser Experten-Team zust\u00e4ndig. Dieses Team bewertet, analysiert und schl\u00e4gt dann das, in Hinsicht auf Kosten und Umbauzeiten, vorteilhafteste Upgrade vor. Die m\u00f6glichen Upgrades h\u00e4ngen von Produktkategorie und Modell ab. Wir unterscheiden heute zwischen den verschiedenen Upgrades folgender Maschinenkategorien auf den Papierverarbeitungssektor:<\/p>\n<ul>\n<li><a href=\"http:\/\/www.cmserviceitalia.it\/de\/upgrade-flexodruckmaschinen\/\">UPGRADE DRUCKMASCHINEN BOBST FLEXO <\/a><\/li>\n<li>UPGRADE STANZMASCHINEN BOBST SPO<\/li>\n<li>UPGRADE CASEMAKER<\/li>\n<li>UPGRADE BOXMAKER G\u00d6PFERT<\/li>\n<\/ul>\n<p>[\/vc_cta][\/vc_column][\/vc_row]<\/p>\n<\/div>","protected":false},"excerpt":{"rendered":"<p>[vc_row][vc_column][section_header layout_type=&#8220;section-heading-colorblock&#8220; main_heading=&#8220;UPGRADE&#8220; font_size=&#8220;default&#8220; use_multi_color=&#8220;0&#8243;][\/vc_column][\/vc_row][vc_row][vc_column css=&#8220;.vc_custom_1500995683215{margin-top: 10px !important;}&#8220;][vc_cta h2=&#8220;&#8220; shape=&#8220;square&#8220; style=&#8220;custom&#8220; custom_background=&#8220;#ffffff&#8220;]Mechanische und elektrische Aufr\u00fcstung und Software-Aktualisierung f\u00fcr \u00fcberholte Maschinen CCm Service Italia bietet einen Upgrade-Service f\u00fcr \u00fcberholte Industriemaschinen f\u00fcr den Papierverarbeitungssektor an, der auf L\u00f6sungen und Upgrades f\u00fcr Mechanik, Elektrik und Software ausgerichtet ist und die Leistungen der bearbeiteten Maschinen durch eine Steigerung der&hellip;<\/p>\n","protected":false},"author":11,"featured_media":0,"parent":0,"menu_order":0,"comment_status":"closed","ping_status":"closed","template":"","meta":{"footnotes":""},"class_list":["post-7276","page","type-page","status-publish","hentry"],"yoast_head":"<!-- This site is optimized with the Yoast SEO plugin v27.2 - https:\/\/yoast.com\/product\/yoast-seo-wordpress\/ -->\r\n<title>CORRUGATED CARDBOARD MACHINES UPGRADE - CM Service<\/title>\r\n<meta name=\"robots\" content=\"index, follow, max-snippet:-1, max-image-preview:large, max-video-preview:-1\" \/>\r\n<link rel=\"canonical\" href=\"https:\/\/cmserviceitalia.it\/de\/corrugated-cardboard-machines-upgrade\/\" \/>\r\n<meta property=\"og:locale\" content=\"de_DE\" \/>\r\n<meta property=\"og:type\" content=\"article\" \/>\r\n<meta property=\"og:title\" content=\"CORRUGATED CARDBOARD MACHINES UPGRADE - CM Service\" \/>\r\n<meta property=\"og:description\" content=\"[vc_row][vc_column][section_header layout_type=&#8220;section-heading-colorblock&#8220; main_heading=&#8220;UPGRADE&#8220; font_size=&#8220;default&#8220; use_multi_color=&#8220;0&#8243;][\/vc_column][\/vc_row][vc_row][vc_column css=&#8220;.vc_custom_1500995683215{margin-top: 10px !important;}&#8220;][vc_cta h2=&#8220;&#8220; shape=&#8220;square&#8220; style=&#8220;custom&#8220; custom_background=&#8220;#ffffff&#8220;]Mechanische und elektrische Aufr\u00fcstung und Software-Aktualisierung f\u00fcr \u00fcberholte Maschinen CCm Service Italia bietet einen Upgrade-Service f\u00fcr \u00fcberholte Industriemaschinen f\u00fcr den Papierverarbeitungssektor an, der auf L\u00f6sungen und Upgrades f\u00fcr Mechanik, Elektrik und Software ausgerichtet ist und die Leistungen der bearbeiteten Maschinen durch eine Steigerung der&hellip;\" \/>\r\n<meta property=\"og:url\" content=\"https:\/\/cmserviceitalia.it\/de\/corrugated-cardboard-machines-upgrade\/\" \/>\r\n<meta property=\"og:site_name\" content=\"CM Service\" \/>\r\n<meta property=\"article:modified_time\" content=\"2017-08-11T08:02:08+00:00\" \/>\r\n<meta property=\"og:image\" content=\"https:\/\/cmserviceitalia.it\/assets\/uploads\/logo_cm-service_jaune_02.jpg\" \/>\r\n\t<meta property=\"og:image:width\" content=\"732\" \/>\r\n\t<meta property=\"og:image:height\" content=\"732\" \/>\r\n\t<meta property=\"og:image:type\" content=\"image\/jpeg\" \/>\r\n<meta name=\"twitter:label1\" content=\"Gesch\u00e4tzte Lesezeit\" \/>\n\t<meta name=\"twitter:data1\" content=\"1\u00a0Minute\" \/>\r\n<script type=\"application\/ld+json\" class=\"yoast-schema-graph\">{\"@context\":\"https:\/\/schema.org\",\"@graph\":[{\"@type\":\"WebPage\",\"@id\":\"https:\/\/cmserviceitalia.it\/de\/corrugated-cardboard-machines-upgrade\/\",\"url\":\"https:\/\/cmserviceitalia.it\/de\/corrugated-cardboard-machines-upgrade\/\",\"name\":\"CORRUGATED CARDBOARD MACHINES UPGRADE - CM Service\",\"isPartOf\":{\"@id\":\"https:\/\/cmserviceitalia.it\/#website\"},\"datePublished\":\"2017-06-01T12:16:31+00:00\",\"dateModified\":\"2017-08-11T08:02:08+00:00\",\"inLanguage\":\"de\",\"potentialAction\":[{\"@type\":\"ReadAction\",\"target\":[\"https:\/\/cmserviceitalia.it\/de\/corrugated-cardboard-machines-upgrade\/\"]}]},{\"@type\":\"WebSite\",\"@id\":\"https:\/\/cmserviceitalia.it\/#website\",\"url\":\"https:\/\/cmserviceitalia.it\/\",\"name\":\"CM Service\",\"description\":\"Printer Slotter Presse de d\u00e9coupe automatique Diecutter Automatique\",\"publisher\":{\"@id\":\"https:\/\/cmserviceitalia.it\/#organization\"},\"potentialAction\":[{\"@type\":\"SearchAction\",\"target\":{\"@type\":\"EntryPoint\",\"urlTemplate\":\"https:\/\/cmserviceitalia.it\/?s={search_term_string}\"},\"query-input\":{\"@type\":\"PropertyValueSpecification\",\"valueRequired\":true,\"valueName\":\"search_term_string\"}}],\"inLanguage\":\"de\"},{\"@type\":\"Organization\",\"@id\":\"https:\/\/cmserviceitalia.it\/#organization\",\"name\":\"CM Service Italia\",\"url\":\"https:\/\/cmserviceitalia.it\/\",\"logo\":{\"@type\":\"ImageObject\",\"inLanguage\":\"de\",\"@id\":\"https:\/\/cmserviceitalia.it\/#\/schema\/logo\/image\/\",\"url\":\"https:\/\/cmserviceitalia.it\/assets\/uploads\/logo_cm-service_jaune_02.jpg\",\"contentUrl\":\"https:\/\/cmserviceitalia.it\/assets\/uploads\/logo_cm-service_jaune_02.jpg\",\"width\":732,\"height\":732,\"caption\":\"CM Service Italia\"},\"image\":{\"@id\":\"https:\/\/cmserviceitalia.it\/#\/schema\/logo\/image\/\"}}]}<\/script>\r\n<!-- \/ Yoast SEO plugin. -->","yoast_head_json":{"title":"CORRUGATED CARDBOARD MACHINES UPGRADE - CM Service","robots":{"index":"index","follow":"follow","max-snippet":"max-snippet:-1","max-image-preview":"max-image-preview:large","max-video-preview":"max-video-preview:-1"},"canonical":"https:\/\/cmserviceitalia.it\/de\/corrugated-cardboard-machines-upgrade\/","og_locale":"de_DE","og_type":"article","og_title":"CORRUGATED CARDBOARD MACHINES UPGRADE - CM Service","og_description":"[vc_row][vc_column][section_header layout_type=&#8220;section-heading-colorblock&#8220; main_heading=&#8220;UPGRADE&#8220; font_size=&#8220;default&#8220; use_multi_color=&#8220;0&#8243;][\/vc_column][\/vc_row][vc_row][vc_column css=&#8220;.vc_custom_1500995683215{margin-top: 10px !important;}&#8220;][vc_cta h2=&#8220;&#8220; shape=&#8220;square&#8220; style=&#8220;custom&#8220; custom_background=&#8220;#ffffff&#8220;]Mechanische und elektrische Aufr\u00fcstung und Software-Aktualisierung f\u00fcr \u00fcberholte Maschinen CCm Service Italia bietet einen Upgrade-Service f\u00fcr \u00fcberholte Industriemaschinen f\u00fcr den Papierverarbeitungssektor an, der auf L\u00f6sungen und Upgrades f\u00fcr Mechanik, Elektrik und Software ausgerichtet ist und die Leistungen der bearbeiteten Maschinen durch eine Steigerung der&hellip;","og_url":"https:\/\/cmserviceitalia.it\/de\/corrugated-cardboard-machines-upgrade\/","og_site_name":"CM Service","article_modified_time":"2017-08-11T08:02:08+00:00","og_image":[{"width":732,"height":732,"url":"https:\/\/cmserviceitalia.it\/assets\/uploads\/logo_cm-service_jaune_02.jpg","type":"image\/jpeg"}],"twitter_misc":{"Gesch\u00e4tzte Lesezeit":"1\u00a0Minute"},"schema":{"@context":"https:\/\/schema.org","@graph":[{"@type":"WebPage","@id":"https:\/\/cmserviceitalia.it\/de\/corrugated-cardboard-machines-upgrade\/","url":"https:\/\/cmserviceitalia.it\/de\/corrugated-cardboard-machines-upgrade\/","name":"CORRUGATED CARDBOARD MACHINES UPGRADE - CM Service","isPartOf":{"@id":"https:\/\/cmserviceitalia.it\/#website"},"datePublished":"2017-06-01T12:16:31+00:00","dateModified":"2017-08-11T08:02:08+00:00","inLanguage":"de","potentialAction":[{"@type":"ReadAction","target":["https:\/\/cmserviceitalia.it\/de\/corrugated-cardboard-machines-upgrade\/"]}]},{"@type":"WebSite","@id":"https:\/\/cmserviceitalia.it\/#website","url":"https:\/\/cmserviceitalia.it\/","name":"CM Service","description":"Printer Slotter Presse de d\u00e9coupe automatique Diecutter Automatique","publisher":{"@id":"https:\/\/cmserviceitalia.it\/#organization"},"potentialAction":[{"@type":"SearchAction","target":{"@type":"EntryPoint","urlTemplate":"https:\/\/cmserviceitalia.it\/?s={search_term_string}"},"query-input":{"@type":"PropertyValueSpecification","valueRequired":true,"valueName":"search_term_string"}}],"inLanguage":"de"},{"@type":"Organization","@id":"https:\/\/cmserviceitalia.it\/#organization","name":"CM Service Italia","url":"https:\/\/cmserviceitalia.it\/","logo":{"@type":"ImageObject","inLanguage":"de","@id":"https:\/\/cmserviceitalia.it\/#\/schema\/logo\/image\/","url":"https:\/\/cmserviceitalia.it\/assets\/uploads\/logo_cm-service_jaune_02.jpg","contentUrl":"https:\/\/cmserviceitalia.it\/assets\/uploads\/logo_cm-service_jaune_02.jpg","width":732,"height":732,"caption":"CM Service Italia"},"image":{"@id":"https:\/\/cmserviceitalia.it\/#\/schema\/logo\/image\/"}}]}},"_links":{"self":[{"href":"https:\/\/cmserviceitalia.it\/de\/wp-json\/wp\/v2\/pages\/7276","targetHints":{"allow":["GET"]}}],"collection":[{"href":"https:\/\/cmserviceitalia.it\/de\/wp-json\/wp\/v2\/pages"}],"about":[{"href":"https:\/\/cmserviceitalia.it\/de\/wp-json\/wp\/v2\/types\/page"}],"author":[{"embeddable":true,"href":"https:\/\/cmserviceitalia.it\/de\/wp-json\/wp\/v2\/users\/11"}],"replies":[{"embeddable":true,"href":"https:\/\/cmserviceitalia.it\/de\/wp-json\/wp\/v2\/comments?post=7276"}],"version-history":[{"count":7,"href":"https:\/\/cmserviceitalia.it\/de\/wp-json\/wp\/v2\/pages\/7276\/revisions"}],"predecessor-version":[{"id":8576,"href":"https:\/\/cmserviceitalia.it\/de\/wp-json\/wp\/v2\/pages\/7276\/revisions\/8576"}],"wp:attachment":[{"href":"https:\/\/cmserviceitalia.it\/de\/wp-json\/wp\/v2\/media?parent=7276"}],"curies":[{"name":"wp","href":"https:\/\/api.w.org\/{rel}","templated":true}]}}