{"id":7283,"date":"2017-06-05T12:42:59","date_gmt":"2017-06-05T12:42:59","guid":{"rendered":"http:\/\/www.cmserviceitalia.it\/bobst-spo-machinery-removal\/"},"modified":"2017-10-12T14:04:06","modified_gmt":"2017-10-12T14:04:06","slug":"transport","status":"publish","type":"page","link":"https:\/\/cmserviceitalia.it\/de\/transport\/","title":{"rendered":"Transport"},"content":{"rendered":"<div class=\"wpb-content-wrapper\"><p>[vc_row][vc_column][section_header layout_type=&#8220;section-heading-colorblock&#8220; main_heading=&#8220;Transport&#8220; font_size=&#8220;default&#8220; use_multi_color=&#8220;0&#8243;][\/vc_column][\/vc_row][vc_row][vc_column][vc_cta h2=&#8220;&#8220; shape=&#8220;square&#8220; style=&#8220;custom&#8220; custom_background=&#8220;#ffffff&#8220;]<\/p>\n<h3>Umstellung der Maschinen zur Wellpappeverarbeitung<\/h3>\n<p id=\"jstf\">Die Firma Cm Service Italia bietet ihren Kunden einen professionellen Transportdienst f\u00fcr die Umstellung von \u00fcberholten Maschinen zur die Wellpappeverarbeitung (von Hauptherstellern wie Bobst, Martin, Curioni, TCY, Piemonte Meccanica, G\u00f6pfert und andere) in Italien und im Ausland an.<\/p>\n<p id=\"jstf\">Unser Unternehmen hat spezialisierte Mechaniker und Elektriker, die sich um die fachm\u00e4nnische Demontage, den Transport, die Installation und die Wiederaufstellung f\u00fcr den \u00fcberholten Maschinentyp k\u00fcmmern.<\/p>\n<p id=\"jstf\">Wir k\u00f6nnen den <strong>Umstellungsdienst<\/strong> f\u00fcr die folgenden Maschinen garantieren:<\/p>\n<ul>\n<li>TRANSPORT BOBST FLEXO DRUCKMASCHINEN<\/li>\n<li>TRANSPORT BOBST SPO STANZAUTOMATEN<\/li>\n<li>TRANSPORT CASEMAKER<\/li>\n<li>TRANSPORT BOXMAKER G\u00d6PFERT<\/li>\n<\/ul>\n<p>Unser Ziel ist, den Kunden w\u00e4hrend des vollen Einkaufsverfahrens zu folgen.[\/vc_cta][\/vc_column][\/vc_row][vc_row css=&#8220;.vc_custom_1503926511565{margin-bottom: 20px !important;}&#8220;][vc_column width=&#8220;1\/4&#8243;][vc_single_image image=&#8220;6673&#8243; img_size=&#8220;240&#215;240&#8243; alignment=&#8220;center&#8220; onclick=&#8220;img_link_large&#8220;][\/vc_column][vc_column width=&#8220;1\/4&#8243;][vc_single_image image=&#8220;6677&#8243; img_size=&#8220;240&#215;240&#8243; alignment=&#8220;center&#8220; onclick=&#8220;img_link_large&#8220;][\/vc_column][vc_column width=&#8220;1\/4&#8243;][vc_single_image image=&#8220;6681&#8243; img_size=&#8220;240&#215;240&#8243; alignment=&#8220;center&#8220; onclick=&#8220;img_link_large&#8220;][\/vc_column][vc_column width=&#8220;1\/4&#8243;][vc_single_image image=&#8220;6685&#8243; img_size=&#8220;240&#215;240&#8243; alignment=&#8220;center&#8220; onclick=&#8220;img_link_large&#8220;][\/vc_column][\/vc_row]<\/p>\n<\/div>","protected":false},"excerpt":{"rendered":"<p>[vc_row][vc_column][section_header layout_type=&#8220;section-heading-colorblock&#8220; main_heading=&#8220;Transport&#8220; font_size=&#8220;default&#8220; use_multi_color=&#8220;0&#8243;][\/vc_column][\/vc_row][vc_row][vc_column][vc_cta h2=&#8220;&#8220; shape=&#8220;square&#8220; style=&#8220;custom&#8220; custom_background=&#8220;#ffffff&#8220;] Umstellung der Maschinen zur Wellpappeverarbeitung Die Firma Cm Service Italia bietet ihren Kunden einen professionellen Transportdienst f\u00fcr die Umstellung von \u00fcberholten Maschinen zur die Wellpappeverarbeitung (von Hauptherstellern wie Bobst, Martin, Curioni, TCY, Piemonte Meccanica, G\u00f6pfert und andere) in Italien und im Ausland an. Unser Unternehmen hat&hellip;<\/p>\n","protected":false},"author":11,"featured_media":0,"parent":0,"menu_order":0,"comment_status":"closed","ping_status":"closed","template":"","meta":{"footnotes":""},"class_list":["post-7283","page","type-page","status-publish","hentry"],"yoast_head":"<!-- This site is optimized with the Yoast SEO plugin v27.2 - https:\/\/yoast.com\/product\/yoast-seo-wordpress\/ -->\r\n<title>Transport - CM Service<\/title>\r\n<meta name=\"robots\" content=\"index, follow, max-snippet:-1, max-image-preview:large, max-video-preview:-1\" \/>\r\n<link rel=\"canonical\" href=\"https:\/\/cmserviceitalia.it\/de\/transport\/\" \/>\r\n<meta property=\"og:locale\" content=\"de_DE\" \/>\r\n<meta property=\"og:type\" content=\"article\" \/>\r\n<meta property=\"og:title\" content=\"Transport - CM Service\" \/>\r\n<meta property=\"og:description\" content=\"[vc_row][vc_column][section_header layout_type=&#8220;section-heading-colorblock&#8220; main_heading=&#8220;Transport&#8220; font_size=&#8220;default&#8220; use_multi_color=&#8220;0&#8243;][\/vc_column][\/vc_row][vc_row][vc_column][vc_cta h2=&#8220;&#8220; shape=&#8220;square&#8220; style=&#8220;custom&#8220; custom_background=&#8220;#ffffff&#8220;] Umstellung der Maschinen zur Wellpappeverarbeitung Die Firma Cm Service Italia bietet ihren Kunden einen professionellen Transportdienst f\u00fcr die Umstellung von \u00fcberholten Maschinen zur die Wellpappeverarbeitung (von Hauptherstellern wie Bobst, Martin, Curioni, TCY, Piemonte Meccanica, G\u00f6pfert und andere) in Italien und im Ausland an. Unser Unternehmen hat&hellip;\" \/>\r\n<meta property=\"og:url\" content=\"https:\/\/cmserviceitalia.it\/de\/transport\/\" \/>\r\n<meta property=\"og:site_name\" content=\"CM Service\" \/>\r\n<meta property=\"article:modified_time\" content=\"2017-10-12T14:04:06+00:00\" \/>\r\n<meta property=\"og:image\" content=\"https:\/\/cmserviceitalia.it\/assets\/uploads\/logo_cm-service_jaune_02.jpg\" \/>\r\n\t<meta property=\"og:image:width\" content=\"732\" \/>\r\n\t<meta property=\"og:image:height\" content=\"732\" \/>\r\n\t<meta property=\"og:image:type\" content=\"image\/jpeg\" \/>\r\n<meta name=\"twitter:label1\" content=\"Gesch\u00e4tzte Lesezeit\" \/>\n\t<meta name=\"twitter:data1\" content=\"1\u00a0Minute\" \/>\r\n<script type=\"application\/ld+json\" class=\"yoast-schema-graph\">{\"@context\":\"https:\/\/schema.org\",\"@graph\":[{\"@type\":\"WebPage\",\"@id\":\"https:\/\/cmserviceitalia.it\/de\/transport\/\",\"url\":\"https:\/\/cmserviceitalia.it\/de\/transport\/\",\"name\":\"Transport - CM Service\",\"isPartOf\":{\"@id\":\"https:\/\/cmserviceitalia.it\/#website\"},\"datePublished\":\"2017-06-05T12:42:59+00:00\",\"dateModified\":\"2017-10-12T14:04:06+00:00\",\"inLanguage\":\"de\",\"potentialAction\":[{\"@type\":\"ReadAction\",\"target\":[\"https:\/\/cmserviceitalia.it\/de\/transport\/\"]}]},{\"@type\":\"WebSite\",\"@id\":\"https:\/\/cmserviceitalia.it\/#website\",\"url\":\"https:\/\/cmserviceitalia.it\/\",\"name\":\"CM Service\",\"description\":\"Printer Slotter Presse de d\u00e9coupe automatique Diecutter Automatique\",\"publisher\":{\"@id\":\"https:\/\/cmserviceitalia.it\/#organization\"},\"potentialAction\":[{\"@type\":\"SearchAction\",\"target\":{\"@type\":\"EntryPoint\",\"urlTemplate\":\"https:\/\/cmserviceitalia.it\/?s={search_term_string}\"},\"query-input\":{\"@type\":\"PropertyValueSpecification\",\"valueRequired\":true,\"valueName\":\"search_term_string\"}}],\"inLanguage\":\"de\"},{\"@type\":\"Organization\",\"@id\":\"https:\/\/cmserviceitalia.it\/#organization\",\"name\":\"CM Service Italia\",\"url\":\"https:\/\/cmserviceitalia.it\/\",\"logo\":{\"@type\":\"ImageObject\",\"inLanguage\":\"de\",\"@id\":\"https:\/\/cmserviceitalia.it\/#\/schema\/logo\/image\/\",\"url\":\"https:\/\/cmserviceitalia.it\/assets\/uploads\/logo_cm-service_jaune_02.jpg\",\"contentUrl\":\"https:\/\/cmserviceitalia.it\/assets\/uploads\/logo_cm-service_jaune_02.jpg\",\"width\":732,\"height\":732,\"caption\":\"CM Service Italia\"},\"image\":{\"@id\":\"https:\/\/cmserviceitalia.it\/#\/schema\/logo\/image\/\"}}]}<\/script>\r\n<!-- \/ Yoast SEO plugin. -->","yoast_head_json":{"title":"Transport - CM Service","robots":{"index":"index","follow":"follow","max-snippet":"max-snippet:-1","max-image-preview":"max-image-preview:large","max-video-preview":"max-video-preview:-1"},"canonical":"https:\/\/cmserviceitalia.it\/de\/transport\/","og_locale":"de_DE","og_type":"article","og_title":"Transport - CM Service","og_description":"[vc_row][vc_column][section_header layout_type=&#8220;section-heading-colorblock&#8220; main_heading=&#8220;Transport&#8220; font_size=&#8220;default&#8220; use_multi_color=&#8220;0&#8243;][\/vc_column][\/vc_row][vc_row][vc_column][vc_cta h2=&#8220;&#8220; shape=&#8220;square&#8220; style=&#8220;custom&#8220; custom_background=&#8220;#ffffff&#8220;] Umstellung der Maschinen zur Wellpappeverarbeitung Die Firma Cm Service Italia bietet ihren Kunden einen professionellen Transportdienst f\u00fcr die Umstellung von \u00fcberholten Maschinen zur die Wellpappeverarbeitung (von Hauptherstellern wie Bobst, Martin, Curioni, TCY, Piemonte Meccanica, G\u00f6pfert und andere) in Italien und im Ausland an. Unser Unternehmen hat&hellip;","og_url":"https:\/\/cmserviceitalia.it\/de\/transport\/","og_site_name":"CM Service","article_modified_time":"2017-10-12T14:04:06+00:00","og_image":[{"width":732,"height":732,"url":"https:\/\/cmserviceitalia.it\/assets\/uploads\/logo_cm-service_jaune_02.jpg","type":"image\/jpeg"}],"twitter_misc":{"Gesch\u00e4tzte Lesezeit":"1\u00a0Minute"},"schema":{"@context":"https:\/\/schema.org","@graph":[{"@type":"WebPage","@id":"https:\/\/cmserviceitalia.it\/de\/transport\/","url":"https:\/\/cmserviceitalia.it\/de\/transport\/","name":"Transport - CM Service","isPartOf":{"@id":"https:\/\/cmserviceitalia.it\/#website"},"datePublished":"2017-06-05T12:42:59+00:00","dateModified":"2017-10-12T14:04:06+00:00","inLanguage":"de","potentialAction":[{"@type":"ReadAction","target":["https:\/\/cmserviceitalia.it\/de\/transport\/"]}]},{"@type":"WebSite","@id":"https:\/\/cmserviceitalia.it\/#website","url":"https:\/\/cmserviceitalia.it\/","name":"CM Service","description":"Printer Slotter Presse de d\u00e9coupe automatique Diecutter Automatique","publisher":{"@id":"https:\/\/cmserviceitalia.it\/#organization"},"potentialAction":[{"@type":"SearchAction","target":{"@type":"EntryPoint","urlTemplate":"https:\/\/cmserviceitalia.it\/?s={search_term_string}"},"query-input":{"@type":"PropertyValueSpecification","valueRequired":true,"valueName":"search_term_string"}}],"inLanguage":"de"},{"@type":"Organization","@id":"https:\/\/cmserviceitalia.it\/#organization","name":"CM Service Italia","url":"https:\/\/cmserviceitalia.it\/","logo":{"@type":"ImageObject","inLanguage":"de","@id":"https:\/\/cmserviceitalia.it\/#\/schema\/logo\/image\/","url":"https:\/\/cmserviceitalia.it\/assets\/uploads\/logo_cm-service_jaune_02.jpg","contentUrl":"https:\/\/cmserviceitalia.it\/assets\/uploads\/logo_cm-service_jaune_02.jpg","width":732,"height":732,"caption":"CM Service Italia"},"image":{"@id":"https:\/\/cmserviceitalia.it\/#\/schema\/logo\/image\/"}}]}},"_links":{"self":[{"href":"https:\/\/cmserviceitalia.it\/de\/wp-json\/wp\/v2\/pages\/7283","targetHints":{"allow":["GET"]}}],"collection":[{"href":"https:\/\/cmserviceitalia.it\/de\/wp-json\/wp\/v2\/pages"}],"about":[{"href":"https:\/\/cmserviceitalia.it\/de\/wp-json\/wp\/v2\/types\/page"}],"author":[{"embeddable":true,"href":"https:\/\/cmserviceitalia.it\/de\/wp-json\/wp\/v2\/users\/11"}],"replies":[{"embeddable":true,"href":"https:\/\/cmserviceitalia.it\/de\/wp-json\/wp\/v2\/comments?post=7283"}],"version-history":[{"count":12,"href":"https:\/\/cmserviceitalia.it\/de\/wp-json\/wp\/v2\/pages\/7283\/revisions"}],"predecessor-version":[{"id":12096,"href":"https:\/\/cmserviceitalia.it\/de\/wp-json\/wp\/v2\/pages\/7283\/revisions\/12096"}],"wp:attachment":[{"href":"https:\/\/cmserviceitalia.it\/de\/wp-json\/wp\/v2\/media?parent=7283"}],"curies":[{"name":"wp","href":"https:\/\/api.w.org\/{rel}","templated":true}]}}