{"id":7288,"date":"2017-06-05T12:47:06","date_gmt":"2017-06-05T12:47:06","guid":{"rendered":"http:\/\/www.cmserviceitalia.it\/after-sales-services\/"},"modified":"2017-07-25T15:22:32","modified_gmt":"2017-07-25T15:22:32","slug":"after-sales-dienstleistungen","status":"publish","type":"page","link":"https:\/\/cmserviceitalia.it\/de\/after-sales-dienstleistungen\/","title":{"rendered":"After-Sales-Dienstleistungen"},"content":{"rendered":"<div class=\"wpb-content-wrapper\"><p>[vc_row][vc_column][section_header layout_type=&#8220;section-heading-colorblock&#8220; main_heading=&#8220;After-Sales-Dienstleistungen&#8220; font_size=&#8220;default&#8220; use_multi_color=&#8220;0&#8243;][\/vc_column][\/vc_row][vc_row][vc_column css=&#8220;.vc_custom_1500995943334{margin-top: 10px !important;}&#8220;][vc_cta h2=&#8220;&#8220; shape=&#8220;square&#8220; style=&#8220;custom&#8220; custom_background=&#8220;#ffffff&#8220;]<\/p>\n<h3>Kundendienst und Instandhaltung<\/h3>\n<p id=\"jstf\">Wie vorausgesetzt, vornimmt sich die Firma CM Service Italia, sich um den Kunden w\u00e4hrend des Einkaufsverfahrens und nach dem Verkauf einer Maschine zu k\u00fcmmern und ihm einen Nachverkauf-Dienst mit Voll-L\u00f6sungen f\u00fcr alle \u00fcberholten Maschinen anzubieten.<\/p>\n<p>Hierunter der Nachverkauf-dienst f\u00fcr die \u00fcberholte Maschine:<\/p>\n<ul>\n<li><b>Kundendienst per Telefon:<\/b> um die technischen oder praktischen Probleme zu untersuchen und um die m\u00f6glichen L\u00f6sungen vorzuschlagen;<\/li>\n<li><b>Elektrischer und elektronischer Kundendienst:<\/b> Ferndiagnose via Modemverbindung m\u00f6glich, um das Problem zu l\u00f6sen;<\/li>\n<li><b>Vertrag f\u00fcr programmierte Instandhaltung:<\/b> um die volle Leistungsf\u00e4higkeit der Maschinen zur Papierverarbeitung zu erhalten.<\/li>\n<\/ul>\n<p>[\/vc_cta][\/vc_column][\/vc_row]<\/p>\n<\/div>","protected":false},"excerpt":{"rendered":"<p>[vc_row][vc_column][section_header layout_type=&#8220;section-heading-colorblock&#8220; main_heading=&#8220;After-Sales-Dienstleistungen&#8220; font_size=&#8220;default&#8220; use_multi_color=&#8220;0&#8243;][\/vc_column][\/vc_row][vc_row][vc_column css=&#8220;.vc_custom_1500995943334{margin-top: 10px !important;}&#8220;][vc_cta h2=&#8220;&#8220; shape=&#8220;square&#8220; style=&#8220;custom&#8220; custom_background=&#8220;#ffffff&#8220;] Kundendienst und Instandhaltung Wie vorausgesetzt, vornimmt sich die Firma CM Service Italia, sich um den Kunden w\u00e4hrend des Einkaufsverfahrens und nach dem Verkauf einer Maschine zu k\u00fcmmern und ihm einen Nachverkauf-Dienst mit Voll-L\u00f6sungen f\u00fcr alle \u00fcberholten Maschinen anzubieten. Hierunter der Nachverkauf-dienst f\u00fcr die&hellip;<\/p>\n","protected":false},"author":11,"featured_media":0,"parent":0,"menu_order":0,"comment_status":"closed","ping_status":"closed","template":"","meta":{"footnotes":""},"class_list":["post-7288","page","type-page","status-publish","hentry"],"yoast_head":"<!-- This site is optimized with the Yoast SEO plugin v27.2 - https:\/\/yoast.com\/product\/yoast-seo-wordpress\/ -->\r\n<title>After-Sales-Dienstleistungen - CM Service<\/title>\r\n<meta name=\"robots\" content=\"index, follow, max-snippet:-1, max-image-preview:large, max-video-preview:-1\" \/>\r\n<link rel=\"canonical\" href=\"https:\/\/cmserviceitalia.it\/de\/after-sales-dienstleistungen\/\" \/>\r\n<meta property=\"og:locale\" content=\"de_DE\" \/>\r\n<meta property=\"og:type\" content=\"article\" \/>\r\n<meta property=\"og:title\" content=\"After-Sales-Dienstleistungen - CM Service\" \/>\r\n<meta property=\"og:description\" content=\"[vc_row][vc_column][section_header layout_type=&#8220;section-heading-colorblock&#8220; main_heading=&#8220;After-Sales-Dienstleistungen&#8220; font_size=&#8220;default&#8220; use_multi_color=&#8220;0&#8243;][\/vc_column][\/vc_row][vc_row][vc_column css=&#8220;.vc_custom_1500995943334{margin-top: 10px !important;}&#8220;][vc_cta h2=&#8220;&#8220; shape=&#8220;square&#8220; style=&#8220;custom&#8220; custom_background=&#8220;#ffffff&#8220;] Kundendienst und Instandhaltung Wie vorausgesetzt, vornimmt sich die Firma CM Service Italia, sich um den Kunden w\u00e4hrend des Einkaufsverfahrens und nach dem Verkauf einer Maschine zu k\u00fcmmern und ihm einen Nachverkauf-Dienst mit Voll-L\u00f6sungen f\u00fcr alle \u00fcberholten Maschinen anzubieten. Hierunter der Nachverkauf-dienst f\u00fcr die&hellip;\" \/>\r\n<meta property=\"og:url\" content=\"https:\/\/cmserviceitalia.it\/de\/after-sales-dienstleistungen\/\" \/>\r\n<meta property=\"og:site_name\" content=\"CM Service\" \/>\r\n<meta property=\"article:modified_time\" content=\"2017-07-25T15:22:32+00:00\" \/>\r\n<meta property=\"og:image\" content=\"https:\/\/cmserviceitalia.it\/assets\/uploads\/logo_cm-service_jaune_02.jpg\" \/>\r\n\t<meta property=\"og:image:width\" content=\"732\" \/>\r\n\t<meta property=\"og:image:height\" content=\"732\" \/>\r\n\t<meta property=\"og:image:type\" content=\"image\/jpeg\" \/>\r\n<meta name=\"twitter:label1\" content=\"Gesch\u00e4tzte Lesezeit\" \/>\n\t<meta name=\"twitter:data1\" content=\"1\u00a0Minute\" \/>\r\n<script type=\"application\/ld+json\" class=\"yoast-schema-graph\">{\"@context\":\"https:\/\/schema.org\",\"@graph\":[{\"@type\":\"WebPage\",\"@id\":\"https:\/\/cmserviceitalia.it\/de\/after-sales-dienstleistungen\/\",\"url\":\"https:\/\/cmserviceitalia.it\/de\/after-sales-dienstleistungen\/\",\"name\":\"After-Sales-Dienstleistungen - CM Service\",\"isPartOf\":{\"@id\":\"https:\/\/cmserviceitalia.it\/#website\"},\"datePublished\":\"2017-06-05T12:47:06+00:00\",\"dateModified\":\"2017-07-25T15:22:32+00:00\",\"inLanguage\":\"de\",\"potentialAction\":[{\"@type\":\"ReadAction\",\"target\":[\"https:\/\/cmserviceitalia.it\/de\/after-sales-dienstleistungen\/\"]}]},{\"@type\":\"WebSite\",\"@id\":\"https:\/\/cmserviceitalia.it\/#website\",\"url\":\"https:\/\/cmserviceitalia.it\/\",\"name\":\"CM Service\",\"description\":\"Printer Slotter Presse de d\u00e9coupe automatique Diecutter Automatique\",\"publisher\":{\"@id\":\"https:\/\/cmserviceitalia.it\/#organization\"},\"potentialAction\":[{\"@type\":\"SearchAction\",\"target\":{\"@type\":\"EntryPoint\",\"urlTemplate\":\"https:\/\/cmserviceitalia.it\/?s={search_term_string}\"},\"query-input\":{\"@type\":\"PropertyValueSpecification\",\"valueRequired\":true,\"valueName\":\"search_term_string\"}}],\"inLanguage\":\"de\"},{\"@type\":\"Organization\",\"@id\":\"https:\/\/cmserviceitalia.it\/#organization\",\"name\":\"CM Service Italia\",\"url\":\"https:\/\/cmserviceitalia.it\/\",\"logo\":{\"@type\":\"ImageObject\",\"inLanguage\":\"de\",\"@id\":\"https:\/\/cmserviceitalia.it\/#\/schema\/logo\/image\/\",\"url\":\"https:\/\/cmserviceitalia.it\/assets\/uploads\/logo_cm-service_jaune_02.jpg\",\"contentUrl\":\"https:\/\/cmserviceitalia.it\/assets\/uploads\/logo_cm-service_jaune_02.jpg\",\"width\":732,\"height\":732,\"caption\":\"CM Service Italia\"},\"image\":{\"@id\":\"https:\/\/cmserviceitalia.it\/#\/schema\/logo\/image\/\"}}]}<\/script>\r\n<!-- \/ Yoast SEO plugin. -->","yoast_head_json":{"title":"After-Sales-Dienstleistungen - CM Service","robots":{"index":"index","follow":"follow","max-snippet":"max-snippet:-1","max-image-preview":"max-image-preview:large","max-video-preview":"max-video-preview:-1"},"canonical":"https:\/\/cmserviceitalia.it\/de\/after-sales-dienstleistungen\/","og_locale":"de_DE","og_type":"article","og_title":"After-Sales-Dienstleistungen - CM Service","og_description":"[vc_row][vc_column][section_header layout_type=&#8220;section-heading-colorblock&#8220; main_heading=&#8220;After-Sales-Dienstleistungen&#8220; font_size=&#8220;default&#8220; use_multi_color=&#8220;0&#8243;][\/vc_column][\/vc_row][vc_row][vc_column css=&#8220;.vc_custom_1500995943334{margin-top: 10px !important;}&#8220;][vc_cta h2=&#8220;&#8220; shape=&#8220;square&#8220; style=&#8220;custom&#8220; custom_background=&#8220;#ffffff&#8220;] Kundendienst und Instandhaltung Wie vorausgesetzt, vornimmt sich die Firma CM Service Italia, sich um den Kunden w\u00e4hrend des Einkaufsverfahrens und nach dem Verkauf einer Maschine zu k\u00fcmmern und ihm einen Nachverkauf-Dienst mit Voll-L\u00f6sungen f\u00fcr alle \u00fcberholten Maschinen anzubieten. Hierunter der Nachverkauf-dienst f\u00fcr die&hellip;","og_url":"https:\/\/cmserviceitalia.it\/de\/after-sales-dienstleistungen\/","og_site_name":"CM Service","article_modified_time":"2017-07-25T15:22:32+00:00","og_image":[{"width":732,"height":732,"url":"https:\/\/cmserviceitalia.it\/assets\/uploads\/logo_cm-service_jaune_02.jpg","type":"image\/jpeg"}],"twitter_misc":{"Gesch\u00e4tzte Lesezeit":"1\u00a0Minute"},"schema":{"@context":"https:\/\/schema.org","@graph":[{"@type":"WebPage","@id":"https:\/\/cmserviceitalia.it\/de\/after-sales-dienstleistungen\/","url":"https:\/\/cmserviceitalia.it\/de\/after-sales-dienstleistungen\/","name":"After-Sales-Dienstleistungen - CM Service","isPartOf":{"@id":"https:\/\/cmserviceitalia.it\/#website"},"datePublished":"2017-06-05T12:47:06+00:00","dateModified":"2017-07-25T15:22:32+00:00","inLanguage":"de","potentialAction":[{"@type":"ReadAction","target":["https:\/\/cmserviceitalia.it\/de\/after-sales-dienstleistungen\/"]}]},{"@type":"WebSite","@id":"https:\/\/cmserviceitalia.it\/#website","url":"https:\/\/cmserviceitalia.it\/","name":"CM Service","description":"Printer Slotter Presse de d\u00e9coupe automatique Diecutter Automatique","publisher":{"@id":"https:\/\/cmserviceitalia.it\/#organization"},"potentialAction":[{"@type":"SearchAction","target":{"@type":"EntryPoint","urlTemplate":"https:\/\/cmserviceitalia.it\/?s={search_term_string}"},"query-input":{"@type":"PropertyValueSpecification","valueRequired":true,"valueName":"search_term_string"}}],"inLanguage":"de"},{"@type":"Organization","@id":"https:\/\/cmserviceitalia.it\/#organization","name":"CM Service Italia","url":"https:\/\/cmserviceitalia.it\/","logo":{"@type":"ImageObject","inLanguage":"de","@id":"https:\/\/cmserviceitalia.it\/#\/schema\/logo\/image\/","url":"https:\/\/cmserviceitalia.it\/assets\/uploads\/logo_cm-service_jaune_02.jpg","contentUrl":"https:\/\/cmserviceitalia.it\/assets\/uploads\/logo_cm-service_jaune_02.jpg","width":732,"height":732,"caption":"CM Service Italia"},"image":{"@id":"https:\/\/cmserviceitalia.it\/#\/schema\/logo\/image\/"}}]}},"_links":{"self":[{"href":"https:\/\/cmserviceitalia.it\/de\/wp-json\/wp\/v2\/pages\/7288","targetHints":{"allow":["GET"]}}],"collection":[{"href":"https:\/\/cmserviceitalia.it\/de\/wp-json\/wp\/v2\/pages"}],"about":[{"href":"https:\/\/cmserviceitalia.it\/de\/wp-json\/wp\/v2\/types\/page"}],"author":[{"embeddable":true,"href":"https:\/\/cmserviceitalia.it\/de\/wp-json\/wp\/v2\/users\/11"}],"replies":[{"embeddable":true,"href":"https:\/\/cmserviceitalia.it\/de\/wp-json\/wp\/v2\/comments?post=7288"}],"version-history":[{"count":4,"href":"https:\/\/cmserviceitalia.it\/de\/wp-json\/wp\/v2\/pages\/7288\/revisions"}],"predecessor-version":[{"id":8433,"href":"https:\/\/cmserviceitalia.it\/de\/wp-json\/wp\/v2\/pages\/7288\/revisions\/8433"}],"wp:attachment":[{"href":"https:\/\/cmserviceitalia.it\/de\/wp-json\/wp\/v2\/media?parent=7288"}],"curies":[{"name":"wp","href":"https:\/\/api.w.org\/{rel}","templated":true}]}}