{"id":7292,"date":"2017-06-05T12:51:08","date_gmt":"2017-06-05T12:51:08","guid":{"rendered":"http:\/\/www.cmserviceitalia.it\/service-of-spare-parts\/"},"modified":"2017-10-09T16:02:12","modified_gmt":"2017-10-09T16:02:12","slug":"ersatzteile","status":"publish","type":"page","link":"https:\/\/cmserviceitalia.it\/de\/ersatzteile\/","title":{"rendered":"ERSATZTEILE"},"content":{"rendered":"<div class=\"wpb-content-wrapper\"><p>[vc_row][vc_column][section_header layout_type=&#8220;section-heading-colorblock&#8220; main_heading=&#8220;ERSATZTEILE&#8220; font_size=&#8220;default&#8220; use_multi_color=&#8220;0&#8243;][\/vc_column][\/vc_row][vc_row][vc_column width=&#8220;2\/3&#8243; css=&#8220;.vc_custom_1500996120621{margin-top: 10px !important;}&#8220;][vc_cta h2=&#8220;&#8220; shape=&#8220;square&#8220; style=&#8220;custom&#8220; custom_background=&#8220;#ffffff&#8220;]<\/p>\n<h3>Kundenbetreuung und Beratung \u00fcber Ersatzteile, Lieferzeiten und Preise<\/h3>\n<p id=\"jstf\">Die Firma Cm Service Italia ist in der Lage, die Ersatzteile f\u00fcr die Instandhaltung der \u00fcberholten und handelten Maschinen aufzufinden und zu liefern . Dank den langfristigen Vereinbarungen mit den Herstellern kann sie die folgenden Ersatzteile liefern:<\/p>\n<ul>\n<li><strong>Ersatzteile f\u00fcr Bobst Flexodruckmaschinen;<\/strong><\/li>\n<li><strong>Ersatzteile f\u00fcr Bobst SPO Stanzautomaten;<\/strong><\/li>\n<li><strong>Ersatzteile f\u00fcr Martin, Curioni casemakers und andere;<\/strong><\/li>\n<li><strong>Ersatzteile f\u00fcr G\u00f6pfert boxmaker;<\/strong><\/li>\n<\/ul>\n<p id=\"jstf\">Die Firma CM Service Italia kann die besten und geeigneten Ersatzteile f\u00fcr den Kunden ausw\u00e4hlen und eine sorgf\u00e4ltige interne Qualit\u00e4tskontrolle derselben vor dem Versand durchf\u00fchren, um den guten Zustand sowie den richtigen Betrieb zu garantieren. Dank einer entwickelten Logistik k\u00f6nnen wir die mechanischen und elektrischen Ersatzteile schnell senden.<\/p>\n<p id=\"jstf\">Im Fall von Maschinensch\u00e4den findet unsere Firma nicht nur die erforderlichen Ersatzteile auf, aber sie bietet auch Kundenberatung \u00fcber die Ersatzteile an und hilft dem Kunden, die beste Teile zum besten Preis zu finden.<\/p>\n<p>[\/vc_cta][\/vc_column][vc_column width=&#8220;1\/3&#8243; css=&#8220;.vc_custom_1507564636485{margin-top: 10px !important;}&#8220;][vc_single_image image=&#8220;6695&#8243; img_size=&#8220;full&#8220;][\/vc_column][\/vc_row]<\/p>\n<\/div>","protected":false},"excerpt":{"rendered":"<p>[vc_row][vc_column][section_header layout_type=&#8220;section-heading-colorblock&#8220; main_heading=&#8220;ERSATZTEILE&#8220; font_size=&#8220;default&#8220; use_multi_color=&#8220;0&#8243;][\/vc_column][\/vc_row][vc_row][vc_column width=&#8220;2\/3&#8243; css=&#8220;.vc_custom_1500996120621{margin-top: 10px !important;}&#8220;][vc_cta h2=&#8220;&#8220; shape=&#8220;square&#8220; style=&#8220;custom&#8220; custom_background=&#8220;#ffffff&#8220;] Kundenbetreuung und Beratung \u00fcber Ersatzteile, Lieferzeiten und Preise Die Firma Cm Service Italia ist in der Lage, die Ersatzteile f\u00fcr die Instandhaltung der \u00fcberholten und handelten Maschinen aufzufinden und zu liefern . Dank den langfristigen Vereinbarungen mit den Herstellern kann sie die&hellip;<\/p>\n","protected":false},"author":11,"featured_media":0,"parent":0,"menu_order":0,"comment_status":"closed","ping_status":"closed","template":"","meta":{"footnotes":""},"class_list":["post-7292","page","type-page","status-publish","hentry"],"yoast_head":"<!-- This site is optimized with the Yoast SEO plugin v27.2 - https:\/\/yoast.com\/product\/yoast-seo-wordpress\/ -->\r\n<title>ERSATZTEILE - CM Service<\/title>\r\n<meta name=\"robots\" content=\"index, follow, max-snippet:-1, max-image-preview:large, max-video-preview:-1\" \/>\r\n<link rel=\"canonical\" href=\"https:\/\/cmserviceitalia.it\/de\/ersatzteile\/\" \/>\r\n<meta property=\"og:locale\" content=\"de_DE\" \/>\r\n<meta property=\"og:type\" content=\"article\" \/>\r\n<meta property=\"og:title\" content=\"ERSATZTEILE - CM Service\" \/>\r\n<meta property=\"og:description\" content=\"[vc_row][vc_column][section_header layout_type=&#8220;section-heading-colorblock&#8220; main_heading=&#8220;ERSATZTEILE&#8220; font_size=&#8220;default&#8220; use_multi_color=&#8220;0&#8243;][\/vc_column][\/vc_row][vc_row][vc_column width=&#8220;2\/3&#8243; css=&#8220;.vc_custom_1500996120621{margin-top: 10px !important;}&#8220;][vc_cta h2=&#8220;&#8220; shape=&#8220;square&#8220; style=&#8220;custom&#8220; custom_background=&#8220;#ffffff&#8220;] Kundenbetreuung und Beratung \u00fcber Ersatzteile, Lieferzeiten und Preise Die Firma Cm Service Italia ist in der Lage, die Ersatzteile f\u00fcr die Instandhaltung der \u00fcberholten und handelten Maschinen aufzufinden und zu liefern . Dank den langfristigen Vereinbarungen mit den Herstellern kann sie die&hellip;\" \/>\r\n<meta property=\"og:url\" content=\"https:\/\/cmserviceitalia.it\/de\/ersatzteile\/\" \/>\r\n<meta property=\"og:site_name\" content=\"CM Service\" \/>\r\n<meta property=\"article:modified_time\" content=\"2017-10-09T16:02:12+00:00\" \/>\r\n<meta property=\"og:image\" content=\"https:\/\/cmserviceitalia.it\/assets\/uploads\/logo_cm-service_jaune_02.jpg\" \/>\r\n\t<meta property=\"og:image:width\" content=\"732\" \/>\r\n\t<meta property=\"og:image:height\" content=\"732\" \/>\r\n\t<meta property=\"og:image:type\" content=\"image\/jpeg\" \/>\r\n<meta name=\"twitter:label1\" content=\"Gesch\u00e4tzte Lesezeit\" \/>\n\t<meta name=\"twitter:data1\" content=\"1\u00a0Minute\" \/>\r\n<script type=\"application\/ld+json\" class=\"yoast-schema-graph\">{\"@context\":\"https:\/\/schema.org\",\"@graph\":[{\"@type\":\"WebPage\",\"@id\":\"https:\/\/cmserviceitalia.it\/de\/ersatzteile\/\",\"url\":\"https:\/\/cmserviceitalia.it\/de\/ersatzteile\/\",\"name\":\"ERSATZTEILE - CM Service\",\"isPartOf\":{\"@id\":\"https:\/\/cmserviceitalia.it\/#website\"},\"datePublished\":\"2017-06-05T12:51:08+00:00\",\"dateModified\":\"2017-10-09T16:02:12+00:00\",\"inLanguage\":\"de\",\"potentialAction\":[{\"@type\":\"ReadAction\",\"target\":[\"https:\/\/cmserviceitalia.it\/de\/ersatzteile\/\"]}]},{\"@type\":\"WebSite\",\"@id\":\"https:\/\/cmserviceitalia.it\/#website\",\"url\":\"https:\/\/cmserviceitalia.it\/\",\"name\":\"CM Service\",\"description\":\"Printer Slotter Presse de d\u00e9coupe automatique Diecutter Automatique\",\"publisher\":{\"@id\":\"https:\/\/cmserviceitalia.it\/#organization\"},\"potentialAction\":[{\"@type\":\"SearchAction\",\"target\":{\"@type\":\"EntryPoint\",\"urlTemplate\":\"https:\/\/cmserviceitalia.it\/?s={search_term_string}\"},\"query-input\":{\"@type\":\"PropertyValueSpecification\",\"valueRequired\":true,\"valueName\":\"search_term_string\"}}],\"inLanguage\":\"de\"},{\"@type\":\"Organization\",\"@id\":\"https:\/\/cmserviceitalia.it\/#organization\",\"name\":\"CM Service Italia\",\"url\":\"https:\/\/cmserviceitalia.it\/\",\"logo\":{\"@type\":\"ImageObject\",\"inLanguage\":\"de\",\"@id\":\"https:\/\/cmserviceitalia.it\/#\/schema\/logo\/image\/\",\"url\":\"https:\/\/cmserviceitalia.it\/assets\/uploads\/logo_cm-service_jaune_02.jpg\",\"contentUrl\":\"https:\/\/cmserviceitalia.it\/assets\/uploads\/logo_cm-service_jaune_02.jpg\",\"width\":732,\"height\":732,\"caption\":\"CM Service Italia\"},\"image\":{\"@id\":\"https:\/\/cmserviceitalia.it\/#\/schema\/logo\/image\/\"}}]}<\/script>\r\n<!-- \/ Yoast SEO plugin. -->","yoast_head_json":{"title":"ERSATZTEILE - CM Service","robots":{"index":"index","follow":"follow","max-snippet":"max-snippet:-1","max-image-preview":"max-image-preview:large","max-video-preview":"max-video-preview:-1"},"canonical":"https:\/\/cmserviceitalia.it\/de\/ersatzteile\/","og_locale":"de_DE","og_type":"article","og_title":"ERSATZTEILE - CM Service","og_description":"[vc_row][vc_column][section_header layout_type=&#8220;section-heading-colorblock&#8220; main_heading=&#8220;ERSATZTEILE&#8220; font_size=&#8220;default&#8220; use_multi_color=&#8220;0&#8243;][\/vc_column][\/vc_row][vc_row][vc_column width=&#8220;2\/3&#8243; css=&#8220;.vc_custom_1500996120621{margin-top: 10px !important;}&#8220;][vc_cta h2=&#8220;&#8220; shape=&#8220;square&#8220; style=&#8220;custom&#8220; custom_background=&#8220;#ffffff&#8220;] Kundenbetreuung und Beratung \u00fcber Ersatzteile, Lieferzeiten und Preise Die Firma Cm Service Italia ist in der Lage, die Ersatzteile f\u00fcr die Instandhaltung der \u00fcberholten und handelten Maschinen aufzufinden und zu liefern . Dank den langfristigen Vereinbarungen mit den Herstellern kann sie die&hellip;","og_url":"https:\/\/cmserviceitalia.it\/de\/ersatzteile\/","og_site_name":"CM Service","article_modified_time":"2017-10-09T16:02:12+00:00","og_image":[{"width":732,"height":732,"url":"https:\/\/cmserviceitalia.it\/assets\/uploads\/logo_cm-service_jaune_02.jpg","type":"image\/jpeg"}],"twitter_misc":{"Gesch\u00e4tzte Lesezeit":"1\u00a0Minute"},"schema":{"@context":"https:\/\/schema.org","@graph":[{"@type":"WebPage","@id":"https:\/\/cmserviceitalia.it\/de\/ersatzteile\/","url":"https:\/\/cmserviceitalia.it\/de\/ersatzteile\/","name":"ERSATZTEILE - CM Service","isPartOf":{"@id":"https:\/\/cmserviceitalia.it\/#website"},"datePublished":"2017-06-05T12:51:08+00:00","dateModified":"2017-10-09T16:02:12+00:00","inLanguage":"de","potentialAction":[{"@type":"ReadAction","target":["https:\/\/cmserviceitalia.it\/de\/ersatzteile\/"]}]},{"@type":"WebSite","@id":"https:\/\/cmserviceitalia.it\/#website","url":"https:\/\/cmserviceitalia.it\/","name":"CM Service","description":"Printer Slotter Presse de d\u00e9coupe automatique Diecutter Automatique","publisher":{"@id":"https:\/\/cmserviceitalia.it\/#organization"},"potentialAction":[{"@type":"SearchAction","target":{"@type":"EntryPoint","urlTemplate":"https:\/\/cmserviceitalia.it\/?s={search_term_string}"},"query-input":{"@type":"PropertyValueSpecification","valueRequired":true,"valueName":"search_term_string"}}],"inLanguage":"de"},{"@type":"Organization","@id":"https:\/\/cmserviceitalia.it\/#organization","name":"CM Service Italia","url":"https:\/\/cmserviceitalia.it\/","logo":{"@type":"ImageObject","inLanguage":"de","@id":"https:\/\/cmserviceitalia.it\/#\/schema\/logo\/image\/","url":"https:\/\/cmserviceitalia.it\/assets\/uploads\/logo_cm-service_jaune_02.jpg","contentUrl":"https:\/\/cmserviceitalia.it\/assets\/uploads\/logo_cm-service_jaune_02.jpg","width":732,"height":732,"caption":"CM Service Italia"},"image":{"@id":"https:\/\/cmserviceitalia.it\/#\/schema\/logo\/image\/"}}]}},"_links":{"self":[{"href":"https:\/\/cmserviceitalia.it\/de\/wp-json\/wp\/v2\/pages\/7292","targetHints":{"allow":["GET"]}}],"collection":[{"href":"https:\/\/cmserviceitalia.it\/de\/wp-json\/wp\/v2\/pages"}],"about":[{"href":"https:\/\/cmserviceitalia.it\/de\/wp-json\/wp\/v2\/types\/page"}],"author":[{"embeddable":true,"href":"https:\/\/cmserviceitalia.it\/de\/wp-json\/wp\/v2\/users\/11"}],"replies":[{"embeddable":true,"href":"https:\/\/cmserviceitalia.it\/de\/wp-json\/wp\/v2\/comments?post=7292"}],"version-history":[{"count":7,"href":"https:\/\/cmserviceitalia.it\/de\/wp-json\/wp\/v2\/pages\/7292\/revisions"}],"predecessor-version":[{"id":9210,"href":"https:\/\/cmserviceitalia.it\/de\/wp-json\/wp\/v2\/pages\/7292\/revisions\/9210"}],"wp:attachment":[{"href":"https:\/\/cmserviceitalia.it\/de\/wp-json\/wp\/v2\/media?parent=7292"}],"curies":[{"name":"wp","href":"https:\/\/api.w.org\/{rel}","templated":true}]}}