{"id":7440,"date":"2017-06-09T13:14:02","date_gmt":"2017-06-09T13:14:02","guid":{"rendered":"http:\/\/www.cmserviceitalia.it\/i-nostri-servizi\/"},"modified":"2017-06-12T10:40:34","modified_gmt":"2017-06-12T10:40:34","slug":"dienstleistungen","status":"publish","type":"page","link":"https:\/\/cmserviceitalia.it\/de\/dienstleistungen\/","title":{"rendered":"Dienstleistungen"},"content":{"rendered":"<div class=\"wpb-content-wrapper\"><p>[vc_row css=&#8220;.vc_custom_1497013637254{margin-top: 10px !important;}&#8220;][vc_column][section_header layout_type=&#8220;section-heading-colorblock&#8220; main_heading=&#8220;Upgrade, Transport, Instandhaltung und Ersatzteile&#8220; font_size=&#8220;default&#8220; use_multi_color=&#8220;0&#8243;][\/vc_column][\/vc_row][vc_row][vc_column][vc_column_text]<\/p>\n<p id=\"jstf\">Cm Service Italia ist nicht nur <b>ein Lieferant von \u00fcberholten Maschinen<\/b> zur Papierverarbeitung, aber ist auch ein Dienstleistunglieferant, dessen Ziel die Kundenbefriedigung ist.<\/p>\n<p id=\"jstf\">Um seine Ziele zu erreichen, vornimmt sich unsere Firma, auch nach dem Verkauf einer Maschine, sich um den Kunden zu k\u00fcmmern und ihm Dienste mit Voll-L\u00f6sungen f\u00fcr die \u00fcberholten Maschinen anzubieten. So folgt unsere Firma den Kunden nicht nur vor und w\u00e4hrend des Einkaufsverfahrens aber auch nach der \u00dcberholung und der Lieferung der Maschine.<\/p>\n<p>Hierunter die Dienste, die verteilt werden:[\/vc_column_text][vc_column_text]<\/p>\n<ul>\n<li>\n<p id=\"jstf\"><a href=\"http:\/\/www.cmserviceitalia.it\/de\/corrugated-cardboard-machines-upgrade\/\">UPGRADE<\/a>: um die Leistungen und die Produktivit\u00e4t einer \u00fcberholten Maschine durch die mechanische Modernisierung, die elektrische Aufr\u00fcstung und die Software Aktualisierung zu verbessern;<\/p>\n<\/li>\n<li>\n<p id=\"jstf\"><a href=\"http:\/\/www.cmserviceitalia.it\/de\/transport\/\">TRANSPORT<\/a><\/p>\n<\/li>\n<li>\n<p id=\"jstf\"><a href=\"http:\/\/www.cmserviceitalia.it\/de\/after-sales-dienstleistungen\/\">KUNDENDIENST und INSTANDHALTUNG:<\/a> schneller Kundendienst, Betreuung, Schulung der Operateure und Instandhaltungsplanung;<\/p>\n<\/li>\n<li>\n<p id=\"jstf\"><a href=\"http:\/\/www.cmserviceitalia.it\/de\/ersatzteile\/\">ERSATZTEILE:<\/a> Kundenbetreuung \u00fcber Ersatzteile, L\u00f6sungen und Angebote f\u00fcr die besten Lieferzeiten und Preise.<\/p>\n<\/li>\n<\/ul>\n<p>[\/vc_column_text][\/vc_column][\/vc_row]<\/p>\n<\/div>","protected":false},"excerpt":{"rendered":"<p>[vc_row css=&#8220;.vc_custom_1497013637254{margin-top: 10px !important;}&#8220;][vc_column][section_header layout_type=&#8220;section-heading-colorblock&#8220; main_heading=&#8220;Upgrade, Transport, Instandhaltung und Ersatzteile&#8220; font_size=&#8220;default&#8220; use_multi_color=&#8220;0&#8243;][\/vc_column][\/vc_row][vc_row][vc_column][vc_column_text] Cm Service Italia ist nicht nur ein Lieferant von \u00fcberholten Maschinen zur Papierverarbeitung, aber ist auch ein Dienstleistunglieferant, dessen Ziel die Kundenbefriedigung ist. Um seine Ziele zu erreichen, vornimmt sich unsere Firma, auch nach dem Verkauf einer Maschine, sich um den Kunden zu&hellip;<\/p>\n","protected":false},"author":11,"featured_media":0,"parent":0,"menu_order":0,"comment_status":"closed","ping_status":"closed","template":"","meta":{"footnotes":""},"class_list":["post-7440","page","type-page","status-publish","hentry"],"yoast_head":"<!-- This site is optimized with the Yoast SEO plugin v27.2 - https:\/\/yoast.com\/product\/yoast-seo-wordpress\/ -->\r\n<title>Dienstleistungen - CM Service<\/title>\r\n<meta name=\"robots\" content=\"index, follow, max-snippet:-1, max-image-preview:large, max-video-preview:-1\" \/>\r\n<link rel=\"canonical\" href=\"https:\/\/cmserviceitalia.it\/de\/dienstleistungen\/\" \/>\r\n<meta property=\"og:locale\" content=\"de_DE\" \/>\r\n<meta property=\"og:type\" content=\"article\" \/>\r\n<meta property=\"og:title\" content=\"Dienstleistungen - CM Service\" \/>\r\n<meta property=\"og:description\" content=\"[vc_row css=&#8220;.vc_custom_1497013637254{margin-top: 10px !important;}&#8220;][vc_column][section_header layout_type=&#8220;section-heading-colorblock&#8220; main_heading=&#8220;Upgrade, Transport, Instandhaltung und Ersatzteile&#8220; font_size=&#8220;default&#8220; use_multi_color=&#8220;0&#8243;][\/vc_column][\/vc_row][vc_row][vc_column][vc_column_text] Cm Service Italia ist nicht nur ein Lieferant von \u00fcberholten Maschinen zur Papierverarbeitung, aber ist auch ein Dienstleistunglieferant, dessen Ziel die Kundenbefriedigung ist. Um seine Ziele zu erreichen, vornimmt sich unsere Firma, auch nach dem Verkauf einer Maschine, sich um den Kunden zu&hellip;\" \/>\r\n<meta property=\"og:url\" content=\"https:\/\/cmserviceitalia.it\/de\/dienstleistungen\/\" \/>\r\n<meta property=\"og:site_name\" content=\"CM Service\" \/>\r\n<meta property=\"article:modified_time\" content=\"2017-06-12T10:40:34+00:00\" \/>\r\n<meta property=\"og:image\" content=\"https:\/\/cmserviceitalia.it\/assets\/uploads\/logo_cm-service_jaune_02.jpg\" \/>\r\n\t<meta property=\"og:image:width\" content=\"732\" \/>\r\n\t<meta property=\"og:image:height\" content=\"732\" \/>\r\n\t<meta property=\"og:image:type\" content=\"image\/jpeg\" \/>\r\n<meta name=\"twitter:label1\" content=\"Gesch\u00e4tzte Lesezeit\" \/>\n\t<meta name=\"twitter:data1\" content=\"1\u00a0Minute\" \/>\r\n<script type=\"application\/ld+json\" class=\"yoast-schema-graph\">{\"@context\":\"https:\/\/schema.org\",\"@graph\":[{\"@type\":\"WebPage\",\"@id\":\"https:\/\/cmserviceitalia.it\/de\/dienstleistungen\/\",\"url\":\"https:\/\/cmserviceitalia.it\/de\/dienstleistungen\/\",\"name\":\"Dienstleistungen - CM Service\",\"isPartOf\":{\"@id\":\"https:\/\/cmserviceitalia.it\/#website\"},\"datePublished\":\"2017-06-09T13:14:02+00:00\",\"dateModified\":\"2017-06-12T10:40:34+00:00\",\"inLanguage\":\"de\",\"potentialAction\":[{\"@type\":\"ReadAction\",\"target\":[\"https:\/\/cmserviceitalia.it\/de\/dienstleistungen\/\"]}]},{\"@type\":\"WebSite\",\"@id\":\"https:\/\/cmserviceitalia.it\/#website\",\"url\":\"https:\/\/cmserviceitalia.it\/\",\"name\":\"CM Service\",\"description\":\"Printer Slotter Presse de d\u00e9coupe automatique Diecutter Automatique\",\"publisher\":{\"@id\":\"https:\/\/cmserviceitalia.it\/#organization\"},\"potentialAction\":[{\"@type\":\"SearchAction\",\"target\":{\"@type\":\"EntryPoint\",\"urlTemplate\":\"https:\/\/cmserviceitalia.it\/?s={search_term_string}\"},\"query-input\":{\"@type\":\"PropertyValueSpecification\",\"valueRequired\":true,\"valueName\":\"search_term_string\"}}],\"inLanguage\":\"de\"},{\"@type\":\"Organization\",\"@id\":\"https:\/\/cmserviceitalia.it\/#organization\",\"name\":\"CM Service Italia\",\"url\":\"https:\/\/cmserviceitalia.it\/\",\"logo\":{\"@type\":\"ImageObject\",\"inLanguage\":\"de\",\"@id\":\"https:\/\/cmserviceitalia.it\/#\/schema\/logo\/image\/\",\"url\":\"https:\/\/cmserviceitalia.it\/assets\/uploads\/logo_cm-service_jaune_02.jpg\",\"contentUrl\":\"https:\/\/cmserviceitalia.it\/assets\/uploads\/logo_cm-service_jaune_02.jpg\",\"width\":732,\"height\":732,\"caption\":\"CM Service Italia\"},\"image\":{\"@id\":\"https:\/\/cmserviceitalia.it\/#\/schema\/logo\/image\/\"}}]}<\/script>\r\n<!-- \/ Yoast SEO plugin. -->","yoast_head_json":{"title":"Dienstleistungen - CM Service","robots":{"index":"index","follow":"follow","max-snippet":"max-snippet:-1","max-image-preview":"max-image-preview:large","max-video-preview":"max-video-preview:-1"},"canonical":"https:\/\/cmserviceitalia.it\/de\/dienstleistungen\/","og_locale":"de_DE","og_type":"article","og_title":"Dienstleistungen - CM Service","og_description":"[vc_row css=&#8220;.vc_custom_1497013637254{margin-top: 10px !important;}&#8220;][vc_column][section_header layout_type=&#8220;section-heading-colorblock&#8220; main_heading=&#8220;Upgrade, Transport, Instandhaltung und Ersatzteile&#8220; font_size=&#8220;default&#8220; use_multi_color=&#8220;0&#8243;][\/vc_column][\/vc_row][vc_row][vc_column][vc_column_text] Cm Service Italia ist nicht nur ein Lieferant von \u00fcberholten Maschinen zur Papierverarbeitung, aber ist auch ein Dienstleistunglieferant, dessen Ziel die Kundenbefriedigung ist. Um seine Ziele zu erreichen, vornimmt sich unsere Firma, auch nach dem Verkauf einer Maschine, sich um den Kunden zu&hellip;","og_url":"https:\/\/cmserviceitalia.it\/de\/dienstleistungen\/","og_site_name":"CM Service","article_modified_time":"2017-06-12T10:40:34+00:00","og_image":[{"width":732,"height":732,"url":"https:\/\/cmserviceitalia.it\/assets\/uploads\/logo_cm-service_jaune_02.jpg","type":"image\/jpeg"}],"twitter_misc":{"Gesch\u00e4tzte Lesezeit":"1\u00a0Minute"},"schema":{"@context":"https:\/\/schema.org","@graph":[{"@type":"WebPage","@id":"https:\/\/cmserviceitalia.it\/de\/dienstleistungen\/","url":"https:\/\/cmserviceitalia.it\/de\/dienstleistungen\/","name":"Dienstleistungen - CM Service","isPartOf":{"@id":"https:\/\/cmserviceitalia.it\/#website"},"datePublished":"2017-06-09T13:14:02+00:00","dateModified":"2017-06-12T10:40:34+00:00","inLanguage":"de","potentialAction":[{"@type":"ReadAction","target":["https:\/\/cmserviceitalia.it\/de\/dienstleistungen\/"]}]},{"@type":"WebSite","@id":"https:\/\/cmserviceitalia.it\/#website","url":"https:\/\/cmserviceitalia.it\/","name":"CM Service","description":"Printer Slotter Presse de d\u00e9coupe automatique Diecutter Automatique","publisher":{"@id":"https:\/\/cmserviceitalia.it\/#organization"},"potentialAction":[{"@type":"SearchAction","target":{"@type":"EntryPoint","urlTemplate":"https:\/\/cmserviceitalia.it\/?s={search_term_string}"},"query-input":{"@type":"PropertyValueSpecification","valueRequired":true,"valueName":"search_term_string"}}],"inLanguage":"de"},{"@type":"Organization","@id":"https:\/\/cmserviceitalia.it\/#organization","name":"CM Service Italia","url":"https:\/\/cmserviceitalia.it\/","logo":{"@type":"ImageObject","inLanguage":"de","@id":"https:\/\/cmserviceitalia.it\/#\/schema\/logo\/image\/","url":"https:\/\/cmserviceitalia.it\/assets\/uploads\/logo_cm-service_jaune_02.jpg","contentUrl":"https:\/\/cmserviceitalia.it\/assets\/uploads\/logo_cm-service_jaune_02.jpg","width":732,"height":732,"caption":"CM Service Italia"},"image":{"@id":"https:\/\/cmserviceitalia.it\/#\/schema\/logo\/image\/"}}]}},"_links":{"self":[{"href":"https:\/\/cmserviceitalia.it\/de\/wp-json\/wp\/v2\/pages\/7440","targetHints":{"allow":["GET"]}}],"collection":[{"href":"https:\/\/cmserviceitalia.it\/de\/wp-json\/wp\/v2\/pages"}],"about":[{"href":"https:\/\/cmserviceitalia.it\/de\/wp-json\/wp\/v2\/types\/page"}],"author":[{"embeddable":true,"href":"https:\/\/cmserviceitalia.it\/de\/wp-json\/wp\/v2\/users\/11"}],"replies":[{"embeddable":true,"href":"https:\/\/cmserviceitalia.it\/de\/wp-json\/wp\/v2\/comments?post=7440"}],"version-history":[{"count":2,"href":"https:\/\/cmserviceitalia.it\/de\/wp-json\/wp\/v2\/pages\/7440\/revisions"}],"predecessor-version":[{"id":7443,"href":"https:\/\/cmserviceitalia.it\/de\/wp-json\/wp\/v2\/pages\/7440\/revisions\/7443"}],"wp:attachment":[{"href":"https:\/\/cmserviceitalia.it\/de\/wp-json\/wp\/v2\/media?parent=7440"}],"curies":[{"name":"wp","href":"https:\/\/api.w.org\/{rel}","templated":true}]}}