{"id":8543,"date":"2017-08-10T15:21:56","date_gmt":"2017-08-10T15:21:56","guid":{"rendered":"http:\/\/www.cmserviceitalia.it\/?page_id=8543\/"},"modified":"2017-08-18T07:18:09","modified_gmt":"2017-08-18T07:18:09","slug":"upgrade-flexodruckmaschinen","status":"publish","type":"page","link":"https:\/\/cmserviceitalia.it\/de\/upgrade-flexodruckmaschinen\/","title":{"rendered":"UPGRADE Flexodruckmaschinen"},"content":{"rendered":"<div class=\"wpb-content-wrapper\"><p>[vc_row][vc_column][section_header layout_type=&#8220;section-heading-colorblock&#8220; main_heading=&#8220;Upgrade Flexodruckmaschinen&#8220; font_size=&#8220;default&#8220; use_multi_color=&#8220;0&#8243;][vc_cta h2=&#8220;&#8220; shape=&#8220;square&#8220; style=&#8220;custom&#8220; custom_background=&#8220;#ffffff&#8220; css=&#8220;.vc_custom_1503040422381{margin-top: 20px !important;}&#8220;]Was die <strong>Aufr\u00fcstung der \u00fcberholten Bobst Flexodruckmaschinen<\/strong> betrifft, k\u00f6nnen Qualit\u00e4t und technische Leistung durch ein Upgrade folgender Teile verbessert werden:[\/vc_cta][\/vc_column][\/vc_row]<\/p>\n<\/div>","protected":false},"excerpt":{"rendered":"<p>[vc_row][vc_column][section_header layout_type=&#8220;section-heading-colorblock&#8220; main_heading=&#8220;Upgrade Flexodruckmaschinen&#8220; font_size=&#8220;default&#8220; use_multi_color=&#8220;0&#8243;][vc_cta h2=&#8220;&#8220; shape=&#8220;square&#8220; style=&#8220;custom&#8220; custom_background=&#8220;#ffffff&#8220; css=&#8220;.vc_custom_1503040422381{margin-top: 20px !important;}&#8220;]Was die Aufr\u00fcstung der \u00fcberholten Bobst Flexodruckmaschinen betrifft, k\u00f6nnen Qualit\u00e4t und technische Leistung durch ein Upgrade folgender Teile verbessert werden:[\/vc_cta][\/vc_column][\/vc_row]<\/p>\n","protected":false},"author":11,"featured_media":0,"parent":0,"menu_order":0,"comment_status":"closed","ping_status":"closed","template":"","meta":{"footnotes":""},"class_list":["post-8543","page","type-page","status-publish","hentry"],"yoast_head":"<!-- This site is optimized with the Yoast SEO plugin v27.2 - https:\/\/yoast.com\/product\/yoast-seo-wordpress\/ -->\r\n<title>UPGRADE Flexodruckmaschinen - CM Service<\/title>\r\n<meta name=\"robots\" content=\"index, follow, max-snippet:-1, max-image-preview:large, max-video-preview:-1\" \/>\r\n<link rel=\"canonical\" href=\"https:\/\/cmserviceitalia.it\/de\/upgrade-flexodruckmaschinen\/\" \/>\r\n<meta property=\"og:locale\" content=\"de_DE\" \/>\r\n<meta property=\"og:type\" content=\"article\" \/>\r\n<meta property=\"og:title\" content=\"UPGRADE Flexodruckmaschinen - CM Service\" \/>\r\n<meta property=\"og:description\" content=\"[vc_row][vc_column][section_header layout_type=&#8220;section-heading-colorblock&#8220; main_heading=&#8220;Upgrade Flexodruckmaschinen&#8220; font_size=&#8220;default&#8220; use_multi_color=&#8220;0&#8243;][vc_cta h2=&#8220;&#8220; shape=&#8220;square&#8220; style=&#8220;custom&#8220; custom_background=&#8220;#ffffff&#8220; css=&#8220;.vc_custom_1503040422381{margin-top: 20px !important;}&#8220;]Was die Aufr\u00fcstung der \u00fcberholten Bobst Flexodruckmaschinen betrifft, k\u00f6nnen Qualit\u00e4t und technische Leistung durch ein Upgrade folgender Teile verbessert werden:[\/vc_cta][\/vc_column][\/vc_row]\" \/>\r\n<meta property=\"og:url\" content=\"https:\/\/cmserviceitalia.it\/de\/upgrade-flexodruckmaschinen\/\" \/>\r\n<meta property=\"og:site_name\" content=\"CM Service\" \/>\r\n<meta property=\"article:modified_time\" content=\"2017-08-18T07:18:09+00:00\" \/>\r\n<meta property=\"og:image\" content=\"https:\/\/cmserviceitalia.it\/assets\/uploads\/logo_cm-service_jaune_02.jpg\" \/>\r\n\t<meta property=\"og:image:width\" content=\"732\" \/>\r\n\t<meta property=\"og:image:height\" content=\"732\" \/>\r\n\t<meta property=\"og:image:type\" content=\"image\/jpeg\" \/>\r\n<script type=\"application\/ld+json\" class=\"yoast-schema-graph\">{\"@context\":\"https:\/\/schema.org\",\"@graph\":[{\"@type\":\"WebPage\",\"@id\":\"https:\/\/cmserviceitalia.it\/de\/upgrade-flexodruckmaschinen\/\",\"url\":\"https:\/\/cmserviceitalia.it\/de\/upgrade-flexodruckmaschinen\/\",\"name\":\"UPGRADE Flexodruckmaschinen - CM Service\",\"isPartOf\":{\"@id\":\"https:\/\/cmserviceitalia.it\/#website\"},\"datePublished\":\"2017-08-10T15:21:56+00:00\",\"dateModified\":\"2017-08-18T07:18:09+00:00\",\"inLanguage\":\"de\",\"potentialAction\":[{\"@type\":\"ReadAction\",\"target\":[\"https:\/\/cmserviceitalia.it\/de\/upgrade-flexodruckmaschinen\/\"]}]},{\"@type\":\"WebSite\",\"@id\":\"https:\/\/cmserviceitalia.it\/#website\",\"url\":\"https:\/\/cmserviceitalia.it\/\",\"name\":\"CM Service\",\"description\":\"Printer Slotter Presse de d\u00e9coupe automatique Diecutter Automatique\",\"publisher\":{\"@id\":\"https:\/\/cmserviceitalia.it\/#organization\"},\"potentialAction\":[{\"@type\":\"SearchAction\",\"target\":{\"@type\":\"EntryPoint\",\"urlTemplate\":\"https:\/\/cmserviceitalia.it\/?s={search_term_string}\"},\"query-input\":{\"@type\":\"PropertyValueSpecification\",\"valueRequired\":true,\"valueName\":\"search_term_string\"}}],\"inLanguage\":\"de\"},{\"@type\":\"Organization\",\"@id\":\"https:\/\/cmserviceitalia.it\/#organization\",\"name\":\"CM Service Italia\",\"url\":\"https:\/\/cmserviceitalia.it\/\",\"logo\":{\"@type\":\"ImageObject\",\"inLanguage\":\"de\",\"@id\":\"https:\/\/cmserviceitalia.it\/#\/schema\/logo\/image\/\",\"url\":\"https:\/\/cmserviceitalia.it\/assets\/uploads\/logo_cm-service_jaune_02.jpg\",\"contentUrl\":\"https:\/\/cmserviceitalia.it\/assets\/uploads\/logo_cm-service_jaune_02.jpg\",\"width\":732,\"height\":732,\"caption\":\"CM Service Italia\"},\"image\":{\"@id\":\"https:\/\/cmserviceitalia.it\/#\/schema\/logo\/image\/\"}}]}<\/script>\r\n<!-- \/ Yoast SEO plugin. -->","yoast_head_json":{"title":"UPGRADE Flexodruckmaschinen - CM Service","robots":{"index":"index","follow":"follow","max-snippet":"max-snippet:-1","max-image-preview":"max-image-preview:large","max-video-preview":"max-video-preview:-1"},"canonical":"https:\/\/cmserviceitalia.it\/de\/upgrade-flexodruckmaschinen\/","og_locale":"de_DE","og_type":"article","og_title":"UPGRADE Flexodruckmaschinen - CM Service","og_description":"[vc_row][vc_column][section_header layout_type=&#8220;section-heading-colorblock&#8220; main_heading=&#8220;Upgrade Flexodruckmaschinen&#8220; font_size=&#8220;default&#8220; use_multi_color=&#8220;0&#8243;][vc_cta h2=&#8220;&#8220; shape=&#8220;square&#8220; style=&#8220;custom&#8220; custom_background=&#8220;#ffffff&#8220; css=&#8220;.vc_custom_1503040422381{margin-top: 20px !important;}&#8220;]Was die Aufr\u00fcstung der \u00fcberholten Bobst Flexodruckmaschinen betrifft, k\u00f6nnen Qualit\u00e4t und technische Leistung durch ein Upgrade folgender Teile verbessert werden:[\/vc_cta][\/vc_column][\/vc_row]","og_url":"https:\/\/cmserviceitalia.it\/de\/upgrade-flexodruckmaschinen\/","og_site_name":"CM Service","article_modified_time":"2017-08-18T07:18:09+00:00","og_image":[{"width":732,"height":732,"url":"https:\/\/cmserviceitalia.it\/assets\/uploads\/logo_cm-service_jaune_02.jpg","type":"image\/jpeg"}],"schema":{"@context":"https:\/\/schema.org","@graph":[{"@type":"WebPage","@id":"https:\/\/cmserviceitalia.it\/de\/upgrade-flexodruckmaschinen\/","url":"https:\/\/cmserviceitalia.it\/de\/upgrade-flexodruckmaschinen\/","name":"UPGRADE Flexodruckmaschinen - CM Service","isPartOf":{"@id":"https:\/\/cmserviceitalia.it\/#website"},"datePublished":"2017-08-10T15:21:56+00:00","dateModified":"2017-08-18T07:18:09+00:00","inLanguage":"de","potentialAction":[{"@type":"ReadAction","target":["https:\/\/cmserviceitalia.it\/de\/upgrade-flexodruckmaschinen\/"]}]},{"@type":"WebSite","@id":"https:\/\/cmserviceitalia.it\/#website","url":"https:\/\/cmserviceitalia.it\/","name":"CM Service","description":"Printer Slotter Presse de d\u00e9coupe automatique Diecutter Automatique","publisher":{"@id":"https:\/\/cmserviceitalia.it\/#organization"},"potentialAction":[{"@type":"SearchAction","target":{"@type":"EntryPoint","urlTemplate":"https:\/\/cmserviceitalia.it\/?s={search_term_string}"},"query-input":{"@type":"PropertyValueSpecification","valueRequired":true,"valueName":"search_term_string"}}],"inLanguage":"de"},{"@type":"Organization","@id":"https:\/\/cmserviceitalia.it\/#organization","name":"CM Service Italia","url":"https:\/\/cmserviceitalia.it\/","logo":{"@type":"ImageObject","inLanguage":"de","@id":"https:\/\/cmserviceitalia.it\/#\/schema\/logo\/image\/","url":"https:\/\/cmserviceitalia.it\/assets\/uploads\/logo_cm-service_jaune_02.jpg","contentUrl":"https:\/\/cmserviceitalia.it\/assets\/uploads\/logo_cm-service_jaune_02.jpg","width":732,"height":732,"caption":"CM Service Italia"},"image":{"@id":"https:\/\/cmserviceitalia.it\/#\/schema\/logo\/image\/"}}]}},"_links":{"self":[{"href":"https:\/\/cmserviceitalia.it\/de\/wp-json\/wp\/v2\/pages\/8543","targetHints":{"allow":["GET"]}}],"collection":[{"href":"https:\/\/cmserviceitalia.it\/de\/wp-json\/wp\/v2\/pages"}],"about":[{"href":"https:\/\/cmserviceitalia.it\/de\/wp-json\/wp\/v2\/types\/page"}],"author":[{"embeddable":true,"href":"https:\/\/cmserviceitalia.it\/de\/wp-json\/wp\/v2\/users\/11"}],"replies":[{"embeddable":true,"href":"https:\/\/cmserviceitalia.it\/de\/wp-json\/wp\/v2\/comments?post=8543"}],"version-history":[{"count":2,"href":"https:\/\/cmserviceitalia.it\/de\/wp-json\/wp\/v2\/pages\/8543\/revisions"}],"predecessor-version":[{"id":8636,"href":"https:\/\/cmserviceitalia.it\/de\/wp-json\/wp\/v2\/pages\/8543\/revisions\/8636"}],"wp:attachment":[{"href":"https:\/\/cmserviceitalia.it\/de\/wp-json\/wp\/v2\/media?parent=8543"}],"curies":[{"name":"wp","href":"https:\/\/api.w.org\/{rel}","templated":true}]}}