{"id":8548,"date":"2017-06-05T10:56:39","date_gmt":"2017-06-05T10:56:39","guid":{"rendered":"http:\/\/www.cmserviceitalia.it\/bobst-spo-1600-2000-die-cutters-upgrade\/"},"modified":"2017-08-10T15:45:55","modified_gmt":"2017-08-10T15:45:55","slug":"upgrade-stanzmaschine-bobst-spo-1600-2000","status":"publish","type":"page","link":"https:\/\/cmserviceitalia.it\/de\/upgrade-stanzmaschine-bobst-spo-1600-2000\/","title":{"rendered":"UPGRADE STANZMASCHINE BOBST SPO 1600-2000"},"content":{"rendered":"<div class=\"wpb-content-wrapper\"><p>[vc_row][vc_column css=&#8220;.vc_custom_1502379663000{margin-bottom: 20px !important;}&#8220;][section_header layout_type=&#8220;section-heading-colorblock&#8220; main_heading=&#8220;AUFR\u00dcSTUNG STANZMASCHINE BOBST SPO 1600-2000&#8243; font_size=&#8220;default&#8220; use_multi_color=&#8220;0&#8243;][\/vc_column][\/vc_row][vc_row][vc_column][vc_cta h2=&#8220;&#8220; shape=&#8220;square&#8220; style=&#8220;custom&#8220; custom_background=&#8220;#ffffff&#8220;]<\/p>\n<p style=\"text-align: justify;\">Was die Aufr\u00fcstung der <strong>Bobst SPO 1600-2000 Stanzautomaten<\/strong> betrifft, hat Cm Service Italia verschiedene Bereiche f\u00fcr ein Upgrade der Maschinen und ihrer Leistungen ausgemacht. Nachstehend die vorgeschlagenen Aufr\u00fcstungen:<\/p>\n<p>[\/vc_cta][\/vc_column][\/vc_row][vc_row][vc_column][vc_tta_accordion][vc_tta_section title=&#8220;Schnellwechsel-Fallschieber und externe Einstellung Auslauf Bogenaufnahme (Banana System)&#8220; tab_id=&#8220;1496660275483-1ee7ccf4-b9e3&#8243;][vc_gallery type=&#8220;image_grid&#8220; images=&#8220;6491,6479,6483,6487&#8243; onclick=&#8220;img_link_large&#8220;][\/vc_tta_section][vc_tta_section title=&#8220;Oberes und unteres Centerlinesystem f\u00fcr Schnittabfallentnahme&#8220; tab_id=&#8220;1496660275534-2f2f502f-f32d&#8220;][vc_gallery type=&#8220;image_grid&#8220; images=&#8220;6441&#8243; onclick=&#8220;img_link_large&#8220;][\/vc_tta_section][vc_tta_section title=&#8220;Vorderer Ausrichter&#8220; tab_id=&#8220;1496660320029-8e2437ae-8441&#8243;][vc_gallery type=&#8220;image_grid&#8220; images=&#8220;6456,6452&#8243; onclick=&#8220;img_link_large&#8220;][\/vc_tta_section][vc_tta_section title=&#8220;Automatisches Kettenschmiersystem&#8220; tab_id=&#8220;1496660361934-d6f240bc-0779&#8243;][vc_gallery type=&#8220;image_grid&#8220; images=&#8220;6497&#8243; onclick=&#8220;img_link_large&#8220;][\/vc_tta_section][vc_tta_section title=&#8220;Erneuerung der Elektrik zur Anpassung an die geltenden Vorschriften&#8220; tab_id=&#8220;1496660386271-0bdd844c-5984&#8243;][vc_gallery type=&#8220;image_grid&#8220; images=&#8220;6501,6505,6509,6513,6517,6521,6525,6529,6533,6537,6541,6549,6553,6557,6561,6565,6569,6573&#8243; onclick=&#8220;img_link_large&#8220;][\/vc_tta_section][vc_tta_section title=&#8220;Vorbereitungstisch&#8220; tab_id=&#8220;1496660404919-e2e79d90-414c&#8220;][vc_gallery type=&#8220;image_grid&#8220; images=&#8220;6577,6581&#8243; onclick=&#8220;img_link_large&#8220;][\/vc_tta_section][vc_tta_section title=&#8220;Kettenverriegelungssystem&#8220; tab_id=&#8220;1496660421376-9cc25a3a-94ea&#8220;][vc_gallery type=&#8220;image_grid&#8220; images=&#8220;6585&#8243; onclick=&#8220;img_link_large&#8220;][\/vc_tta_section][vc_tta_section title=&#8220;Externe Einstellung der Lichtschranke Auslauf Schnittabfallentnahme&#8220; tab_id=&#8220;1496660439338-55d21d60-022c&#8220;][vc_gallery type=&#8220;image_grid&#8220; images=&#8220;6589,6593&#8243; onclick=&#8220;img_link_large&#8220;][\/vc_tta_section][vc_tta_section title=&#8220;Seitlicher Ausrichter&#8220; tab_id=&#8220;1496660454487-398046df-14f0&#8243;][vc_gallery type=&#8220;image_grid&#8220; images=&#8220;6597,6601&#8243; onclick=&#8220;img_link_large&#8220;][\/vc_tta_section][vc_tta_section title=&#8220;Austausch des Hauptmotors&#8220; tab_id=&#8220;1496660472205-c7411d75-e57d&#8220;][vc_gallery type=&#8220;image_grid&#8220; images=&#8220;6605,6609&#8243; onclick=&#8220;img_link_large&#8220;][\/vc_tta_section][\/vc_tta_accordion][\/vc_column][\/vc_row]<\/p>\n<\/div>","protected":false},"excerpt":{"rendered":"<p>[vc_row][vc_column css=&#8220;.vc_custom_1502379663000{margin-bottom: 20px !important;}&#8220;][section_header layout_type=&#8220;section-heading-colorblock&#8220; main_heading=&#8220;AUFR\u00dcSTUNG STANZMASCHINE BOBST SPO 1600-2000&#8243; font_size=&#8220;default&#8220; use_multi_color=&#8220;0&#8243;][\/vc_column][\/vc_row][vc_row][vc_column][vc_cta h2=&#8220;&#8220; shape=&#8220;square&#8220; style=&#8220;custom&#8220; custom_background=&#8220;#ffffff&#8220;] Was die Aufr\u00fcstung der Bobst SPO 1600-2000 Stanzautomaten betrifft, hat Cm Service Italia verschiedene Bereiche f\u00fcr ein Upgrade der Maschinen und ihrer Leistungen ausgemacht. Nachstehend die vorgeschlagenen Aufr\u00fcstungen: [\/vc_cta][\/vc_column][\/vc_row][vc_row][vc_column][vc_tta_accordion][vc_tta_section title=&#8220;Schnellwechsel-Fallschieber und externe Einstellung Auslauf Bogenaufnahme (Banana System)&#8220; tab_id=&#8220;1496660275483-1ee7ccf4-b9e3&#8243;][vc_gallery type=&#8220;image_grid&#8220;&hellip;<\/p>\n","protected":false},"author":11,"featured_media":0,"parent":0,"menu_order":0,"comment_status":"closed","ping_status":"closed","template":"","meta":{"footnotes":""},"class_list":["post-8548","page","type-page","status-publish","hentry"],"yoast_head":"<!-- This site is optimized with the Yoast SEO plugin v27.2 - https:\/\/yoast.com\/product\/yoast-seo-wordpress\/ -->\r\n<title>UPGRADE STANZMASCHINE BOBST SPO 1600-2000 - CM Service<\/title>\r\n<meta name=\"robots\" content=\"index, follow, max-snippet:-1, max-image-preview:large, max-video-preview:-1\" \/>\r\n<link rel=\"canonical\" href=\"https:\/\/cmserviceitalia.it\/de\/upgrade-stanzmaschine-bobst-spo-1600-2000\/\" \/>\r\n<meta property=\"og:locale\" content=\"de_DE\" \/>\r\n<meta property=\"og:type\" content=\"article\" \/>\r\n<meta property=\"og:title\" content=\"UPGRADE STANZMASCHINE BOBST SPO 1600-2000 - CM Service\" \/>\r\n<meta property=\"og:description\" content=\"[vc_row][vc_column css=&#8220;.vc_custom_1502379663000{margin-bottom: 20px !important;}&#8220;][section_header layout_type=&#8220;section-heading-colorblock&#8220; main_heading=&#8220;AUFR\u00dcSTUNG STANZMASCHINE BOBST SPO 1600-2000&#8243; font_size=&#8220;default&#8220; use_multi_color=&#8220;0&#8243;][\/vc_column][\/vc_row][vc_row][vc_column][vc_cta h2=&#8220;&#8220; shape=&#8220;square&#8220; style=&#8220;custom&#8220; custom_background=&#8220;#ffffff&#8220;] Was die Aufr\u00fcstung der Bobst SPO 1600-2000 Stanzautomaten betrifft, hat Cm Service Italia verschiedene Bereiche f\u00fcr ein Upgrade der Maschinen und ihrer Leistungen ausgemacht. Nachstehend die vorgeschlagenen Aufr\u00fcstungen: [\/vc_cta][\/vc_column][\/vc_row][vc_row][vc_column][vc_tta_accordion][vc_tta_section title=&#8220;Schnellwechsel-Fallschieber und externe Einstellung Auslauf Bogenaufnahme (Banana System)&#8220; tab_id=&#8220;1496660275483-1ee7ccf4-b9e3&#8243;][vc_gallery type=&#8220;image_grid&#8220;&hellip;\" \/>\r\n<meta property=\"og:url\" content=\"https:\/\/cmserviceitalia.it\/de\/upgrade-stanzmaschine-bobst-spo-1600-2000\/\" \/>\r\n<meta property=\"og:site_name\" content=\"CM Service\" \/>\r\n<meta property=\"article:modified_time\" content=\"2017-08-10T15:45:55+00:00\" \/>\r\n<meta property=\"og:image\" content=\"https:\/\/cmserviceitalia.it\/assets\/uploads\/logo_cm-service_jaune_02.jpg\" \/>\r\n\t<meta property=\"og:image:width\" content=\"732\" \/>\r\n\t<meta property=\"og:image:height\" content=\"732\" \/>\r\n\t<meta property=\"og:image:type\" content=\"image\/jpeg\" \/>\r\n<meta name=\"twitter:label1\" content=\"Gesch\u00e4tzte Lesezeit\" \/>\n\t<meta name=\"twitter:data1\" content=\"2\u00a0Minuten\" \/>\r\n<script type=\"application\/ld+json\" class=\"yoast-schema-graph\">{\"@context\":\"https:\/\/schema.org\",\"@graph\":[{\"@type\":\"WebPage\",\"@id\":\"https:\/\/cmserviceitalia.it\/de\/upgrade-stanzmaschine-bobst-spo-1600-2000\/\",\"url\":\"https:\/\/cmserviceitalia.it\/de\/upgrade-stanzmaschine-bobst-spo-1600-2000\/\",\"name\":\"UPGRADE STANZMASCHINE BOBST SPO 1600-2000 - CM Service\",\"isPartOf\":{\"@id\":\"https:\/\/cmserviceitalia.it\/#website\"},\"datePublished\":\"2017-06-05T10:56:39+00:00\",\"dateModified\":\"2017-08-10T15:45:55+00:00\",\"inLanguage\":\"de\",\"potentialAction\":[{\"@type\":\"ReadAction\",\"target\":[\"https:\/\/cmserviceitalia.it\/de\/upgrade-stanzmaschine-bobst-spo-1600-2000\/\"]}]},{\"@type\":\"WebSite\",\"@id\":\"https:\/\/cmserviceitalia.it\/#website\",\"url\":\"https:\/\/cmserviceitalia.it\/\",\"name\":\"CM Service\",\"description\":\"Printer Slotter Presse de d\u00e9coupe automatique Diecutter Automatique\",\"publisher\":{\"@id\":\"https:\/\/cmserviceitalia.it\/#organization\"},\"potentialAction\":[{\"@type\":\"SearchAction\",\"target\":{\"@type\":\"EntryPoint\",\"urlTemplate\":\"https:\/\/cmserviceitalia.it\/?s={search_term_string}\"},\"query-input\":{\"@type\":\"PropertyValueSpecification\",\"valueRequired\":true,\"valueName\":\"search_term_string\"}}],\"inLanguage\":\"de\"},{\"@type\":\"Organization\",\"@id\":\"https:\/\/cmserviceitalia.it\/#organization\",\"name\":\"CM Service Italia\",\"url\":\"https:\/\/cmserviceitalia.it\/\",\"logo\":{\"@type\":\"ImageObject\",\"inLanguage\":\"de\",\"@id\":\"https:\/\/cmserviceitalia.it\/#\/schema\/logo\/image\/\",\"url\":\"https:\/\/cmserviceitalia.it\/assets\/uploads\/logo_cm-service_jaune_02.jpg\",\"contentUrl\":\"https:\/\/cmserviceitalia.it\/assets\/uploads\/logo_cm-service_jaune_02.jpg\",\"width\":732,\"height\":732,\"caption\":\"CM Service Italia\"},\"image\":{\"@id\":\"https:\/\/cmserviceitalia.it\/#\/schema\/logo\/image\/\"}}]}<\/script>\r\n<!-- \/ Yoast SEO plugin. -->","yoast_head_json":{"title":"UPGRADE STANZMASCHINE BOBST SPO 1600-2000 - CM Service","robots":{"index":"index","follow":"follow","max-snippet":"max-snippet:-1","max-image-preview":"max-image-preview:large","max-video-preview":"max-video-preview:-1"},"canonical":"https:\/\/cmserviceitalia.it\/de\/upgrade-stanzmaschine-bobst-spo-1600-2000\/","og_locale":"de_DE","og_type":"article","og_title":"UPGRADE STANZMASCHINE BOBST SPO 1600-2000 - CM Service","og_description":"[vc_row][vc_column css=&#8220;.vc_custom_1502379663000{margin-bottom: 20px !important;}&#8220;][section_header layout_type=&#8220;section-heading-colorblock&#8220; main_heading=&#8220;AUFR\u00dcSTUNG STANZMASCHINE BOBST SPO 1600-2000&#8243; font_size=&#8220;default&#8220; use_multi_color=&#8220;0&#8243;][\/vc_column][\/vc_row][vc_row][vc_column][vc_cta h2=&#8220;&#8220; shape=&#8220;square&#8220; style=&#8220;custom&#8220; custom_background=&#8220;#ffffff&#8220;] Was die Aufr\u00fcstung der Bobst SPO 1600-2000 Stanzautomaten betrifft, hat Cm Service Italia verschiedene Bereiche f\u00fcr ein Upgrade der Maschinen und ihrer Leistungen ausgemacht. Nachstehend die vorgeschlagenen Aufr\u00fcstungen: [\/vc_cta][\/vc_column][\/vc_row][vc_row][vc_column][vc_tta_accordion][vc_tta_section title=&#8220;Schnellwechsel-Fallschieber und externe Einstellung Auslauf Bogenaufnahme (Banana System)&#8220; tab_id=&#8220;1496660275483-1ee7ccf4-b9e3&#8243;][vc_gallery type=&#8220;image_grid&#8220;&hellip;","og_url":"https:\/\/cmserviceitalia.it\/de\/upgrade-stanzmaschine-bobst-spo-1600-2000\/","og_site_name":"CM Service","article_modified_time":"2017-08-10T15:45:55+00:00","og_image":[{"width":732,"height":732,"url":"https:\/\/cmserviceitalia.it\/assets\/uploads\/logo_cm-service_jaune_02.jpg","type":"image\/jpeg"}],"twitter_misc":{"Gesch\u00e4tzte Lesezeit":"2\u00a0Minuten"},"schema":{"@context":"https:\/\/schema.org","@graph":[{"@type":"WebPage","@id":"https:\/\/cmserviceitalia.it\/de\/upgrade-stanzmaschine-bobst-spo-1600-2000\/","url":"https:\/\/cmserviceitalia.it\/de\/upgrade-stanzmaschine-bobst-spo-1600-2000\/","name":"UPGRADE STANZMASCHINE BOBST SPO 1600-2000 - CM Service","isPartOf":{"@id":"https:\/\/cmserviceitalia.it\/#website"},"datePublished":"2017-06-05T10:56:39+00:00","dateModified":"2017-08-10T15:45:55+00:00","inLanguage":"de","potentialAction":[{"@type":"ReadAction","target":["https:\/\/cmserviceitalia.it\/de\/upgrade-stanzmaschine-bobst-spo-1600-2000\/"]}]},{"@type":"WebSite","@id":"https:\/\/cmserviceitalia.it\/#website","url":"https:\/\/cmserviceitalia.it\/","name":"CM Service","description":"Printer Slotter Presse de d\u00e9coupe automatique Diecutter Automatique","publisher":{"@id":"https:\/\/cmserviceitalia.it\/#organization"},"potentialAction":[{"@type":"SearchAction","target":{"@type":"EntryPoint","urlTemplate":"https:\/\/cmserviceitalia.it\/?s={search_term_string}"},"query-input":{"@type":"PropertyValueSpecification","valueRequired":true,"valueName":"search_term_string"}}],"inLanguage":"de"},{"@type":"Organization","@id":"https:\/\/cmserviceitalia.it\/#organization","name":"CM Service Italia","url":"https:\/\/cmserviceitalia.it\/","logo":{"@type":"ImageObject","inLanguage":"de","@id":"https:\/\/cmserviceitalia.it\/#\/schema\/logo\/image\/","url":"https:\/\/cmserviceitalia.it\/assets\/uploads\/logo_cm-service_jaune_02.jpg","contentUrl":"https:\/\/cmserviceitalia.it\/assets\/uploads\/logo_cm-service_jaune_02.jpg","width":732,"height":732,"caption":"CM Service Italia"},"image":{"@id":"https:\/\/cmserviceitalia.it\/#\/schema\/logo\/image\/"}}]}},"_links":{"self":[{"href":"https:\/\/cmserviceitalia.it\/de\/wp-json\/wp\/v2\/pages\/8548","targetHints":{"allow":["GET"]}}],"collection":[{"href":"https:\/\/cmserviceitalia.it\/de\/wp-json\/wp\/v2\/pages"}],"about":[{"href":"https:\/\/cmserviceitalia.it\/de\/wp-json\/wp\/v2\/types\/page"}],"author":[{"embeddable":true,"href":"https:\/\/cmserviceitalia.it\/de\/wp-json\/wp\/v2\/users\/11"}],"replies":[{"embeddable":true,"href":"https:\/\/cmserviceitalia.it\/de\/wp-json\/wp\/v2\/comments?post=8548"}],"version-history":[{"count":4,"href":"https:\/\/cmserviceitalia.it\/de\/wp-json\/wp\/v2\/pages\/8548\/revisions"}],"predecessor-version":[{"id":8554,"href":"https:\/\/cmserviceitalia.it\/de\/wp-json\/wp\/v2\/pages\/8548\/revisions\/8554"}],"wp:attachment":[{"href":"https:\/\/cmserviceitalia.it\/de\/wp-json\/wp\/v2\/media?parent=8548"}],"curies":[{"name":"wp","href":"https:\/\/api.w.org\/{rel}","templated":true}]}}