{"id":9362,"date":"2017-05-29T10:22:42","date_gmt":"2017-05-29T10:22:42","guid":{"rendered":"https:\/\/cmserviceitalia.it\/cm-service-italia-pre-owned-corrugated-machinery\/"},"modified":"2023-10-25T12:07:42","modified_gmt":"2023-10-25T10:07:42","slug":"cm-service-italia-pre-owned-corrugated-machinery","status":"publish","type":"page","link":"https:\/\/cmserviceitalia.it\/es\/","title":{"rendered":"CM Service Italia Vendita e Revisione Macchine Cartone Ondulato"},"content":{"rendered":"<div class=\"wpb-content-wrapper\"><p>[vc_row expanded=\u00bb2&#8243; css=\u00bb.vc_custom_1501494542165{background-color: #ffffff !important;}\u00bb][vc_column][rev_slider_vc alias=\u00bbgrade_machinery_1&#8243; el_class=\u00bbmax1280&#8243;][vc_row_inner equal_height=\u00bbyes\u00bb gap=\u00bb15&#8243; css=\u00bb.vc_custom_1503057843666{margin-top: -50px !important;margin-bottom: 30px !important;}\u00bb el_class=\u00bbsmaller-font shadow-box\u00bb][vc_column_inner width=\u00bb1\/4&#8243; css=\u00bb.vc_custom_1488274763870{padding-right: 15px !important;padding-left: 15px !important;background-color: #ffffff !important;}\u00bb][vc_single_image image=\u00bb9363&#8243; img_size=\u00bb262&#215;200&#8243; alignment=\u00bbcenter\u00bb onclick=\u00bbcustom_link\u00bb css=\u00bb.vc_custom_1496958604456{margin-right: -15px !important;margin-left: -15px !important;}\u00bb link=\u00bbhttp:\/\/www.cmserviceitalia.it\/it\/fustellatrici-bobst-spo\/\u00bb][vc_column_text css=\u00bb.vc_custom_1507727411465{margin-top: -15px !important;margin-bottom: 15px !important;}\u00bb]<\/p>\n<h4 class=\"t_home\"><a href=\"https:\/\/cmserviceitalia.it\/es\/troqueladoras-bobst-spo\/\">BOBST <\/a><\/h4>\n<p class=\"s_titre_home\">Troqueladoras SPO<\/p>\n<p class=\"p_home\">A lo largo de los a\u00f1os Cm Service Italia ha adquirido una experiencia que garantiza troqueladoras revisadas, totalmente eficientes y capaces de satisfacer plenamente cualquier exigencia de trabajo.<\/p>\n<p>[\/vc_column_text][\/vc_column_inner][vc_column_inner width=\u00bb1\/4&#8243; css=\u00bb.vc_custom_1488274790175{padding-right: 15px !important;padding-left: 15px !important;background-color: #ffffff !important;}\u00bb][vc_single_image image=\u00bb9366&#8243; img_size=\u00bb262&#215;200&#8243; alignment=\u00bbcenter\u00bb onclick=\u00bbcustom_link\u00bb css=\u00bb.vc_custom_1496958629414{margin-right: -15px !important;margin-left: -15px !important;}\u00bb link=\u00bbhttp:\/\/www.cmserviceitalia.it\/it\/stampatrici-bobst-flexo\/\u00bb][vc_column_text css=\u00bb.vc_custom_1507727464807{margin-top: -15px !important;margin-bottom: 15px !important;}\u00bb]<\/p>\n<h4 class=\"t_home\"><a href=\"https:\/\/cmserviceitalia.it\/es\/impresoras-bobst-flexo\/\">BOBST <\/a><\/h4>\n<p class=\"s_titre_home\">Impresoras Flexo<\/p>\n<p class=\"p_home\">Las m\u00e1quinas de impresi\u00f3n flexogr\u00e1fica usadas, una vez revisadas, actualizadas y mejoradas, se comercializan con una garant\u00eda total que puede ampliarse de 6 a 12 meses..<\/p>\n<p>[\/vc_column_text][\/vc_column_inner][vc_column_inner width=\u00bb1\/4&#8243; css=\u00bb.vc_custom_1488274993668{padding-right: 15px !important;padding-left: 15px !important;background-color: #ffffff !important;}\u00bb][vc_single_image image=\u00bb9368&#8243; img_size=\u00bb262&#215;200&#8243; alignment=\u00bbcenter\u00bb onclick=\u00bbcustom_link\u00bb css=\u00bb.vc_custom_1496958675650{margin-right: -15px !important;margin-left: -15px !important;}\u00bb link=\u00bbhttp:\/\/www.cmserviceitalia.it\/it\/trasporto-macchinari-revisionati\/\u00bb][vc_column_text css=\u00bb.vc_custom_1507727504046{margin-top: -15px !important;margin-bottom: 15px !important;}\u00bb]<\/p>\n<h4 class=\"t_home\"><a href=\"https:\/\/cmserviceitalia.it\/es\/transporte-de-la-maquinaria-revisada\/\">BOBST<\/a><\/h4>\n<p class=\"s_titre_home\">Remoci\u00f3n<\/p>\n<p class=\"p_home\">Nuestro equipo de mec\u00e1nicos y electricistas expertos es capaz de ofrecer un servicio completo para el desmontaje, el transporte, la instalaci\u00f3n y la puesta en marcha de cualquier tipo de m\u00e1quina revisada.<\/p>\n<p>[\/vc_column_text][\/vc_column_inner][vc_column_inner width=\u00bb1\/4&#8243; css=\u00bb.vc_custom_1488275057166{padding-right: 15px !important;padding-left: 15px !important;background-color: #ffffff !important;}\u00bb][vc_single_image image=\u00bb10915&#8243; img_size=\u00bb262&#215;200&#8243; alignment=\u00bbcenter\u00bb onclick=\u00bbcustom_link\u00bb css=\u00bb.vc_custom_1698228394750{margin-right: -15px !important;margin-left: -15px !important;}\u00bb link=\u00bbhttps:\/\/cmserviceitalia.it\/es\/casemaker\/\u00bb][vc_column_text css=\u00bb.vc_custom_1698228448505{margin-top: -15px !important;margin-bottom: 15px !important;}\u00bb]<\/p>\n<h4 class=\"t_home\"><a href=\"https:\/\/cmserviceitalia.it\/es\/casemaker\/\">Martin<\/a><\/h4>\n<p class=\"s_titre_home\">Casemaker<\/p>\n<p class=\"p_home\">Nuestra empresa posee una experiencia consolidada en la revisi\u00f3n y renovaci\u00f3n de boxmaker usados. En especial, Cm Service revisa los boxmaker del fabricante Martin.<\/p>\n<p>[\/vc_column_text][\/vc_column_inner][\/vc_row_inner][\/vc_column][\/vc_row][vc_row expanded=\u00bb2&#8243; css=\u00bb.vc_custom_1502456900032{padding-top: 10px !important;padding-bottom: 10px !important;background-color: #26324a !important;}\u00bb el_class=\u00bbwhite-font\u00bb][vc_column css=\u00bb.vc_custom_1488269132659{margin-top: 10px !important;}\u00bb][vc_row_inner][vc_column_inner][section_header layout_type=\u00bbsection-heading-underlined\u00bb main_heading=\u00bbESPECIALISTAS GLOBALES EN LA REVISI\u00d3N DE MAQUINARIA PARA LA INDUSTRIA DEL CART\u00d3N ONDULADO\u00bb font_size=\u00bbcustom\u00bb custom_font_size=\u00bb20&#8243; font_weight=\u00bbnormal\u00bb use_multi_color=\u00bb0&#8243; color=\u00bb#3f4348&#8243; separator_color=\u00bb#ffffff\u00bb css=\u00bb.vc_custom_1507649451215{margin-bottom: 10px !important;}\u00bb][vc_single_image image=\u00bb9369&#8243; img_size=\u00bb900&#215;2&#8243; alignment=\u00bbcenter\u00bb][vc_column_text css=\u00bb.vc_custom_1507649477705{margin-top: -10px !important;margin-bottom: 15px !important;}\u00bb]<\/p>\n<p style=\"text-align: center; color: #3f4348; text-transform: uppercase;\"><span style=\"font-size: 1.2em;\">SI EST\u00c1S BUSCANDO MAQUINARIA REVISADA PARA LA TRANSFORMACI\u00d3N DEL CART\u00d3N ONDULADO, CM SERVICE ITALIA PUEDE CONVERTIRSE EN TU MEJOR PROVEEDOR. SOMOS ESPECIALISTAS GLOBALES EN EL SECTOR DEL CART\u00d3N, REVISAMOS MAQUINARIA INDUSTRIAL USADA, PROPIA DE ESTE MERCADO, COMO IMPRESORAS FLEXOGR\u00c1FICAS, TROQUELADORAS AUTOM\u00c1TICAS, CASEMAKER Y BOXMAKER, CON EST\u00c1NDARES CUALITATIVOS MUY ALTOS, APORTANDO MEJORAS Y ACTUALIZACIONES. SOMOS TU <\/span><\/p>\n<p>[\/vc_column_text][\/vc_column_inner][\/vc_row_inner][\/vc_column][\/vc_row][vc_row expanded=\u00bb2&#8243; background_style=\u00bbcover\u00bb css=\u00bb.vc_custom_1503057376495{background-color: #ffffff !important;}\u00bb el_id=\u00bbgroup-logos\u00bb][vc_column css=\u00bb.vc_custom_1471579178669{padding-right: 0px !important;padding-left: 0px !important;}\u00bb][vc_row_inner equal_height=\u00bbyes\u00bb css=\u00bb.vc_custom_1506681099363{margin-bottom: 0px !important;}\u00bb][vc_column_inner width=\u00bb1\/3&#8243; css=\u00bb.vc_custom_1503057382660{padding-top: 30px !important;padding-bottom: 30px !important;}\u00bb][vc_posts_slider count=\u00bb1&#8243; interval=\u00bb0&#8243; slides_content=\u00bbteaser\u00bb slides_title=\u00bb1&#8243; posttypes=\u00bbpost\u00bb posts_in=\u00bb4845&#8243;][\/vc_column_inner][vc_column_inner width=\u00bb1\/3&#8243; css=\u00bb.vc_custom_1503057389252{padding-top: 30px !important;padding-bottom: 30px !important;}\u00bb][vc_posts_slider count=\u00bb1&#8243; interval=\u00bb0&#8243; slides_content=\u00bbteaser\u00bb slides_title=\u00bb1&#8243; posttypes=\u00bbpost\u00bb posts_in=\u00bb4831&#8243;][\/vc_column_inner][vc_column_inner width=\u00bb1\/3&#8243; css=\u00bb.vc_custom_1503057396093{padding-top: 30px !important;padding-bottom: 30px !important;}\u00bb][vc_posts_slider count=\u00bb1&#8243; interval=\u00bb0&#8243; slides_content=\u00bbteaser\u00bb slides_title=\u00bb1&#8243; posttypes=\u00bbpost\u00bb posts_in=\u00bb4838&#8243;][\/vc_column_inner][\/vc_row_inner][\/vc_column][\/vc_row]<\/p>\n<\/div>","protected":false},"excerpt":{"rendered":"<p>[vc_row expanded=\u00bb2&#8243; css=\u00bb.vc_custom_1501494542165{background-color: #ffffff !important;}\u00bb][vc_column][rev_slider_vc alias=\u00bbgrade_machinery_1&#8243; el_class=\u00bbmax1280&#8243;][vc_row_inner equal_height=\u00bbyes\u00bb gap=\u00bb15&#8243; css=\u00bb.vc_custom_1503057843666{margin-top: -50px !important;margin-bottom: 30px !important;}\u00bb el_class=\u00bbsmaller-font shadow-box\u00bb][vc_column_inner width=\u00bb1\/4&#8243; css=\u00bb.vc_custom_1488274763870{padding-right: 15px !important;padding-left: 15px !important;background-color: #ffffff !important;}\u00bb][vc_single_image image=\u00bb9363&#8243; img_size=\u00bb262&#215;200&#8243; alignment=\u00bbcenter\u00bb onclick=\u00bbcustom_link\u00bb css=\u00bb.vc_custom_1496958604456{margin-right: -15px !important;margin-left: -15px !important;}\u00bb link=\u00bbhttp:\/\/www.cmserviceitalia.it\/it\/fustellatrici-bobst-spo\/\u00bb][vc_column_text css=\u00bb.vc_custom_1507727411465{margin-top: -15px !important;margin-bottom: 15px !important;}\u00bb] BOBST Troqueladoras SPO A lo largo de los a\u00f1os Cm Service Italia ha adquirido una experiencia&hellip;<\/p>\n","protected":false},"author":11,"featured_media":0,"parent":0,"menu_order":0,"comment_status":"closed","ping_status":"closed","template":"fullwidth.php","meta":{"footnotes":""},"class_list":["post-9362","page","type-page","status-publish","hentry"],"yoast_head":"<!-- This site is optimized with the Yoast SEO plugin v27.2 - https:\/\/yoast.com\/product\/yoast-seo-wordpress\/ -->\r\n<title>CM Service Italia Vendita e Revisione Macchine Cartone Ondulato - CM Service<\/title>\r\n<meta name=\"robots\" content=\"index, follow, max-snippet:-1, max-image-preview:large, max-video-preview:-1\" \/>\r\n<link rel=\"canonical\" href=\"https:\/\/cmserviceitalia.it\/es\/\" \/>\r\n<meta property=\"og:locale\" content=\"es_ES\" \/>\r\n<meta property=\"og:type\" content=\"article\" \/>\r\n<meta property=\"og:title\" content=\"CM Service Italia Vendita e Revisione Macchine Cartone Ondulato - CM Service\" \/>\r\n<meta property=\"og:description\" content=\"[vc_row expanded=\u00bb2&#8243; css=\u00bb.vc_custom_1501494542165{background-color: #ffffff !important;}\u00bb][vc_column][rev_slider_vc alias=\u00bbgrade_machinery_1&#8243; el_class=\u00bbmax1280&#8243;][vc_row_inner equal_height=\u00bbyes\u00bb gap=\u00bb15&#8243; css=\u00bb.vc_custom_1503057843666{margin-top: -50px !important;margin-bottom: 30px !important;}\u00bb el_class=\u00bbsmaller-font shadow-box\u00bb][vc_column_inner width=\u00bb1\/4&#8243; css=\u00bb.vc_custom_1488274763870{padding-right: 15px !important;padding-left: 15px !important;background-color: #ffffff !important;}\u00bb][vc_single_image image=\u00bb9363&#8243; img_size=\u00bb262&#215;200&#8243; alignment=\u00bbcenter\u00bb onclick=\u00bbcustom_link\u00bb css=\u00bb.vc_custom_1496958604456{margin-right: -15px !important;margin-left: -15px !important;}\u00bb link=\u00bbhttp:\/\/www.cmserviceitalia.it\/it\/fustellatrici-bobst-spo\/\u00bb][vc_column_text css=\u00bb.vc_custom_1507727411465{margin-top: -15px !important;margin-bottom: 15px !important;}\u00bb] BOBST Troqueladoras SPO A lo largo de los a\u00f1os Cm Service Italia ha adquirido una experiencia&hellip;\" \/>\r\n<meta property=\"og:url\" content=\"https:\/\/cmserviceitalia.it\/es\/\" \/>\r\n<meta property=\"og:site_name\" content=\"CM Service\" \/>\r\n<meta property=\"article:modified_time\" content=\"2023-10-25T10:07:42+00:00\" \/>\r\n<meta property=\"og:image\" content=\"https:\/\/cmserviceitalia.it\/assets\/uploads\/logo_cm-service_jaune_02.jpg\" \/>\r\n\t<meta property=\"og:image:width\" content=\"732\" \/>\r\n\t<meta property=\"og:image:height\" content=\"732\" \/>\r\n\t<meta property=\"og:image:type\" content=\"image\/jpeg\" \/>\r\n<meta name=\"twitter:label1\" content=\"Tiempo de lectura\" \/>\n\t<meta name=\"twitter:data1\" content=\"2 minutos\" \/>\r\n<script type=\"application\/ld+json\" class=\"yoast-schema-graph\">{\"@context\":\"https:\/\/schema.org\",\"@graph\":[{\"@type\":\"WebPage\",\"@id\":\"https:\/\/cmserviceitalia.it\/es\/\",\"url\":\"https:\/\/cmserviceitalia.it\/es\/\",\"name\":\"CM Service Italia Vendita e Revisione Macchine Cartone Ondulato - CM Service\",\"isPartOf\":{\"@id\":\"https:\/\/cmserviceitalia.it\/#website\"},\"datePublished\":\"2017-05-29T10:22:42+00:00\",\"dateModified\":\"2023-10-25T10:07:42+00:00\",\"inLanguage\":\"es\",\"potentialAction\":[{\"@type\":\"ReadAction\",\"target\":[\"https:\/\/cmserviceitalia.it\/es\/\"]}]},{\"@type\":\"WebSite\",\"@id\":\"https:\/\/cmserviceitalia.it\/#website\",\"url\":\"https:\/\/cmserviceitalia.it\/\",\"name\":\"CM Service\",\"description\":\"Printer Slotter Presse de d\u00e9coupe automatique Diecutter Automatique\",\"publisher\":{\"@id\":\"https:\/\/cmserviceitalia.it\/#organization\"},\"potentialAction\":[{\"@type\":\"SearchAction\",\"target\":{\"@type\":\"EntryPoint\",\"urlTemplate\":\"https:\/\/cmserviceitalia.it\/?s={search_term_string}\"},\"query-input\":{\"@type\":\"PropertyValueSpecification\",\"valueRequired\":true,\"valueName\":\"search_term_string\"}}],\"inLanguage\":\"es\"},{\"@type\":\"Organization\",\"@id\":\"https:\/\/cmserviceitalia.it\/#organization\",\"name\":\"CM Service Italia\",\"url\":\"https:\/\/cmserviceitalia.it\/\",\"logo\":{\"@type\":\"ImageObject\",\"inLanguage\":\"es\",\"@id\":\"https:\/\/cmserviceitalia.it\/#\/schema\/logo\/image\/\",\"url\":\"https:\/\/cmserviceitalia.it\/assets\/uploads\/logo_cm-service_jaune_02.jpg\",\"contentUrl\":\"https:\/\/cmserviceitalia.it\/assets\/uploads\/logo_cm-service_jaune_02.jpg\",\"width\":732,\"height\":732,\"caption\":\"CM Service Italia\"},\"image\":{\"@id\":\"https:\/\/cmserviceitalia.it\/#\/schema\/logo\/image\/\"}}]}<\/script>\r\n<!-- \/ Yoast SEO plugin. -->","yoast_head_json":{"title":"CM Service Italia Vendita e Revisione Macchine Cartone Ondulato - CM Service","robots":{"index":"index","follow":"follow","max-snippet":"max-snippet:-1","max-image-preview":"max-image-preview:large","max-video-preview":"max-video-preview:-1"},"canonical":"https:\/\/cmserviceitalia.it\/es\/","og_locale":"es_ES","og_type":"article","og_title":"CM Service Italia Vendita e Revisione Macchine Cartone Ondulato - CM Service","og_description":"[vc_row expanded=\u00bb2&#8243; css=\u00bb.vc_custom_1501494542165{background-color: #ffffff !important;}\u00bb][vc_column][rev_slider_vc alias=\u00bbgrade_machinery_1&#8243; el_class=\u00bbmax1280&#8243;][vc_row_inner equal_height=\u00bbyes\u00bb gap=\u00bb15&#8243; css=\u00bb.vc_custom_1503057843666{margin-top: -50px !important;margin-bottom: 30px !important;}\u00bb el_class=\u00bbsmaller-font shadow-box\u00bb][vc_column_inner width=\u00bb1\/4&#8243; css=\u00bb.vc_custom_1488274763870{padding-right: 15px !important;padding-left: 15px !important;background-color: #ffffff !important;}\u00bb][vc_single_image image=\u00bb9363&#8243; img_size=\u00bb262&#215;200&#8243; alignment=\u00bbcenter\u00bb onclick=\u00bbcustom_link\u00bb css=\u00bb.vc_custom_1496958604456{margin-right: -15px !important;margin-left: -15px !important;}\u00bb link=\u00bbhttp:\/\/www.cmserviceitalia.it\/it\/fustellatrici-bobst-spo\/\u00bb][vc_column_text css=\u00bb.vc_custom_1507727411465{margin-top: -15px !important;margin-bottom: 15px !important;}\u00bb] BOBST Troqueladoras SPO A lo largo de los a\u00f1os Cm Service Italia ha adquirido una experiencia&hellip;","og_url":"https:\/\/cmserviceitalia.it\/es\/","og_site_name":"CM Service","article_modified_time":"2023-10-25T10:07:42+00:00","og_image":[{"width":732,"height":732,"url":"https:\/\/cmserviceitalia.it\/assets\/uploads\/logo_cm-service_jaune_02.jpg","type":"image\/jpeg"}],"twitter_misc":{"Tiempo de lectura":"2 minutos"},"schema":{"@context":"https:\/\/schema.org","@graph":[{"@type":"WebPage","@id":"https:\/\/cmserviceitalia.it\/es\/","url":"https:\/\/cmserviceitalia.it\/es\/","name":"CM Service Italia Vendita e Revisione Macchine Cartone Ondulato - CM Service","isPartOf":{"@id":"https:\/\/cmserviceitalia.it\/#website"},"datePublished":"2017-05-29T10:22:42+00:00","dateModified":"2023-10-25T10:07:42+00:00","inLanguage":"es","potentialAction":[{"@type":"ReadAction","target":["https:\/\/cmserviceitalia.it\/es\/"]}]},{"@type":"WebSite","@id":"https:\/\/cmserviceitalia.it\/#website","url":"https:\/\/cmserviceitalia.it\/","name":"CM Service","description":"Printer Slotter Presse de d\u00e9coupe automatique Diecutter Automatique","publisher":{"@id":"https:\/\/cmserviceitalia.it\/#organization"},"potentialAction":[{"@type":"SearchAction","target":{"@type":"EntryPoint","urlTemplate":"https:\/\/cmserviceitalia.it\/?s={search_term_string}"},"query-input":{"@type":"PropertyValueSpecification","valueRequired":true,"valueName":"search_term_string"}}],"inLanguage":"es"},{"@type":"Organization","@id":"https:\/\/cmserviceitalia.it\/#organization","name":"CM Service Italia","url":"https:\/\/cmserviceitalia.it\/","logo":{"@type":"ImageObject","inLanguage":"es","@id":"https:\/\/cmserviceitalia.it\/#\/schema\/logo\/image\/","url":"https:\/\/cmserviceitalia.it\/assets\/uploads\/logo_cm-service_jaune_02.jpg","contentUrl":"https:\/\/cmserviceitalia.it\/assets\/uploads\/logo_cm-service_jaune_02.jpg","width":732,"height":732,"caption":"CM Service Italia"},"image":{"@id":"https:\/\/cmserviceitalia.it\/#\/schema\/logo\/image\/"}}]}},"_links":{"self":[{"href":"https:\/\/cmserviceitalia.it\/es\/wp-json\/wp\/v2\/pages\/9362","targetHints":{"allow":["GET"]}}],"collection":[{"href":"https:\/\/cmserviceitalia.it\/es\/wp-json\/wp\/v2\/pages"}],"about":[{"href":"https:\/\/cmserviceitalia.it\/es\/wp-json\/wp\/v2\/types\/page"}],"author":[{"embeddable":true,"href":"https:\/\/cmserviceitalia.it\/es\/wp-json\/wp\/v2\/users\/11"}],"replies":[{"embeddable":true,"href":"https:\/\/cmserviceitalia.it\/es\/wp-json\/wp\/v2\/comments?post=9362"}],"version-history":[{"count":6,"href":"https:\/\/cmserviceitalia.it\/es\/wp-json\/wp\/v2\/pages\/9362\/revisions"}],"predecessor-version":[{"id":14604,"href":"https:\/\/cmserviceitalia.it\/es\/wp-json\/wp\/v2\/pages\/9362\/revisions\/14604"}],"wp:attachment":[{"href":"https:\/\/cmserviceitalia.it\/es\/wp-json\/wp\/v2\/media?parent=9362"}],"curies":[{"name":"wp","href":"https:\/\/api.w.org\/{rel}","templated":true}]}}