{"id":9396,"date":"2017-05-28T12:05:12","date_gmt":"2017-05-28T12:05:12","guid":{"rendered":"https:\/\/cmserviceitalia.it\/chi-siamo\/"},"modified":"2017-10-12T09:53:52","modified_gmt":"2017-10-12T09:53:52","slug":"quienes-somos","status":"publish","type":"page","link":"https:\/\/cmserviceitalia.it\/es\/quienes-somos\/","title":{"rendered":"Qui\u00e9nes somos"},"content":{"rendered":"<div class=\"wpb-content-wrapper\"><p>[vc_row][vc_column][section_header layout_type=\u00bbsection-heading-colorblock\u00bb main_heading=\u00bbPROVEEDORES DE MAQUINARIA REVISADA PARA EL CART\u00d3N ONDULADO\u00bb font_size=\u00bbdefault\u00bb use_multi_color=\u00bb0&#8243;][\/vc_column][\/vc_row][vc_row][vc_column css=\u00bb.vc_custom_1500888833568{margin-top: 10px !important;}\u00bb][vc_cta h2=\u00bb\u00bb shape=\u00bbsquare\u00bb style=\u00bbcustom\u00bb custom_background=\u00bb#ffffff\u00bb]<img loading=\"lazy\" decoding=\"async\" class=\"aligncenter wp-image-8663 size-full\" src=\"https:\/\/cmserviceitalia.it\/assets\/uploads\/automatic-flatbed-die-cutter-bobst-spo-1600-83-1024x768-1-1.jpg\" alt=\"automatic-flatbed-die-cutter-bobst-spo-1600-\" width=\"1024\" height=\"438\" srcset=\"https:\/\/cmserviceitalia.it\/assets\/uploads\/automatic-flatbed-die-cutter-bobst-spo-1600-83-1024x768-1-1.jpg 1024w, https:\/\/cmserviceitalia.it\/assets\/uploads\/automatic-flatbed-die-cutter-bobst-spo-1600-83-1024x768-1-1-300x128.jpg 300w, https:\/\/cmserviceitalia.it\/assets\/uploads\/automatic-flatbed-die-cutter-bobst-spo-1600-83-1024x768-1-1-768x329.jpg 768w\" sizes=\"auto, (max-width: 1024px) 100vw, 1024px\" \/><\/p>\n<p style=\"text-align: justify;\">Nuestra firma es una empresa joven y din\u00e1mica, con sede en Italia, formada por personal altamente cualificado y especializado en la revisi\u00f3n y comercializaci\u00f3n de maquinaria para el trabajo del cart\u00f3n ondulado. Contamos con una experiencia de m\u00e1s de veinte a\u00f1os en el sector del cart\u00f3n y nos ocupamos, como actividad principal, de actualizar, mejorar y revisar las siguientes m\u00e1quinas para el cart\u00f3n ondulado y el cart\u00f3n compacto:<\/p>\n<ul>\n<li>Impresoras bobt flexo;<\/li>\n<li>Troqueladoras bobst spo;<\/li>\n<li>Casemaker Martin, casemaker Cartec, casemaker Piemonte Meccanica \u2026<\/li>\n<li>Boxmaker Gopfert;<\/li>\n<\/ul>\n<p style=\"text-align: justify;\">Adem\u00e1s, ofrecemos todo tipo de servicios relacionados con dicha actividad, como son el mantenimiento, la instalaci\u00f3n, la asistencia mec\u00e1nica y el\u00e9ctrica y el desarrollo y realizaci\u00f3n de software para el funcionamiento de esta maquinaria industrial.<\/p>\n<p style=\"text-align: justify;\">Nuestra sociedad, gracias a la experiencia cosechada a lo largo de los a\u00f1os, ha podido ampliar sus fronteras, llegando a operar no solo en Italia, sino en toda Europa y \u00c1frica.<\/p>\n<p style=\"text-align: justify;\">Nuestro futuro est\u00e1 dirigido al crecimiento continuo y constante, siguiendo el ritmo de las nuevas tecnolog\u00edas con el fin de satisfacer siempre las exigencias de nuestros clientes.<\/p>\n<p>[\/vc_cta][\/vc_column][\/vc_row]<\/p>\n<\/div>","protected":false},"excerpt":{"rendered":"<p>[vc_row][vc_column][section_header layout_type=\u00bbsection-heading-colorblock\u00bb main_heading=\u00bbPROVEEDORES DE MAQUINARIA REVISADA PARA EL CART\u00d3N ONDULADO\u00bb font_size=\u00bbdefault\u00bb use_multi_color=\u00bb0&#8243;][\/vc_column][\/vc_row][vc_row][vc_column css=\u00bb.vc_custom_1500888833568{margin-top: 10px !important;}\u00bb][vc_cta h2=\u00bb\u00bb shape=\u00bbsquare\u00bb style=\u00bbcustom\u00bb custom_background=\u00bb#ffffff\u00bb] Nuestra firma es una empresa joven y din\u00e1mica, con sede en Italia, formada por personal altamente cualificado y especializado en la revisi\u00f3n y comercializaci\u00f3n de maquinaria para el trabajo del cart\u00f3n ondulado. Contamos con una experiencia&hellip;<\/p>\n","protected":false},"author":11,"featured_media":0,"parent":0,"menu_order":0,"comment_status":"closed","ping_status":"closed","template":"","meta":{"footnotes":""},"class_list":["post-9396","page","type-page","status-publish","hentry"],"yoast_head":"<!-- This site is optimized with the Yoast SEO plugin v27.2 - https:\/\/yoast.com\/product\/yoast-seo-wordpress\/ -->\r\n<title>Qui\u00e9nes somos - CM Service<\/title>\r\n<meta name=\"robots\" content=\"index, follow, max-snippet:-1, max-image-preview:large, max-video-preview:-1\" \/>\r\n<link rel=\"canonical\" href=\"https:\/\/cmserviceitalia.it\/es\/quienes-somos\/\" \/>\r\n<meta property=\"og:locale\" content=\"es_ES\" \/>\r\n<meta property=\"og:type\" content=\"article\" \/>\r\n<meta property=\"og:title\" content=\"Qui\u00e9nes somos - CM Service\" \/>\r\n<meta property=\"og:description\" content=\"[vc_row][vc_column][section_header layout_type=\u00bbsection-heading-colorblock\u00bb main_heading=\u00bbPROVEEDORES DE MAQUINARIA REVISADA PARA EL CART\u00d3N ONDULADO\u00bb font_size=\u00bbdefault\u00bb use_multi_color=\u00bb0&#8243;][\/vc_column][\/vc_row][vc_row][vc_column css=\u00bb.vc_custom_1500888833568{margin-top: 10px !important;}\u00bb][vc_cta h2=\u00bb\u00bb shape=\u00bbsquare\u00bb style=\u00bbcustom\u00bb custom_background=\u00bb#ffffff\u00bb] Nuestra firma es una empresa joven y din\u00e1mica, con sede en Italia, formada por personal altamente cualificado y especializado en la revisi\u00f3n y comercializaci\u00f3n de maquinaria para el trabajo del cart\u00f3n ondulado. Contamos con una experiencia&hellip;\" \/>\r\n<meta property=\"og:url\" content=\"https:\/\/cmserviceitalia.it\/es\/quienes-somos\/\" \/>\r\n<meta property=\"og:site_name\" content=\"CM Service\" \/>\r\n<meta property=\"article:modified_time\" content=\"2017-10-12T09:53:52+00:00\" \/>\r\n<meta property=\"og:image\" content=\"https:\/\/cmserviceitalia.it\/assets\/uploads\/automatic-flatbed-die-cutter-bobst-spo-1600-83-1024x768-1-1.jpg\" \/>\r\n<meta name=\"twitter:label1\" content=\"Tiempo de lectura\" \/>\n\t<meta name=\"twitter:data1\" content=\"1 minuto\" \/>\r\n<script type=\"application\/ld+json\" class=\"yoast-schema-graph\">{\"@context\":\"https:\/\/schema.org\",\"@graph\":[{\"@type\":\"WebPage\",\"@id\":\"https:\/\/cmserviceitalia.it\/es\/quienes-somos\/\",\"url\":\"https:\/\/cmserviceitalia.it\/es\/quienes-somos\/\",\"name\":\"Qui\u00e9nes somos - CM Service\",\"isPartOf\":{\"@id\":\"https:\/\/cmserviceitalia.it\/#website\"},\"primaryImageOfPage\":{\"@id\":\"https:\/\/cmserviceitalia.it\/es\/quienes-somos\/#primaryimage\"},\"image\":{\"@id\":\"https:\/\/cmserviceitalia.it\/es\/quienes-somos\/#primaryimage\"},\"thumbnailUrl\":\"https:\/\/cmserviceitalia.it\/assets\/uploads\/automatic-flatbed-die-cutter-bobst-spo-1600-83-1024x768-1-1.jpg\",\"datePublished\":\"2017-05-28T12:05:12+00:00\",\"dateModified\":\"2017-10-12T09:53:52+00:00\",\"inLanguage\":\"es\",\"potentialAction\":[{\"@type\":\"ReadAction\",\"target\":[\"https:\/\/cmserviceitalia.it\/es\/quienes-somos\/\"]}]},{\"@type\":\"ImageObject\",\"inLanguage\":\"es\",\"@id\":\"https:\/\/cmserviceitalia.it\/es\/quienes-somos\/#primaryimage\",\"url\":\"https:\/\/cmserviceitalia.it\/assets\/uploads\/automatic-flatbed-die-cutter-bobst-spo-1600-83-1024x768-1-1.jpg\",\"contentUrl\":\"https:\/\/cmserviceitalia.it\/assets\/uploads\/automatic-flatbed-die-cutter-bobst-spo-1600-83-1024x768-1-1.jpg\"},{\"@type\":\"WebSite\",\"@id\":\"https:\/\/cmserviceitalia.it\/#website\",\"url\":\"https:\/\/cmserviceitalia.it\/\",\"name\":\"CM Service\",\"description\":\"Printer Slotter Presse de d\u00e9coupe automatique Diecutter Automatique\",\"publisher\":{\"@id\":\"https:\/\/cmserviceitalia.it\/#organization\"},\"potentialAction\":[{\"@type\":\"SearchAction\",\"target\":{\"@type\":\"EntryPoint\",\"urlTemplate\":\"https:\/\/cmserviceitalia.it\/?s={search_term_string}\"},\"query-input\":{\"@type\":\"PropertyValueSpecification\",\"valueRequired\":true,\"valueName\":\"search_term_string\"}}],\"inLanguage\":\"es\"},{\"@type\":\"Organization\",\"@id\":\"https:\/\/cmserviceitalia.it\/#organization\",\"name\":\"CM Service Italia\",\"url\":\"https:\/\/cmserviceitalia.it\/\",\"logo\":{\"@type\":\"ImageObject\",\"inLanguage\":\"es\",\"@id\":\"https:\/\/cmserviceitalia.it\/#\/schema\/logo\/image\/\",\"url\":\"https:\/\/cmserviceitalia.it\/assets\/uploads\/logo_cm-service_jaune_02.jpg\",\"contentUrl\":\"https:\/\/cmserviceitalia.it\/assets\/uploads\/logo_cm-service_jaune_02.jpg\",\"width\":732,\"height\":732,\"caption\":\"CM Service Italia\"},\"image\":{\"@id\":\"https:\/\/cmserviceitalia.it\/#\/schema\/logo\/image\/\"}}]}<\/script>\r\n<!-- \/ Yoast SEO plugin. -->","yoast_head_json":{"title":"Qui\u00e9nes somos - CM Service","robots":{"index":"index","follow":"follow","max-snippet":"max-snippet:-1","max-image-preview":"max-image-preview:large","max-video-preview":"max-video-preview:-1"},"canonical":"https:\/\/cmserviceitalia.it\/es\/quienes-somos\/","og_locale":"es_ES","og_type":"article","og_title":"Qui\u00e9nes somos - CM Service","og_description":"[vc_row][vc_column][section_header layout_type=\u00bbsection-heading-colorblock\u00bb main_heading=\u00bbPROVEEDORES DE MAQUINARIA REVISADA PARA EL CART\u00d3N ONDULADO\u00bb font_size=\u00bbdefault\u00bb use_multi_color=\u00bb0&#8243;][\/vc_column][\/vc_row][vc_row][vc_column css=\u00bb.vc_custom_1500888833568{margin-top: 10px !important;}\u00bb][vc_cta h2=\u00bb\u00bb shape=\u00bbsquare\u00bb style=\u00bbcustom\u00bb custom_background=\u00bb#ffffff\u00bb] Nuestra firma es una empresa joven y din\u00e1mica, con sede en Italia, formada por personal altamente cualificado y especializado en la revisi\u00f3n y comercializaci\u00f3n de maquinaria para el trabajo del cart\u00f3n ondulado. Contamos con una experiencia&hellip;","og_url":"https:\/\/cmserviceitalia.it\/es\/quienes-somos\/","og_site_name":"CM Service","article_modified_time":"2017-10-12T09:53:52+00:00","og_image":[{"url":"https:\/\/cmserviceitalia.it\/assets\/uploads\/automatic-flatbed-die-cutter-bobst-spo-1600-83-1024x768-1-1.jpg","type":"","width":"","height":""}],"twitter_misc":{"Tiempo de lectura":"1 minuto"},"schema":{"@context":"https:\/\/schema.org","@graph":[{"@type":"WebPage","@id":"https:\/\/cmserviceitalia.it\/es\/quienes-somos\/","url":"https:\/\/cmserviceitalia.it\/es\/quienes-somos\/","name":"Qui\u00e9nes somos - CM Service","isPartOf":{"@id":"https:\/\/cmserviceitalia.it\/#website"},"primaryImageOfPage":{"@id":"https:\/\/cmserviceitalia.it\/es\/quienes-somos\/#primaryimage"},"image":{"@id":"https:\/\/cmserviceitalia.it\/es\/quienes-somos\/#primaryimage"},"thumbnailUrl":"https:\/\/cmserviceitalia.it\/assets\/uploads\/automatic-flatbed-die-cutter-bobst-spo-1600-83-1024x768-1-1.jpg","datePublished":"2017-05-28T12:05:12+00:00","dateModified":"2017-10-12T09:53:52+00:00","inLanguage":"es","potentialAction":[{"@type":"ReadAction","target":["https:\/\/cmserviceitalia.it\/es\/quienes-somos\/"]}]},{"@type":"ImageObject","inLanguage":"es","@id":"https:\/\/cmserviceitalia.it\/es\/quienes-somos\/#primaryimage","url":"https:\/\/cmserviceitalia.it\/assets\/uploads\/automatic-flatbed-die-cutter-bobst-spo-1600-83-1024x768-1-1.jpg","contentUrl":"https:\/\/cmserviceitalia.it\/assets\/uploads\/automatic-flatbed-die-cutter-bobst-spo-1600-83-1024x768-1-1.jpg"},{"@type":"WebSite","@id":"https:\/\/cmserviceitalia.it\/#website","url":"https:\/\/cmserviceitalia.it\/","name":"CM Service","description":"Printer Slotter Presse de d\u00e9coupe automatique Diecutter Automatique","publisher":{"@id":"https:\/\/cmserviceitalia.it\/#organization"},"potentialAction":[{"@type":"SearchAction","target":{"@type":"EntryPoint","urlTemplate":"https:\/\/cmserviceitalia.it\/?s={search_term_string}"},"query-input":{"@type":"PropertyValueSpecification","valueRequired":true,"valueName":"search_term_string"}}],"inLanguage":"es"},{"@type":"Organization","@id":"https:\/\/cmserviceitalia.it\/#organization","name":"CM Service Italia","url":"https:\/\/cmserviceitalia.it\/","logo":{"@type":"ImageObject","inLanguage":"es","@id":"https:\/\/cmserviceitalia.it\/#\/schema\/logo\/image\/","url":"https:\/\/cmserviceitalia.it\/assets\/uploads\/logo_cm-service_jaune_02.jpg","contentUrl":"https:\/\/cmserviceitalia.it\/assets\/uploads\/logo_cm-service_jaune_02.jpg","width":732,"height":732,"caption":"CM Service Italia"},"image":{"@id":"https:\/\/cmserviceitalia.it\/#\/schema\/logo\/image\/"}}]}},"_links":{"self":[{"href":"https:\/\/cmserviceitalia.it\/es\/wp-json\/wp\/v2\/pages\/9396","targetHints":{"allow":["GET"]}}],"collection":[{"href":"https:\/\/cmserviceitalia.it\/es\/wp-json\/wp\/v2\/pages"}],"about":[{"href":"https:\/\/cmserviceitalia.it\/es\/wp-json\/wp\/v2\/types\/page"}],"author":[{"embeddable":true,"href":"https:\/\/cmserviceitalia.it\/es\/wp-json\/wp\/v2\/users\/11"}],"replies":[{"embeddable":true,"href":"https:\/\/cmserviceitalia.it\/es\/wp-json\/wp\/v2\/comments?post=9396"}],"version-history":[{"count":3,"href":"https:\/\/cmserviceitalia.it\/es\/wp-json\/wp\/v2\/pages\/9396\/revisions"}],"predecessor-version":[{"id":11158,"href":"https:\/\/cmserviceitalia.it\/es\/wp-json\/wp\/v2\/pages\/9396\/revisions\/11158"}],"wp:attachment":[{"href":"https:\/\/cmserviceitalia.it\/es\/wp-json\/wp\/v2\/media?parent=9396"}],"curies":[{"name":"wp","href":"https:\/\/api.w.org\/{rel}","templated":true}]}}