{"id":9418,"date":"2017-06-01T12:16:31","date_gmt":"2017-06-01T12:16:31","guid":{"rendered":"https:\/\/cmserviceitalia.it\/upgrade-macchinari-cartotecnica\/"},"modified":"2017-10-11T13:51:21","modified_gmt":"2017-10-11T13:51:21","slug":"actualizacion-de-las-maquinarias-para-el-sector-del-carton","status":"publish","type":"page","link":"https:\/\/cmserviceitalia.it\/es\/actualizacion-de-las-maquinarias-para-el-sector-del-carton\/","title":{"rendered":"ACTUALIZACI\u00d3N DE LAS MAQUINARIAS PARA EL SECTOR DEL CART\u00d3N"},"content":{"rendered":"<div class=\"wpb-content-wrapper\"><p>[vc_row][vc_column][section_header layout_type=\u00bbsection-heading-colorblock\u00bb main_heading=\u00bbACTUALIZACI\u00d3N DE LAS MAQUINARIAS PARA EL SECTOR DEL CART\u00d3N\u00bb font_size=\u00bbdefault\u00bb use_multi_color=\u00bb0&#8243;][\/vc_column][\/vc_row][vc_row][vc_column css=\u00bb.vc_custom_1500997049222{margin-top: 10px !important;}\u00bb][vc_cta h2=\u00bb\u00bb style=\u00bbcustom\u00bb custom_background=\u00bb#ffffff\u00bb]Actualizaciones mec\u00e1nicas, el\u00e9ctricas y de software de las maquinarias revisadas<\/p>\n<p id=\"jstf\">Cm Service Italia ofrece un servicio de actualizaci\u00f3n de las m\u00e1quinas industriales revisadas para el sector del cart\u00f3n, cuyo objetivo es encontrar soluciones y actualizaciones mec\u00e1nicas, electr\u00f3nicas y de software, capaces de mejorar el rendimiento de las m\u00e1quinas y aumentar las prestaciones facilitadas.<\/p>\n<p id=\"jstf\">Este servicio resulta posible gracias a nuestro gran equipo de expertos, que se ocupa de evaluar, analizar y proponer las actualizaciones m\u00e1s convenientes, tanto desde el punto de vista del coste como de los tiempos de realizaci\u00f3n.<\/p>\n<p id=\"jstf\">Las actualizaciones posibles, var\u00edan y dependen de la categor\u00eda de producto en cuesti\u00f3n y del modelo. A tal fin, actualmente podemos distinguir entre distintas actualizaciones espec\u00edficas para las siguientes categor\u00edas de m\u00e1quinas para el sector del cart\u00f3n:<\/p>\n<ul>\n<li><a href=\"https:\/\/cmserviceitalia.it\/es\/actualizacion-de-impresoras-bobst-flexo\/\">ACTUALIZACI\u00d3N DE IMPRESORAS BOBST FLEXO <\/a><\/li>\n<li><a href=\"https:\/\/cmserviceitalia.it\/es\/bobst-spo-die-cutters-upgrade\/\">ACTUALIZACI\u00d3N DE TROQUELADORAS BOBST SPO <\/a><\/li>\n<li>ACTUALIZACI\u00d3N CASEMAKER<\/li>\n<li>ACTUALIZACI\u00d3N BOXMAKER G\u00d6PFERT<\/li>\n<\/ul>\n<p>[\/vc_cta][\/vc_column][\/vc_row]<\/p>\n<\/div>","protected":false},"excerpt":{"rendered":"<p>[vc_row][vc_column][section_header layout_type=\u00bbsection-heading-colorblock\u00bb main_heading=\u00bbACTUALIZACI\u00d3N DE LAS MAQUINARIAS PARA EL SECTOR DEL CART\u00d3N\u00bb font_size=\u00bbdefault\u00bb use_multi_color=\u00bb0&#8243;][\/vc_column][\/vc_row][vc_row][vc_column css=\u00bb.vc_custom_1500997049222{margin-top: 10px !important;}\u00bb][vc_cta h2=\u00bb\u00bb style=\u00bbcustom\u00bb custom_background=\u00bb#ffffff\u00bb]Actualizaciones mec\u00e1nicas, el\u00e9ctricas y de software de las maquinarias revisadas Cm Service Italia ofrece un servicio de actualizaci\u00f3n de las m\u00e1quinas industriales revisadas para el sector del cart\u00f3n, cuyo objetivo es encontrar soluciones y actualizaciones mec\u00e1nicas, electr\u00f3nicas&hellip;<\/p>\n","protected":false},"author":11,"featured_media":0,"parent":0,"menu_order":0,"comment_status":"closed","ping_status":"closed","template":"","meta":{"footnotes":""},"class_list":["post-9418","page","type-page","status-publish","hentry"],"yoast_head":"<!-- This site is optimized with the Yoast SEO plugin v27.2 - https:\/\/yoast.com\/product\/yoast-seo-wordpress\/ -->\r\n<title>ACTUALIZACI\u00d3N DE LAS MAQUINARIAS PARA EL SECTOR DEL CART\u00d3N - CM Service<\/title>\r\n<meta name=\"robots\" content=\"index, follow, max-snippet:-1, max-image-preview:large, max-video-preview:-1\" \/>\r\n<link rel=\"canonical\" href=\"https:\/\/cmserviceitalia.it\/es\/actualizacion-de-las-maquinarias-para-el-sector-del-carton\/\" \/>\r\n<meta property=\"og:locale\" content=\"es_ES\" \/>\r\n<meta property=\"og:type\" content=\"article\" \/>\r\n<meta property=\"og:title\" content=\"ACTUALIZACI\u00d3N DE LAS MAQUINARIAS PARA EL SECTOR DEL CART\u00d3N - CM Service\" \/>\r\n<meta property=\"og:description\" content=\"[vc_row][vc_column][section_header layout_type=\u00bbsection-heading-colorblock\u00bb main_heading=\u00bbACTUALIZACI\u00d3N DE LAS MAQUINARIAS PARA EL SECTOR DEL CART\u00d3N\u00bb font_size=\u00bbdefault\u00bb use_multi_color=\u00bb0&#8243;][\/vc_column][\/vc_row][vc_row][vc_column css=\u00bb.vc_custom_1500997049222{margin-top: 10px !important;}\u00bb][vc_cta h2=\u00bb\u00bb style=\u00bbcustom\u00bb custom_background=\u00bb#ffffff\u00bb]Actualizaciones mec\u00e1nicas, el\u00e9ctricas y de software de las maquinarias revisadas Cm Service Italia ofrece un servicio de actualizaci\u00f3n de las m\u00e1quinas industriales revisadas para el sector del cart\u00f3n, cuyo objetivo es encontrar soluciones y actualizaciones mec\u00e1nicas, electr\u00f3nicas&hellip;\" \/>\r\n<meta property=\"og:url\" content=\"https:\/\/cmserviceitalia.it\/es\/actualizacion-de-las-maquinarias-para-el-sector-del-carton\/\" \/>\r\n<meta property=\"og:site_name\" content=\"CM Service\" \/>\r\n<meta property=\"article:modified_time\" content=\"2017-10-11T13:51:21+00:00\" \/>\r\n<meta property=\"og:image\" content=\"https:\/\/cmserviceitalia.it\/assets\/uploads\/logo_cm-service_jaune_02.jpg\" \/>\r\n\t<meta property=\"og:image:width\" content=\"732\" \/>\r\n\t<meta property=\"og:image:height\" content=\"732\" \/>\r\n\t<meta property=\"og:image:type\" content=\"image\/jpeg\" \/>\r\n<meta name=\"twitter:label1\" content=\"Tiempo de lectura\" \/>\n\t<meta name=\"twitter:data1\" content=\"1 minuto\" \/>\r\n<script type=\"application\/ld+json\" class=\"yoast-schema-graph\">{\"@context\":\"https:\/\/schema.org\",\"@graph\":[{\"@type\":\"WebPage\",\"@id\":\"https:\/\/cmserviceitalia.it\/es\/actualizacion-de-las-maquinarias-para-el-sector-del-carton\/\",\"url\":\"https:\/\/cmserviceitalia.it\/es\/actualizacion-de-las-maquinarias-para-el-sector-del-carton\/\",\"name\":\"ACTUALIZACI\u00d3N DE LAS MAQUINARIAS PARA EL SECTOR DEL CART\u00d3N - CM Service\",\"isPartOf\":{\"@id\":\"https:\/\/cmserviceitalia.it\/#website\"},\"datePublished\":\"2017-06-01T12:16:31+00:00\",\"dateModified\":\"2017-10-11T13:51:21+00:00\",\"inLanguage\":\"es\",\"potentialAction\":[{\"@type\":\"ReadAction\",\"target\":[\"https:\/\/cmserviceitalia.it\/es\/actualizacion-de-las-maquinarias-para-el-sector-del-carton\/\"]}]},{\"@type\":\"WebSite\",\"@id\":\"https:\/\/cmserviceitalia.it\/#website\",\"url\":\"https:\/\/cmserviceitalia.it\/\",\"name\":\"CM Service\",\"description\":\"Printer Slotter Presse de d\u00e9coupe automatique Diecutter Automatique\",\"publisher\":{\"@id\":\"https:\/\/cmserviceitalia.it\/#organization\"},\"potentialAction\":[{\"@type\":\"SearchAction\",\"target\":{\"@type\":\"EntryPoint\",\"urlTemplate\":\"https:\/\/cmserviceitalia.it\/?s={search_term_string}\"},\"query-input\":{\"@type\":\"PropertyValueSpecification\",\"valueRequired\":true,\"valueName\":\"search_term_string\"}}],\"inLanguage\":\"es\"},{\"@type\":\"Organization\",\"@id\":\"https:\/\/cmserviceitalia.it\/#organization\",\"name\":\"CM Service Italia\",\"url\":\"https:\/\/cmserviceitalia.it\/\",\"logo\":{\"@type\":\"ImageObject\",\"inLanguage\":\"es\",\"@id\":\"https:\/\/cmserviceitalia.it\/#\/schema\/logo\/image\/\",\"url\":\"https:\/\/cmserviceitalia.it\/assets\/uploads\/logo_cm-service_jaune_02.jpg\",\"contentUrl\":\"https:\/\/cmserviceitalia.it\/assets\/uploads\/logo_cm-service_jaune_02.jpg\",\"width\":732,\"height\":732,\"caption\":\"CM Service Italia\"},\"image\":{\"@id\":\"https:\/\/cmserviceitalia.it\/#\/schema\/logo\/image\/\"}}]}<\/script>\r\n<!-- \/ Yoast SEO plugin. -->","yoast_head_json":{"title":"ACTUALIZACI\u00d3N DE LAS MAQUINARIAS PARA EL SECTOR DEL CART\u00d3N - CM Service","robots":{"index":"index","follow":"follow","max-snippet":"max-snippet:-1","max-image-preview":"max-image-preview:large","max-video-preview":"max-video-preview:-1"},"canonical":"https:\/\/cmserviceitalia.it\/es\/actualizacion-de-las-maquinarias-para-el-sector-del-carton\/","og_locale":"es_ES","og_type":"article","og_title":"ACTUALIZACI\u00d3N DE LAS MAQUINARIAS PARA EL SECTOR DEL CART\u00d3N - CM Service","og_description":"[vc_row][vc_column][section_header layout_type=\u00bbsection-heading-colorblock\u00bb main_heading=\u00bbACTUALIZACI\u00d3N DE LAS MAQUINARIAS PARA EL SECTOR DEL CART\u00d3N\u00bb font_size=\u00bbdefault\u00bb use_multi_color=\u00bb0&#8243;][\/vc_column][\/vc_row][vc_row][vc_column css=\u00bb.vc_custom_1500997049222{margin-top: 10px !important;}\u00bb][vc_cta h2=\u00bb\u00bb style=\u00bbcustom\u00bb custom_background=\u00bb#ffffff\u00bb]Actualizaciones mec\u00e1nicas, el\u00e9ctricas y de software de las maquinarias revisadas Cm Service Italia ofrece un servicio de actualizaci\u00f3n de las m\u00e1quinas industriales revisadas para el sector del cart\u00f3n, cuyo objetivo es encontrar soluciones y actualizaciones mec\u00e1nicas, electr\u00f3nicas&hellip;","og_url":"https:\/\/cmserviceitalia.it\/es\/actualizacion-de-las-maquinarias-para-el-sector-del-carton\/","og_site_name":"CM Service","article_modified_time":"2017-10-11T13:51:21+00:00","og_image":[{"width":732,"height":732,"url":"https:\/\/cmserviceitalia.it\/assets\/uploads\/logo_cm-service_jaune_02.jpg","type":"image\/jpeg"}],"twitter_misc":{"Tiempo de lectura":"1 minuto"},"schema":{"@context":"https:\/\/schema.org","@graph":[{"@type":"WebPage","@id":"https:\/\/cmserviceitalia.it\/es\/actualizacion-de-las-maquinarias-para-el-sector-del-carton\/","url":"https:\/\/cmserviceitalia.it\/es\/actualizacion-de-las-maquinarias-para-el-sector-del-carton\/","name":"ACTUALIZACI\u00d3N DE LAS MAQUINARIAS PARA EL SECTOR DEL CART\u00d3N - CM Service","isPartOf":{"@id":"https:\/\/cmserviceitalia.it\/#website"},"datePublished":"2017-06-01T12:16:31+00:00","dateModified":"2017-10-11T13:51:21+00:00","inLanguage":"es","potentialAction":[{"@type":"ReadAction","target":["https:\/\/cmserviceitalia.it\/es\/actualizacion-de-las-maquinarias-para-el-sector-del-carton\/"]}]},{"@type":"WebSite","@id":"https:\/\/cmserviceitalia.it\/#website","url":"https:\/\/cmserviceitalia.it\/","name":"CM Service","description":"Printer Slotter Presse de d\u00e9coupe automatique Diecutter Automatique","publisher":{"@id":"https:\/\/cmserviceitalia.it\/#organization"},"potentialAction":[{"@type":"SearchAction","target":{"@type":"EntryPoint","urlTemplate":"https:\/\/cmserviceitalia.it\/?s={search_term_string}"},"query-input":{"@type":"PropertyValueSpecification","valueRequired":true,"valueName":"search_term_string"}}],"inLanguage":"es"},{"@type":"Organization","@id":"https:\/\/cmserviceitalia.it\/#organization","name":"CM Service Italia","url":"https:\/\/cmserviceitalia.it\/","logo":{"@type":"ImageObject","inLanguage":"es","@id":"https:\/\/cmserviceitalia.it\/#\/schema\/logo\/image\/","url":"https:\/\/cmserviceitalia.it\/assets\/uploads\/logo_cm-service_jaune_02.jpg","contentUrl":"https:\/\/cmserviceitalia.it\/assets\/uploads\/logo_cm-service_jaune_02.jpg","width":732,"height":732,"caption":"CM Service Italia"},"image":{"@id":"https:\/\/cmserviceitalia.it\/#\/schema\/logo\/image\/"}}]}},"_links":{"self":[{"href":"https:\/\/cmserviceitalia.it\/es\/wp-json\/wp\/v2\/pages\/9418","targetHints":{"allow":["GET"]}}],"collection":[{"href":"https:\/\/cmserviceitalia.it\/es\/wp-json\/wp\/v2\/pages"}],"about":[{"href":"https:\/\/cmserviceitalia.it\/es\/wp-json\/wp\/v2\/types\/page"}],"author":[{"embeddable":true,"href":"https:\/\/cmserviceitalia.it\/es\/wp-json\/wp\/v2\/users\/11"}],"replies":[{"embeddable":true,"href":"https:\/\/cmserviceitalia.it\/es\/wp-json\/wp\/v2\/comments?post=9418"}],"version-history":[{"count":3,"href":"https:\/\/cmserviceitalia.it\/es\/wp-json\/wp\/v2\/pages\/9418\/revisions"}],"predecessor-version":[{"id":9581,"href":"https:\/\/cmserviceitalia.it\/es\/wp-json\/wp\/v2\/pages\/9418\/revisions\/9581"}],"wp:attachment":[{"href":"https:\/\/cmserviceitalia.it\/es\/wp-json\/wp\/v2\/media?parent=9418"}],"curies":[{"name":"wp","href":"https:\/\/api.w.org\/{rel}","templated":true}]}}