{"id":9431,"date":"2017-06-05T12:47:06","date_gmt":"2017-06-05T12:47:06","guid":{"rendered":"https:\/\/cmserviceitalia.it\/assistenza-e-manutenzione\/"},"modified":"2017-10-11T08:33:58","modified_gmt":"2017-10-11T08:33:58","slug":"asistencia-y-mantenimiento","status":"publish","type":"page","link":"https:\/\/cmserviceitalia.it\/es\/asistencia-y-mantenimiento\/","title":{"rendered":"Asistencia y Mantenimiento"},"content":{"rendered":"<div class=\"wpb-content-wrapper\"><p>[vc_row][vc_column][section_header layout_type=\u00bbsection-heading-colorblock\u00bb main_heading=\u00bbSERVICIOS DE POSVENTA\u00bb font_size=\u00bbdefault\u00bb use_multi_color=\u00bb0&#8243;][\/vc_column][\/vc_row][vc_row][vc_column css=\u00bb.vc_custom_1500997353105{margin-top: 10px !important;}\u00bb][vc_cta h2=\u00bb\u00bb shape=\u00bbsquare\u00bb style=\u00bbcustom\u00bb custom_background=\u00bb#ffffff\u00bb]<\/p>\n<h3 style=\"text-align: center;\">Asistencia y Mantenimiento<\/h3>\n<p class=\"jstf\">Cm Service Italia tiene como objetivo acompa\u00f1ar al cliente, no solo durante todo el proceso de compra, sino tambi\u00e9n una vez que se haya producido la venta, a trav\u00e9s de un servicio posventa completo para cualquier tipo de m\u00e1quina revisada.<\/p>\n<p class=\"jstf\">El servicio posventa facilitado para la m\u00e1quina revisada, est\u00e1 estructurado del siguiente modo:<\/p>\n<ul>\n<li><b>Contacto telef\u00f3nico con el cliente:<\/b> para llevar a cabo un an\u00e1lisis espec\u00edfico del problema que ha surgido en la maquinaria, con el fin de entender si es de tipo t\u00e9cnico o pr\u00e1ctico;<\/li>\n<li><b>Asistencia el\u00e9ctrica y electr\u00f3nica:<\/b> con posibilidad de conectarse en remoto a la m\u00e1quina para localizar r\u00e1pidamente el problema y solucionarlo;<\/li>\n<li><b>Contratos de mantenimiento programado:<\/b> para mantener las distintas maquinarias del sector del cart\u00f3n en perfecta eficiencia.<\/li>\n<\/ul>\n<p>[\/vc_cta][\/vc_column][\/vc_row]<\/p>\n<\/div>","protected":false},"excerpt":{"rendered":"<p>[vc_row][vc_column][section_header layout_type=\u00bbsection-heading-colorblock\u00bb main_heading=\u00bbSERVICIOS DE POSVENTA\u00bb font_size=\u00bbdefault\u00bb use_multi_color=\u00bb0&#8243;][\/vc_column][\/vc_row][vc_row][vc_column css=\u00bb.vc_custom_1500997353105{margin-top: 10px !important;}\u00bb][vc_cta h2=\u00bb\u00bb shape=\u00bbsquare\u00bb style=\u00bbcustom\u00bb custom_background=\u00bb#ffffff\u00bb] Asistencia y Mantenimiento Cm Service Italia tiene como objetivo acompa\u00f1ar al cliente, no solo durante todo el proceso de compra, sino tambi\u00e9n una vez que se haya producido la venta, a trav\u00e9s de un servicio posventa completo para cualquier tipo de&hellip;<\/p>\n","protected":false},"author":11,"featured_media":0,"parent":0,"menu_order":0,"comment_status":"closed","ping_status":"closed","template":"","meta":{"footnotes":""},"class_list":["post-9431","page","type-page","status-publish","hentry"],"yoast_head":"<!-- This site is optimized with the Yoast SEO plugin v27.2 - https:\/\/yoast.com\/product\/yoast-seo-wordpress\/ -->\r\n<title>Asistencia y Mantenimiento - CM Service<\/title>\r\n<meta name=\"robots\" content=\"index, follow, max-snippet:-1, max-image-preview:large, max-video-preview:-1\" \/>\r\n<link rel=\"canonical\" href=\"https:\/\/cmserviceitalia.it\/es\/asistencia-y-mantenimiento\/\" \/>\r\n<meta property=\"og:locale\" content=\"es_ES\" \/>\r\n<meta property=\"og:type\" content=\"article\" \/>\r\n<meta property=\"og:title\" content=\"Asistencia y Mantenimiento - CM Service\" \/>\r\n<meta property=\"og:description\" content=\"[vc_row][vc_column][section_header layout_type=\u00bbsection-heading-colorblock\u00bb main_heading=\u00bbSERVICIOS DE POSVENTA\u00bb font_size=\u00bbdefault\u00bb use_multi_color=\u00bb0&#8243;][\/vc_column][\/vc_row][vc_row][vc_column css=\u00bb.vc_custom_1500997353105{margin-top: 10px !important;}\u00bb][vc_cta h2=\u00bb\u00bb shape=\u00bbsquare\u00bb style=\u00bbcustom\u00bb custom_background=\u00bb#ffffff\u00bb] Asistencia y Mantenimiento Cm Service Italia tiene como objetivo acompa\u00f1ar al cliente, no solo durante todo el proceso de compra, sino tambi\u00e9n una vez que se haya producido la venta, a trav\u00e9s de un servicio posventa completo para cualquier tipo de&hellip;\" \/>\r\n<meta property=\"og:url\" content=\"https:\/\/cmserviceitalia.it\/es\/asistencia-y-mantenimiento\/\" \/>\r\n<meta property=\"og:site_name\" content=\"CM Service\" \/>\r\n<meta property=\"article:modified_time\" content=\"2017-10-11T08:33:58+00:00\" \/>\r\n<meta property=\"og:image\" content=\"https:\/\/cmserviceitalia.it\/assets\/uploads\/logo_cm-service_jaune_02.jpg\" \/>\r\n\t<meta property=\"og:image:width\" content=\"732\" \/>\r\n\t<meta property=\"og:image:height\" content=\"732\" \/>\r\n\t<meta property=\"og:image:type\" content=\"image\/jpeg\" \/>\r\n<meta name=\"twitter:label1\" content=\"Tiempo de lectura\" \/>\n\t<meta name=\"twitter:data1\" content=\"1 minuto\" \/>\r\n<script type=\"application\/ld+json\" class=\"yoast-schema-graph\">{\"@context\":\"https:\/\/schema.org\",\"@graph\":[{\"@type\":\"WebPage\",\"@id\":\"https:\/\/cmserviceitalia.it\/es\/asistencia-y-mantenimiento\/\",\"url\":\"https:\/\/cmserviceitalia.it\/es\/asistencia-y-mantenimiento\/\",\"name\":\"Asistencia y Mantenimiento - CM Service\",\"isPartOf\":{\"@id\":\"https:\/\/cmserviceitalia.it\/#website\"},\"datePublished\":\"2017-06-05T12:47:06+00:00\",\"dateModified\":\"2017-10-11T08:33:58+00:00\",\"inLanguage\":\"es\",\"potentialAction\":[{\"@type\":\"ReadAction\",\"target\":[\"https:\/\/cmserviceitalia.it\/es\/asistencia-y-mantenimiento\/\"]}]},{\"@type\":\"WebSite\",\"@id\":\"https:\/\/cmserviceitalia.it\/#website\",\"url\":\"https:\/\/cmserviceitalia.it\/\",\"name\":\"CM Service\",\"description\":\"Printer Slotter Presse de d\u00e9coupe automatique Diecutter Automatique\",\"publisher\":{\"@id\":\"https:\/\/cmserviceitalia.it\/#organization\"},\"potentialAction\":[{\"@type\":\"SearchAction\",\"target\":{\"@type\":\"EntryPoint\",\"urlTemplate\":\"https:\/\/cmserviceitalia.it\/?s={search_term_string}\"},\"query-input\":{\"@type\":\"PropertyValueSpecification\",\"valueRequired\":true,\"valueName\":\"search_term_string\"}}],\"inLanguage\":\"es\"},{\"@type\":\"Organization\",\"@id\":\"https:\/\/cmserviceitalia.it\/#organization\",\"name\":\"CM Service Italia\",\"url\":\"https:\/\/cmserviceitalia.it\/\",\"logo\":{\"@type\":\"ImageObject\",\"inLanguage\":\"es\",\"@id\":\"https:\/\/cmserviceitalia.it\/#\/schema\/logo\/image\/\",\"url\":\"https:\/\/cmserviceitalia.it\/assets\/uploads\/logo_cm-service_jaune_02.jpg\",\"contentUrl\":\"https:\/\/cmserviceitalia.it\/assets\/uploads\/logo_cm-service_jaune_02.jpg\",\"width\":732,\"height\":732,\"caption\":\"CM Service Italia\"},\"image\":{\"@id\":\"https:\/\/cmserviceitalia.it\/#\/schema\/logo\/image\/\"}}]}<\/script>\r\n<!-- \/ Yoast SEO plugin. -->","yoast_head_json":{"title":"Asistencia y Mantenimiento - CM Service","robots":{"index":"index","follow":"follow","max-snippet":"max-snippet:-1","max-image-preview":"max-image-preview:large","max-video-preview":"max-video-preview:-1"},"canonical":"https:\/\/cmserviceitalia.it\/es\/asistencia-y-mantenimiento\/","og_locale":"es_ES","og_type":"article","og_title":"Asistencia y Mantenimiento - CM Service","og_description":"[vc_row][vc_column][section_header layout_type=\u00bbsection-heading-colorblock\u00bb main_heading=\u00bbSERVICIOS DE POSVENTA\u00bb font_size=\u00bbdefault\u00bb use_multi_color=\u00bb0&#8243;][\/vc_column][\/vc_row][vc_row][vc_column css=\u00bb.vc_custom_1500997353105{margin-top: 10px !important;}\u00bb][vc_cta h2=\u00bb\u00bb shape=\u00bbsquare\u00bb style=\u00bbcustom\u00bb custom_background=\u00bb#ffffff\u00bb] Asistencia y Mantenimiento Cm Service Italia tiene como objetivo acompa\u00f1ar al cliente, no solo durante todo el proceso de compra, sino tambi\u00e9n una vez que se haya producido la venta, a trav\u00e9s de un servicio posventa completo para cualquier tipo de&hellip;","og_url":"https:\/\/cmserviceitalia.it\/es\/asistencia-y-mantenimiento\/","og_site_name":"CM Service","article_modified_time":"2017-10-11T08:33:58+00:00","og_image":[{"width":732,"height":732,"url":"https:\/\/cmserviceitalia.it\/assets\/uploads\/logo_cm-service_jaune_02.jpg","type":"image\/jpeg"}],"twitter_misc":{"Tiempo de lectura":"1 minuto"},"schema":{"@context":"https:\/\/schema.org","@graph":[{"@type":"WebPage","@id":"https:\/\/cmserviceitalia.it\/es\/asistencia-y-mantenimiento\/","url":"https:\/\/cmserviceitalia.it\/es\/asistencia-y-mantenimiento\/","name":"Asistencia y Mantenimiento - CM Service","isPartOf":{"@id":"https:\/\/cmserviceitalia.it\/#website"},"datePublished":"2017-06-05T12:47:06+00:00","dateModified":"2017-10-11T08:33:58+00:00","inLanguage":"es","potentialAction":[{"@type":"ReadAction","target":["https:\/\/cmserviceitalia.it\/es\/asistencia-y-mantenimiento\/"]}]},{"@type":"WebSite","@id":"https:\/\/cmserviceitalia.it\/#website","url":"https:\/\/cmserviceitalia.it\/","name":"CM Service","description":"Printer Slotter Presse de d\u00e9coupe automatique Diecutter Automatique","publisher":{"@id":"https:\/\/cmserviceitalia.it\/#organization"},"potentialAction":[{"@type":"SearchAction","target":{"@type":"EntryPoint","urlTemplate":"https:\/\/cmserviceitalia.it\/?s={search_term_string}"},"query-input":{"@type":"PropertyValueSpecification","valueRequired":true,"valueName":"search_term_string"}}],"inLanguage":"es"},{"@type":"Organization","@id":"https:\/\/cmserviceitalia.it\/#organization","name":"CM Service Italia","url":"https:\/\/cmserviceitalia.it\/","logo":{"@type":"ImageObject","inLanguage":"es","@id":"https:\/\/cmserviceitalia.it\/#\/schema\/logo\/image\/","url":"https:\/\/cmserviceitalia.it\/assets\/uploads\/logo_cm-service_jaune_02.jpg","contentUrl":"https:\/\/cmserviceitalia.it\/assets\/uploads\/logo_cm-service_jaune_02.jpg","width":732,"height":732,"caption":"CM Service Italia"},"image":{"@id":"https:\/\/cmserviceitalia.it\/#\/schema\/logo\/image\/"}}]}},"_links":{"self":[{"href":"https:\/\/cmserviceitalia.it\/es\/wp-json\/wp\/v2\/pages\/9431","targetHints":{"allow":["GET"]}}],"collection":[{"href":"https:\/\/cmserviceitalia.it\/es\/wp-json\/wp\/v2\/pages"}],"about":[{"href":"https:\/\/cmserviceitalia.it\/es\/wp-json\/wp\/v2\/types\/page"}],"author":[{"embeddable":true,"href":"https:\/\/cmserviceitalia.it\/es\/wp-json\/wp\/v2\/users\/11"}],"replies":[{"embeddable":true,"href":"https:\/\/cmserviceitalia.it\/es\/wp-json\/wp\/v2\/comments?post=9431"}],"version-history":[{"count":2,"href":"https:\/\/cmserviceitalia.it\/es\/wp-json\/wp\/v2\/pages\/9431\/revisions"}],"predecessor-version":[{"id":9434,"href":"https:\/\/cmserviceitalia.it\/es\/wp-json\/wp\/v2\/pages\/9431\/revisions\/9434"}],"wp:attachment":[{"href":"https:\/\/cmserviceitalia.it\/es\/wp-json\/wp\/v2\/media?parent=9431"}],"curies":[{"name":"wp","href":"https:\/\/api.w.org\/{rel}","templated":true}]}}