{"id":9435,"date":"2017-06-05T12:51:08","date_gmt":"2017-06-05T12:51:08","guid":{"rendered":"https:\/\/cmserviceitalia.it\/ricambi\/"},"modified":"2017-10-12T13:54:17","modified_gmt":"2017-10-12T13:54:17","slug":"servicio-de-repuestos-para-maquinarias-de-carton-ondulado","status":"publish","type":"page","link":"https:\/\/cmserviceitalia.it\/es\/servicio-de-repuestos-para-maquinarias-de-carton-ondulado\/","title":{"rendered":"SERVICIO DE REPUESTOS PARA MAQUINARIAS DE CART\u00d3N ONDULADO"},"content":{"rendered":"<div class=\"wpb-content-wrapper\"><p>[vc_row][vc_column][section_header layout_type=\u00bbsection-heading-colorblock\u00bb main_heading=\u00bbSERVICIO DE REPUESTOS PARA MAQUINARIAS DE CART\u00d3N ONDULADO\u00bb font_size=\u00bbdefault\u00bb use_multi_color=\u00bb0&#8243;][\/vc_column][\/vc_row][vc_row][vc_column width=\u00bb2\/3&#8243; css=\u00bb.vc_custom_1500997767283{margin-top: 10px !important;}\u00bb][vc_cta h2=\u00bb\u00bb shape=\u00bbsquare\u00bb style=\u00bbcustom\u00bb custom_background=\u00bb#ffffff\u00bb]<\/p>\n<h6 style=\"text-align: center; background: #fff; color: #333333 !important; font-size: 17px; font-weight: 800;\">Asesoramiento sobre piezas de repuesto, tiempos de entrega y precios<\/h6>\n<p class=\"jstf\">Cm Service Italia, entre otros servicios, es capaz de encontrar y suministrar piezas de repuesto para el mantenimiento de todos los modelos de maquinaria que revisa y comercializa, gracias a acuerdos de largo plazo con los fabricantes tratados. En efecto, es capaz de encontrar:<\/p>\n<ul>\n<li><b>Piezas de repuesto para impresoras Bobst Flexo;<\/b><\/li>\n<li><b>Piezas de repuesto para troqueladoras Bobst Spo;<\/b><\/li>\n<li><b>Piezas de repuesto para casemaker Martin, Curioni y otros;<\/b><\/li>\n<li><b>Piezas de repuesto para boxmaker Goepfert.<\/b><\/li>\n<\/ul>\n<p class=\"jstf\">La empresa, en funci\u00f3n de las necesidades, selecciona los repuestos m\u00e1s adecuados y mejora la calidad de la m\u00e1quina llevando a cabo un control estricto de la misma antes del env\u00edo de las piezas de repuesto, con el fin de garantizar que est\u00e9n en buen estado y funcionen correctamente.<\/p>\n<p class=\"jstf\">Este servicio se facilita gracias a un canal log\u00edstico muy bien desarrollado, capaz de enviar las partes el\u00e9ctricas y mec\u00e1nicas de recambio en muy breve tiempo.<\/p>\n<p class=\"jstf\">Cm Service Italia no se ocupa solo de encontrar los recambios solicitados por los clientes en caso de aver\u00edas o funcionamientos err\u00f3neos de la m\u00e1quina revisada, sino que tambi\u00e9n ofrece un servicio de asesoramiento sobre las piezas de recambio a elegir, ayudando as\u00ed al cliente a encontrar el mejor producto al mejor precio.<\/p>\n<p>[\/vc_cta][\/vc_column][vc_column width=\u00bb1\/3&#8243; css=\u00bb.vc_custom_1507564589308{margin-top: 10px !important;}\u00bb][vc_single_image image=\u00bb9436&#8243; img_size=\u00bbfull\u00bb][\/vc_column][\/vc_row]<\/p>\n<\/div>","protected":false},"excerpt":{"rendered":"<p>[vc_row][vc_column][section_header layout_type=\u00bbsection-heading-colorblock\u00bb main_heading=\u00bbSERVICIO DE REPUESTOS PARA MAQUINARIAS DE CART\u00d3N ONDULADO\u00bb font_size=\u00bbdefault\u00bb use_multi_color=\u00bb0&#8243;][\/vc_column][\/vc_row][vc_row][vc_column width=\u00bb2\/3&#8243; css=\u00bb.vc_custom_1500997767283{margin-top: 10px !important;}\u00bb][vc_cta h2=\u00bb\u00bb shape=\u00bbsquare\u00bb style=\u00bbcustom\u00bb custom_background=\u00bb#ffffff\u00bb] Asesoramiento sobre piezas de repuesto, tiempos de entrega y precios Cm Service Italia, entre otros servicios, es capaz de encontrar y suministrar piezas de repuesto para el mantenimiento de todos los modelos de maquinaria que&hellip;<\/p>\n","protected":false},"author":11,"featured_media":0,"parent":0,"menu_order":0,"comment_status":"closed","ping_status":"closed","template":"","meta":{"footnotes":""},"class_list":["post-9435","page","type-page","status-publish","hentry"],"yoast_head":"<!-- This site is optimized with the Yoast SEO plugin v27.2 - https:\/\/yoast.com\/product\/yoast-seo-wordpress\/ -->\r\n<title>SERVICIO DE REPUESTOS PARA MAQUINARIAS DE CART\u00d3N ONDULADO - CM Service<\/title>\r\n<meta name=\"robots\" content=\"index, follow, max-snippet:-1, max-image-preview:large, max-video-preview:-1\" \/>\r\n<link rel=\"canonical\" href=\"https:\/\/cmserviceitalia.it\/es\/servicio-de-repuestos-para-maquinarias-de-carton-ondulado\/\" \/>\r\n<meta property=\"og:locale\" content=\"es_ES\" \/>\r\n<meta property=\"og:type\" content=\"article\" \/>\r\n<meta property=\"og:title\" content=\"SERVICIO DE REPUESTOS PARA MAQUINARIAS DE CART\u00d3N ONDULADO - CM Service\" \/>\r\n<meta property=\"og:description\" content=\"[vc_row][vc_column][section_header layout_type=\u00bbsection-heading-colorblock\u00bb main_heading=\u00bbSERVICIO DE REPUESTOS PARA MAQUINARIAS DE CART\u00d3N ONDULADO\u00bb font_size=\u00bbdefault\u00bb use_multi_color=\u00bb0&#8243;][\/vc_column][\/vc_row][vc_row][vc_column width=\u00bb2\/3&#8243; css=\u00bb.vc_custom_1500997767283{margin-top: 10px !important;}\u00bb][vc_cta h2=\u00bb\u00bb shape=\u00bbsquare\u00bb style=\u00bbcustom\u00bb custom_background=\u00bb#ffffff\u00bb] Asesoramiento sobre piezas de repuesto, tiempos de entrega y precios Cm Service Italia, entre otros servicios, es capaz de encontrar y suministrar piezas de repuesto para el mantenimiento de todos los modelos de maquinaria que&hellip;\" \/>\r\n<meta property=\"og:url\" content=\"https:\/\/cmserviceitalia.it\/es\/servicio-de-repuestos-para-maquinarias-de-carton-ondulado\/\" \/>\r\n<meta property=\"og:site_name\" content=\"CM Service\" \/>\r\n<meta property=\"article:modified_time\" content=\"2017-10-12T13:54:17+00:00\" \/>\r\n<meta property=\"og:image\" content=\"https:\/\/cmserviceitalia.it\/assets\/uploads\/logo_cm-service_jaune_02.jpg\" \/>\r\n\t<meta property=\"og:image:width\" content=\"732\" \/>\r\n\t<meta property=\"og:image:height\" content=\"732\" \/>\r\n\t<meta property=\"og:image:type\" content=\"image\/jpeg\" \/>\r\n<meta name=\"twitter:label1\" content=\"Tiempo de lectura\" \/>\n\t<meta name=\"twitter:data1\" content=\"1 minuto\" \/>\r\n<script type=\"application\/ld+json\" class=\"yoast-schema-graph\">{\"@context\":\"https:\/\/schema.org\",\"@graph\":[{\"@type\":\"WebPage\",\"@id\":\"https:\/\/cmserviceitalia.it\/es\/servicio-de-repuestos-para-maquinarias-de-carton-ondulado\/\",\"url\":\"https:\/\/cmserviceitalia.it\/es\/servicio-de-repuestos-para-maquinarias-de-carton-ondulado\/\",\"name\":\"SERVICIO DE REPUESTOS PARA MAQUINARIAS DE CART\u00d3N ONDULADO - CM Service\",\"isPartOf\":{\"@id\":\"https:\/\/cmserviceitalia.it\/#website\"},\"datePublished\":\"2017-06-05T12:51:08+00:00\",\"dateModified\":\"2017-10-12T13:54:17+00:00\",\"inLanguage\":\"es\",\"potentialAction\":[{\"@type\":\"ReadAction\",\"target\":[\"https:\/\/cmserviceitalia.it\/es\/servicio-de-repuestos-para-maquinarias-de-carton-ondulado\/\"]}]},{\"@type\":\"WebSite\",\"@id\":\"https:\/\/cmserviceitalia.it\/#website\",\"url\":\"https:\/\/cmserviceitalia.it\/\",\"name\":\"CM Service\",\"description\":\"Printer Slotter Presse de d\u00e9coupe automatique Diecutter Automatique\",\"publisher\":{\"@id\":\"https:\/\/cmserviceitalia.it\/#organization\"},\"potentialAction\":[{\"@type\":\"SearchAction\",\"target\":{\"@type\":\"EntryPoint\",\"urlTemplate\":\"https:\/\/cmserviceitalia.it\/?s={search_term_string}\"},\"query-input\":{\"@type\":\"PropertyValueSpecification\",\"valueRequired\":true,\"valueName\":\"search_term_string\"}}],\"inLanguage\":\"es\"},{\"@type\":\"Organization\",\"@id\":\"https:\/\/cmserviceitalia.it\/#organization\",\"name\":\"CM Service Italia\",\"url\":\"https:\/\/cmserviceitalia.it\/\",\"logo\":{\"@type\":\"ImageObject\",\"inLanguage\":\"es\",\"@id\":\"https:\/\/cmserviceitalia.it\/#\/schema\/logo\/image\/\",\"url\":\"https:\/\/cmserviceitalia.it\/assets\/uploads\/logo_cm-service_jaune_02.jpg\",\"contentUrl\":\"https:\/\/cmserviceitalia.it\/assets\/uploads\/logo_cm-service_jaune_02.jpg\",\"width\":732,\"height\":732,\"caption\":\"CM Service Italia\"},\"image\":{\"@id\":\"https:\/\/cmserviceitalia.it\/#\/schema\/logo\/image\/\"}}]}<\/script>\r\n<!-- \/ Yoast SEO plugin. -->","yoast_head_json":{"title":"SERVICIO DE REPUESTOS PARA MAQUINARIAS DE CART\u00d3N ONDULADO - CM Service","robots":{"index":"index","follow":"follow","max-snippet":"max-snippet:-1","max-image-preview":"max-image-preview:large","max-video-preview":"max-video-preview:-1"},"canonical":"https:\/\/cmserviceitalia.it\/es\/servicio-de-repuestos-para-maquinarias-de-carton-ondulado\/","og_locale":"es_ES","og_type":"article","og_title":"SERVICIO DE REPUESTOS PARA MAQUINARIAS DE CART\u00d3N ONDULADO - CM Service","og_description":"[vc_row][vc_column][section_header layout_type=\u00bbsection-heading-colorblock\u00bb main_heading=\u00bbSERVICIO DE REPUESTOS PARA MAQUINARIAS DE CART\u00d3N ONDULADO\u00bb font_size=\u00bbdefault\u00bb use_multi_color=\u00bb0&#8243;][\/vc_column][\/vc_row][vc_row][vc_column width=\u00bb2\/3&#8243; css=\u00bb.vc_custom_1500997767283{margin-top: 10px !important;}\u00bb][vc_cta h2=\u00bb\u00bb shape=\u00bbsquare\u00bb style=\u00bbcustom\u00bb custom_background=\u00bb#ffffff\u00bb] Asesoramiento sobre piezas de repuesto, tiempos de entrega y precios Cm Service Italia, entre otros servicios, es capaz de encontrar y suministrar piezas de repuesto para el mantenimiento de todos los modelos de maquinaria que&hellip;","og_url":"https:\/\/cmserviceitalia.it\/es\/servicio-de-repuestos-para-maquinarias-de-carton-ondulado\/","og_site_name":"CM Service","article_modified_time":"2017-10-12T13:54:17+00:00","og_image":[{"width":732,"height":732,"url":"https:\/\/cmserviceitalia.it\/assets\/uploads\/logo_cm-service_jaune_02.jpg","type":"image\/jpeg"}],"twitter_misc":{"Tiempo de lectura":"1 minuto"},"schema":{"@context":"https:\/\/schema.org","@graph":[{"@type":"WebPage","@id":"https:\/\/cmserviceitalia.it\/es\/servicio-de-repuestos-para-maquinarias-de-carton-ondulado\/","url":"https:\/\/cmserviceitalia.it\/es\/servicio-de-repuestos-para-maquinarias-de-carton-ondulado\/","name":"SERVICIO DE REPUESTOS PARA MAQUINARIAS DE CART\u00d3N ONDULADO - CM Service","isPartOf":{"@id":"https:\/\/cmserviceitalia.it\/#website"},"datePublished":"2017-06-05T12:51:08+00:00","dateModified":"2017-10-12T13:54:17+00:00","inLanguage":"es","potentialAction":[{"@type":"ReadAction","target":["https:\/\/cmserviceitalia.it\/es\/servicio-de-repuestos-para-maquinarias-de-carton-ondulado\/"]}]},{"@type":"WebSite","@id":"https:\/\/cmserviceitalia.it\/#website","url":"https:\/\/cmserviceitalia.it\/","name":"CM Service","description":"Printer Slotter Presse de d\u00e9coupe automatique Diecutter Automatique","publisher":{"@id":"https:\/\/cmserviceitalia.it\/#organization"},"potentialAction":[{"@type":"SearchAction","target":{"@type":"EntryPoint","urlTemplate":"https:\/\/cmserviceitalia.it\/?s={search_term_string}"},"query-input":{"@type":"PropertyValueSpecification","valueRequired":true,"valueName":"search_term_string"}}],"inLanguage":"es"},{"@type":"Organization","@id":"https:\/\/cmserviceitalia.it\/#organization","name":"CM Service Italia","url":"https:\/\/cmserviceitalia.it\/","logo":{"@type":"ImageObject","inLanguage":"es","@id":"https:\/\/cmserviceitalia.it\/#\/schema\/logo\/image\/","url":"https:\/\/cmserviceitalia.it\/assets\/uploads\/logo_cm-service_jaune_02.jpg","contentUrl":"https:\/\/cmserviceitalia.it\/assets\/uploads\/logo_cm-service_jaune_02.jpg","width":732,"height":732,"caption":"CM Service Italia"},"image":{"@id":"https:\/\/cmserviceitalia.it\/#\/schema\/logo\/image\/"}}]}},"_links":{"self":[{"href":"https:\/\/cmserviceitalia.it\/es\/wp-json\/wp\/v2\/pages\/9435","targetHints":{"allow":["GET"]}}],"collection":[{"href":"https:\/\/cmserviceitalia.it\/es\/wp-json\/wp\/v2\/pages"}],"about":[{"href":"https:\/\/cmserviceitalia.it\/es\/wp-json\/wp\/v2\/types\/page"}],"author":[{"embeddable":true,"href":"https:\/\/cmserviceitalia.it\/es\/wp-json\/wp\/v2\/users\/11"}],"replies":[{"embeddable":true,"href":"https:\/\/cmserviceitalia.it\/es\/wp-json\/wp\/v2\/comments?post=9435"}],"version-history":[{"count":7,"href":"https:\/\/cmserviceitalia.it\/es\/wp-json\/wp\/v2\/pages\/9435\/revisions"}],"predecessor-version":[{"id":12095,"href":"https:\/\/cmserviceitalia.it\/es\/wp-json\/wp\/v2\/pages\/9435\/revisions\/12095"}],"wp:attachment":[{"href":"https:\/\/cmserviceitalia.it\/es\/wp-json\/wp\/v2\/media?parent=9435"}],"curies":[{"name":"wp","href":"https:\/\/api.w.org\/{rel}","templated":true}]}}