{"id":9477,"date":"2017-06-02T00:07:21","date_gmt":"2017-06-02T00:07:21","guid":{"rendered":"https:\/\/cmserviceitalia.it\/upgrade-stampatrici-bobst-flexo\/"},"modified":"2017-10-11T09:32:48","modified_gmt":"2017-10-11T09:32:48","slug":"actualizacion-de-impresoras-bobst-flexo","status":"publish","type":"page","link":"https:\/\/cmserviceitalia.it\/es\/actualizacion-de-impresoras-bobst-flexo\/","title":{"rendered":"ACTUALIZACI\u00d3N DE IMPRESORAS BOBST FLEXO"},"content":{"rendered":"<div class=\"wpb-content-wrapper\"><p>[vc_row][vc_column][section_header layout_type=\u00bbsection-heading-colorblock\u00bb main_heading=\u00bbACTUALIZACI\u00d3N DE IMPRESORAS BOBST FLEXO\u00bb font_size=\u00bbdefault\u00bb use_multi_color=\u00bb0&#8243;][\/vc_column][\/vc_row][vc_row][vc_column css=\u00bb.vc_custom_1500997152384{margin-top: 10px !important;}\u00bb][vc_cta h2=\u00bb\u00bb style=\u00bbcustom\u00bb custom_background=\u00bb#ffffff\u00bb]<\/p>\n<h3 style=\"text-align: center;\">Actualizaci\u00f3n de las impresoras flexogr\u00e1ficas revisadas<\/h3>\n<p id=\"jstf\">La actualizaci\u00f3n de <strong>las impresoras flexogr\u00e1ficas Bobst<\/strong>,mejora su rendimiento cualitativo y t\u00e9cnico, a trav\u00e9s de intervenciones de actualizaci\u00f3n realizadas en las siguientes partes:<\/p>\n<p>[\/vc_cta][\/vc_column][\/vc_row]<\/p>\n<\/div>","protected":false},"excerpt":{"rendered":"<p>[vc_row][vc_column][section_header layout_type=\u00bbsection-heading-colorblock\u00bb main_heading=\u00bbACTUALIZACI\u00d3N DE IMPRESORAS BOBST FLEXO\u00bb font_size=\u00bbdefault\u00bb use_multi_color=\u00bb0&#8243;][\/vc_column][\/vc_row][vc_row][vc_column css=\u00bb.vc_custom_1500997152384{margin-top: 10px !important;}\u00bb][vc_cta h2=\u00bb\u00bb style=\u00bbcustom\u00bb custom_background=\u00bb#ffffff\u00bb] Actualizaci\u00f3n de las impresoras flexogr\u00e1ficas revisadas La actualizaci\u00f3n de las impresoras flexogr\u00e1ficas Bobst,mejora su rendimiento cualitativo y t\u00e9cnico, a trav\u00e9s de intervenciones de actualizaci\u00f3n realizadas en las siguientes partes: [\/vc_cta][\/vc_column][\/vc_row]<\/p>\n","protected":false},"author":11,"featured_media":0,"parent":0,"menu_order":0,"comment_status":"closed","ping_status":"closed","template":"","meta":{"footnotes":""},"class_list":["post-9477","page","type-page","status-publish","hentry"],"yoast_head":"<!-- This site is optimized with the Yoast SEO plugin v27.2 - https:\/\/yoast.com\/product\/yoast-seo-wordpress\/ -->\r\n<title>ACTUALIZACI\u00d3N DE IMPRESORAS BOBST FLEXO - CM Service<\/title>\r\n<meta name=\"robots\" content=\"index, follow, max-snippet:-1, max-image-preview:large, max-video-preview:-1\" \/>\r\n<link rel=\"canonical\" href=\"https:\/\/cmserviceitalia.it\/es\/actualizacion-de-impresoras-bobst-flexo\/\" \/>\r\n<meta property=\"og:locale\" content=\"es_ES\" \/>\r\n<meta property=\"og:type\" content=\"article\" \/>\r\n<meta property=\"og:title\" content=\"ACTUALIZACI\u00d3N DE IMPRESORAS BOBST FLEXO - CM Service\" \/>\r\n<meta property=\"og:description\" content=\"[vc_row][vc_column][section_header layout_type=\u00bbsection-heading-colorblock\u00bb main_heading=\u00bbACTUALIZACI\u00d3N DE IMPRESORAS BOBST FLEXO\u00bb font_size=\u00bbdefault\u00bb use_multi_color=\u00bb0&#8243;][\/vc_column][\/vc_row][vc_row][vc_column css=\u00bb.vc_custom_1500997152384{margin-top: 10px !important;}\u00bb][vc_cta h2=\u00bb\u00bb style=\u00bbcustom\u00bb custom_background=\u00bb#ffffff\u00bb] Actualizaci\u00f3n de las impresoras flexogr\u00e1ficas revisadas La actualizaci\u00f3n de las impresoras flexogr\u00e1ficas Bobst,mejora su rendimiento cualitativo y t\u00e9cnico, a trav\u00e9s de intervenciones de actualizaci\u00f3n realizadas en las siguientes partes: [\/vc_cta][\/vc_column][\/vc_row]\" \/>\r\n<meta property=\"og:url\" content=\"https:\/\/cmserviceitalia.it\/es\/actualizacion-de-impresoras-bobst-flexo\/\" \/>\r\n<meta property=\"og:site_name\" content=\"CM Service\" \/>\r\n<meta property=\"article:modified_time\" content=\"2017-10-11T09:32:48+00:00\" \/>\r\n<meta property=\"og:image\" content=\"https:\/\/cmserviceitalia.it\/assets\/uploads\/logo_cm-service_jaune_02.jpg\" \/>\r\n\t<meta property=\"og:image:width\" content=\"732\" \/>\r\n\t<meta property=\"og:image:height\" content=\"732\" \/>\r\n\t<meta property=\"og:image:type\" content=\"image\/jpeg\" \/>\r\n<script type=\"application\/ld+json\" class=\"yoast-schema-graph\">{\"@context\":\"https:\/\/schema.org\",\"@graph\":[{\"@type\":\"WebPage\",\"@id\":\"https:\/\/cmserviceitalia.it\/es\/actualizacion-de-impresoras-bobst-flexo\/\",\"url\":\"https:\/\/cmserviceitalia.it\/es\/actualizacion-de-impresoras-bobst-flexo\/\",\"name\":\"ACTUALIZACI\u00d3N DE IMPRESORAS BOBST FLEXO - CM Service\",\"isPartOf\":{\"@id\":\"https:\/\/cmserviceitalia.it\/#website\"},\"datePublished\":\"2017-06-02T00:07:21+00:00\",\"dateModified\":\"2017-10-11T09:32:48+00:00\",\"inLanguage\":\"es\",\"potentialAction\":[{\"@type\":\"ReadAction\",\"target\":[\"https:\/\/cmserviceitalia.it\/es\/actualizacion-de-impresoras-bobst-flexo\/\"]}]},{\"@type\":\"WebSite\",\"@id\":\"https:\/\/cmserviceitalia.it\/#website\",\"url\":\"https:\/\/cmserviceitalia.it\/\",\"name\":\"CM Service\",\"description\":\"Printer Slotter Presse de d\u00e9coupe automatique Diecutter Automatique\",\"publisher\":{\"@id\":\"https:\/\/cmserviceitalia.it\/#organization\"},\"potentialAction\":[{\"@type\":\"SearchAction\",\"target\":{\"@type\":\"EntryPoint\",\"urlTemplate\":\"https:\/\/cmserviceitalia.it\/?s={search_term_string}\"},\"query-input\":{\"@type\":\"PropertyValueSpecification\",\"valueRequired\":true,\"valueName\":\"search_term_string\"}}],\"inLanguage\":\"es\"},{\"@type\":\"Organization\",\"@id\":\"https:\/\/cmserviceitalia.it\/#organization\",\"name\":\"CM Service Italia\",\"url\":\"https:\/\/cmserviceitalia.it\/\",\"logo\":{\"@type\":\"ImageObject\",\"inLanguage\":\"es\",\"@id\":\"https:\/\/cmserviceitalia.it\/#\/schema\/logo\/image\/\",\"url\":\"https:\/\/cmserviceitalia.it\/assets\/uploads\/logo_cm-service_jaune_02.jpg\",\"contentUrl\":\"https:\/\/cmserviceitalia.it\/assets\/uploads\/logo_cm-service_jaune_02.jpg\",\"width\":732,\"height\":732,\"caption\":\"CM Service Italia\"},\"image\":{\"@id\":\"https:\/\/cmserviceitalia.it\/#\/schema\/logo\/image\/\"}}]}<\/script>\r\n<!-- \/ Yoast SEO plugin. -->","yoast_head_json":{"title":"ACTUALIZACI\u00d3N DE IMPRESORAS BOBST FLEXO - CM Service","robots":{"index":"index","follow":"follow","max-snippet":"max-snippet:-1","max-image-preview":"max-image-preview:large","max-video-preview":"max-video-preview:-1"},"canonical":"https:\/\/cmserviceitalia.it\/es\/actualizacion-de-impresoras-bobst-flexo\/","og_locale":"es_ES","og_type":"article","og_title":"ACTUALIZACI\u00d3N DE IMPRESORAS BOBST FLEXO - CM Service","og_description":"[vc_row][vc_column][section_header layout_type=\u00bbsection-heading-colorblock\u00bb main_heading=\u00bbACTUALIZACI\u00d3N DE IMPRESORAS BOBST FLEXO\u00bb font_size=\u00bbdefault\u00bb use_multi_color=\u00bb0&#8243;][\/vc_column][\/vc_row][vc_row][vc_column css=\u00bb.vc_custom_1500997152384{margin-top: 10px !important;}\u00bb][vc_cta h2=\u00bb\u00bb style=\u00bbcustom\u00bb custom_background=\u00bb#ffffff\u00bb] Actualizaci\u00f3n de las impresoras flexogr\u00e1ficas revisadas La actualizaci\u00f3n de las impresoras flexogr\u00e1ficas Bobst,mejora su rendimiento cualitativo y t\u00e9cnico, a trav\u00e9s de intervenciones de actualizaci\u00f3n realizadas en las siguientes partes: [\/vc_cta][\/vc_column][\/vc_row]","og_url":"https:\/\/cmserviceitalia.it\/es\/actualizacion-de-impresoras-bobst-flexo\/","og_site_name":"CM Service","article_modified_time":"2017-10-11T09:32:48+00:00","og_image":[{"width":732,"height":732,"url":"https:\/\/cmserviceitalia.it\/assets\/uploads\/logo_cm-service_jaune_02.jpg","type":"image\/jpeg"}],"schema":{"@context":"https:\/\/schema.org","@graph":[{"@type":"WebPage","@id":"https:\/\/cmserviceitalia.it\/es\/actualizacion-de-impresoras-bobst-flexo\/","url":"https:\/\/cmserviceitalia.it\/es\/actualizacion-de-impresoras-bobst-flexo\/","name":"ACTUALIZACI\u00d3N DE IMPRESORAS BOBST FLEXO - CM Service","isPartOf":{"@id":"https:\/\/cmserviceitalia.it\/#website"},"datePublished":"2017-06-02T00:07:21+00:00","dateModified":"2017-10-11T09:32:48+00:00","inLanguage":"es","potentialAction":[{"@type":"ReadAction","target":["https:\/\/cmserviceitalia.it\/es\/actualizacion-de-impresoras-bobst-flexo\/"]}]},{"@type":"WebSite","@id":"https:\/\/cmserviceitalia.it\/#website","url":"https:\/\/cmserviceitalia.it\/","name":"CM Service","description":"Printer Slotter Presse de d\u00e9coupe automatique Diecutter Automatique","publisher":{"@id":"https:\/\/cmserviceitalia.it\/#organization"},"potentialAction":[{"@type":"SearchAction","target":{"@type":"EntryPoint","urlTemplate":"https:\/\/cmserviceitalia.it\/?s={search_term_string}"},"query-input":{"@type":"PropertyValueSpecification","valueRequired":true,"valueName":"search_term_string"}}],"inLanguage":"es"},{"@type":"Organization","@id":"https:\/\/cmserviceitalia.it\/#organization","name":"CM Service Italia","url":"https:\/\/cmserviceitalia.it\/","logo":{"@type":"ImageObject","inLanguage":"es","@id":"https:\/\/cmserviceitalia.it\/#\/schema\/logo\/image\/","url":"https:\/\/cmserviceitalia.it\/assets\/uploads\/logo_cm-service_jaune_02.jpg","contentUrl":"https:\/\/cmserviceitalia.it\/assets\/uploads\/logo_cm-service_jaune_02.jpg","width":732,"height":732,"caption":"CM Service Italia"},"image":{"@id":"https:\/\/cmserviceitalia.it\/#\/schema\/logo\/image\/"}}]}},"_links":{"self":[{"href":"https:\/\/cmserviceitalia.it\/es\/wp-json\/wp\/v2\/pages\/9477","targetHints":{"allow":["GET"]}}],"collection":[{"href":"https:\/\/cmserviceitalia.it\/es\/wp-json\/wp\/v2\/pages"}],"about":[{"href":"https:\/\/cmserviceitalia.it\/es\/wp-json\/wp\/v2\/types\/page"}],"author":[{"embeddable":true,"href":"https:\/\/cmserviceitalia.it\/es\/wp-json\/wp\/v2\/users\/11"}],"replies":[{"embeddable":true,"href":"https:\/\/cmserviceitalia.it\/es\/wp-json\/wp\/v2\/comments?post=9477"}],"version-history":[{"count":2,"href":"https:\/\/cmserviceitalia.it\/es\/wp-json\/wp\/v2\/pages\/9477\/revisions"}],"predecessor-version":[{"id":9479,"href":"https:\/\/cmserviceitalia.it\/es\/wp-json\/wp\/v2\/pages\/9477\/revisions\/9479"}],"wp:attachment":[{"href":"https:\/\/cmserviceitalia.it\/es\/wp-json\/wp\/v2\/media?parent=9477"}],"curies":[{"name":"wp","href":"https:\/\/api.w.org\/{rel}","templated":true}]}}