{"id":9173,"date":"2017-05-29T10:22:42","date_gmt":"2017-05-29T10:22:42","guid":{"rendered":"https:\/\/cmserviceitalia.it\/cm-service-italia-pre-owned-corrugated-machinery\/"},"modified":"2023-10-25T12:11:50","modified_gmt":"2023-10-25T10:11:50","slug":"cm-service-italia-pre-owned-corrugated-machinery","status":"publish","type":"page","link":"https:\/\/cmserviceitalia.it\/fr\/","title":{"rendered":"CM Service sp\u00e9cialiste des machines d&rsquo;impression et de d\u00e9coupe de carton ondul\u00e9 d&rsquo;occasion"},"content":{"rendered":"<div class=\"wpb-content-wrapper\"><p>[vc_row expanded=\u00a0\u00bb2&Prime; css=\u00a0\u00bb.vc_custom_1507545853638{background-color: #ffffff !important;}\u00a0\u00bb][vc_column][rev_slider_vc alias=\u00a0\u00bbgrade_machinery_1&Prime; el_class=\u00a0\u00bbmax1280&Prime;][vc_row_inner equal_height=\u00a0\u00bbyes\u00a0\u00bb gap=\u00a0\u00bb5&Prime; css=\u00a0\u00bb.vc_custom_1507545915903{margin-top: -50px !important;padding-right: 0px !important;padding-bottom: 10px !important;padding-left: 0px !important;}\u00a0\u00bb el_class=\u00a0\u00bbsmaller-font shadow-box\u00a0\u00bb][vc_column_inner width=\u00a0\u00bb1\/4&Prime; css=\u00a0\u00bb.vc_custom_1503057541483{margin-bottom: 15px !important;padding-right: 15px !important;padding-left: 15px !important;background-color: #ffffff !important;}\u00a0\u00bb][vc_single_image image=\u00a0\u00bb4782&Prime; img_size=\u00a0\u00bb262&#215;200&Prime; alignment=\u00a0\u00bbcenter\u00a0\u00bb onclick=\u00a0\u00bbcustom_link\u00a0\u00bb css=\u00a0\u00bb.vc_custom_1507724897206{margin-right: -15px !important;margin-left: -15px !important;}\u00a0\u00bb link=\u00a0\u00bbhttps:\/\/cmserviceitalia.it\/fr\/machines-de-decoupe-bobst-spo-2\/\u00a0\u00bb][vc_column_text css=\u00a0\u00bb.vc_custom_1507724908392{margin-top: -15px !important;margin-bottom: 0px !important;}\u00a0\u00bb]<\/p>\n<h4 class=\"t_home\"><a href=\"https:\/\/cmserviceitalia.it\/fr\/machines-de-decoupe-bobst-spo-2\/\">BOBST<\/a><\/h4>\n<p class=\"s_titre_home\">Machines de d\u00e9coupe SPO<\/p>\n<p class=\"p_home\">Cm Service Italia, a d\u00e9velopp\u00e9, au fil du temps, un exp\u00e9rience lui permettant de garantir des machines de d\u00e9coupe reconstruites en parfait \u00e9tat de marche, et donc en mesure de r\u00e9pondre parfaitement \u00e0 toutes vos exigences<\/p>\n<p>[\/vc_column_text][\/vc_column_inner][vc_column_inner width=\u00a0\u00bb1\/4&Prime; css=\u00a0\u00bb.vc_custom_1503057534467{margin-bottom: 15px !important;padding-right: 15px !important;padding-left: 15px !important;background-color: #ffffff !important;}\u00a0\u00bb][vc_single_image image=\u00a0\u00bb4788&Prime; img_size=\u00a0\u00bb262&#215;200&Prime; alignment=\u00a0\u00bbcenter\u00a0\u00bb onclick=\u00a0\u00bbcustom_link\u00a0\u00bb css=\u00a0\u00bb.vc_custom_1507724924310{margin-right: -15px !important;margin-left: -15px !important;}\u00a0\u00bb link=\u00a0\u00bbhttps:\/\/cmserviceitalia.it\/fr\/imprimeuses-bobst-spo\/\u00a0\u00bb][vc_column_text css=\u00a0\u00bb.vc_custom_1507724940964{margin-top: -15px !important;margin-bottom: 0px !important;}\u00a0\u00bb]<\/p>\n<h4 class=\"t_home\"><a href=\"https:\/\/cmserviceitalia.it\/fr\/imprimeuses-bobst-spo\/\">BOBST<\/a><\/h4>\n<p class=\"s_titre_home\">Imprimeuses Flexo<\/p>\n<p class=\"p_home\">Les imprimeuses flexographiques d&rsquo;occasion, une fois expertis\u00e9es, mises \u00e0 niveau, optimis\u00e9es et reconstruites, sont propos\u00e9es avec une garantie pouvant \u00eatre prolong\u00e9e de 6 \u00e0 12 mois.<\/p>\n<p>[\/vc_column_text][\/vc_column_inner][vc_column_inner width=\u00a0\u00bb1\/4&Prime; css=\u00a0\u00bb.vc_custom_1503057548401{margin-bottom: 15px !important;padding-right: 15px !important;padding-left: 15px !important;background-color: #ffffff !important;}\u00a0\u00bb][vc_single_image image=\u00a0\u00bb4796&Prime; img_size=\u00a0\u00bb262&#215;200&Prime; alignment=\u00a0\u00bbcenter\u00a0\u00bb onclick=\u00a0\u00bbcustom_link\u00a0\u00bb css=\u00a0\u00bb.vc_custom_1507724956052{margin-right: -15px !important;margin-left: -15px !important;}\u00a0\u00bb link=\u00a0\u00bbhttps:\/\/cmserviceitalia.it\/fr\/transport-machines-revisees\/\u00a0\u00bb][vc_column_text css=\u00a0\u00bb.vc_custom_1507724965715{margin-top: -15px !important;margin-bottom: 0px !important;}\u00a0\u00bb]<\/p>\n<h4 class=\"t_home\"><a href=\"https:\/\/cmserviceitalia.it\/fr\/transport-machines-revisees\/\">BOBST<br \/>\n<\/a><\/h4>\n<p class=\"s_titre_home\">Enl\u00e8vement<\/p>\n<p class=\"p_home\">Une \u00e9quipe exp\u00e9riment\u00e9e de m\u00e9caniciens et d&rsquo;\u00e9lectriciens est en mesure de fournir un service complet pour le d\u00e9montage, le transport, l&rsquo;installation et la mise en service de tout type de machine.<\/p>\n<p>[\/vc_column_text][\/vc_column_inner][vc_column_inner width=\u00a0\u00bb1\/4&Prime; css=\u00a0\u00bb.vc_custom_1503057555178{margin-bottom: 15px !important;padding-right: 15px !important;padding-left: 15px !important;background-color: #ffffff !important;}\u00a0\u00bb][vc_single_image image=\u00a0\u00bb9083&Prime; img_size=\u00a0\u00bb262&#215;200&Prime; alignment=\u00a0\u00bbcenter\u00a0\u00bb onclick=\u00a0\u00bbcustom_link\u00a0\u00bb css=\u00a0\u00bb.vc_custom_1698226209615{margin-right: -15px !important;margin-left: -15px !important;}\u00a0\u00bb link=\u00a0\u00bbhttps:\/\/cmserviceitalia.it\/fr\/combines\/\u00a0\u00bb][vc_column_text css=\u00a0\u00bb.vc_custom_1698228687710{margin-top: -15px !important;margin-bottom: 0px !important;}\u00a0\u00bb]<\/p>\n<h4 class=\"t_home\"><a href=\"https:\/\/cmserviceitalia.it\/fr\/combines\/\">Martin<br \/>\n<\/a><\/h4>\n<p class=\"s_titre_home\">Combin\u00e9<\/p>\n<p class=\"p_home\">Notre soci\u00e9t\u00e9 a une solide exp\u00e9rience dans la r\u00e9vision et la remise \u00e0 niveau de combin\u00e9s. En particulier, Cm Service reconstruit<br \/>\nles casemaker du fabricant Martin.<\/p>\n<p>[\/vc_column_text][\/vc_column_inner][\/vc_row_inner][\/vc_column][\/vc_row][vc_row expanded=\u00a0\u00bb2&Prime; css=\u00a0\u00bb.vc_custom_1502456762772{margin-bottom: 0px !important;padding-top: 10px !important;padding-bottom: 10px !important;}\u00a0\u00bb el_class=\u00a0\u00bbwhite-font\u00a0\u00bb][vc_column css=\u00a0\u00bb.vc_custom_1488269132659{margin-top: 10px !important;}\u00a0\u00bb][vc_row_inner css=\u00a0\u00bb.vc_custom_1488215614916{margin-bottom: 0px !important;}\u00a0\u00bb][vc_column_inner][section_header layout_type=\u00a0\u00bbsection-heading-underlined\u00a0\u00bb main_heading=\u00a0\u00bbSP\u00c9CIALISTES A L&rsquo;\u00c9CHELLE GLOBALE DANS LA R\u00c9VISION DES MACHINES POUR L&rsquo;INDUSTRIE DU CARTON ONDULE\u00a0\u00bb font_size=\u00a0\u00bbcustom\u00a0\u00bb custom_font_size=\u00a0\u00bb23&Prime; font_weight=\u00a0\u00bbnormal\u00a0\u00bb use_multi_color=\u00a0\u00bb0&Prime; color=\u00a0\u00bb#3f4348&Prime; separator_color=\u00a0\u00bb#ffffff\u00a0\u00bb css=\u00a0\u00bb.vc_custom_1507555885212{margin-bottom: 10px !important;}\u00a0\u00bb][vc_single_image image=\u00a0\u00bb8690&Prime; img_size=\u00a0\u00bb900&#215;2&Prime; alignment=\u00a0\u00bbcenter\u00a0\u00bb css=\u00a0\u00bb.vc_custom_1503649623679{margin-top: 0px !important;margin-bottom: 0px !important;}\u00a0\u00bb][vc_column_text css=\u00a0\u00bb.vc_custom_1507623080055{margin-top: -10px !important;margin-bottom: 16px !important;}\u00a0\u00bb]<\/p>\n<p style=\"text-align: center; color: #3f4348; text-transform: uppercase;\"><span style=\"font-size: 1.1em;\">SI VOUS \u00caTES A LA RECHERCHE DE MACHINES RECONSTRUITES POUR LA TRANSFORMATION DU CARTON ONDULE, CM SERVICE ITALIA PEUT \u00caTRE VOTRE MEILLEUR FOURNISSEUR. NOUS SOMMES DES SP\u00c9CIALISTES AU NIVEAU MONDIAL DANS LE SECTEUR DE LA TRANSFORMATION. NOUS R\u00c9VISONS AVEC GARANTIE DES MACHINES INDUSTRIELLES D&rsquo;OCCASION SELON DES CRIT\u00c8RES DE QUALIT\u00c9 TR\u00c8S EXIGEANTS.<\/span><\/p>\n<p>[\/vc_column_text][\/vc_column_inner][\/vc_row_inner][\/vc_column][\/vc_row][vc_row css=\u00a0\u00bb.vc_custom_1503061914880{margin-top: 0px !important;}\u00a0\u00bb][vc_column][vc_row_inner equal_height=\u00a0\u00bbyes\u00a0\u00bb css=\u00a0\u00bb.vc_custom_1507559592193{margin-top: 15px !important;margin-bottom: 10px !important;}\u00a0\u00bb][vc_column_inner width=\u00a0\u00bb1\/3&Prime; css=\u00a0\u00bb.vc_custom_1503056668705{padding-top: 20px !important;padding-bottom: 20px !important;}\u00a0\u00bb][vc_posts_slider count=\u00a0\u00bb1&Prime; interval=\u00a0\u00bb0&Prime; slides_content=\u00a0\u00bbteaser\u00a0\u00bb slides_title=\u00a0\u00bb1&Prime; thumb_size=\u00a0\u00bb303&#215;93&Prime; posttypes=\u00a0\u00bbpost\u00a0\u00bb posts_in=\u00a0\u00bb4845&Prime; css=\u00a0\u00bb.vc_custom_1503051523453{margin-bottom: 0px !important;}\u00a0\u00bb][\/vc_column_inner][vc_column_inner width=\u00a0\u00bb1\/3&Prime; css=\u00a0\u00bb.vc_custom_1503056677227{padding-top: 20px !important;padding-bottom: 20px !important;}\u00a0\u00bb][vc_posts_slider count=\u00a0\u00bb1&Prime; interval=\u00a0\u00bb0&Prime; slides_content=\u00a0\u00bbteaser\u00a0\u00bb slides_title=\u00a0\u00bb1&Prime; posttypes=\u00a0\u00bbpost\u00a0\u00bb posts_in=\u00a0\u00bb4831&Prime; css=\u00a0\u00bb.vc_custom_1500369271426{margin-bottom: 0px !important;}\u00a0\u00bb][\/vc_column_inner][vc_column_inner width=\u00a0\u00bb1\/3&Prime; css=\u00a0\u00bb.vc_custom_1503056682937{padding-top: 20px !important;padding-bottom: 20px !important;}\u00a0\u00bb][vc_posts_slider count=\u00a0\u00bb1&Prime; interval=\u00a0\u00bb0&Prime; slides_content=\u00a0\u00bbteaser\u00a0\u00bb slides_title=\u00a0\u00bb1&Prime; posttypes=\u00a0\u00bbpost\u00a0\u00bb posts_in=\u00a0\u00bb4838&Prime;][\/vc_column_inner][\/vc_row_inner][\/vc_column][\/vc_row]<\/p>\n<\/div>","protected":false},"excerpt":{"rendered":"<p>[vc_row expanded=\u00a0\u00bb2&Prime; css=\u00a0\u00bb.vc_custom_1507545853638{background-color: #ffffff !important;}\u00a0\u00bb][vc_column][rev_slider_vc alias=\u00a0\u00bbgrade_machinery_1&Prime; el_class=\u00a0\u00bbmax1280&Prime;][vc_row_inner equal_height=\u00a0\u00bbyes\u00a0\u00bb gap=\u00a0\u00bb5&Prime; css=\u00a0\u00bb.vc_custom_1507545915903{margin-top: -50px !important;padding-right: 0px !important;padding-bottom: 10px !important;padding-left: 0px !important;}\u00a0\u00bb el_class=\u00a0\u00bbsmaller-font shadow-box\u00a0\u00bb][vc_column_inner width=\u00a0\u00bb1\/4&Prime; css=\u00a0\u00bb.vc_custom_1503057541483{margin-bottom: 15px !important;padding-right: 15px !important;padding-left: 15px !important;background-color: #ffffff !important;}\u00a0\u00bb][vc_single_image image=\u00a0\u00bb4782&Prime; img_size=\u00a0\u00bb262&#215;200&Prime; alignment=\u00a0\u00bbcenter\u00a0\u00bb onclick=\u00a0\u00bbcustom_link\u00a0\u00bb css=\u00a0\u00bb.vc_custom_1507724897206{margin-right: -15px !important;margin-left: -15px !important;}\u00a0\u00bb link=\u00a0\u00bbhttps:\/\/cmserviceitalia.it\/fr\/machines-de-decoupe-bobst-spo-2\/\u00a0\u00bb][vc_column_text css=\u00a0\u00bb.vc_custom_1507724908392{margin-top: -15px !important;margin-bottom: 0px !important;}\u00a0\u00bb] BOBST Machines de d\u00e9coupe SPO Cm Service Italia, a d\u00e9velopp\u00e9,&hellip;<\/p>\n","protected":false},"author":11,"featured_media":0,"parent":0,"menu_order":0,"comment_status":"closed","ping_status":"closed","template":"fullwidth.php","meta":{"footnotes":""},"class_list":["post-9173","page","type-page","status-publish","hentry"],"yoast_head":"<!-- This site is optimized with the Yoast SEO plugin v27.2 - https:\/\/yoast.com\/product\/yoast-seo-wordpress\/ -->\r\n<title>CM Service sp\u00e9cialiste des machines d&#039;impression et de d\u00e9coupe de carton ondul\u00e9 d&#039;occasion - CM Service<\/title>\r\n<meta name=\"robots\" content=\"index, follow, max-snippet:-1, max-image-preview:large, max-video-preview:-1\" \/>\r\n<link rel=\"canonical\" href=\"https:\/\/cmserviceitalia.it\/fr\/\" \/>\r\n<meta property=\"og:locale\" content=\"fr_FR\" \/>\r\n<meta property=\"og:type\" content=\"article\" \/>\r\n<meta property=\"og:title\" content=\"CM Service sp\u00e9cialiste des machines d&#039;impression et de d\u00e9coupe de carton ondul\u00e9 d&#039;occasion - CM Service\" \/>\r\n<meta property=\"og:description\" content=\"[vc_row expanded=\u00a0\u00bb2&Prime; css=\u00a0\u00bb.vc_custom_1507545853638{background-color: #ffffff !important;}\u00a0\u00bb][vc_column][rev_slider_vc alias=\u00a0\u00bbgrade_machinery_1&Prime; el_class=\u00a0\u00bbmax1280&Prime;][vc_row_inner equal_height=\u00a0\u00bbyes\u00a0\u00bb gap=\u00a0\u00bb5&Prime; css=\u00a0\u00bb.vc_custom_1507545915903{margin-top: -50px !important;padding-right: 0px !important;padding-bottom: 10px !important;padding-left: 0px !important;}\u00a0\u00bb el_class=\u00a0\u00bbsmaller-font shadow-box\u00a0\u00bb][vc_column_inner width=\u00a0\u00bb1\/4&Prime; css=\u00a0\u00bb.vc_custom_1503057541483{margin-bottom: 15px !important;padding-right: 15px !important;padding-left: 15px !important;background-color: #ffffff !important;}\u00a0\u00bb][vc_single_image image=\u00a0\u00bb4782&Prime; img_size=\u00a0\u00bb262&#215;200&Prime; alignment=\u00a0\u00bbcenter\u00a0\u00bb onclick=\u00a0\u00bbcustom_link\u00a0\u00bb css=\u00a0\u00bb.vc_custom_1507724897206{margin-right: -15px !important;margin-left: -15px !important;}\u00a0\u00bb link=\u00a0\u00bbhttps:\/\/cmserviceitalia.it\/fr\/machines-de-decoupe-bobst-spo-2\/\u00a0\u00bb][vc_column_text css=\u00a0\u00bb.vc_custom_1507724908392{margin-top: -15px !important;margin-bottom: 0px !important;}\u00a0\u00bb] BOBST Machines de d\u00e9coupe SPO Cm Service Italia, a d\u00e9velopp\u00e9,&hellip;\" \/>\r\n<meta property=\"og:url\" content=\"https:\/\/cmserviceitalia.it\/fr\/\" \/>\r\n<meta property=\"og:site_name\" content=\"CM Service\" \/>\r\n<meta property=\"article:modified_time\" content=\"2023-10-25T10:11:50+00:00\" \/>\r\n<meta property=\"og:image\" content=\"https:\/\/cmserviceitalia.it\/assets\/uploads\/logo_cm-service_jaune_02.jpg\" \/>\r\n\t<meta property=\"og:image:width\" content=\"732\" \/>\r\n\t<meta property=\"og:image:height\" content=\"732\" \/>\r\n\t<meta property=\"og:image:type\" content=\"image\/jpeg\" \/>\r\n<meta name=\"twitter:label1\" content=\"Dur\u00e9e de lecture estim\u00e9e\" \/>\n\t<meta name=\"twitter:data1\" content=\"2 minutes\" \/>\r\n<script type=\"application\/ld+json\" class=\"yoast-schema-graph\">{\"@context\":\"https:\/\/schema.org\",\"@graph\":[{\"@type\":\"WebPage\",\"@id\":\"https:\/\/cmserviceitalia.it\/fr\/\",\"url\":\"https:\/\/cmserviceitalia.it\/fr\/\",\"name\":\"CM Service sp\u00e9cialiste des machines d'impression et de d\u00e9coupe de carton ondul\u00e9 d'occasion - CM Service\",\"isPartOf\":{\"@id\":\"https:\/\/cmserviceitalia.it\/#website\"},\"datePublished\":\"2017-05-29T10:22:42+00:00\",\"dateModified\":\"2023-10-25T10:11:50+00:00\",\"inLanguage\":\"fr-FR\",\"potentialAction\":[{\"@type\":\"ReadAction\",\"target\":[\"https:\/\/cmserviceitalia.it\/fr\/\"]}]},{\"@type\":\"WebSite\",\"@id\":\"https:\/\/cmserviceitalia.it\/#website\",\"url\":\"https:\/\/cmserviceitalia.it\/\",\"name\":\"CM Service\",\"description\":\"Printer Slotter Presse de d\u00e9coupe automatique Diecutter Automatique\",\"publisher\":{\"@id\":\"https:\/\/cmserviceitalia.it\/#organization\"},\"potentialAction\":[{\"@type\":\"SearchAction\",\"target\":{\"@type\":\"EntryPoint\",\"urlTemplate\":\"https:\/\/cmserviceitalia.it\/?s={search_term_string}\"},\"query-input\":{\"@type\":\"PropertyValueSpecification\",\"valueRequired\":true,\"valueName\":\"search_term_string\"}}],\"inLanguage\":\"fr-FR\"},{\"@type\":\"Organization\",\"@id\":\"https:\/\/cmserviceitalia.it\/#organization\",\"name\":\"CM Service Italia\",\"url\":\"https:\/\/cmserviceitalia.it\/\",\"logo\":{\"@type\":\"ImageObject\",\"inLanguage\":\"fr-FR\",\"@id\":\"https:\/\/cmserviceitalia.it\/#\/schema\/logo\/image\/\",\"url\":\"https:\/\/cmserviceitalia.it\/assets\/uploads\/logo_cm-service_jaune_02.jpg\",\"contentUrl\":\"https:\/\/cmserviceitalia.it\/assets\/uploads\/logo_cm-service_jaune_02.jpg\",\"width\":732,\"height\":732,\"caption\":\"CM Service Italia\"},\"image\":{\"@id\":\"https:\/\/cmserviceitalia.it\/#\/schema\/logo\/image\/\"}}]}<\/script>\r\n<!-- \/ Yoast SEO plugin. -->","yoast_head_json":{"title":"CM Service sp\u00e9cialiste des machines d'impression et de d\u00e9coupe de carton ondul\u00e9 d'occasion - CM Service","robots":{"index":"index","follow":"follow","max-snippet":"max-snippet:-1","max-image-preview":"max-image-preview:large","max-video-preview":"max-video-preview:-1"},"canonical":"https:\/\/cmserviceitalia.it\/fr\/","og_locale":"fr_FR","og_type":"article","og_title":"CM Service sp\u00e9cialiste des machines d'impression et de d\u00e9coupe de carton ondul\u00e9 d'occasion - CM Service","og_description":"[vc_row expanded=\u00a0\u00bb2&Prime; css=\u00a0\u00bb.vc_custom_1507545853638{background-color: #ffffff !important;}\u00a0\u00bb][vc_column][rev_slider_vc alias=\u00a0\u00bbgrade_machinery_1&Prime; el_class=\u00a0\u00bbmax1280&Prime;][vc_row_inner equal_height=\u00a0\u00bbyes\u00a0\u00bb gap=\u00a0\u00bb5&Prime; css=\u00a0\u00bb.vc_custom_1507545915903{margin-top: -50px !important;padding-right: 0px !important;padding-bottom: 10px !important;padding-left: 0px !important;}\u00a0\u00bb el_class=\u00a0\u00bbsmaller-font shadow-box\u00a0\u00bb][vc_column_inner width=\u00a0\u00bb1\/4&Prime; css=\u00a0\u00bb.vc_custom_1503057541483{margin-bottom: 15px !important;padding-right: 15px !important;padding-left: 15px !important;background-color: #ffffff !important;}\u00a0\u00bb][vc_single_image image=\u00a0\u00bb4782&Prime; img_size=\u00a0\u00bb262&#215;200&Prime; alignment=\u00a0\u00bbcenter\u00a0\u00bb onclick=\u00a0\u00bbcustom_link\u00a0\u00bb css=\u00a0\u00bb.vc_custom_1507724897206{margin-right: -15px !important;margin-left: -15px !important;}\u00a0\u00bb link=\u00a0\u00bbhttps:\/\/cmserviceitalia.it\/fr\/machines-de-decoupe-bobst-spo-2\/\u00a0\u00bb][vc_column_text css=\u00a0\u00bb.vc_custom_1507724908392{margin-top: -15px !important;margin-bottom: 0px !important;}\u00a0\u00bb] BOBST Machines de d\u00e9coupe SPO Cm Service Italia, a d\u00e9velopp\u00e9,&hellip;","og_url":"https:\/\/cmserviceitalia.it\/fr\/","og_site_name":"CM Service","article_modified_time":"2023-10-25T10:11:50+00:00","og_image":[{"width":732,"height":732,"url":"https:\/\/cmserviceitalia.it\/assets\/uploads\/logo_cm-service_jaune_02.jpg","type":"image\/jpeg"}],"twitter_misc":{"Dur\u00e9e de lecture estim\u00e9e":"2 minutes"},"schema":{"@context":"https:\/\/schema.org","@graph":[{"@type":"WebPage","@id":"https:\/\/cmserviceitalia.it\/fr\/","url":"https:\/\/cmserviceitalia.it\/fr\/","name":"CM Service sp\u00e9cialiste des machines d'impression et de d\u00e9coupe de carton ondul\u00e9 d'occasion - CM Service","isPartOf":{"@id":"https:\/\/cmserviceitalia.it\/#website"},"datePublished":"2017-05-29T10:22:42+00:00","dateModified":"2023-10-25T10:11:50+00:00","inLanguage":"fr-FR","potentialAction":[{"@type":"ReadAction","target":["https:\/\/cmserviceitalia.it\/fr\/"]}]},{"@type":"WebSite","@id":"https:\/\/cmserviceitalia.it\/#website","url":"https:\/\/cmserviceitalia.it\/","name":"CM Service","description":"Printer Slotter Presse de d\u00e9coupe automatique Diecutter Automatique","publisher":{"@id":"https:\/\/cmserviceitalia.it\/#organization"},"potentialAction":[{"@type":"SearchAction","target":{"@type":"EntryPoint","urlTemplate":"https:\/\/cmserviceitalia.it\/?s={search_term_string}"},"query-input":{"@type":"PropertyValueSpecification","valueRequired":true,"valueName":"search_term_string"}}],"inLanguage":"fr-FR"},{"@type":"Organization","@id":"https:\/\/cmserviceitalia.it\/#organization","name":"CM Service Italia","url":"https:\/\/cmserviceitalia.it\/","logo":{"@type":"ImageObject","inLanguage":"fr-FR","@id":"https:\/\/cmserviceitalia.it\/#\/schema\/logo\/image\/","url":"https:\/\/cmserviceitalia.it\/assets\/uploads\/logo_cm-service_jaune_02.jpg","contentUrl":"https:\/\/cmserviceitalia.it\/assets\/uploads\/logo_cm-service_jaune_02.jpg","width":732,"height":732,"caption":"CM Service Italia"},"image":{"@id":"https:\/\/cmserviceitalia.it\/#\/schema\/logo\/image\/"}}]}},"_links":{"self":[{"href":"https:\/\/cmserviceitalia.it\/fr\/wp-json\/wp\/v2\/pages\/9173","targetHints":{"allow":["GET"]}}],"collection":[{"href":"https:\/\/cmserviceitalia.it\/fr\/wp-json\/wp\/v2\/pages"}],"about":[{"href":"https:\/\/cmserviceitalia.it\/fr\/wp-json\/wp\/v2\/types\/page"}],"author":[{"embeddable":true,"href":"https:\/\/cmserviceitalia.it\/fr\/wp-json\/wp\/v2\/users\/11"}],"replies":[{"embeddable":true,"href":"https:\/\/cmserviceitalia.it\/fr\/wp-json\/wp\/v2\/comments?post=9173"}],"version-history":[{"count":9,"href":"https:\/\/cmserviceitalia.it\/fr\/wp-json\/wp\/v2\/pages\/9173\/revisions"}],"predecessor-version":[{"id":14605,"href":"https:\/\/cmserviceitalia.it\/fr\/wp-json\/wp\/v2\/pages\/9173\/revisions\/14605"}],"wp:attachment":[{"href":"https:\/\/cmserviceitalia.it\/fr\/wp-json\/wp\/v2\/media?parent=9173"}],"curies":[{"name":"wp","href":"https:\/\/api.w.org\/{rel}","templated":true}]}}