{"id":9178,"date":"2017-05-28T12:05:12","date_gmt":"2017-05-28T12:05:12","guid":{"rendered":"https:\/\/cmserviceitalia.it\/about-us\/"},"modified":"2017-10-10T09:13:30","modified_gmt":"2017-10-10T09:13:30","slug":"qui-sommes-nous","status":"publish","type":"page","link":"https:\/\/cmserviceitalia.it\/fr\/qui-sommes-nous\/","title":{"rendered":"Qui sommes nous"},"content":{"rendered":"<div class=\"wpb-content-wrapper\"><p>[vc_row][vc_column][section_header layout_type=\u00a0\u00bbsection-heading-colorblock\u00a0\u00bb main_heading=\u00a0\u00bbFOURNISSEURS DE MACHINES R\u00c9VIS\u00c9ES POUR LE CARTON ONDULE\u00a0\u00bb font_size=\u00a0\u00bbdefault\u00a0\u00bb use_multi_color=\u00a0\u00bb0&Prime;][\/vc_column][\/vc_row][vc_row css=\u00a0\u00bb.vc_custom_1502810813929{margin-top: 20px !important;margin-bottom: 0px !important;}\u00a0\u00bb][vc_column css=\u00a0\u00bb.vc_custom_1502380516729{margin-bottom: 0px !important;}\u00a0\u00bb][vc_cta h2=\u00a0\u00bb\u00a0\u00bb shape=\u00a0\u00bbsquare\u00a0\u00bb style=\u00a0\u00bbcustom\u00a0\u00bb custom_background=\u00a0\u00bb#ffffff\u00a0\u00bb]<img loading=\"lazy\" decoding=\"async\" class=\"aligncenter wp-image-8663 size-full\" src=\"https:\/\/cmserviceitalia.it\/assets\/uploads\/automatic-flatbed-die-cutter-bobst-spo-1600-83-1024x768-1-1.jpg\" alt=\"automatic-flatbed-die-cutter-bobst-spo-1600-\" width=\"1024\" height=\"438\" srcset=\"https:\/\/cmserviceitalia.it\/assets\/uploads\/automatic-flatbed-die-cutter-bobst-spo-1600-83-1024x768-1-1.jpg 1024w, https:\/\/cmserviceitalia.it\/assets\/uploads\/automatic-flatbed-die-cutter-bobst-spo-1600-83-1024x768-1-1-300x128.jpg 300w, https:\/\/cmserviceitalia.it\/assets\/uploads\/automatic-flatbed-die-cutter-bobst-spo-1600-83-1024x768-1-1-768x329.jpg 768w\" sizes=\"auto, (max-width: 1024px) 100vw, 1024px\" \/><\/p>\n<p style=\"text-align: justify;\">Notre soci\u00e9t\u00e9 est une entreprise jeune et dynamique bas\u00e9e en Italie avec\u00a0un personnel qualifi\u00e9 et sp\u00e9cialis\u00e9 dans la r\u00e9vision et la commercialisation de machines pour la transformation du carton ondul\u00e9. Nous b\u00e9n\u00e9ficions d&rsquo;un savoir-faire de plus de deux d\u00e9cennies dans le secteur de l&rsquo;industrie du papier\u00a0et nous sommes sp\u00e9cialis\u00e9s dans le retrofit de machines BOBST et combin\u00e9s nous nous occupons notamment de la mise \u00e0 jour, de l&rsquo;am\u00e9lioration et de la r\u00e9vision des machines destin\u00e9es \u00e0 l&rsquo;usinage du carton ondul\u00e9 et du carton pliable :<\/p>\n<ul class=\"puce\">\n<li>Imprimeuses Bobst flexo;<\/li>\n<li>Machines de d\u00e9coupe Bobst SPO;<\/li>\n<li>Combin\u00e9 en ligne Martin, combin\u00e9 en ligne Cartec, combin\u00e9 en ligne Piemonte Meccanica\u2026<\/li>\n<li>Boxmaker Gopfert;<\/li>\n<\/ul>\n<p style=\"text-align: justify;\">Nous nous occupons \u00e9galement de tous les services connexes, li\u00e9s \u00e0 l&rsquo;entretien, l&rsquo;installation, les services m\u00e9caniques et \u00e9lectriques, le d\u00e9veloppement de logiciels et la mise en \u0153uvre de ces machines .<\/p>\n<p style=\"text-align: justify;\">Gr\u00e2ce \u00e0 l&rsquo;exp\u00e9rience acquise au fil des ann\u00e9es, notre entreprise\u00a0a \u00e9t\u00e9 en mesure d&rsquo;aller au-del\u00e0 de ses fronti\u00e8res, par pr\u00e9sence\u00a0non seulement en Italie, dans toute l&rsquo;Europe et en Afrique.<\/p>\n<p style=\"text-align: justify;\">Pour l\u2019avenir nous nous sommes\u00a0engag\u00e9s dans une croissance continue\u00a0visant \u00e0 suivre l&rsquo;\u00e9volution technologique de nos m\u00e9tiers\u00a0afin de satisfaire toujours aux mieux les besoins de notre client\u00e8le.<\/p>\n<p>[\/vc_cta][\/vc_column][\/vc_row]<\/p>\n<\/div>","protected":false},"excerpt":{"rendered":"<p>[vc_row][vc_column][section_header layout_type=\u00a0\u00bbsection-heading-colorblock\u00a0\u00bb main_heading=\u00a0\u00bbFOURNISSEURS DE MACHINES R\u00c9VIS\u00c9ES POUR LE CARTON ONDULE\u00a0\u00bb font_size=\u00a0\u00bbdefault\u00a0\u00bb use_multi_color=\u00a0\u00bb0&Prime;][\/vc_column][\/vc_row][vc_row css=\u00a0\u00bb.vc_custom_1502810813929{margin-top: 20px !important;margin-bottom: 0px !important;}\u00a0\u00bb][vc_column css=\u00a0\u00bb.vc_custom_1502380516729{margin-bottom: 0px !important;}\u00a0\u00bb][vc_cta h2=\u00a0\u00bb\u00a0\u00bb shape=\u00a0\u00bbsquare\u00a0\u00bb style=\u00a0\u00bbcustom\u00a0\u00bb custom_background=\u00a0\u00bb#ffffff\u00a0\u00bb] Notre soci\u00e9t\u00e9 est une entreprise jeune et dynamique bas\u00e9e en Italie avec\u00a0un personnel qualifi\u00e9 et sp\u00e9cialis\u00e9 dans la r\u00e9vision et la commercialisation de machines pour la transformation du carton ondul\u00e9. Nous&hellip;<\/p>\n","protected":false},"author":11,"featured_media":0,"parent":0,"menu_order":0,"comment_status":"closed","ping_status":"closed","template":"","meta":{"footnotes":""},"class_list":["post-9178","page","type-page","status-publish","hentry"],"yoast_head":"<!-- This site is optimized with the Yoast SEO plugin v27.2 - https:\/\/yoast.com\/product\/yoast-seo-wordpress\/ -->\r\n<title>Qui sommes nous - CM Service<\/title>\r\n<meta name=\"robots\" content=\"index, follow, max-snippet:-1, max-image-preview:large, max-video-preview:-1\" \/>\r\n<link rel=\"canonical\" href=\"https:\/\/cmserviceitalia.it\/fr\/qui-sommes-nous\/\" \/>\r\n<meta property=\"og:locale\" content=\"fr_FR\" \/>\r\n<meta property=\"og:type\" content=\"article\" \/>\r\n<meta property=\"og:title\" content=\"Qui sommes nous - CM Service\" \/>\r\n<meta property=\"og:description\" content=\"[vc_row][vc_column][section_header layout_type=\u00a0\u00bbsection-heading-colorblock\u00a0\u00bb main_heading=\u00a0\u00bbFOURNISSEURS DE MACHINES R\u00c9VIS\u00c9ES POUR LE CARTON ONDULE\u00a0\u00bb font_size=\u00a0\u00bbdefault\u00a0\u00bb use_multi_color=\u00a0\u00bb0&Prime;][\/vc_column][\/vc_row][vc_row css=\u00a0\u00bb.vc_custom_1502810813929{margin-top: 20px !important;margin-bottom: 0px !important;}\u00a0\u00bb][vc_column css=\u00a0\u00bb.vc_custom_1502380516729{margin-bottom: 0px !important;}\u00a0\u00bb][vc_cta h2=\u00a0\u00bb\u00a0\u00bb shape=\u00a0\u00bbsquare\u00a0\u00bb style=\u00a0\u00bbcustom\u00a0\u00bb custom_background=\u00a0\u00bb#ffffff\u00a0\u00bb] Notre soci\u00e9t\u00e9 est une entreprise jeune et dynamique bas\u00e9e en Italie avec\u00a0un personnel qualifi\u00e9 et sp\u00e9cialis\u00e9 dans la r\u00e9vision et la commercialisation de machines pour la transformation du carton ondul\u00e9. Nous&hellip;\" \/>\r\n<meta property=\"og:url\" content=\"https:\/\/cmserviceitalia.it\/fr\/qui-sommes-nous\/\" \/>\r\n<meta property=\"og:site_name\" content=\"CM Service\" \/>\r\n<meta property=\"article:modified_time\" content=\"2017-10-10T09:13:30+00:00\" \/>\r\n<meta property=\"og:image\" content=\"https:\/\/cmserviceitalia.it\/assets\/uploads\/automatic-flatbed-die-cutter-bobst-spo-1600-83-1024x768-1-1.jpg\" \/>\r\n<meta name=\"twitter:label1\" content=\"Dur\u00e9e de lecture estim\u00e9e\" \/>\n\t<meta name=\"twitter:data1\" content=\"1 minute\" \/>\r\n<script type=\"application\/ld+json\" class=\"yoast-schema-graph\">{\"@context\":\"https:\/\/schema.org\",\"@graph\":[{\"@type\":\"WebPage\",\"@id\":\"https:\/\/cmserviceitalia.it\/fr\/qui-sommes-nous\/\",\"url\":\"https:\/\/cmserviceitalia.it\/fr\/qui-sommes-nous\/\",\"name\":\"Qui sommes nous - CM Service\",\"isPartOf\":{\"@id\":\"https:\/\/cmserviceitalia.it\/#website\"},\"primaryImageOfPage\":{\"@id\":\"https:\/\/cmserviceitalia.it\/fr\/qui-sommes-nous\/#primaryimage\"},\"image\":{\"@id\":\"https:\/\/cmserviceitalia.it\/fr\/qui-sommes-nous\/#primaryimage\"},\"thumbnailUrl\":\"https:\/\/cmserviceitalia.it\/assets\/uploads\/automatic-flatbed-die-cutter-bobst-spo-1600-83-1024x768-1-1.jpg\",\"datePublished\":\"2017-05-28T12:05:12+00:00\",\"dateModified\":\"2017-10-10T09:13:30+00:00\",\"inLanguage\":\"fr-FR\",\"potentialAction\":[{\"@type\":\"ReadAction\",\"target\":[\"https:\/\/cmserviceitalia.it\/fr\/qui-sommes-nous\/\"]}]},{\"@type\":\"ImageObject\",\"inLanguage\":\"fr-FR\",\"@id\":\"https:\/\/cmserviceitalia.it\/fr\/qui-sommes-nous\/#primaryimage\",\"url\":\"https:\/\/cmserviceitalia.it\/assets\/uploads\/automatic-flatbed-die-cutter-bobst-spo-1600-83-1024x768-1-1.jpg\",\"contentUrl\":\"https:\/\/cmserviceitalia.it\/assets\/uploads\/automatic-flatbed-die-cutter-bobst-spo-1600-83-1024x768-1-1.jpg\"},{\"@type\":\"WebSite\",\"@id\":\"https:\/\/cmserviceitalia.it\/#website\",\"url\":\"https:\/\/cmserviceitalia.it\/\",\"name\":\"CM Service\",\"description\":\"Printer Slotter Presse de d\u00e9coupe automatique Diecutter Automatique\",\"publisher\":{\"@id\":\"https:\/\/cmserviceitalia.it\/#organization\"},\"potentialAction\":[{\"@type\":\"SearchAction\",\"target\":{\"@type\":\"EntryPoint\",\"urlTemplate\":\"https:\/\/cmserviceitalia.it\/?s={search_term_string}\"},\"query-input\":{\"@type\":\"PropertyValueSpecification\",\"valueRequired\":true,\"valueName\":\"search_term_string\"}}],\"inLanguage\":\"fr-FR\"},{\"@type\":\"Organization\",\"@id\":\"https:\/\/cmserviceitalia.it\/#organization\",\"name\":\"CM Service Italia\",\"url\":\"https:\/\/cmserviceitalia.it\/\",\"logo\":{\"@type\":\"ImageObject\",\"inLanguage\":\"fr-FR\",\"@id\":\"https:\/\/cmserviceitalia.it\/#\/schema\/logo\/image\/\",\"url\":\"https:\/\/cmserviceitalia.it\/assets\/uploads\/logo_cm-service_jaune_02.jpg\",\"contentUrl\":\"https:\/\/cmserviceitalia.it\/assets\/uploads\/logo_cm-service_jaune_02.jpg\",\"width\":732,\"height\":732,\"caption\":\"CM Service Italia\"},\"image\":{\"@id\":\"https:\/\/cmserviceitalia.it\/#\/schema\/logo\/image\/\"}}]}<\/script>\r\n<!-- \/ Yoast SEO plugin. -->","yoast_head_json":{"title":"Qui sommes nous - CM Service","robots":{"index":"index","follow":"follow","max-snippet":"max-snippet:-1","max-image-preview":"max-image-preview:large","max-video-preview":"max-video-preview:-1"},"canonical":"https:\/\/cmserviceitalia.it\/fr\/qui-sommes-nous\/","og_locale":"fr_FR","og_type":"article","og_title":"Qui sommes nous - CM Service","og_description":"[vc_row][vc_column][section_header layout_type=\u00a0\u00bbsection-heading-colorblock\u00a0\u00bb main_heading=\u00a0\u00bbFOURNISSEURS DE MACHINES R\u00c9VIS\u00c9ES POUR LE CARTON ONDULE\u00a0\u00bb font_size=\u00a0\u00bbdefault\u00a0\u00bb use_multi_color=\u00a0\u00bb0&Prime;][\/vc_column][\/vc_row][vc_row css=\u00a0\u00bb.vc_custom_1502810813929{margin-top: 20px !important;margin-bottom: 0px !important;}\u00a0\u00bb][vc_column css=\u00a0\u00bb.vc_custom_1502380516729{margin-bottom: 0px !important;}\u00a0\u00bb][vc_cta h2=\u00a0\u00bb\u00a0\u00bb shape=\u00a0\u00bbsquare\u00a0\u00bb style=\u00a0\u00bbcustom\u00a0\u00bb custom_background=\u00a0\u00bb#ffffff\u00a0\u00bb] Notre soci\u00e9t\u00e9 est une entreprise jeune et dynamique bas\u00e9e en Italie avec\u00a0un personnel qualifi\u00e9 et sp\u00e9cialis\u00e9 dans la r\u00e9vision et la commercialisation de machines pour la transformation du carton ondul\u00e9. Nous&hellip;","og_url":"https:\/\/cmserviceitalia.it\/fr\/qui-sommes-nous\/","og_site_name":"CM Service","article_modified_time":"2017-10-10T09:13:30+00:00","og_image":[{"url":"https:\/\/cmserviceitalia.it\/assets\/uploads\/automatic-flatbed-die-cutter-bobst-spo-1600-83-1024x768-1-1.jpg","type":"","width":"","height":""}],"twitter_misc":{"Dur\u00e9e de lecture estim\u00e9e":"1 minute"},"schema":{"@context":"https:\/\/schema.org","@graph":[{"@type":"WebPage","@id":"https:\/\/cmserviceitalia.it\/fr\/qui-sommes-nous\/","url":"https:\/\/cmserviceitalia.it\/fr\/qui-sommes-nous\/","name":"Qui sommes nous - CM Service","isPartOf":{"@id":"https:\/\/cmserviceitalia.it\/#website"},"primaryImageOfPage":{"@id":"https:\/\/cmserviceitalia.it\/fr\/qui-sommes-nous\/#primaryimage"},"image":{"@id":"https:\/\/cmserviceitalia.it\/fr\/qui-sommes-nous\/#primaryimage"},"thumbnailUrl":"https:\/\/cmserviceitalia.it\/assets\/uploads\/automatic-flatbed-die-cutter-bobst-spo-1600-83-1024x768-1-1.jpg","datePublished":"2017-05-28T12:05:12+00:00","dateModified":"2017-10-10T09:13:30+00:00","inLanguage":"fr-FR","potentialAction":[{"@type":"ReadAction","target":["https:\/\/cmserviceitalia.it\/fr\/qui-sommes-nous\/"]}]},{"@type":"ImageObject","inLanguage":"fr-FR","@id":"https:\/\/cmserviceitalia.it\/fr\/qui-sommes-nous\/#primaryimage","url":"https:\/\/cmserviceitalia.it\/assets\/uploads\/automatic-flatbed-die-cutter-bobst-spo-1600-83-1024x768-1-1.jpg","contentUrl":"https:\/\/cmserviceitalia.it\/assets\/uploads\/automatic-flatbed-die-cutter-bobst-spo-1600-83-1024x768-1-1.jpg"},{"@type":"WebSite","@id":"https:\/\/cmserviceitalia.it\/#website","url":"https:\/\/cmserviceitalia.it\/","name":"CM Service","description":"Printer Slotter Presse de d\u00e9coupe automatique Diecutter Automatique","publisher":{"@id":"https:\/\/cmserviceitalia.it\/#organization"},"potentialAction":[{"@type":"SearchAction","target":{"@type":"EntryPoint","urlTemplate":"https:\/\/cmserviceitalia.it\/?s={search_term_string}"},"query-input":{"@type":"PropertyValueSpecification","valueRequired":true,"valueName":"search_term_string"}}],"inLanguage":"fr-FR"},{"@type":"Organization","@id":"https:\/\/cmserviceitalia.it\/#organization","name":"CM Service Italia","url":"https:\/\/cmserviceitalia.it\/","logo":{"@type":"ImageObject","inLanguage":"fr-FR","@id":"https:\/\/cmserviceitalia.it\/#\/schema\/logo\/image\/","url":"https:\/\/cmserviceitalia.it\/assets\/uploads\/logo_cm-service_jaune_02.jpg","contentUrl":"https:\/\/cmserviceitalia.it\/assets\/uploads\/logo_cm-service_jaune_02.jpg","width":732,"height":732,"caption":"CM Service Italia"},"image":{"@id":"https:\/\/cmserviceitalia.it\/#\/schema\/logo\/image\/"}}]}},"_links":{"self":[{"href":"https:\/\/cmserviceitalia.it\/fr\/wp-json\/wp\/v2\/pages\/9178","targetHints":{"allow":["GET"]}}],"collection":[{"href":"https:\/\/cmserviceitalia.it\/fr\/wp-json\/wp\/v2\/pages"}],"about":[{"href":"https:\/\/cmserviceitalia.it\/fr\/wp-json\/wp\/v2\/types\/page"}],"author":[{"embeddable":true,"href":"https:\/\/cmserviceitalia.it\/fr\/wp-json\/wp\/v2\/users\/11"}],"replies":[{"embeddable":true,"href":"https:\/\/cmserviceitalia.it\/fr\/wp-json\/wp\/v2\/comments?post=9178"}],"version-history":[{"count":5,"href":"https:\/\/cmserviceitalia.it\/fr\/wp-json\/wp\/v2\/pages\/9178\/revisions"}],"predecessor-version":[{"id":9225,"href":"https:\/\/cmserviceitalia.it\/fr\/wp-json\/wp\/v2\/pages\/9178\/revisions\/9225"}],"wp:attachment":[{"href":"https:\/\/cmserviceitalia.it\/fr\/wp-json\/wp\/v2\/media?parent=9178"}],"curies":[{"name":"wp","href":"https:\/\/api.w.org\/{rel}","templated":true}]}}