{"id":9211,"date":"2017-06-05T12:51:08","date_gmt":"2017-06-05T12:51:08","guid":{"rendered":"https:\/\/cmserviceitalia.it\/service-of-spare-parts\/"},"modified":"2017-10-12T14:08:06","modified_gmt":"2017-10-12T14:08:06","slug":"service-des-pieces-de-rechange","status":"publish","type":"page","link":"https:\/\/cmserviceitalia.it\/fr\/service-des-pieces-de-rechange\/","title":{"rendered":"SERVICE DES PI\u00c8CES DE RECHANGE"},"content":{"rendered":"<div class=\"wpb-content-wrapper\"><p>[vc_row][vc_column][section_header layout_type=\u00a0\u00bbsection-heading-colorblock\u00a0\u00bb main_heading=\u00a0\u00bbSERVICE PI\u00c8CES DE RECHANGE MACHINES CARTON ONDUL\u00c9\u00a0\u00bb font_size=\u00a0\u00bbdefault\u00a0\u00bb use_multi_color=\u00a0\u00bb0&Prime; css=\u00a0\u00bb.vc_custom_1507565474121{margin-bottom: 15px !important;}\u00a0\u00bb][\/vc_column][\/vc_row][vc_row css=\u00a0\u00bb.vc_custom_1500298936268{margin-bottom: 20px !important;}\u00a0\u00bb][vc_column width=\u00a0\u00bb2\/3&Prime;][vc_cta h2=\u00a0\u00bb\u00a0\u00bb style=\u00a0\u00bbcustom\u00a0\u00bb custom_background=\u00a0\u00bb#ffffff\u00a0\u00bb]<\/p>\n<h6 style=\"text-align: center; background: #fff; color: #333333 !important; font-size: 17px; font-weight: 800;\">Consultation sur les pi\u00e8ces de rechange, les d\u00e9lais de livraison et les prix<\/h6>\n<p style=\"text-align: justify;\">CM Service Italia, offre parmi les autres services la capacit\u00e9 de rep\u00e9rer et fournir des pi\u00e8ces de rechange pour l&rsquo;entretien de tous les mod\u00e8les de machines qu&rsquo;elle r\u00e9vise et commercialise, gr\u00e2ce \u00e0 des accords \u00e0 long terme avec les producteurs partenaires commerciaux. En fait, notre entreprise est en mesure de trouver :<\/p>\n<ul class=\"puce\">\n<li><strong>pi\u00e8ces de rechange pour imprimeuses Bobst Flexo ;<\/strong><\/li>\n<li><strong>pi\u00e8ces de rechange pour machines de d\u00e9coupe Bobst Spo ;<\/strong><\/li>\n<li><strong>pi\u00e8ces de rechange pour combin\u00e9s en ligne Martin, Curioni et autres ;<\/strong><\/li>\n<li><strong>pi\u00e8ces de rechange pour le boxmaker Goepfert.<\/strong><\/li>\n<\/ul>\n<p style=\"text-align: justify;\">L&rsquo;entreprise est en mesure de s\u00e9lectionner, selon les besoins, les pi\u00e8ces de rechange les plus appropri\u00e9es et de meilleure qualit\u00e9 pour le client gr\u00e2ce \u00e0 un contr\u00f4le de qualit\u00e9 rigoureux avant d&rsquo;envoyer des pi\u00e8ces de rechange afin assurer le parfait \u00e9tat et l&rsquo;efficacit\u00e9 de ces derniers.<\/p>\n<p style=\"text-align: justify;\">Ce service est fourni gr\u00e2ce \u00e0 un canal logistique bien d\u00e9velopp\u00e9 pouvant exp\u00e9dier les pi\u00e8ces \u00e9lectriques et m\u00e9caniques de rechange avec c\u00e9l\u00e9rit\u00e9.<br \/>\nEnfin et surtout, Cm Service Italia ne se contente pas de d\u00e9nicher les pi\u00e8ces de rechange requises par les clients, en cas de de panne ou de d\u00e9faillance, mais offre \u00e9galement un service de consultation sur les pi\u00e8ces de rechange \u00e0 choisir, afin d&rsquo;aider le client \u00e0 trouver le meilleur produit au meilleur prix.<\/p>\n<p>[\/vc_cta][\/vc_column][vc_column width=\u00a0\u00bb1\/3&Prime;][vc_single_image image=\u00a0\u00bb6693&Prime; img_size=\u00a0\u00bbfull\u00a0\u00bb][\/vc_column][\/vc_row]<\/p>\n<\/div>","protected":false},"excerpt":{"rendered":"<p>[vc_row][vc_column][section_header layout_type=\u00a0\u00bbsection-heading-colorblock\u00a0\u00bb main_heading=\u00a0\u00bbSERVICE PI\u00c8CES DE RECHANGE MACHINES CARTON ONDUL\u00c9\u00a0\u00bb font_size=\u00a0\u00bbdefault\u00a0\u00bb use_multi_color=\u00a0\u00bb0&Prime; css=\u00a0\u00bb.vc_custom_1507565474121{margin-bottom: 15px !important;}\u00a0\u00bb][\/vc_column][\/vc_row][vc_row css=\u00a0\u00bb.vc_custom_1500298936268{margin-bottom: 20px !important;}\u00a0\u00bb][vc_column width=\u00a0\u00bb2\/3&Prime;][vc_cta h2=\u00a0\u00bb\u00a0\u00bb style=\u00a0\u00bbcustom\u00a0\u00bb custom_background=\u00a0\u00bb#ffffff\u00a0\u00bb] Consultation sur les pi\u00e8ces de rechange, les d\u00e9lais de livraison et les prix CM Service Italia, offre parmi les autres services la capacit\u00e9 de rep\u00e9rer et fournir des pi\u00e8ces de rechange pour l&rsquo;entretien de&hellip;<\/p>\n","protected":false},"author":11,"featured_media":0,"parent":0,"menu_order":0,"comment_status":"closed","ping_status":"closed","template":"","meta":{"footnotes":""},"class_list":["post-9211","page","type-page","status-publish","hentry"],"yoast_head":"<!-- This site is optimized with the Yoast SEO plugin v27.2 - https:\/\/yoast.com\/product\/yoast-seo-wordpress\/ -->\r\n<title>SERVICE DES PI\u00c8CES DE RECHANGE - CM Service<\/title>\r\n<meta name=\"robots\" content=\"index, follow, max-snippet:-1, max-image-preview:large, max-video-preview:-1\" \/>\r\n<link rel=\"canonical\" href=\"https:\/\/cmserviceitalia.it\/fr\/service-des-pieces-de-rechange\/\" \/>\r\n<meta property=\"og:locale\" content=\"fr_FR\" \/>\r\n<meta property=\"og:type\" content=\"article\" \/>\r\n<meta property=\"og:title\" content=\"SERVICE DES PI\u00c8CES DE RECHANGE - CM Service\" \/>\r\n<meta property=\"og:description\" content=\"[vc_row][vc_column][section_header layout_type=\u00a0\u00bbsection-heading-colorblock\u00a0\u00bb main_heading=\u00a0\u00bbSERVICE PI\u00c8CES DE RECHANGE MACHINES CARTON ONDUL\u00c9\u00a0\u00bb font_size=\u00a0\u00bbdefault\u00a0\u00bb use_multi_color=\u00a0\u00bb0&Prime; css=\u00a0\u00bb.vc_custom_1507565474121{margin-bottom: 15px !important;}\u00a0\u00bb][\/vc_column][\/vc_row][vc_row css=\u00a0\u00bb.vc_custom_1500298936268{margin-bottom: 20px !important;}\u00a0\u00bb][vc_column width=\u00a0\u00bb2\/3&Prime;][vc_cta h2=\u00a0\u00bb\u00a0\u00bb style=\u00a0\u00bbcustom\u00a0\u00bb custom_background=\u00a0\u00bb#ffffff\u00a0\u00bb] Consultation sur les pi\u00e8ces de rechange, les d\u00e9lais de livraison et les prix CM Service Italia, offre parmi les autres services la capacit\u00e9 de rep\u00e9rer et fournir des pi\u00e8ces de rechange pour l&rsquo;entretien de&hellip;\" \/>\r\n<meta property=\"og:url\" content=\"https:\/\/cmserviceitalia.it\/fr\/service-des-pieces-de-rechange\/\" \/>\r\n<meta property=\"og:site_name\" content=\"CM Service\" \/>\r\n<meta property=\"article:modified_time\" content=\"2017-10-12T14:08:06+00:00\" \/>\r\n<meta property=\"og:image\" content=\"https:\/\/cmserviceitalia.it\/assets\/uploads\/logo_cm-service_jaune_02.jpg\" \/>\r\n\t<meta property=\"og:image:width\" content=\"732\" \/>\r\n\t<meta property=\"og:image:height\" content=\"732\" \/>\r\n\t<meta property=\"og:image:type\" content=\"image\/jpeg\" \/>\r\n<meta name=\"twitter:label1\" content=\"Dur\u00e9e de lecture estim\u00e9e\" \/>\n\t<meta name=\"twitter:data1\" content=\"2 minutes\" \/>\r\n<script type=\"application\/ld+json\" class=\"yoast-schema-graph\">{\"@context\":\"https:\/\/schema.org\",\"@graph\":[{\"@type\":\"WebPage\",\"@id\":\"https:\/\/cmserviceitalia.it\/fr\/service-des-pieces-de-rechange\/\",\"url\":\"https:\/\/cmserviceitalia.it\/fr\/service-des-pieces-de-rechange\/\",\"name\":\"SERVICE DES PI\u00c8CES DE RECHANGE - CM Service\",\"isPartOf\":{\"@id\":\"https:\/\/cmserviceitalia.it\/#website\"},\"datePublished\":\"2017-06-05T12:51:08+00:00\",\"dateModified\":\"2017-10-12T14:08:06+00:00\",\"inLanguage\":\"fr-FR\",\"potentialAction\":[{\"@type\":\"ReadAction\",\"target\":[\"https:\/\/cmserviceitalia.it\/fr\/service-des-pieces-de-rechange\/\"]}]},{\"@type\":\"WebSite\",\"@id\":\"https:\/\/cmserviceitalia.it\/#website\",\"url\":\"https:\/\/cmserviceitalia.it\/\",\"name\":\"CM Service\",\"description\":\"Printer Slotter Presse de d\u00e9coupe automatique Diecutter Automatique\",\"publisher\":{\"@id\":\"https:\/\/cmserviceitalia.it\/#organization\"},\"potentialAction\":[{\"@type\":\"SearchAction\",\"target\":{\"@type\":\"EntryPoint\",\"urlTemplate\":\"https:\/\/cmserviceitalia.it\/?s={search_term_string}\"},\"query-input\":{\"@type\":\"PropertyValueSpecification\",\"valueRequired\":true,\"valueName\":\"search_term_string\"}}],\"inLanguage\":\"fr-FR\"},{\"@type\":\"Organization\",\"@id\":\"https:\/\/cmserviceitalia.it\/#organization\",\"name\":\"CM Service Italia\",\"url\":\"https:\/\/cmserviceitalia.it\/\",\"logo\":{\"@type\":\"ImageObject\",\"inLanguage\":\"fr-FR\",\"@id\":\"https:\/\/cmserviceitalia.it\/#\/schema\/logo\/image\/\",\"url\":\"https:\/\/cmserviceitalia.it\/assets\/uploads\/logo_cm-service_jaune_02.jpg\",\"contentUrl\":\"https:\/\/cmserviceitalia.it\/assets\/uploads\/logo_cm-service_jaune_02.jpg\",\"width\":732,\"height\":732,\"caption\":\"CM Service Italia\"},\"image\":{\"@id\":\"https:\/\/cmserviceitalia.it\/#\/schema\/logo\/image\/\"}}]}<\/script>\r\n<!-- \/ Yoast SEO plugin. -->","yoast_head_json":{"title":"SERVICE DES PI\u00c8CES DE RECHANGE - CM Service","robots":{"index":"index","follow":"follow","max-snippet":"max-snippet:-1","max-image-preview":"max-image-preview:large","max-video-preview":"max-video-preview:-1"},"canonical":"https:\/\/cmserviceitalia.it\/fr\/service-des-pieces-de-rechange\/","og_locale":"fr_FR","og_type":"article","og_title":"SERVICE DES PI\u00c8CES DE RECHANGE - CM Service","og_description":"[vc_row][vc_column][section_header layout_type=\u00a0\u00bbsection-heading-colorblock\u00a0\u00bb main_heading=\u00a0\u00bbSERVICE PI\u00c8CES DE RECHANGE MACHINES CARTON ONDUL\u00c9\u00a0\u00bb font_size=\u00a0\u00bbdefault\u00a0\u00bb use_multi_color=\u00a0\u00bb0&Prime; css=\u00a0\u00bb.vc_custom_1507565474121{margin-bottom: 15px !important;}\u00a0\u00bb][\/vc_column][\/vc_row][vc_row css=\u00a0\u00bb.vc_custom_1500298936268{margin-bottom: 20px !important;}\u00a0\u00bb][vc_column width=\u00a0\u00bb2\/3&Prime;][vc_cta h2=\u00a0\u00bb\u00a0\u00bb style=\u00a0\u00bbcustom\u00a0\u00bb custom_background=\u00a0\u00bb#ffffff\u00a0\u00bb] Consultation sur les pi\u00e8ces de rechange, les d\u00e9lais de livraison et les prix CM Service Italia, offre parmi les autres services la capacit\u00e9 de rep\u00e9rer et fournir des pi\u00e8ces de rechange pour l&rsquo;entretien de&hellip;","og_url":"https:\/\/cmserviceitalia.it\/fr\/service-des-pieces-de-rechange\/","og_site_name":"CM Service","article_modified_time":"2017-10-12T14:08:06+00:00","og_image":[{"width":732,"height":732,"url":"https:\/\/cmserviceitalia.it\/assets\/uploads\/logo_cm-service_jaune_02.jpg","type":"image\/jpeg"}],"twitter_misc":{"Dur\u00e9e de lecture estim\u00e9e":"2 minutes"},"schema":{"@context":"https:\/\/schema.org","@graph":[{"@type":"WebPage","@id":"https:\/\/cmserviceitalia.it\/fr\/service-des-pieces-de-rechange\/","url":"https:\/\/cmserviceitalia.it\/fr\/service-des-pieces-de-rechange\/","name":"SERVICE DES PI\u00c8CES DE RECHANGE - CM Service","isPartOf":{"@id":"https:\/\/cmserviceitalia.it\/#website"},"datePublished":"2017-06-05T12:51:08+00:00","dateModified":"2017-10-12T14:08:06+00:00","inLanguage":"fr-FR","potentialAction":[{"@type":"ReadAction","target":["https:\/\/cmserviceitalia.it\/fr\/service-des-pieces-de-rechange\/"]}]},{"@type":"WebSite","@id":"https:\/\/cmserviceitalia.it\/#website","url":"https:\/\/cmserviceitalia.it\/","name":"CM Service","description":"Printer Slotter Presse de d\u00e9coupe automatique Diecutter Automatique","publisher":{"@id":"https:\/\/cmserviceitalia.it\/#organization"},"potentialAction":[{"@type":"SearchAction","target":{"@type":"EntryPoint","urlTemplate":"https:\/\/cmserviceitalia.it\/?s={search_term_string}"},"query-input":{"@type":"PropertyValueSpecification","valueRequired":true,"valueName":"search_term_string"}}],"inLanguage":"fr-FR"},{"@type":"Organization","@id":"https:\/\/cmserviceitalia.it\/#organization","name":"CM Service Italia","url":"https:\/\/cmserviceitalia.it\/","logo":{"@type":"ImageObject","inLanguage":"fr-FR","@id":"https:\/\/cmserviceitalia.it\/#\/schema\/logo\/image\/","url":"https:\/\/cmserviceitalia.it\/assets\/uploads\/logo_cm-service_jaune_02.jpg","contentUrl":"https:\/\/cmserviceitalia.it\/assets\/uploads\/logo_cm-service_jaune_02.jpg","width":732,"height":732,"caption":"CM Service Italia"},"image":{"@id":"https:\/\/cmserviceitalia.it\/#\/schema\/logo\/image\/"}}]}},"_links":{"self":[{"href":"https:\/\/cmserviceitalia.it\/fr\/wp-json\/wp\/v2\/pages\/9211","targetHints":{"allow":["GET"]}}],"collection":[{"href":"https:\/\/cmserviceitalia.it\/fr\/wp-json\/wp\/v2\/pages"}],"about":[{"href":"https:\/\/cmserviceitalia.it\/fr\/wp-json\/wp\/v2\/types\/page"}],"author":[{"embeddable":true,"href":"https:\/\/cmserviceitalia.it\/fr\/wp-json\/wp\/v2\/users\/11"}],"replies":[{"embeddable":true,"href":"https:\/\/cmserviceitalia.it\/fr\/wp-json\/wp\/v2\/comments?post=9211"}],"version-history":[{"count":5,"href":"https:\/\/cmserviceitalia.it\/fr\/wp-json\/wp\/v2\/pages\/9211\/revisions"}],"predecessor-version":[{"id":12100,"href":"https:\/\/cmserviceitalia.it\/fr\/wp-json\/wp\/v2\/pages\/9211\/revisions\/12100"}],"wp:attachment":[{"href":"https:\/\/cmserviceitalia.it\/fr\/wp-json\/wp\/v2\/media?parent=9211"}],"curies":[{"name":"wp","href":"https:\/\/api.w.org\/{rel}","templated":true}]}}