{"id":9226,"date":"2017-06-01T12:16:31","date_gmt":"2017-06-01T12:16:31","guid":{"rendered":"https:\/\/cmserviceitalia.it\/upgrade-macchinari-cartotecnica\/"},"modified":"2017-10-10T16:13:08","modified_gmt":"2017-10-10T16:13:08","slug":"mise-a-niveau-machines-de-papeterie","status":"publish","type":"page","link":"https:\/\/cmserviceitalia.it\/fr\/mise-a-niveau-machines-de-papeterie\/","title":{"rendered":"MISE A NIVEAU MACHINES DE PAPETERIE"},"content":{"rendered":"<div class=\"wpb-content-wrapper\"><p>[vc_row][vc_column][section_header layout_type=\u00a0\u00bbsection-heading-colorblock\u00a0\u00bb main_heading=\u00a0\u00bbMISE A NIVEAU MACHINES DE PAPETERIE\u00a0\u00bb font_size=\u00a0\u00bbdefault\u00a0\u00bb use_multi_color=\u00a0\u00bb0&Prime;][\/vc_column][\/vc_row][vc_row][vc_column css=\u00a0\u00bb.vc_custom_1500997049222{margin-top: 10px !important;}\u00a0\u00bb][vc_cta h2=\u00a0\u00bb\u00a0\u00bb style=\u00a0\u00bbcustom\u00a0\u00bb custom_background=\u00a0\u00bb#ffffff\u00a0\u00bb]Mises \u00e0 niveau m\u00e9caniques, \u00e9lectriques et logicielles sur les machines r\u00e9vis\u00e9es<\/p>\n<p id=\"jstf\">Cm Service Italia offre un service de mise \u00e0 niveau pour les machines industrielles r\u00e9vis\u00e9es et destin\u00e9es \u00e0 l&rsquo;industrie de la papeterie, visant \u00e0 identifier les solutions m\u00e9caniques, \u00e9lectroniques et logicielles et les mises \u00e0 niveau qui peuvent am\u00e9liorer les performances des machines trait\u00e9es en augmentant la qualit\u00e9 des performances fournies.<\/p>\n<p id=\"jstf\">Ce service est possible gr\u00e2ce \u00e0 l&rsquo;\u00e9quipe d&rsquo;experts au sein de notre entreprise, qui traite de l&rsquo;\u00e9valuation, de l&rsquo;analyse et de la proposition des mises \u00e0 niveau les plus rentables, en termes de co\u00fbts et de temps de r\u00e9alisations.<\/p>\n<p>Les mises \u00e0 jour possibles, varient et d\u00e9pendent de la cat\u00e9gorie de produit concern\u00e9e et du mod\u00e8le. \u00c0 cette fin, nous pouvons distinguer les diff\u00e9rentes mises \u00e0 jour identifi\u00e9es aujourd&rsquo;hui dans les cat\u00e9gories de machines suivantes qui ont \u00e9t\u00e9 r\u00e9vis\u00e9es et destin\u00e9es \u00e0 la papeterie :<\/p>\n<ul>\n<li><a href=\"https:\/\/cmserviceitalia.it\/fr\/mise-a-niveau-imprimeuses-bobst-flexo\/\">MISE A NIVEAU IMPRIMEUSES BOBST FLEXO<\/a><\/li>\n<li><a href=\"https:\/\/cmserviceitalia.it\/fr\/bobst-spo-die-cutters-upgrade\/\">MISE A NIVEAU MACHINES DE D\u00c9COUPE BOBST SPO<\/a><\/li>\n<li>MISE A NIVEAU COMBIN\u00c9S EN LIGNE<\/li>\n<li>MISE A NIVEAU BOXMAKER G\u00d6PFERT<\/li>\n<\/ul>\n<p>[\/vc_cta][\/vc_column][\/vc_row]<\/p>\n<\/div>","protected":false},"excerpt":{"rendered":"<p>[vc_row][vc_column][section_header layout_type=\u00a0\u00bbsection-heading-colorblock\u00a0\u00bb main_heading=\u00a0\u00bbMISE A NIVEAU MACHINES DE PAPETERIE\u00a0\u00bb font_size=\u00a0\u00bbdefault\u00a0\u00bb use_multi_color=\u00a0\u00bb0&Prime;][\/vc_column][\/vc_row][vc_row][vc_column css=\u00a0\u00bb.vc_custom_1500997049222{margin-top: 10px !important;}\u00a0\u00bb][vc_cta h2=\u00a0\u00bb\u00a0\u00bb style=\u00a0\u00bbcustom\u00a0\u00bb custom_background=\u00a0\u00bb#ffffff\u00a0\u00bb]Mises \u00e0 niveau m\u00e9caniques, \u00e9lectriques et logicielles sur les machines r\u00e9vis\u00e9es Cm Service Italia offre un service de mise \u00e0 niveau pour les machines industrielles r\u00e9vis\u00e9es et destin\u00e9es \u00e0 l&rsquo;industrie de la papeterie, visant \u00e0 identifier les solutions m\u00e9caniques, \u00e9lectroniques&hellip;<\/p>\n","protected":false},"author":11,"featured_media":0,"parent":0,"menu_order":0,"comment_status":"closed","ping_status":"closed","template":"","meta":{"footnotes":""},"class_list":["post-9226","page","type-page","status-publish","hentry"],"yoast_head":"<!-- This site is optimized with the Yoast SEO plugin v27.2 - https:\/\/yoast.com\/product\/yoast-seo-wordpress\/ -->\r\n<title>MISE A NIVEAU MACHINES DE PAPETERIE - CM Service<\/title>\r\n<meta name=\"robots\" content=\"index, follow, max-snippet:-1, max-image-preview:large, max-video-preview:-1\" \/>\r\n<link rel=\"canonical\" href=\"https:\/\/cmserviceitalia.it\/fr\/mise-a-niveau-machines-de-papeterie\/\" \/>\r\n<meta property=\"og:locale\" content=\"fr_FR\" \/>\r\n<meta property=\"og:type\" content=\"article\" \/>\r\n<meta property=\"og:title\" content=\"MISE A NIVEAU MACHINES DE PAPETERIE - CM Service\" \/>\r\n<meta property=\"og:description\" content=\"[vc_row][vc_column][section_header layout_type=\u00a0\u00bbsection-heading-colorblock\u00a0\u00bb main_heading=\u00a0\u00bbMISE A NIVEAU MACHINES DE PAPETERIE\u00a0\u00bb font_size=\u00a0\u00bbdefault\u00a0\u00bb use_multi_color=\u00a0\u00bb0&Prime;][\/vc_column][\/vc_row][vc_row][vc_column css=\u00a0\u00bb.vc_custom_1500997049222{margin-top: 10px !important;}\u00a0\u00bb][vc_cta h2=\u00a0\u00bb\u00a0\u00bb style=\u00a0\u00bbcustom\u00a0\u00bb custom_background=\u00a0\u00bb#ffffff\u00a0\u00bb]Mises \u00e0 niveau m\u00e9caniques, \u00e9lectriques et logicielles sur les machines r\u00e9vis\u00e9es Cm Service Italia offre un service de mise \u00e0 niveau pour les machines industrielles r\u00e9vis\u00e9es et destin\u00e9es \u00e0 l&rsquo;industrie de la papeterie, visant \u00e0 identifier les solutions m\u00e9caniques, \u00e9lectroniques&hellip;\" \/>\r\n<meta property=\"og:url\" content=\"https:\/\/cmserviceitalia.it\/fr\/mise-a-niveau-machines-de-papeterie\/\" \/>\r\n<meta property=\"og:site_name\" content=\"CM Service\" \/>\r\n<meta property=\"article:modified_time\" content=\"2017-10-10T16:13:08+00:00\" \/>\r\n<meta property=\"og:image\" content=\"https:\/\/cmserviceitalia.it\/assets\/uploads\/logo_cm-service_jaune_02.jpg\" \/>\r\n\t<meta property=\"og:image:width\" content=\"732\" \/>\r\n\t<meta property=\"og:image:height\" content=\"732\" \/>\r\n\t<meta property=\"og:image:type\" content=\"image\/jpeg\" \/>\r\n<meta name=\"twitter:label1\" content=\"Dur\u00e9e de lecture estim\u00e9e\" \/>\n\t<meta name=\"twitter:data1\" content=\"1 minute\" \/>\r\n<script type=\"application\/ld+json\" class=\"yoast-schema-graph\">{\"@context\":\"https:\/\/schema.org\",\"@graph\":[{\"@type\":\"WebPage\",\"@id\":\"https:\/\/cmserviceitalia.it\/fr\/mise-a-niveau-machines-de-papeterie\/\",\"url\":\"https:\/\/cmserviceitalia.it\/fr\/mise-a-niveau-machines-de-papeterie\/\",\"name\":\"MISE A NIVEAU MACHINES DE PAPETERIE - CM Service\",\"isPartOf\":{\"@id\":\"https:\/\/cmserviceitalia.it\/#website\"},\"datePublished\":\"2017-06-01T12:16:31+00:00\",\"dateModified\":\"2017-10-10T16:13:08+00:00\",\"inLanguage\":\"fr-FR\",\"potentialAction\":[{\"@type\":\"ReadAction\",\"target\":[\"https:\/\/cmserviceitalia.it\/fr\/mise-a-niveau-machines-de-papeterie\/\"]}]},{\"@type\":\"WebSite\",\"@id\":\"https:\/\/cmserviceitalia.it\/#website\",\"url\":\"https:\/\/cmserviceitalia.it\/\",\"name\":\"CM Service\",\"description\":\"Printer Slotter Presse de d\u00e9coupe automatique Diecutter Automatique\",\"publisher\":{\"@id\":\"https:\/\/cmserviceitalia.it\/#organization\"},\"potentialAction\":[{\"@type\":\"SearchAction\",\"target\":{\"@type\":\"EntryPoint\",\"urlTemplate\":\"https:\/\/cmserviceitalia.it\/?s={search_term_string}\"},\"query-input\":{\"@type\":\"PropertyValueSpecification\",\"valueRequired\":true,\"valueName\":\"search_term_string\"}}],\"inLanguage\":\"fr-FR\"},{\"@type\":\"Organization\",\"@id\":\"https:\/\/cmserviceitalia.it\/#organization\",\"name\":\"CM Service Italia\",\"url\":\"https:\/\/cmserviceitalia.it\/\",\"logo\":{\"@type\":\"ImageObject\",\"inLanguage\":\"fr-FR\",\"@id\":\"https:\/\/cmserviceitalia.it\/#\/schema\/logo\/image\/\",\"url\":\"https:\/\/cmserviceitalia.it\/assets\/uploads\/logo_cm-service_jaune_02.jpg\",\"contentUrl\":\"https:\/\/cmserviceitalia.it\/assets\/uploads\/logo_cm-service_jaune_02.jpg\",\"width\":732,\"height\":732,\"caption\":\"CM Service Italia\"},\"image\":{\"@id\":\"https:\/\/cmserviceitalia.it\/#\/schema\/logo\/image\/\"}}]}<\/script>\r\n<!-- \/ Yoast SEO plugin. -->","yoast_head_json":{"title":"MISE A NIVEAU MACHINES DE PAPETERIE - CM Service","robots":{"index":"index","follow":"follow","max-snippet":"max-snippet:-1","max-image-preview":"max-image-preview:large","max-video-preview":"max-video-preview:-1"},"canonical":"https:\/\/cmserviceitalia.it\/fr\/mise-a-niveau-machines-de-papeterie\/","og_locale":"fr_FR","og_type":"article","og_title":"MISE A NIVEAU MACHINES DE PAPETERIE - CM Service","og_description":"[vc_row][vc_column][section_header layout_type=\u00a0\u00bbsection-heading-colorblock\u00a0\u00bb main_heading=\u00a0\u00bbMISE A NIVEAU MACHINES DE PAPETERIE\u00a0\u00bb font_size=\u00a0\u00bbdefault\u00a0\u00bb use_multi_color=\u00a0\u00bb0&Prime;][\/vc_column][\/vc_row][vc_row][vc_column css=\u00a0\u00bb.vc_custom_1500997049222{margin-top: 10px !important;}\u00a0\u00bb][vc_cta h2=\u00a0\u00bb\u00a0\u00bb style=\u00a0\u00bbcustom\u00a0\u00bb custom_background=\u00a0\u00bb#ffffff\u00a0\u00bb]Mises \u00e0 niveau m\u00e9caniques, \u00e9lectriques et logicielles sur les machines r\u00e9vis\u00e9es Cm Service Italia offre un service de mise \u00e0 niveau pour les machines industrielles r\u00e9vis\u00e9es et destin\u00e9es \u00e0 l&rsquo;industrie de la papeterie, visant \u00e0 identifier les solutions m\u00e9caniques, \u00e9lectroniques&hellip;","og_url":"https:\/\/cmserviceitalia.it\/fr\/mise-a-niveau-machines-de-papeterie\/","og_site_name":"CM Service","article_modified_time":"2017-10-10T16:13:08+00:00","og_image":[{"width":732,"height":732,"url":"https:\/\/cmserviceitalia.it\/assets\/uploads\/logo_cm-service_jaune_02.jpg","type":"image\/jpeg"}],"twitter_misc":{"Dur\u00e9e de lecture estim\u00e9e":"1 minute"},"schema":{"@context":"https:\/\/schema.org","@graph":[{"@type":"WebPage","@id":"https:\/\/cmserviceitalia.it\/fr\/mise-a-niveau-machines-de-papeterie\/","url":"https:\/\/cmserviceitalia.it\/fr\/mise-a-niveau-machines-de-papeterie\/","name":"MISE A NIVEAU MACHINES DE PAPETERIE - CM Service","isPartOf":{"@id":"https:\/\/cmserviceitalia.it\/#website"},"datePublished":"2017-06-01T12:16:31+00:00","dateModified":"2017-10-10T16:13:08+00:00","inLanguage":"fr-FR","potentialAction":[{"@type":"ReadAction","target":["https:\/\/cmserviceitalia.it\/fr\/mise-a-niveau-machines-de-papeterie\/"]}]},{"@type":"WebSite","@id":"https:\/\/cmserviceitalia.it\/#website","url":"https:\/\/cmserviceitalia.it\/","name":"CM Service","description":"Printer Slotter Presse de d\u00e9coupe automatique Diecutter Automatique","publisher":{"@id":"https:\/\/cmserviceitalia.it\/#organization"},"potentialAction":[{"@type":"SearchAction","target":{"@type":"EntryPoint","urlTemplate":"https:\/\/cmserviceitalia.it\/?s={search_term_string}"},"query-input":{"@type":"PropertyValueSpecification","valueRequired":true,"valueName":"search_term_string"}}],"inLanguage":"fr-FR"},{"@type":"Organization","@id":"https:\/\/cmserviceitalia.it\/#organization","name":"CM Service Italia","url":"https:\/\/cmserviceitalia.it\/","logo":{"@type":"ImageObject","inLanguage":"fr-FR","@id":"https:\/\/cmserviceitalia.it\/#\/schema\/logo\/image\/","url":"https:\/\/cmserviceitalia.it\/assets\/uploads\/logo_cm-service_jaune_02.jpg","contentUrl":"https:\/\/cmserviceitalia.it\/assets\/uploads\/logo_cm-service_jaune_02.jpg","width":732,"height":732,"caption":"CM Service Italia"},"image":{"@id":"https:\/\/cmserviceitalia.it\/#\/schema\/logo\/image\/"}}]}},"_links":{"self":[{"href":"https:\/\/cmserviceitalia.it\/fr\/wp-json\/wp\/v2\/pages\/9226","targetHints":{"allow":["GET"]}}],"collection":[{"href":"https:\/\/cmserviceitalia.it\/fr\/wp-json\/wp\/v2\/pages"}],"about":[{"href":"https:\/\/cmserviceitalia.it\/fr\/wp-json\/wp\/v2\/types\/page"}],"author":[{"embeddable":true,"href":"https:\/\/cmserviceitalia.it\/fr\/wp-json\/wp\/v2\/users\/11"}],"replies":[{"embeddable":true,"href":"https:\/\/cmserviceitalia.it\/fr\/wp-json\/wp\/v2\/comments?post=9226"}],"version-history":[{"count":4,"href":"https:\/\/cmserviceitalia.it\/fr\/wp-json\/wp\/v2\/pages\/9226\/revisions"}],"predecessor-version":[{"id":9377,"href":"https:\/\/cmserviceitalia.it\/fr\/wp-json\/wp\/v2\/pages\/9226\/revisions\/9377"}],"wp:attachment":[{"href":"https:\/\/cmserviceitalia.it\/fr\/wp-json\/wp\/v2\/media?parent=9226"}],"curies":[{"name":"wp","href":"https:\/\/api.w.org\/{rel}","templated":true}]}}