{"id":9229,"date":"2017-06-05T12:42:59","date_gmt":"2017-06-05T12:42:59","guid":{"rendered":"https:\/\/cmserviceitalia.it\/trasporto-macchinari-revisionati\/"},"modified":"2017-10-12T14:05:12","modified_gmt":"2017-10-12T14:05:12","slug":"transport-machines-revisees","status":"publish","type":"page","link":"https:\/\/cmserviceitalia.it\/fr\/transport-machines-revisees\/","title":{"rendered":"TRANSPORT MACHINES R\u00c9VIS\u00c9ES"},"content":{"rendered":"<div class=\"wpb-content-wrapper\"><p>[vc_row][vc_column][section_header layout_type=\u00a0\u00bbsection-heading-colorblock\u00a0\u00bb main_heading=\u00a0\u00bbTRANSPORT MACHINES R\u00c9VIS\u00c9ES\u00a0\u00bb font_size=\u00a0\u00bbdefault\u00a0\u00bb use_multi_color=\u00a0\u00bb0&Prime;][\/vc_column][\/vc_row][vc_row][vc_column css=\u00a0\u00bb.vc_custom_1500997379887{margin-top: 10px !important;}\u00a0\u00bb][vc_cta h2=\u00a0\u00bb\u00a0\u00bb shape=\u00a0\u00bbsquare\u00a0\u00bb style=\u00a0\u00bbcustom\u00a0\u00bb custom_background=\u00a0\u00bb#ffffff\u00a0\u00bb]<\/p>\n<h3 style=\"text-align: center;\">D\u00e9placement des machines en carton ondul\u00e9<\/h3>\n<p id=\"jstf\"><b>CM SERVICE ITALIA <\/b>offre \u00e0 son propre client un service de transport professionnel pour le d\u00e9m\u00e9nagement en Italie et \u00e0 l&rsquo; \u00e9tranger, des machines pour le carton ondul\u00e9 r\u00e9vis\u00e9es des meilleurs fabricants comme Bobst, Martin, Curioni, TCY, Piemonte Meccanica, G\u00f6pfert et autres.<\/p>\n<p id=\"jstf\">La soci\u00e9t\u00e9 dispose, en particulier, d&rsquo;une \u00e9quipe exp\u00e9riment\u00e9e de m\u00e9caniciens et \u00e9lectriciens, capable de fournir un service complet pour le d\u00e9montage, le transport, l&rsquo;installation et la mise en service pour toute op\u00e9ration quel que soit le type de machine r\u00e9vis\u00e9e.<\/p>\n<p id=\"jstf\">Pour \u00eatre plus pr\u00e9cis, nous pouvons garantir le service de d\u00e9placement pour la<br \/>\nper il:<\/p>\n<ul>\n<li>MISE A NIVEAU IMPRIMEUSES BOBST FLEXO<\/li>\n<li>MISE A NIVEAU MACHINES DE D\u00c9COUPE BOBST SPO<\/li>\n<li>MISE A NIVEAU COMBIN\u00c9S EN LIGNE<\/li>\n<li>MISE A NIVEAU BOXMAKER G\u00d6PFERT<\/li>\n<\/ul>\n<p id=\"jstf\">Notre objectif est d&rsquo;accompagner le client dans toutes les phases de son processus d&rsquo;achat.<\/p>\n<p>[\/vc_cta][\/vc_column][\/vc_row][vc_row css=\u00a0\u00bb.vc_custom_1503926537723{margin-bottom: 20px !important;}\u00a0\u00bb][vc_column width=\u00a0\u00bb1\/4&Prime;][vc_single_image image=\u00a0\u00bb6672&Prime; img_size=\u00a0\u00bb240&#215;240&Prime; alignment=\u00a0\u00bbcenter\u00a0\u00bb onclick=\u00a0\u00bbimg_link_large\u00a0\u00bb][\/vc_column][vc_column width=\u00a0\u00bb1\/4&Prime;][vc_single_image image=\u00a0\u00bb6676&Prime; img_size=\u00a0\u00bb240&#215;240&Prime; alignment=\u00a0\u00bbcenter\u00a0\u00bb onclick=\u00a0\u00bbimg_link_large\u00a0\u00bb][\/vc_column][vc_column width=\u00a0\u00bb1\/4&Prime;][vc_single_image image=\u00a0\u00bb6680&Prime; img_size=\u00a0\u00bb240&#215;240&Prime; alignment=\u00a0\u00bbcenter\u00a0\u00bb onclick=\u00a0\u00bbimg_link_large\u00a0\u00bb][\/vc_column][vc_column width=\u00a0\u00bb1\/4&Prime;][vc_single_image image=\u00a0\u00bb6684&Prime; img_size=\u00a0\u00bb240&#215;240&Prime; alignment=\u00a0\u00bbcenter\u00a0\u00bb onclick=\u00a0\u00bbimg_link_large\u00a0\u00bb][\/vc_column][\/vc_row]<\/p>\n<\/div>","protected":false},"excerpt":{"rendered":"<p>[vc_row][vc_column][section_header layout_type=\u00a0\u00bbsection-heading-colorblock\u00a0\u00bb main_heading=\u00a0\u00bbTRANSPORT MACHINES R\u00c9VIS\u00c9ES\u00a0\u00bb font_size=\u00a0\u00bbdefault\u00a0\u00bb use_multi_color=\u00a0\u00bb0&Prime;][\/vc_column][\/vc_row][vc_row][vc_column css=\u00a0\u00bb.vc_custom_1500997379887{margin-top: 10px !important;}\u00a0\u00bb][vc_cta h2=\u00a0\u00bb\u00a0\u00bb shape=\u00a0\u00bbsquare\u00a0\u00bb style=\u00a0\u00bbcustom\u00a0\u00bb custom_background=\u00a0\u00bb#ffffff\u00a0\u00bb] D\u00e9placement des machines en carton ondul\u00e9 CM SERVICE ITALIA offre \u00e0 son propre client un service de transport professionnel pour le d\u00e9m\u00e9nagement en Italie et \u00e0 l&rsquo; \u00e9tranger, des machines pour le carton ondul\u00e9 r\u00e9vis\u00e9es des meilleurs fabricants comme Bobst, Martin,&hellip;<\/p>\n","protected":false},"author":11,"featured_media":0,"parent":0,"menu_order":0,"comment_status":"closed","ping_status":"closed","template":"","meta":{"footnotes":""},"class_list":["post-9229","page","type-page","status-publish","hentry"],"yoast_head":"<!-- This site is optimized with the Yoast SEO plugin v27.2 - https:\/\/yoast.com\/product\/yoast-seo-wordpress\/ -->\r\n<title>TRANSPORT MACHINES R\u00c9VIS\u00c9ES - CM Service<\/title>\r\n<meta name=\"robots\" content=\"index, follow, max-snippet:-1, max-image-preview:large, max-video-preview:-1\" \/>\r\n<link rel=\"canonical\" href=\"https:\/\/cmserviceitalia.it\/fr\/transport-machines-revisees\/\" \/>\r\n<meta property=\"og:locale\" content=\"fr_FR\" \/>\r\n<meta property=\"og:type\" content=\"article\" \/>\r\n<meta property=\"og:title\" content=\"TRANSPORT MACHINES R\u00c9VIS\u00c9ES - CM Service\" \/>\r\n<meta property=\"og:description\" content=\"[vc_row][vc_column][section_header layout_type=\u00a0\u00bbsection-heading-colorblock\u00a0\u00bb main_heading=\u00a0\u00bbTRANSPORT MACHINES R\u00c9VIS\u00c9ES\u00a0\u00bb font_size=\u00a0\u00bbdefault\u00a0\u00bb use_multi_color=\u00a0\u00bb0&Prime;][\/vc_column][\/vc_row][vc_row][vc_column css=\u00a0\u00bb.vc_custom_1500997379887{margin-top: 10px !important;}\u00a0\u00bb][vc_cta h2=\u00a0\u00bb\u00a0\u00bb shape=\u00a0\u00bbsquare\u00a0\u00bb style=\u00a0\u00bbcustom\u00a0\u00bb custom_background=\u00a0\u00bb#ffffff\u00a0\u00bb] D\u00e9placement des machines en carton ondul\u00e9 CM SERVICE ITALIA offre \u00e0 son propre client un service de transport professionnel pour le d\u00e9m\u00e9nagement en Italie et \u00e0 l&rsquo; \u00e9tranger, des machines pour le carton ondul\u00e9 r\u00e9vis\u00e9es des meilleurs fabricants comme Bobst, Martin,&hellip;\" \/>\r\n<meta property=\"og:url\" content=\"https:\/\/cmserviceitalia.it\/fr\/transport-machines-revisees\/\" \/>\r\n<meta property=\"og:site_name\" content=\"CM Service\" \/>\r\n<meta property=\"article:modified_time\" content=\"2017-10-12T14:05:12+00:00\" \/>\r\n<meta property=\"og:image\" content=\"https:\/\/cmserviceitalia.it\/assets\/uploads\/logo_cm-service_jaune_02.jpg\" \/>\r\n\t<meta property=\"og:image:width\" content=\"732\" \/>\r\n\t<meta property=\"og:image:height\" content=\"732\" \/>\r\n\t<meta property=\"og:image:type\" content=\"image\/jpeg\" \/>\r\n<meta name=\"twitter:label1\" content=\"Dur\u00e9e de lecture estim\u00e9e\" \/>\n\t<meta name=\"twitter:data1\" content=\"1 minute\" \/>\r\n<script type=\"application\/ld+json\" class=\"yoast-schema-graph\">{\"@context\":\"https:\/\/schema.org\",\"@graph\":[{\"@type\":\"WebPage\",\"@id\":\"https:\/\/cmserviceitalia.it\/fr\/transport-machines-revisees\/\",\"url\":\"https:\/\/cmserviceitalia.it\/fr\/transport-machines-revisees\/\",\"name\":\"TRANSPORT MACHINES R\u00c9VIS\u00c9ES - CM Service\",\"isPartOf\":{\"@id\":\"https:\/\/cmserviceitalia.it\/#website\"},\"datePublished\":\"2017-06-05T12:42:59+00:00\",\"dateModified\":\"2017-10-12T14:05:12+00:00\",\"inLanguage\":\"fr-FR\",\"potentialAction\":[{\"@type\":\"ReadAction\",\"target\":[\"https:\/\/cmserviceitalia.it\/fr\/transport-machines-revisees\/\"]}]},{\"@type\":\"WebSite\",\"@id\":\"https:\/\/cmserviceitalia.it\/#website\",\"url\":\"https:\/\/cmserviceitalia.it\/\",\"name\":\"CM Service\",\"description\":\"Printer Slotter Presse de d\u00e9coupe automatique Diecutter Automatique\",\"publisher\":{\"@id\":\"https:\/\/cmserviceitalia.it\/#organization\"},\"potentialAction\":[{\"@type\":\"SearchAction\",\"target\":{\"@type\":\"EntryPoint\",\"urlTemplate\":\"https:\/\/cmserviceitalia.it\/?s={search_term_string}\"},\"query-input\":{\"@type\":\"PropertyValueSpecification\",\"valueRequired\":true,\"valueName\":\"search_term_string\"}}],\"inLanguage\":\"fr-FR\"},{\"@type\":\"Organization\",\"@id\":\"https:\/\/cmserviceitalia.it\/#organization\",\"name\":\"CM Service Italia\",\"url\":\"https:\/\/cmserviceitalia.it\/\",\"logo\":{\"@type\":\"ImageObject\",\"inLanguage\":\"fr-FR\",\"@id\":\"https:\/\/cmserviceitalia.it\/#\/schema\/logo\/image\/\",\"url\":\"https:\/\/cmserviceitalia.it\/assets\/uploads\/logo_cm-service_jaune_02.jpg\",\"contentUrl\":\"https:\/\/cmserviceitalia.it\/assets\/uploads\/logo_cm-service_jaune_02.jpg\",\"width\":732,\"height\":732,\"caption\":\"CM Service Italia\"},\"image\":{\"@id\":\"https:\/\/cmserviceitalia.it\/#\/schema\/logo\/image\/\"}}]}<\/script>\r\n<!-- \/ Yoast SEO plugin. -->","yoast_head_json":{"title":"TRANSPORT MACHINES R\u00c9VIS\u00c9ES - CM Service","robots":{"index":"index","follow":"follow","max-snippet":"max-snippet:-1","max-image-preview":"max-image-preview:large","max-video-preview":"max-video-preview:-1"},"canonical":"https:\/\/cmserviceitalia.it\/fr\/transport-machines-revisees\/","og_locale":"fr_FR","og_type":"article","og_title":"TRANSPORT MACHINES R\u00c9VIS\u00c9ES - CM Service","og_description":"[vc_row][vc_column][section_header layout_type=\u00a0\u00bbsection-heading-colorblock\u00a0\u00bb main_heading=\u00a0\u00bbTRANSPORT MACHINES R\u00c9VIS\u00c9ES\u00a0\u00bb font_size=\u00a0\u00bbdefault\u00a0\u00bb use_multi_color=\u00a0\u00bb0&Prime;][\/vc_column][\/vc_row][vc_row][vc_column css=\u00a0\u00bb.vc_custom_1500997379887{margin-top: 10px !important;}\u00a0\u00bb][vc_cta h2=\u00a0\u00bb\u00a0\u00bb shape=\u00a0\u00bbsquare\u00a0\u00bb style=\u00a0\u00bbcustom\u00a0\u00bb custom_background=\u00a0\u00bb#ffffff\u00a0\u00bb] D\u00e9placement des machines en carton ondul\u00e9 CM SERVICE ITALIA offre \u00e0 son propre client un service de transport professionnel pour le d\u00e9m\u00e9nagement en Italie et \u00e0 l&rsquo; \u00e9tranger, des machines pour le carton ondul\u00e9 r\u00e9vis\u00e9es des meilleurs fabricants comme Bobst, Martin,&hellip;","og_url":"https:\/\/cmserviceitalia.it\/fr\/transport-machines-revisees\/","og_site_name":"CM Service","article_modified_time":"2017-10-12T14:05:12+00:00","og_image":[{"width":732,"height":732,"url":"https:\/\/cmserviceitalia.it\/assets\/uploads\/logo_cm-service_jaune_02.jpg","type":"image\/jpeg"}],"twitter_misc":{"Dur\u00e9e de lecture estim\u00e9e":"1 minute"},"schema":{"@context":"https:\/\/schema.org","@graph":[{"@type":"WebPage","@id":"https:\/\/cmserviceitalia.it\/fr\/transport-machines-revisees\/","url":"https:\/\/cmserviceitalia.it\/fr\/transport-machines-revisees\/","name":"TRANSPORT MACHINES R\u00c9VIS\u00c9ES - CM Service","isPartOf":{"@id":"https:\/\/cmserviceitalia.it\/#website"},"datePublished":"2017-06-05T12:42:59+00:00","dateModified":"2017-10-12T14:05:12+00:00","inLanguage":"fr-FR","potentialAction":[{"@type":"ReadAction","target":["https:\/\/cmserviceitalia.it\/fr\/transport-machines-revisees\/"]}]},{"@type":"WebSite","@id":"https:\/\/cmserviceitalia.it\/#website","url":"https:\/\/cmserviceitalia.it\/","name":"CM Service","description":"Printer Slotter Presse de d\u00e9coupe automatique Diecutter Automatique","publisher":{"@id":"https:\/\/cmserviceitalia.it\/#organization"},"potentialAction":[{"@type":"SearchAction","target":{"@type":"EntryPoint","urlTemplate":"https:\/\/cmserviceitalia.it\/?s={search_term_string}"},"query-input":{"@type":"PropertyValueSpecification","valueRequired":true,"valueName":"search_term_string"}}],"inLanguage":"fr-FR"},{"@type":"Organization","@id":"https:\/\/cmserviceitalia.it\/#organization","name":"CM Service Italia","url":"https:\/\/cmserviceitalia.it\/","logo":{"@type":"ImageObject","inLanguage":"fr-FR","@id":"https:\/\/cmserviceitalia.it\/#\/schema\/logo\/image\/","url":"https:\/\/cmserviceitalia.it\/assets\/uploads\/logo_cm-service_jaune_02.jpg","contentUrl":"https:\/\/cmserviceitalia.it\/assets\/uploads\/logo_cm-service_jaune_02.jpg","width":732,"height":732,"caption":"CM Service Italia"},"image":{"@id":"https:\/\/cmserviceitalia.it\/#\/schema\/logo\/image\/"}}]}},"_links":{"self":[{"href":"https:\/\/cmserviceitalia.it\/fr\/wp-json\/wp\/v2\/pages\/9229","targetHints":{"allow":["GET"]}}],"collection":[{"href":"https:\/\/cmserviceitalia.it\/fr\/wp-json\/wp\/v2\/pages"}],"about":[{"href":"https:\/\/cmserviceitalia.it\/fr\/wp-json\/wp\/v2\/types\/page"}],"author":[{"embeddable":true,"href":"https:\/\/cmserviceitalia.it\/fr\/wp-json\/wp\/v2\/users\/11"}],"replies":[{"embeddable":true,"href":"https:\/\/cmserviceitalia.it\/fr\/wp-json\/wp\/v2\/comments?post=9229"}],"version-history":[{"count":4,"href":"https:\/\/cmserviceitalia.it\/fr\/wp-json\/wp\/v2\/pages\/9229\/revisions"}],"predecessor-version":[{"id":12098,"href":"https:\/\/cmserviceitalia.it\/fr\/wp-json\/wp\/v2\/pages\/9229\/revisions\/12098"}],"wp:attachment":[{"href":"https:\/\/cmserviceitalia.it\/fr\/wp-json\/wp\/v2\/media?parent=9229"}],"curies":[{"name":"wp","href":"https:\/\/api.w.org\/{rel}","templated":true}]}}