{"id":9232,"date":"2017-06-05T12:47:06","date_gmt":"2017-06-05T12:47:06","guid":{"rendered":"https:\/\/cmserviceitalia.it\/assistenza-e-manutenzione\/"},"modified":"2017-10-11T07:24:28","modified_gmt":"2017-10-11T07:24:28","slug":"services-apres-vente","status":"publish","type":"page","link":"https:\/\/cmserviceitalia.it\/fr\/services-apres-vente\/","title":{"rendered":"SERVICES APR\u00c8S-VENTE"},"content":{"rendered":"<div class=\"wpb-content-wrapper\"><p>[vc_row][vc_column][section_header layout_type=\u00a0\u00bbsection-heading-colorblock\u00a0\u00bb main_heading=\u00a0\u00bbSERVICES APR\u00c8S-VENTE\u00a0\u00bb font_size=\u00a0\u00bbdefault\u00a0\u00bb use_multi_color=\u00a0\u00bb0&Prime;][\/vc_column][\/vc_row][vc_row][vc_column css=\u00a0\u00bb.vc_custom_1500997353105{margin-top: 10px !important;}\u00a0\u00bb][vc_cta h2=\u00a0\u00bb\u00a0\u00bb shape=\u00a0\u00bbsquare\u00a0\u00bb style=\u00a0\u00bbcustom\u00a0\u00bb custom_background=\u00a0\u00bb#ffffff\u00a0\u00bb]<\/p>\n<h3 style=\"text-align: center;\">Assistance et entretien<\/h3>\n<p class=\"jstf\">Service Cm Italia, comme indiqu\u00e9, a pour but d&rsquo;accompagner le clients non seulement au cours de tout le processus d\u00e9cisionnel mais m\u00eame par la suite, une fois la vente termin\u00e9e, en proposant un service apr\u00e8s-vente, compl\u00e8te, sur toute cat\u00e9gorie de voiture la machine de papeterie r\u00e9vis\u00e9e.<\/p>\n<p class=\"jstf\">En d\u00e9tail, nous structurons le service apr\u00e8s-vente, fourni sur machine r\u00e9vis\u00e9, comme suit :<\/p>\n<ul>\n<li><b>Contact t\u00e9l\u00e9phonique avec le client:<\/b>pour une analyse cibl\u00e9e la probl\u00e8me n\u00e9e sur machines afin de d\u00e9terminer si c&rsquo;est la nature technique ou pratique;<\/li>\n<li><b>Assistance \u00e9lectrique et \u00e9lectronique:<\/b> avec des possibilit\u00e9s de connexion \u00e0 distance de la machine pour une identification et une solution rapide du probl\u00e8me ;<\/li>\n<li><b>Contrats de maintenance pr\u00e9vue:<\/b>pour garder les diff\u00e9rentes machines la fabrication du papier en parfait \u00e9tat de marche.<\/li>\n<\/ul>\n<p>[\/vc_cta][\/vc_column][\/vc_row]<\/p>\n<\/div>","protected":false},"excerpt":{"rendered":"<p>[vc_row][vc_column][section_header layout_type=\u00a0\u00bbsection-heading-colorblock\u00a0\u00bb main_heading=\u00a0\u00bbSERVICES APR\u00c8S-VENTE\u00a0\u00bb font_size=\u00a0\u00bbdefault\u00a0\u00bb use_multi_color=\u00a0\u00bb0&Prime;][\/vc_column][\/vc_row][vc_row][vc_column css=\u00a0\u00bb.vc_custom_1500997353105{margin-top: 10px !important;}\u00a0\u00bb][vc_cta h2=\u00a0\u00bb\u00a0\u00bb shape=\u00a0\u00bbsquare\u00a0\u00bb style=\u00a0\u00bbcustom\u00a0\u00bb custom_background=\u00a0\u00bb#ffffff\u00a0\u00bb] Assistance et entretien Service Cm Italia, comme indiqu\u00e9, a pour but d&rsquo;accompagner le clients non seulement au cours de tout le processus d\u00e9cisionnel mais m\u00eame par la suite, une fois la vente termin\u00e9e, en proposant un service apr\u00e8s-vente, compl\u00e8te, sur toute cat\u00e9gorie&hellip;<\/p>\n","protected":false},"author":11,"featured_media":0,"parent":0,"menu_order":0,"comment_status":"closed","ping_status":"closed","template":"","meta":{"footnotes":""},"class_list":["post-9232","page","type-page","status-publish","hentry"],"yoast_head":"<!-- This site is optimized with the Yoast SEO plugin v27.2 - https:\/\/yoast.com\/product\/yoast-seo-wordpress\/ -->\r\n<title>SERVICES APR\u00c8S-VENTE - CM Service<\/title>\r\n<meta name=\"robots\" content=\"index, follow, max-snippet:-1, max-image-preview:large, max-video-preview:-1\" \/>\r\n<link rel=\"canonical\" href=\"https:\/\/cmserviceitalia.it\/fr\/services-apres-vente\/\" \/>\r\n<meta property=\"og:locale\" content=\"fr_FR\" \/>\r\n<meta property=\"og:type\" content=\"article\" \/>\r\n<meta property=\"og:title\" content=\"SERVICES APR\u00c8S-VENTE - CM Service\" \/>\r\n<meta property=\"og:description\" content=\"[vc_row][vc_column][section_header layout_type=\u00a0\u00bbsection-heading-colorblock\u00a0\u00bb main_heading=\u00a0\u00bbSERVICES APR\u00c8S-VENTE\u00a0\u00bb font_size=\u00a0\u00bbdefault\u00a0\u00bb use_multi_color=\u00a0\u00bb0&Prime;][\/vc_column][\/vc_row][vc_row][vc_column css=\u00a0\u00bb.vc_custom_1500997353105{margin-top: 10px !important;}\u00a0\u00bb][vc_cta h2=\u00a0\u00bb\u00a0\u00bb shape=\u00a0\u00bbsquare\u00a0\u00bb style=\u00a0\u00bbcustom\u00a0\u00bb custom_background=\u00a0\u00bb#ffffff\u00a0\u00bb] Assistance et entretien Service Cm Italia, comme indiqu\u00e9, a pour but d&rsquo;accompagner le clients non seulement au cours de tout le processus d\u00e9cisionnel mais m\u00eame par la suite, une fois la vente termin\u00e9e, en proposant un service apr\u00e8s-vente, compl\u00e8te, sur toute cat\u00e9gorie&hellip;\" \/>\r\n<meta property=\"og:url\" content=\"https:\/\/cmserviceitalia.it\/fr\/services-apres-vente\/\" \/>\r\n<meta property=\"og:site_name\" content=\"CM Service\" \/>\r\n<meta property=\"article:modified_time\" content=\"2017-10-11T07:24:28+00:00\" \/>\r\n<meta property=\"og:image\" content=\"https:\/\/cmserviceitalia.it\/assets\/uploads\/logo_cm-service_jaune_02.jpg\" \/>\r\n\t<meta property=\"og:image:width\" content=\"732\" \/>\r\n\t<meta property=\"og:image:height\" content=\"732\" \/>\r\n\t<meta property=\"og:image:type\" content=\"image\/jpeg\" \/>\r\n<meta name=\"twitter:label1\" content=\"Dur\u00e9e de lecture estim\u00e9e\" \/>\n\t<meta name=\"twitter:data1\" content=\"1 minute\" \/>\r\n<script type=\"application\/ld+json\" class=\"yoast-schema-graph\">{\"@context\":\"https:\/\/schema.org\",\"@graph\":[{\"@type\":\"WebPage\",\"@id\":\"https:\/\/cmserviceitalia.it\/fr\/services-apres-vente\/\",\"url\":\"https:\/\/cmserviceitalia.it\/fr\/services-apres-vente\/\",\"name\":\"SERVICES APR\u00c8S-VENTE - CM Service\",\"isPartOf\":{\"@id\":\"https:\/\/cmserviceitalia.it\/#website\"},\"datePublished\":\"2017-06-05T12:47:06+00:00\",\"dateModified\":\"2017-10-11T07:24:28+00:00\",\"inLanguage\":\"fr-FR\",\"potentialAction\":[{\"@type\":\"ReadAction\",\"target\":[\"https:\/\/cmserviceitalia.it\/fr\/services-apres-vente\/\"]}]},{\"@type\":\"WebSite\",\"@id\":\"https:\/\/cmserviceitalia.it\/#website\",\"url\":\"https:\/\/cmserviceitalia.it\/\",\"name\":\"CM Service\",\"description\":\"Printer Slotter Presse de d\u00e9coupe automatique Diecutter Automatique\",\"publisher\":{\"@id\":\"https:\/\/cmserviceitalia.it\/#organization\"},\"potentialAction\":[{\"@type\":\"SearchAction\",\"target\":{\"@type\":\"EntryPoint\",\"urlTemplate\":\"https:\/\/cmserviceitalia.it\/?s={search_term_string}\"},\"query-input\":{\"@type\":\"PropertyValueSpecification\",\"valueRequired\":true,\"valueName\":\"search_term_string\"}}],\"inLanguage\":\"fr-FR\"},{\"@type\":\"Organization\",\"@id\":\"https:\/\/cmserviceitalia.it\/#organization\",\"name\":\"CM Service Italia\",\"url\":\"https:\/\/cmserviceitalia.it\/\",\"logo\":{\"@type\":\"ImageObject\",\"inLanguage\":\"fr-FR\",\"@id\":\"https:\/\/cmserviceitalia.it\/#\/schema\/logo\/image\/\",\"url\":\"https:\/\/cmserviceitalia.it\/assets\/uploads\/logo_cm-service_jaune_02.jpg\",\"contentUrl\":\"https:\/\/cmserviceitalia.it\/assets\/uploads\/logo_cm-service_jaune_02.jpg\",\"width\":732,\"height\":732,\"caption\":\"CM Service Italia\"},\"image\":{\"@id\":\"https:\/\/cmserviceitalia.it\/#\/schema\/logo\/image\/\"}}]}<\/script>\r\n<!-- \/ Yoast SEO plugin. -->","yoast_head_json":{"title":"SERVICES APR\u00c8S-VENTE - CM Service","robots":{"index":"index","follow":"follow","max-snippet":"max-snippet:-1","max-image-preview":"max-image-preview:large","max-video-preview":"max-video-preview:-1"},"canonical":"https:\/\/cmserviceitalia.it\/fr\/services-apres-vente\/","og_locale":"fr_FR","og_type":"article","og_title":"SERVICES APR\u00c8S-VENTE - CM Service","og_description":"[vc_row][vc_column][section_header layout_type=\u00a0\u00bbsection-heading-colorblock\u00a0\u00bb main_heading=\u00a0\u00bbSERVICES APR\u00c8S-VENTE\u00a0\u00bb font_size=\u00a0\u00bbdefault\u00a0\u00bb use_multi_color=\u00a0\u00bb0&Prime;][\/vc_column][\/vc_row][vc_row][vc_column css=\u00a0\u00bb.vc_custom_1500997353105{margin-top: 10px !important;}\u00a0\u00bb][vc_cta h2=\u00a0\u00bb\u00a0\u00bb shape=\u00a0\u00bbsquare\u00a0\u00bb style=\u00a0\u00bbcustom\u00a0\u00bb custom_background=\u00a0\u00bb#ffffff\u00a0\u00bb] Assistance et entretien Service Cm Italia, comme indiqu\u00e9, a pour but d&rsquo;accompagner le clients non seulement au cours de tout le processus d\u00e9cisionnel mais m\u00eame par la suite, une fois la vente termin\u00e9e, en proposant un service apr\u00e8s-vente, compl\u00e8te, sur toute cat\u00e9gorie&hellip;","og_url":"https:\/\/cmserviceitalia.it\/fr\/services-apres-vente\/","og_site_name":"CM Service","article_modified_time":"2017-10-11T07:24:28+00:00","og_image":[{"width":732,"height":732,"url":"https:\/\/cmserviceitalia.it\/assets\/uploads\/logo_cm-service_jaune_02.jpg","type":"image\/jpeg"}],"twitter_misc":{"Dur\u00e9e de lecture estim\u00e9e":"1 minute"},"schema":{"@context":"https:\/\/schema.org","@graph":[{"@type":"WebPage","@id":"https:\/\/cmserviceitalia.it\/fr\/services-apres-vente\/","url":"https:\/\/cmserviceitalia.it\/fr\/services-apres-vente\/","name":"SERVICES APR\u00c8S-VENTE - CM Service","isPartOf":{"@id":"https:\/\/cmserviceitalia.it\/#website"},"datePublished":"2017-06-05T12:47:06+00:00","dateModified":"2017-10-11T07:24:28+00:00","inLanguage":"fr-FR","potentialAction":[{"@type":"ReadAction","target":["https:\/\/cmserviceitalia.it\/fr\/services-apres-vente\/"]}]},{"@type":"WebSite","@id":"https:\/\/cmserviceitalia.it\/#website","url":"https:\/\/cmserviceitalia.it\/","name":"CM Service","description":"Printer Slotter Presse de d\u00e9coupe automatique Diecutter Automatique","publisher":{"@id":"https:\/\/cmserviceitalia.it\/#organization"},"potentialAction":[{"@type":"SearchAction","target":{"@type":"EntryPoint","urlTemplate":"https:\/\/cmserviceitalia.it\/?s={search_term_string}"},"query-input":{"@type":"PropertyValueSpecification","valueRequired":true,"valueName":"search_term_string"}}],"inLanguage":"fr-FR"},{"@type":"Organization","@id":"https:\/\/cmserviceitalia.it\/#organization","name":"CM Service Italia","url":"https:\/\/cmserviceitalia.it\/","logo":{"@type":"ImageObject","inLanguage":"fr-FR","@id":"https:\/\/cmserviceitalia.it\/#\/schema\/logo\/image\/","url":"https:\/\/cmserviceitalia.it\/assets\/uploads\/logo_cm-service_jaune_02.jpg","contentUrl":"https:\/\/cmserviceitalia.it\/assets\/uploads\/logo_cm-service_jaune_02.jpg","width":732,"height":732,"caption":"CM Service Italia"},"image":{"@id":"https:\/\/cmserviceitalia.it\/#\/schema\/logo\/image\/"}}]}},"_links":{"self":[{"href":"https:\/\/cmserviceitalia.it\/fr\/wp-json\/wp\/v2\/pages\/9232","targetHints":{"allow":["GET"]}}],"collection":[{"href":"https:\/\/cmserviceitalia.it\/fr\/wp-json\/wp\/v2\/pages"}],"about":[{"href":"https:\/\/cmserviceitalia.it\/fr\/wp-json\/wp\/v2\/types\/page"}],"author":[{"embeddable":true,"href":"https:\/\/cmserviceitalia.it\/fr\/wp-json\/wp\/v2\/users\/11"}],"replies":[{"embeddable":true,"href":"https:\/\/cmserviceitalia.it\/fr\/wp-json\/wp\/v2\/comments?post=9232"}],"version-history":[{"count":5,"href":"https:\/\/cmserviceitalia.it\/fr\/wp-json\/wp\/v2\/pages\/9232\/revisions"}],"predecessor-version":[{"id":9393,"href":"https:\/\/cmserviceitalia.it\/fr\/wp-json\/wp\/v2\/pages\/9232\/revisions\/9393"}],"wp:attachment":[{"href":"https:\/\/cmserviceitalia.it\/fr\/wp-json\/wp\/v2\/media?parent=9232"}],"curies":[{"name":"wp","href":"https:\/\/api.w.org\/{rel}","templated":true}]}}