{"id":9275,"date":"2017-06-02T00:07:21","date_gmt":"2017-06-02T00:07:21","guid":{"rendered":"https:\/\/cmserviceitalia.it\/upgrade-stampatrici-bobst-flexo\/"},"modified":"2017-10-10T11:20:12","modified_gmt":"2017-10-10T11:20:12","slug":"mise-a-niveau-imprimeuses-bobst-flexo","status":"publish","type":"page","link":"https:\/\/cmserviceitalia.it\/fr\/mise-a-niveau-imprimeuses-bobst-flexo\/","title":{"rendered":"MISE A NIVEAU IMPRIMEUSES BOBST FLEXO"},"content":{"rendered":"<div class=\"wpb-content-wrapper\"><p>[vc_row][vc_column][section_header layout_type=\u00a0\u00bbsection-heading-colorblock\u00a0\u00bb main_heading=\u00a0\u00bbMISE A NIVEAU IMPRIMEUSES BOBST FLEXO\u00a0\u00bb font_size=\u00a0\u00bbdefault\u00a0\u00bb use_multi_color=\u00a0\u00bb0&Prime;][\/vc_column][\/vc_row][vc_row][vc_column css=\u00a0\u00bb.vc_custom_1500997152384{margin-top: 10px !important;}\u00a0\u00bb][vc_cta h2=\u00a0\u00bb\u00a0\u00bb style=\u00a0\u00bbcustom\u00a0\u00bb custom_background=\u00a0\u00bb#ffffff\u00a0\u00bb]<\/p>\n<h3 style=\"text-align: center;\">Mises \u00e0 niveau des imprimeuses flexographique r\u00e9vis\u00e9es<\/h3>\n<p id=\"jstf\">En ce qui concerne<strong> les reconstructions des imprimantes flexographique Bobst<\/strong> , il est possible d&rsquo;am\u00e9liorer la qualit\u00e9 et les performances techniques, gr\u00e2ce \u00e0 des mesures visant la mise \u00e0 niveau des parties suivantes :<\/p>\n<p>[\/vc_cta][\/vc_column][\/vc_row]<\/p>\n<\/div>","protected":false},"excerpt":{"rendered":"<p>[vc_row][vc_column][section_header layout_type=\u00a0\u00bbsection-heading-colorblock\u00a0\u00bb main_heading=\u00a0\u00bbMISE A NIVEAU IMPRIMEUSES BOBST FLEXO\u00a0\u00bb font_size=\u00a0\u00bbdefault\u00a0\u00bb use_multi_color=\u00a0\u00bb0&Prime;][\/vc_column][\/vc_row][vc_row][vc_column css=\u00a0\u00bb.vc_custom_1500997152384{margin-top: 10px !important;}\u00a0\u00bb][vc_cta h2=\u00a0\u00bb\u00a0\u00bb style=\u00a0\u00bbcustom\u00a0\u00bb custom_background=\u00a0\u00bb#ffffff\u00a0\u00bb] Mises \u00e0 niveau des imprimeuses flexographique r\u00e9vis\u00e9es En ce qui concerne les reconstructions des imprimantes flexographique Bobst , il est possible d&rsquo;am\u00e9liorer la qualit\u00e9 et les performances techniques, gr\u00e2ce \u00e0 des mesures visant la mise \u00e0 niveau des parties&hellip;<\/p>\n","protected":false},"author":11,"featured_media":0,"parent":0,"menu_order":0,"comment_status":"closed","ping_status":"closed","template":"","meta":{"footnotes":""},"class_list":["post-9275","page","type-page","status-publish","hentry"],"yoast_head":"<!-- This site is optimized with the Yoast SEO plugin v27.2 - https:\/\/yoast.com\/product\/yoast-seo-wordpress\/ -->\r\n<title>MISE A NIVEAU IMPRIMEUSES BOBST FLEXO - CM Service<\/title>\r\n<meta name=\"robots\" content=\"index, follow, max-snippet:-1, max-image-preview:large, max-video-preview:-1\" \/>\r\n<link rel=\"canonical\" href=\"https:\/\/cmserviceitalia.it\/fr\/mise-a-niveau-imprimeuses-bobst-flexo\/\" \/>\r\n<meta property=\"og:locale\" content=\"fr_FR\" \/>\r\n<meta property=\"og:type\" content=\"article\" \/>\r\n<meta property=\"og:title\" content=\"MISE A NIVEAU IMPRIMEUSES BOBST FLEXO - CM Service\" \/>\r\n<meta property=\"og:description\" content=\"[vc_row][vc_column][section_header layout_type=\u00a0\u00bbsection-heading-colorblock\u00a0\u00bb main_heading=\u00a0\u00bbMISE A NIVEAU IMPRIMEUSES BOBST FLEXO\u00a0\u00bb font_size=\u00a0\u00bbdefault\u00a0\u00bb use_multi_color=\u00a0\u00bb0&Prime;][\/vc_column][\/vc_row][vc_row][vc_column css=\u00a0\u00bb.vc_custom_1500997152384{margin-top: 10px !important;}\u00a0\u00bb][vc_cta h2=\u00a0\u00bb\u00a0\u00bb style=\u00a0\u00bbcustom\u00a0\u00bb custom_background=\u00a0\u00bb#ffffff\u00a0\u00bb] Mises \u00e0 niveau des imprimeuses flexographique r\u00e9vis\u00e9es En ce qui concerne les reconstructions des imprimantes flexographique Bobst , il est possible d&rsquo;am\u00e9liorer la qualit\u00e9 et les performances techniques, gr\u00e2ce \u00e0 des mesures visant la mise \u00e0 niveau des parties&hellip;\" \/>\r\n<meta property=\"og:url\" content=\"https:\/\/cmserviceitalia.it\/fr\/mise-a-niveau-imprimeuses-bobst-flexo\/\" \/>\r\n<meta property=\"og:site_name\" content=\"CM Service\" \/>\r\n<meta property=\"article:modified_time\" content=\"2017-10-10T11:20:12+00:00\" \/>\r\n<meta property=\"og:image\" content=\"https:\/\/cmserviceitalia.it\/assets\/uploads\/logo_cm-service_jaune_02.jpg\" \/>\r\n\t<meta property=\"og:image:width\" content=\"732\" \/>\r\n\t<meta property=\"og:image:height\" content=\"732\" \/>\r\n\t<meta property=\"og:image:type\" content=\"image\/jpeg\" \/>\r\n<script type=\"application\/ld+json\" class=\"yoast-schema-graph\">{\"@context\":\"https:\/\/schema.org\",\"@graph\":[{\"@type\":\"WebPage\",\"@id\":\"https:\/\/cmserviceitalia.it\/fr\/mise-a-niveau-imprimeuses-bobst-flexo\/\",\"url\":\"https:\/\/cmserviceitalia.it\/fr\/mise-a-niveau-imprimeuses-bobst-flexo\/\",\"name\":\"MISE A NIVEAU IMPRIMEUSES BOBST FLEXO - CM Service\",\"isPartOf\":{\"@id\":\"https:\/\/cmserviceitalia.it\/#website\"},\"datePublished\":\"2017-06-02T00:07:21+00:00\",\"dateModified\":\"2017-10-10T11:20:12+00:00\",\"inLanguage\":\"fr-FR\",\"potentialAction\":[{\"@type\":\"ReadAction\",\"target\":[\"https:\/\/cmserviceitalia.it\/fr\/mise-a-niveau-imprimeuses-bobst-flexo\/\"]}]},{\"@type\":\"WebSite\",\"@id\":\"https:\/\/cmserviceitalia.it\/#website\",\"url\":\"https:\/\/cmserviceitalia.it\/\",\"name\":\"CM Service\",\"description\":\"Printer Slotter Presse de d\u00e9coupe automatique Diecutter Automatique\",\"publisher\":{\"@id\":\"https:\/\/cmserviceitalia.it\/#organization\"},\"potentialAction\":[{\"@type\":\"SearchAction\",\"target\":{\"@type\":\"EntryPoint\",\"urlTemplate\":\"https:\/\/cmserviceitalia.it\/?s={search_term_string}\"},\"query-input\":{\"@type\":\"PropertyValueSpecification\",\"valueRequired\":true,\"valueName\":\"search_term_string\"}}],\"inLanguage\":\"fr-FR\"},{\"@type\":\"Organization\",\"@id\":\"https:\/\/cmserviceitalia.it\/#organization\",\"name\":\"CM Service Italia\",\"url\":\"https:\/\/cmserviceitalia.it\/\",\"logo\":{\"@type\":\"ImageObject\",\"inLanguage\":\"fr-FR\",\"@id\":\"https:\/\/cmserviceitalia.it\/#\/schema\/logo\/image\/\",\"url\":\"https:\/\/cmserviceitalia.it\/assets\/uploads\/logo_cm-service_jaune_02.jpg\",\"contentUrl\":\"https:\/\/cmserviceitalia.it\/assets\/uploads\/logo_cm-service_jaune_02.jpg\",\"width\":732,\"height\":732,\"caption\":\"CM Service Italia\"},\"image\":{\"@id\":\"https:\/\/cmserviceitalia.it\/#\/schema\/logo\/image\/\"}}]}<\/script>\r\n<!-- \/ Yoast SEO plugin. -->","yoast_head_json":{"title":"MISE A NIVEAU IMPRIMEUSES BOBST FLEXO - CM Service","robots":{"index":"index","follow":"follow","max-snippet":"max-snippet:-1","max-image-preview":"max-image-preview:large","max-video-preview":"max-video-preview:-1"},"canonical":"https:\/\/cmserviceitalia.it\/fr\/mise-a-niveau-imprimeuses-bobst-flexo\/","og_locale":"fr_FR","og_type":"article","og_title":"MISE A NIVEAU IMPRIMEUSES BOBST FLEXO - CM Service","og_description":"[vc_row][vc_column][section_header layout_type=\u00a0\u00bbsection-heading-colorblock\u00a0\u00bb main_heading=\u00a0\u00bbMISE A NIVEAU IMPRIMEUSES BOBST FLEXO\u00a0\u00bb font_size=\u00a0\u00bbdefault\u00a0\u00bb use_multi_color=\u00a0\u00bb0&Prime;][\/vc_column][\/vc_row][vc_row][vc_column css=\u00a0\u00bb.vc_custom_1500997152384{margin-top: 10px !important;}\u00a0\u00bb][vc_cta h2=\u00a0\u00bb\u00a0\u00bb style=\u00a0\u00bbcustom\u00a0\u00bb custom_background=\u00a0\u00bb#ffffff\u00a0\u00bb] Mises \u00e0 niveau des imprimeuses flexographique r\u00e9vis\u00e9es En ce qui concerne les reconstructions des imprimantes flexographique Bobst , il est possible d&rsquo;am\u00e9liorer la qualit\u00e9 et les performances techniques, gr\u00e2ce \u00e0 des mesures visant la mise \u00e0 niveau des parties&hellip;","og_url":"https:\/\/cmserviceitalia.it\/fr\/mise-a-niveau-imprimeuses-bobst-flexo\/","og_site_name":"CM Service","article_modified_time":"2017-10-10T11:20:12+00:00","og_image":[{"width":732,"height":732,"url":"https:\/\/cmserviceitalia.it\/assets\/uploads\/logo_cm-service_jaune_02.jpg","type":"image\/jpeg"}],"schema":{"@context":"https:\/\/schema.org","@graph":[{"@type":"WebPage","@id":"https:\/\/cmserviceitalia.it\/fr\/mise-a-niveau-imprimeuses-bobst-flexo\/","url":"https:\/\/cmserviceitalia.it\/fr\/mise-a-niveau-imprimeuses-bobst-flexo\/","name":"MISE A NIVEAU IMPRIMEUSES BOBST FLEXO - CM Service","isPartOf":{"@id":"https:\/\/cmserviceitalia.it\/#website"},"datePublished":"2017-06-02T00:07:21+00:00","dateModified":"2017-10-10T11:20:12+00:00","inLanguage":"fr-FR","potentialAction":[{"@type":"ReadAction","target":["https:\/\/cmserviceitalia.it\/fr\/mise-a-niveau-imprimeuses-bobst-flexo\/"]}]},{"@type":"WebSite","@id":"https:\/\/cmserviceitalia.it\/#website","url":"https:\/\/cmserviceitalia.it\/","name":"CM Service","description":"Printer Slotter Presse de d\u00e9coupe automatique Diecutter Automatique","publisher":{"@id":"https:\/\/cmserviceitalia.it\/#organization"},"potentialAction":[{"@type":"SearchAction","target":{"@type":"EntryPoint","urlTemplate":"https:\/\/cmserviceitalia.it\/?s={search_term_string}"},"query-input":{"@type":"PropertyValueSpecification","valueRequired":true,"valueName":"search_term_string"}}],"inLanguage":"fr-FR"},{"@type":"Organization","@id":"https:\/\/cmserviceitalia.it\/#organization","name":"CM Service Italia","url":"https:\/\/cmserviceitalia.it\/","logo":{"@type":"ImageObject","inLanguage":"fr-FR","@id":"https:\/\/cmserviceitalia.it\/#\/schema\/logo\/image\/","url":"https:\/\/cmserviceitalia.it\/assets\/uploads\/logo_cm-service_jaune_02.jpg","contentUrl":"https:\/\/cmserviceitalia.it\/assets\/uploads\/logo_cm-service_jaune_02.jpg","width":732,"height":732,"caption":"CM Service Italia"},"image":{"@id":"https:\/\/cmserviceitalia.it\/#\/schema\/logo\/image\/"}}]}},"_links":{"self":[{"href":"https:\/\/cmserviceitalia.it\/fr\/wp-json\/wp\/v2\/pages\/9275","targetHints":{"allow":["GET"]}}],"collection":[{"href":"https:\/\/cmserviceitalia.it\/fr\/wp-json\/wp\/v2\/pages"}],"about":[{"href":"https:\/\/cmserviceitalia.it\/fr\/wp-json\/wp\/v2\/types\/page"}],"author":[{"embeddable":true,"href":"https:\/\/cmserviceitalia.it\/fr\/wp-json\/wp\/v2\/users\/11"}],"replies":[{"embeddable":true,"href":"https:\/\/cmserviceitalia.it\/fr\/wp-json\/wp\/v2\/comments?post=9275"}],"version-history":[{"count":4,"href":"https:\/\/cmserviceitalia.it\/fr\/wp-json\/wp\/v2\/pages\/9275\/revisions"}],"predecessor-version":[{"id":9279,"href":"https:\/\/cmserviceitalia.it\/fr\/wp-json\/wp\/v2\/pages\/9275\/revisions\/9279"}],"wp:attachment":[{"href":"https:\/\/cmserviceitalia.it\/fr\/wp-json\/wp\/v2\/media?parent=9275"}],"curies":[{"name":"wp","href":"https:\/\/api.w.org\/{rel}","templated":true}]}}