{"id":13656,"date":"2018-10-18T22:21:23","date_gmt":"2018-10-18T22:21:23","guid":{"rendered":"https:\/\/cmserviceitalia.it\/avviso-legale\/"},"modified":"2018-10-22T15:49:07","modified_gmt":"2018-10-22T15:49:07","slug":"avviso-legale","status":"publish","type":"page","link":"https:\/\/cmserviceitalia.it\/it\/avviso-legale\/","title":{"rendered":"Avviso legale"},"content":{"rendered":"<div class=\"wpb-content-wrapper\"><p>[vc_row][vc_column][section_header layout_type=&#8221;section-heading-colorblock&#8221; main_heading=&#8221;Legal Notice&#8221; font_size=&#8221;default&#8221; use_multi_color=&#8221;0&#8243;][\/vc_column][\/vc_row][vc_row css=&#8221;.vc_custom_1504599714862{margin-top: 20px !important;margin-bottom: 20px !important;}&#8221;][vc_column][vc_column_text]<\/p>\n<p><strong>INFORMATIVA AL TRATTAMENTO DEI DATI PERSONALI<\/strong><\/p>\n<p>I dati personali dell&#8217;utente sono utilizzati da CM SERVICE ITALIA S.r.l., che ne \u00e8 titolare per il trattamento, nel rispetto dei principi di protezione dei dati personali stabiliti dal Regolamento GDPR 2016\/679.<\/p>\n<p><strong>BASE GIURIDICA<\/strong><\/p>\n<p>1. Il conferimento dei dati \u00e8 obbligatorio per tutto quanto \u00e8 richiesto dagli obblighi legali e contrattuali e pertanto l&#8217;eventuale rifiuto a fornirli in tutto o in parte pu\u00f2 dar luogo all&#8217;impossibilit\u00e0 di fornire i servizi<br \/>\nrichiesti.<br \/>\nLa societ\u00e0 tratta i dati facoltativi degli utenti in base al consenso, ossia mediante l\u2019approvazione esplicita della presente policy privacy e in relazione alle modalit\u00e0 e finalit\u00e0 di seguito descritte.<\/p>\n<p><strong>PERIODO DI CONSERVAZIONE<\/strong><\/p>\n<p>2. I dati obbligatori ai fini contrattuali e contabili sono conservati per il tempo necessario allo svolgimento del rapporto commerciale e contabile.<br \/>\nI dati di chi non acquista o usufruisce di prodotti\/servizi, pur avendo avuto un precedente contatto con dei rappresentanti dell\u2019azienda, saranno immediatamente cancellati o trattati in forma anonima, ove la loro conservazione non risulti altrimenti giustificata, salvo che sia stato acquisito validamente il consenso informato degli interessati relativo ad una successiva attivit\u00e0 di promozione commerciale o ricerca di mercato.<br \/>\nI dati saranno trattati per tutto il tempo necessario allo svolgimento del rapporto commerciale in essere e per i successivi dieci anni dalla data di acquisizione degli stessi.<\/p>\n<p><strong>DIRITTI DELL\u2019INTERESSATO<\/strong><\/p>\n<p>3. Ai sensi del Regolamento europeo 679\/2016 (GDPR) e della normativa nazionale, l&#8217;interessato pu\u00f2, secondo le modalit\u00e0 e nei limiti previsti dalla vigente normativa, esercitare i seguenti diritti:<br \/>\n\u2022 richiedere la conferma dell&#8217;esistenza di dati personali che lo riguardano (diritto di accesso);<br \/>\n\u2022 conoscerne l&#8217;origine;<br \/>\n\u2022 riceverne comunicazione intelligibile;<br \/>\n\u2022 avere informazioni circa la logica, le modalit\u00e0 e le finalit\u00e0 del trattamento;<br \/>\n\u2022 richiederne l&#8217;aggiornamento, la rettifica, l&#8217;integrazione, la cancellazione, la trasformazione in forma anonima, il blocco dei dati trattati in violazione di legge, ivi compresi quelli non pi\u00f9 necessari al perseguimento degli scopi per i quali sono stati raccolti;<br \/>\n\u2022 diritto di limitazione e\/o di opposizione al trattamento dei dati che lo riguardano;<br \/>\n\u2022 diritto di revoca;<br \/>\n\u2022 diritto alla portabilit\u00e0 dei dati;<br \/>\n\u2022 nei casi di trattamento basato su consenso, ricevere i propri dati forniti al titolare, in forma strutturata e leggibile da un elaboratore di dati e in un formato comunemente usato da un dispositivo elettronico;<br \/>\n\u2022 il diritto di presentare un reclamo all\u2019Autorit\u00e0 di controllo.<\/p>\n<p>4. Titolare del trattamento dei Suoi dati personali \u00e8 CM SERVICE ITALIA SRL S.r.l.,<br \/>\nP.IVA 03140290986, C.F. 03140290986<br \/>\n\u2022 Email: cmservice@cmserviceitalia.it<br \/>\n\u2022 PEC: cmserviceitalia@pec.it<br \/>\n\u2022 Telefono: 0309990466<br \/>\n[\/vc_column_text][\/vc_column][\/vc_row]<\/p>\n<\/div>","protected":false},"excerpt":{"rendered":"<p>[vc_row][vc_column][section_header layout_type=&#8221;section-heading-colorblock&#8221; main_heading=&#8221;Legal Notice&#8221; font_size=&#8221;default&#8221; use_multi_color=&#8221;0&#8243;][\/vc_column][\/vc_row][vc_row css=&#8221;.vc_custom_1504599714862{margin-top: 20px !important;margin-bottom: 20px !important;}&#8221;][vc_column][vc_column_text] INFORMATIVA AL TRATTAMENTO DEI DATI PERSONALI I dati personali dell&#8217;utente sono utilizzati da CM SERVICE ITALIA S.r.l., che ne \u00e8 titolare per il trattamento, nel rispetto dei principi di protezione dei dati personali stabiliti dal Regolamento GDPR 2016\/679. BASE GIURIDICA 1. Il conferimento dei&hellip;<\/p>\n","protected":false},"author":11,"featured_media":0,"parent":0,"menu_order":0,"comment_status":"closed","ping_status":"closed","template":"","meta":{"footnotes":""},"class_list":["post-13656","page","type-page","status-publish","hentry"],"yoast_head":"<!-- This site is optimized with the Yoast SEO plugin v27.2 - https:\/\/yoast.com\/product\/yoast-seo-wordpress\/ -->\r\n<title>Avviso legale - CM Service<\/title>\r\n<meta name=\"robots\" content=\"index, follow, max-snippet:-1, max-image-preview:large, max-video-preview:-1\" \/>\r\n<link rel=\"canonical\" href=\"https:\/\/cmserviceitalia.it\/it\/avviso-legale\/\" \/>\r\n<meta property=\"og:locale\" content=\"it_IT\" \/>\r\n<meta property=\"og:type\" content=\"article\" \/>\r\n<meta property=\"og:title\" content=\"Avviso legale - CM Service\" \/>\r\n<meta property=\"og:description\" content=\"[vc_row][vc_column][section_header layout_type=&#8221;section-heading-colorblock&#8221; main_heading=&#8221;Legal Notice&#8221; font_size=&#8221;default&#8221; use_multi_color=&#8221;0&#8243;][\/vc_column][\/vc_row][vc_row css=&#8221;.vc_custom_1504599714862{margin-top: 20px !important;margin-bottom: 20px !important;}&#8221;][vc_column][vc_column_text] INFORMATIVA AL TRATTAMENTO DEI DATI PERSONALI I dati personali dell&#8217;utente sono utilizzati da CM SERVICE ITALIA S.r.l., che ne \u00e8 titolare per il trattamento, nel rispetto dei principi di protezione dei dati personali stabiliti dal Regolamento GDPR 2016\/679. BASE GIURIDICA 1. Il conferimento dei&hellip;\" \/>\r\n<meta property=\"og:url\" content=\"https:\/\/cmserviceitalia.it\/it\/avviso-legale\/\" \/>\r\n<meta property=\"og:site_name\" content=\"CM Service\" \/>\r\n<meta property=\"article:modified_time\" content=\"2018-10-22T15:49:07+00:00\" \/>\r\n<meta property=\"og:image\" content=\"https:\/\/cmserviceitalia.it\/assets\/uploads\/logo_cm-service_jaune_02.jpg\" \/>\r\n\t<meta property=\"og:image:width\" content=\"732\" \/>\r\n\t<meta property=\"og:image:height\" content=\"732\" \/>\r\n\t<meta property=\"og:image:type\" content=\"image\/jpeg\" \/>\r\n<meta name=\"twitter:label1\" content=\"Tempo di lettura stimato\" \/>\n\t<meta name=\"twitter:data1\" content=\"2 minuti\" \/>\r\n<script type=\"application\/ld+json\" class=\"yoast-schema-graph\">{\"@context\":\"https:\/\/schema.org\",\"@graph\":[{\"@type\":\"WebPage\",\"@id\":\"https:\/\/cmserviceitalia.it\/it\/avviso-legale\/\",\"url\":\"https:\/\/cmserviceitalia.it\/it\/avviso-legale\/\",\"name\":\"Avviso legale - CM Service\",\"isPartOf\":{\"@id\":\"https:\/\/cmserviceitalia.it\/#website\"},\"datePublished\":\"2018-10-18T22:21:23+00:00\",\"dateModified\":\"2018-10-22T15:49:07+00:00\",\"inLanguage\":\"it-IT\",\"potentialAction\":[{\"@type\":\"ReadAction\",\"target\":[\"https:\/\/cmserviceitalia.it\/it\/avviso-legale\/\"]}]},{\"@type\":\"WebSite\",\"@id\":\"https:\/\/cmserviceitalia.it\/#website\",\"url\":\"https:\/\/cmserviceitalia.it\/\",\"name\":\"CM Service\",\"description\":\"Printer Slotter Presse de d\u00e9coupe automatique Diecutter Automatique\",\"publisher\":{\"@id\":\"https:\/\/cmserviceitalia.it\/#organization\"},\"potentialAction\":[{\"@type\":\"SearchAction\",\"target\":{\"@type\":\"EntryPoint\",\"urlTemplate\":\"https:\/\/cmserviceitalia.it\/?s={search_term_string}\"},\"query-input\":{\"@type\":\"PropertyValueSpecification\",\"valueRequired\":true,\"valueName\":\"search_term_string\"}}],\"inLanguage\":\"it-IT\"},{\"@type\":\"Organization\",\"@id\":\"https:\/\/cmserviceitalia.it\/#organization\",\"name\":\"CM Service Italia\",\"url\":\"https:\/\/cmserviceitalia.it\/\",\"logo\":{\"@type\":\"ImageObject\",\"inLanguage\":\"it-IT\",\"@id\":\"https:\/\/cmserviceitalia.it\/#\/schema\/logo\/image\/\",\"url\":\"https:\/\/cmserviceitalia.it\/assets\/uploads\/logo_cm-service_jaune_02.jpg\",\"contentUrl\":\"https:\/\/cmserviceitalia.it\/assets\/uploads\/logo_cm-service_jaune_02.jpg\",\"width\":732,\"height\":732,\"caption\":\"CM Service Italia\"},\"image\":{\"@id\":\"https:\/\/cmserviceitalia.it\/#\/schema\/logo\/image\/\"}}]}<\/script>\r\n<!-- \/ Yoast SEO plugin. -->","yoast_head_json":{"title":"Avviso legale - CM Service","robots":{"index":"index","follow":"follow","max-snippet":"max-snippet:-1","max-image-preview":"max-image-preview:large","max-video-preview":"max-video-preview:-1"},"canonical":"https:\/\/cmserviceitalia.it\/it\/avviso-legale\/","og_locale":"it_IT","og_type":"article","og_title":"Avviso legale - CM Service","og_description":"[vc_row][vc_column][section_header layout_type=&#8221;section-heading-colorblock&#8221; main_heading=&#8221;Legal Notice&#8221; font_size=&#8221;default&#8221; use_multi_color=&#8221;0&#8243;][\/vc_column][\/vc_row][vc_row css=&#8221;.vc_custom_1504599714862{margin-top: 20px !important;margin-bottom: 20px !important;}&#8221;][vc_column][vc_column_text] INFORMATIVA AL TRATTAMENTO DEI DATI PERSONALI I dati personali dell&#8217;utente sono utilizzati da CM SERVICE ITALIA S.r.l., che ne \u00e8 titolare per il trattamento, nel rispetto dei principi di protezione dei dati personali stabiliti dal Regolamento GDPR 2016\/679. BASE GIURIDICA 1. Il conferimento dei&hellip;","og_url":"https:\/\/cmserviceitalia.it\/it\/avviso-legale\/","og_site_name":"CM Service","article_modified_time":"2018-10-22T15:49:07+00:00","og_image":[{"width":732,"height":732,"url":"https:\/\/cmserviceitalia.it\/assets\/uploads\/logo_cm-service_jaune_02.jpg","type":"image\/jpeg"}],"twitter_misc":{"Tempo di lettura stimato":"2 minuti"},"schema":{"@context":"https:\/\/schema.org","@graph":[{"@type":"WebPage","@id":"https:\/\/cmserviceitalia.it\/it\/avviso-legale\/","url":"https:\/\/cmserviceitalia.it\/it\/avviso-legale\/","name":"Avviso legale - CM Service","isPartOf":{"@id":"https:\/\/cmserviceitalia.it\/#website"},"datePublished":"2018-10-18T22:21:23+00:00","dateModified":"2018-10-22T15:49:07+00:00","inLanguage":"it-IT","potentialAction":[{"@type":"ReadAction","target":["https:\/\/cmserviceitalia.it\/it\/avviso-legale\/"]}]},{"@type":"WebSite","@id":"https:\/\/cmserviceitalia.it\/#website","url":"https:\/\/cmserviceitalia.it\/","name":"CM Service","description":"Printer Slotter Presse de d\u00e9coupe automatique Diecutter Automatique","publisher":{"@id":"https:\/\/cmserviceitalia.it\/#organization"},"potentialAction":[{"@type":"SearchAction","target":{"@type":"EntryPoint","urlTemplate":"https:\/\/cmserviceitalia.it\/?s={search_term_string}"},"query-input":{"@type":"PropertyValueSpecification","valueRequired":true,"valueName":"search_term_string"}}],"inLanguage":"it-IT"},{"@type":"Organization","@id":"https:\/\/cmserviceitalia.it\/#organization","name":"CM Service Italia","url":"https:\/\/cmserviceitalia.it\/","logo":{"@type":"ImageObject","inLanguage":"it-IT","@id":"https:\/\/cmserviceitalia.it\/#\/schema\/logo\/image\/","url":"https:\/\/cmserviceitalia.it\/assets\/uploads\/logo_cm-service_jaune_02.jpg","contentUrl":"https:\/\/cmserviceitalia.it\/assets\/uploads\/logo_cm-service_jaune_02.jpg","width":732,"height":732,"caption":"CM Service Italia"},"image":{"@id":"https:\/\/cmserviceitalia.it\/#\/schema\/logo\/image\/"}}]}},"_links":{"self":[{"href":"https:\/\/cmserviceitalia.it\/it\/wp-json\/wp\/v2\/pages\/13656","targetHints":{"allow":["GET"]}}],"collection":[{"href":"https:\/\/cmserviceitalia.it\/it\/wp-json\/wp\/v2\/pages"}],"about":[{"href":"https:\/\/cmserviceitalia.it\/it\/wp-json\/wp\/v2\/types\/page"}],"author":[{"embeddable":true,"href":"https:\/\/cmserviceitalia.it\/it\/wp-json\/wp\/v2\/users\/11"}],"replies":[{"embeddable":true,"href":"https:\/\/cmserviceitalia.it\/it\/wp-json\/wp\/v2\/comments?post=13656"}],"version-history":[{"count":4,"href":"https:\/\/cmserviceitalia.it\/it\/wp-json\/wp\/v2\/pages\/13656\/revisions"}],"predecessor-version":[{"id":13665,"href":"https:\/\/cmserviceitalia.it\/it\/wp-json\/wp\/v2\/pages\/13656\/revisions\/13665"}],"wp:attachment":[{"href":"https:\/\/cmserviceitalia.it\/it\/wp-json\/wp\/v2\/media?parent=13656"}],"curies":[{"name":"wp","href":"https:\/\/api.w.org\/{rel}","templated":true}]}}