{"id":7111,"date":"2017-06-05T12:51:08","date_gmt":"2017-06-05T12:51:08","guid":{"rendered":"http:\/\/www.cmserviceitalia.it\/service-of-spare-parts\/"},"modified":"2017-10-09T16:01:24","modified_gmt":"2017-10-09T16:01:24","slug":"ricambi","status":"publish","type":"page","link":"https:\/\/cmserviceitalia.it\/it\/ricambi\/","title":{"rendered":"Ricambi Macchinari per il cartone ondulato"},"content":{"rendered":"<div class=\"wpb-content-wrapper\"><p>[vc_row][vc_column][section_header layout_type=&#8221;section-heading-colorblock&#8221; main_heading=&#8221;SERVIZIO RICAMBI MACCHINARI CARTONE ONDULATO&#8221; font_size=&#8221;default&#8221; use_multi_color=&#8221;0&#8243;][\/vc_column][\/vc_row][vc_row][vc_column width=&#8221;2\/3&#8243; css=&#8221;.vc_custom_1500997767283{margin-top: 10px !important;}&#8221;][vc_cta h2=&#8221;&#8221; shape=&#8221;square&#8221; style=&#8221;custom&#8221; custom_background=&#8221;#ffffff&#8221;]<\/p>\n<h3 style=\"text-align: center;\">Consulenza su pezzi di ricambio, tempi di consegna e prezzi<\/h3>\n<p class=\"jstf\">Cm Service Italia, tra gli altri servizi, \u00e8 in grado di reperire e fornire pezzi di ricambio per la manutenzione di tutti i modelli di macchinari che revisiona e commercializza, grazie ad accordi di lungo termine con i produttori trattati. Infatti, \u00e8 in grado di reperire:<\/p>\n<ul>\n<li><b>pezzi di ricambio per stampatrici Bobst Flexo;<\/b><\/li>\n<li><b>pezzi di ricambio per fustellatrici Bobst Spo;<\/b><\/li>\n<li><b>pezzi di ricambio per casemaker Martin, Curioni e altri;<\/b><\/li>\n<li><b>pezzi di ricambio per boxmaker Goepfert.<\/b><\/li>\n<\/ul>\n<p class=\"jstf\">La societ\u00e0, a seconda delle necessit\u00e0, \u00e8 in grado di selezionare i ricambi pi\u00f9 idonei e di migliore qualit\u00e0 per il cliente, effettuando un rigoroso controllo sulla qualit\u00e0 prima della spedizione dei pezzi di ricambio, al fine di garantire il buono stato e il corretto funzionamento degli stessi.<\/p>\n<p class=\"jstf\">Questo servizio, viene erogato, grazie, a un canale logistico ben sviluppato ed in grado di spedire i pezzi elettrici e meccanici di ricambio, in tempi rapidi.<\/p>\n<p class=\"jstf\">Infine, Cm Service Italia non si occupa soltanto di reperire i ricambi richiesti da i clienti, in caso di guasti o malfunzionamenti della macchina revisionata, ma offre anche un <b>servizio di consulenza su i pezzi di ricambio<\/b> da scegliere, aiutando il cliente nel trovare il miglior prodotto al miglior prezzo.<\/p>\n<p>[\/vc_cta][\/vc_column][vc_column width=&#8221;1\/3&#8243; css=&#8221;.vc_custom_1507564589308{margin-top: 10px !important;}&#8221;][vc_single_image image=&#8221;6696&#8243; img_size=&#8221;full&#8221;][\/vc_column][\/vc_row]<\/p>\n<\/div>","protected":false},"excerpt":{"rendered":"<p>[vc_row][vc_column][section_header layout_type=&#8221;section-heading-colorblock&#8221; main_heading=&#8221;SERVIZIO RICAMBI MACCHINARI CARTONE ONDULATO&#8221; font_size=&#8221;default&#8221; use_multi_color=&#8221;0&#8243;][\/vc_column][\/vc_row][vc_row][vc_column width=&#8221;2\/3&#8243; css=&#8221;.vc_custom_1500997767283{margin-top: 10px !important;}&#8221;][vc_cta h2=&#8221;&#8221; shape=&#8221;square&#8221; style=&#8221;custom&#8221; custom_background=&#8221;#ffffff&#8221;] Consulenza su pezzi di ricambio, tempi di consegna e prezzi Cm Service Italia, tra gli altri servizi, \u00e8 in grado di reperire e fornire pezzi di ricambio per la manutenzione di tutti i modelli di macchinari che revisiona&hellip;<\/p>\n","protected":false},"author":11,"featured_media":0,"parent":0,"menu_order":0,"comment_status":"closed","ping_status":"closed","template":"","meta":{"footnotes":""},"class_list":["post-7111","page","type-page","status-publish","hentry"],"yoast_head":"<!-- This site is optimized with the Yoast SEO plugin v27.2 - https:\/\/yoast.com\/product\/yoast-seo-wordpress\/ -->\r\n<title>Ricambi Macchinari per il cartone ondulato - CM Service<\/title>\r\n<meta name=\"robots\" content=\"index, follow, max-snippet:-1, max-image-preview:large, max-video-preview:-1\" \/>\r\n<link rel=\"canonical\" href=\"https:\/\/cmserviceitalia.it\/it\/ricambi\/\" \/>\r\n<meta property=\"og:locale\" content=\"it_IT\" \/>\r\n<meta property=\"og:type\" content=\"article\" \/>\r\n<meta property=\"og:title\" content=\"Ricambi Macchinari per il cartone ondulato - CM Service\" \/>\r\n<meta property=\"og:description\" content=\"[vc_row][vc_column][section_header layout_type=&#8221;section-heading-colorblock&#8221; main_heading=&#8221;SERVIZIO RICAMBI MACCHINARI CARTONE ONDULATO&#8221; font_size=&#8221;default&#8221; use_multi_color=&#8221;0&#8243;][\/vc_column][\/vc_row][vc_row][vc_column width=&#8221;2\/3&#8243; css=&#8221;.vc_custom_1500997767283{margin-top: 10px !important;}&#8221;][vc_cta h2=&#8221;&#8221; shape=&#8221;square&#8221; style=&#8221;custom&#8221; custom_background=&#8221;#ffffff&#8221;] Consulenza su pezzi di ricambio, tempi di consegna e prezzi Cm Service Italia, tra gli altri servizi, \u00e8 in grado di reperire e fornire pezzi di ricambio per la manutenzione di tutti i modelli di macchinari che revisiona&hellip;\" \/>\r\n<meta property=\"og:url\" content=\"https:\/\/cmserviceitalia.it\/it\/ricambi\/\" \/>\r\n<meta property=\"og:site_name\" content=\"CM Service\" \/>\r\n<meta property=\"article:modified_time\" content=\"2017-10-09T16:01:24+00:00\" \/>\r\n<meta property=\"og:image\" content=\"https:\/\/cmserviceitalia.it\/assets\/uploads\/logo_cm-service_jaune_02.jpg\" \/>\r\n\t<meta property=\"og:image:width\" content=\"732\" \/>\r\n\t<meta property=\"og:image:height\" content=\"732\" \/>\r\n\t<meta property=\"og:image:type\" content=\"image\/jpeg\" \/>\r\n<meta name=\"twitter:label1\" content=\"Tempo di lettura stimato\" \/>\n\t<meta name=\"twitter:data1\" content=\"1 minuto\" \/>\r\n<script type=\"application\/ld+json\" class=\"yoast-schema-graph\">{\"@context\":\"https:\/\/schema.org\",\"@graph\":[{\"@type\":\"WebPage\",\"@id\":\"https:\/\/cmserviceitalia.it\/it\/ricambi\/\",\"url\":\"https:\/\/cmserviceitalia.it\/it\/ricambi\/\",\"name\":\"Ricambi Macchinari per il cartone ondulato - CM Service\",\"isPartOf\":{\"@id\":\"https:\/\/cmserviceitalia.it\/#website\"},\"datePublished\":\"2017-06-05T12:51:08+00:00\",\"dateModified\":\"2017-10-09T16:01:24+00:00\",\"inLanguage\":\"it-IT\",\"potentialAction\":[{\"@type\":\"ReadAction\",\"target\":[\"https:\/\/cmserviceitalia.it\/it\/ricambi\/\"]}]},{\"@type\":\"WebSite\",\"@id\":\"https:\/\/cmserviceitalia.it\/#website\",\"url\":\"https:\/\/cmserviceitalia.it\/\",\"name\":\"CM Service\",\"description\":\"Printer Slotter Presse de d\u00e9coupe automatique Diecutter Automatique\",\"publisher\":{\"@id\":\"https:\/\/cmserviceitalia.it\/#organization\"},\"potentialAction\":[{\"@type\":\"SearchAction\",\"target\":{\"@type\":\"EntryPoint\",\"urlTemplate\":\"https:\/\/cmserviceitalia.it\/?s={search_term_string}\"},\"query-input\":{\"@type\":\"PropertyValueSpecification\",\"valueRequired\":true,\"valueName\":\"search_term_string\"}}],\"inLanguage\":\"it-IT\"},{\"@type\":\"Organization\",\"@id\":\"https:\/\/cmserviceitalia.it\/#organization\",\"name\":\"CM Service Italia\",\"url\":\"https:\/\/cmserviceitalia.it\/\",\"logo\":{\"@type\":\"ImageObject\",\"inLanguage\":\"it-IT\",\"@id\":\"https:\/\/cmserviceitalia.it\/#\/schema\/logo\/image\/\",\"url\":\"https:\/\/cmserviceitalia.it\/assets\/uploads\/logo_cm-service_jaune_02.jpg\",\"contentUrl\":\"https:\/\/cmserviceitalia.it\/assets\/uploads\/logo_cm-service_jaune_02.jpg\",\"width\":732,\"height\":732,\"caption\":\"CM Service Italia\"},\"image\":{\"@id\":\"https:\/\/cmserviceitalia.it\/#\/schema\/logo\/image\/\"}}]}<\/script>\r\n<!-- \/ Yoast SEO plugin. -->","yoast_head_json":{"title":"Ricambi Macchinari per il cartone ondulato - CM Service","robots":{"index":"index","follow":"follow","max-snippet":"max-snippet:-1","max-image-preview":"max-image-preview:large","max-video-preview":"max-video-preview:-1"},"canonical":"https:\/\/cmserviceitalia.it\/it\/ricambi\/","og_locale":"it_IT","og_type":"article","og_title":"Ricambi Macchinari per il cartone ondulato - CM Service","og_description":"[vc_row][vc_column][section_header layout_type=&#8221;section-heading-colorblock&#8221; main_heading=&#8221;SERVIZIO RICAMBI MACCHINARI CARTONE ONDULATO&#8221; font_size=&#8221;default&#8221; use_multi_color=&#8221;0&#8243;][\/vc_column][\/vc_row][vc_row][vc_column width=&#8221;2\/3&#8243; css=&#8221;.vc_custom_1500997767283{margin-top: 10px !important;}&#8221;][vc_cta h2=&#8221;&#8221; shape=&#8221;square&#8221; style=&#8221;custom&#8221; custom_background=&#8221;#ffffff&#8221;] Consulenza su pezzi di ricambio, tempi di consegna e prezzi Cm Service Italia, tra gli altri servizi, \u00e8 in grado di reperire e fornire pezzi di ricambio per la manutenzione di tutti i modelli di macchinari che revisiona&hellip;","og_url":"https:\/\/cmserviceitalia.it\/it\/ricambi\/","og_site_name":"CM Service","article_modified_time":"2017-10-09T16:01:24+00:00","og_image":[{"width":732,"height":732,"url":"https:\/\/cmserviceitalia.it\/assets\/uploads\/logo_cm-service_jaune_02.jpg","type":"image\/jpeg"}],"twitter_misc":{"Tempo di lettura stimato":"1 minuto"},"schema":{"@context":"https:\/\/schema.org","@graph":[{"@type":"WebPage","@id":"https:\/\/cmserviceitalia.it\/it\/ricambi\/","url":"https:\/\/cmserviceitalia.it\/it\/ricambi\/","name":"Ricambi Macchinari per il cartone ondulato - CM Service","isPartOf":{"@id":"https:\/\/cmserviceitalia.it\/#website"},"datePublished":"2017-06-05T12:51:08+00:00","dateModified":"2017-10-09T16:01:24+00:00","inLanguage":"it-IT","potentialAction":[{"@type":"ReadAction","target":["https:\/\/cmserviceitalia.it\/it\/ricambi\/"]}]},{"@type":"WebSite","@id":"https:\/\/cmserviceitalia.it\/#website","url":"https:\/\/cmserviceitalia.it\/","name":"CM Service","description":"Printer Slotter Presse de d\u00e9coupe automatique Diecutter Automatique","publisher":{"@id":"https:\/\/cmserviceitalia.it\/#organization"},"potentialAction":[{"@type":"SearchAction","target":{"@type":"EntryPoint","urlTemplate":"https:\/\/cmserviceitalia.it\/?s={search_term_string}"},"query-input":{"@type":"PropertyValueSpecification","valueRequired":true,"valueName":"search_term_string"}}],"inLanguage":"it-IT"},{"@type":"Organization","@id":"https:\/\/cmserviceitalia.it\/#organization","name":"CM Service Italia","url":"https:\/\/cmserviceitalia.it\/","logo":{"@type":"ImageObject","inLanguage":"it-IT","@id":"https:\/\/cmserviceitalia.it\/#\/schema\/logo\/image\/","url":"https:\/\/cmserviceitalia.it\/assets\/uploads\/logo_cm-service_jaune_02.jpg","contentUrl":"https:\/\/cmserviceitalia.it\/assets\/uploads\/logo_cm-service_jaune_02.jpg","width":732,"height":732,"caption":"CM Service Italia"},"image":{"@id":"https:\/\/cmserviceitalia.it\/#\/schema\/logo\/image\/"}}]}},"_links":{"self":[{"href":"https:\/\/cmserviceitalia.it\/it\/wp-json\/wp\/v2\/pages\/7111","targetHints":{"allow":["GET"]}}],"collection":[{"href":"https:\/\/cmserviceitalia.it\/it\/wp-json\/wp\/v2\/pages"}],"about":[{"href":"https:\/\/cmserviceitalia.it\/it\/wp-json\/wp\/v2\/types\/page"}],"author":[{"embeddable":true,"href":"https:\/\/cmserviceitalia.it\/it\/wp-json\/wp\/v2\/users\/11"}],"replies":[{"embeddable":true,"href":"https:\/\/cmserviceitalia.it\/it\/wp-json\/wp\/v2\/comments?post=7111"}],"version-history":[{"count":8,"href":"https:\/\/cmserviceitalia.it\/it\/wp-json\/wp\/v2\/pages\/7111\/revisions"}],"predecessor-version":[{"id":9209,"href":"https:\/\/cmserviceitalia.it\/it\/wp-json\/wp\/v2\/pages\/7111\/revisions\/9209"}],"wp:attachment":[{"href":"https:\/\/cmserviceitalia.it\/it\/wp-json\/wp\/v2\/media?parent=7111"}],"curies":[{"name":"wp","href":"https:\/\/api.w.org\/{rel}","templated":true}]}}