{"id":8799,"date":"2017-09-05T08:38:25","date_gmt":"2017-09-05T08:38:25","guid":{"rendered":"http:\/\/www.cmserviceitalia.it\/?page_id=8799\/"},"modified":"2017-09-05T08:53:14","modified_gmt":"2017-09-05T08:53:14","slug":"privacy","status":"publish","type":"page","link":"https:\/\/cmserviceitalia.it\/it\/privacy\/","title":{"rendered":"Privacy"},"content":{"rendered":"<div class=\"wpb-content-wrapper\"><p>[vc_row][vc_column][section_header layout_type=&#8221;section-heading-colorblock&#8221; main_heading=&#8221;Privacy&#8221; font_size=&#8221;default&#8221; use_multi_color=&#8221;0&#8243;][\/vc_column][\/vc_row][vc_row css=&#8221;.vc_custom_1504599714862{margin-top: 20px !important;margin-bottom: 20px !important;}&#8221;][vc_column][vc_column_text]<\/p>\n<p class=\"titolo\"><strong>Informativa sul trattamento dei dati personali ai sensi del D.Lgs. 196\/2003<\/strong><\/p>\n<p class=\"info\">Si descrivono le modalit\u00e0 di gestione del sito in riferimento al trattamento dei dati personali degli utenti che lo consultano.<span class=\"apple-converted-space\">\u00a0<\/span><br \/>\nL\u2019informativa \u00e8 resa ai sensi dell\u2019art. 13 del D. Lgs 30 giugno 2003 n. 196 \u201cCodice in materia di protezione dei dati personali\u201d a coloro che interagiscono con i siti Web di Cm Service Italia Srl.<span class=\"apple-converted-space\">\u00a0<\/span><br \/>\nLa consultazione di questo sito pu\u00f2 comportare il rilascio di informazioni e dati personali.<span class=\"apple-converted-space\">\u00a0<\/span><br \/>\nIn particolare, Cm Service Italia Srl fornisce, relativamente alla navigazione sui propri siti web, le seguenti informazioni:<span class=\"apple-converted-space\">\u00a0<\/span><\/p>\n<p>1.<span class=\"apple-converted-space\">\u00a0<\/span><strong>Tipologia dei dati e finalit\u00e0 dei trattamenti<\/strong><span class=\"apple-converted-space\"><strong>\u00a0<\/strong><\/span><\/p>\n<p>I dati trattati nei siti si distinguono in due diverse tipologie:<span class=\"apple-converted-space\">\u00a0<\/span><br \/>\n\u2022 Dati di navigazione: sono dati acquisiti ed utilizzati dai sistemi informatici e dalle procedure software preposte al funzionamento del Sito Web considerato nel corso del loro normale esercizio, la cui trasmissione \u00e8 implicita nell\u2019uso dei protocolli di comunicazione Internet. Sono informazioni che non vengono raccolte per essere associate a interessati identificati o identificabili. In questa categoria di dati rientrano gli indirizzi IP o i nomi a dominio dei computer utilizzati dagli utenti che si connettono al sito, gli indirizzi in notazione URI (Uniform Resource Identifier) delle risorse richieste, l\u2019orario, il metodo utilizzato nel sottoporre la richiesta al server, il codice numerico indicante lo stato di risposta data dal server (buon fine, errore, etc) ed altri parametri relativi al sistema operativo e all\u2019ambiente informatico dell\u2019utente<span class=\"apple-converted-space\">\u00a0<\/span><br \/>\n\u2022 Dati di registrazione: sono i dati personali riportati che l\u2019utente pu\u00f2 inserire nei moduli di richiesta-registrazione. Essendo la registrazione propedeutica per l\u2019accesso ai servizi online, i dati personali dei clienti saranno trattati per le finalit\u00e0 connesse e\/o funzionali al servizio prescelto.<\/p>\n<p class=\"info\">I dati personali verranno trattati per finalit\u00e0 connesse e\/o strumentali alle richieste online (es. spedizione e\/o invio di materiale o informazioni richieste tramite il sito) o per la semplice navigazione sul sito, cos\u00ec come stabilito dalla legislazione italiana vigente.<\/p>\n<p class=\"info\">2.<span class=\"apple-converted-space\">\u00a0<\/span><strong>Modalit\u00e0 e luogo del trattamento<\/strong><span class=\"apple-converted-space\"><strong>\u00a0<\/strong><\/span><\/p>\n<p class=\"info\">Il trattamento sar\u00e0 effettuato con l\u2019ausilio di strumenti informatici e manuali.<span class=\"apple-converted-space\">\u00a0<\/span><br \/>\nI dati personali sono trattati per il tempo strettamente necessario a conseguire gli scopi per cui sono stati raccolti. Specifiche misure di sicurezza sono osservate per prevenire perdita, usi illeciti o non corretti dei dati ed accessi non autorizzati.<span class=\"apple-converted-space\">\u00a0<\/span><br \/>\nI trattamenti connessi ai servizi Web forniti da Cm Service Italia Srl. hanno luogo principalmente presso la sede amministrativa della societ\u00e0: Cm Service Italia Srl Via Isonzo 1 25017 Lonato del Garda (Brescia). Tali trattamenti sono curati solo da personale incaricato del trattamento.<\/p>\n<p class=\"info\">3.<span class=\"apple-converted-space\">\u00a0<\/span><strong>Obbligo\/facolt\u00e0 del conferimento dei dati<\/strong><span class=\"apple-converted-space\"><strong>\u00a0<\/strong><\/span><\/p>\n<p class=\"info\">Il conferimento dei dati personali riportati nei form di registrazione e di accesso ai servizi \u00e8 facoltativo.<span class=\"apple-converted-space\">\u00a0<\/span><br \/>\nIl mancato conferimento dei dati di registrazione, potrebbe comportare l\u2019impossibilit\u00e0 da parte di Cm Service Italia Srl. di soddisfare le richieste dell\u2019utente.<\/p>\n<p class=\"info\">4.<span class=\"apple-converted-space\">\u00a0<\/span><strong>Comunicazione a terzi<\/strong><span class=\"apple-converted-space\"><strong>\u00a0<\/strong><\/span><\/p>\n<p class=\"info\">I dati forniti potranno essere comunicati a societ\u00e0 collegate e\/o partecipate e\/o controllate nonch\u00e9 alla rete di agenti e altri soggetti terzi Partners di CM Service Italia Srl presenti sia in territorio italiano sia all\u2019estero sempre per le finalit\u00e0 indicate in questa informativa.<\/p>\n<p class=\"info\">I dati non saranno comunicati ad altri soggetti, n\u00e9 saranno oggetto di diffusione verso terzi per finalit\u00e0 diverse rispetto a quelle indicate al precedente punto 1.<\/p>\n<p class=\"info\">5.<span class=\"apple-converted-space\">\u00a0<\/span><strong>Titolare del trattamento e dei responsabili<\/strong><span class=\"apple-converted-space\">\u00a0<\/span><\/p>\n<p class=\"info\">Il titolare del trattamento dei dati forniti \u00e8 Cm Service Italia Srl Via Isonzo 1 25017 Lonato del Garda (Brescia)<span class=\"apple-converted-space\">\u00a0<\/span><br \/>\nIl titolare ha designato, all\u2019interno di Cm Service Italia Srl, come responsabili dei trattamenti figure di responsabilit\u00e0 appartenenti alle seguenti aree:direzione amministrazione; direzione del personale; direzione sistemi informatici<span class=\"apple-converted-space\">\u00a0<\/span><\/p>\n<p>6.<span class=\"apple-converted-space\"><strong>\u00a0<\/strong><\/span><strong>Diritti dell\u2019interessato<\/strong><span class=\"apple-converted-space\"><strong>\u00a0<\/strong><\/span><\/p>\n<p>In ogni momento potr\u00e0 esercitare i Suoi diritti, come previsto ai sensi dell\u2019art.7 del D.lgs.196\/2003 riportato integralmente di seguito, esplicitando il diritto che si intende esercitare e facendolo pervenire a inviando una mail con la richiesta al seguente indirizzo\u00a0<a href=\"mailto:cmservice@cmserviceitalia.it\" type=\"D\">cmservice@cmserviceitalia.it<\/a>.<\/p>\n<p class=\"titolo\">Decreto Legislativo n.196\/2003, Art. 7 \u2013 Diritto di accesso ai dati personali ed altri diritti<\/p>\n<p class=\"info\">1. L\u2019interessato ha diritto di ottenere la conferma dell\u2019esistenza o meno di dati personali che lo riguardano, anche se non ancora registrati, e la loro comunicazione in forma intelligibile.<span class=\"apple-converted-space\">\u00a0<\/span><\/p>\n<p>2. L\u2019interessato ha diritto di ottenere l\u2019indicazione:<span class=\"apple-converted-space\">\u00a0<\/span><br \/>\na) dell\u2019origine dei dati personali;<span class=\"apple-converted-space\">\u00a0<\/span><br \/>\nb) delle finalit\u00e0 e modalit\u00e0 del trattamento;<span class=\"apple-converted-space\">\u00a0<\/span><br \/>\nc) della logica applicata in caso di trattamento effettuato con l\u2019ausilio di strumenti elettronici;<span class=\"apple-converted-space\">\u00a0<\/span><br \/>\nd) degli estremi identificativi del titolare, dei responsabili e del rappresentante designato ai sensi dell\u2019articolo 5, comma 2;<span class=\"apple-converted-space\">\u00a0<\/span><br \/>\ne) dei soggetti o delle categorie di soggetti ai quali i dati personali possono essere comunicati o che possono venirne a conoscenza in qualit\u00e0 di rappresentante designato nel territorio dello Stato, di responsabili o incaricati.<span class=\"apple-converted-space\">\u00a0<\/span><\/p>\n<p>3. L\u2019interessato ha diritto di ottenere:<span class=\"apple-converted-space\">\u00a0<\/span><br \/>\na) l\u2019aggiornamento, la rettifica ovvero, quando vi ha interesse, l\u2019integrazione dei dati;<span class=\"apple-converted-space\">\u00a0<\/span><br \/>\nb) la cancellazione, la trasformazione in forma anonima o il blocco dei dati trattati in violazione di legge, compresi quelli di cui non \u00e8 necessaria la conservazione in relazione agli scopi per i quali i dati sono stati raccolti o successivamente trattati;<span class=\"apple-converted-space\">\u00a0<\/span><br \/>\nc) l\u2019attestazione che le operazioni di cui alle lettere a) e b) sono state portate a conoscenza, anche per quanto riguarda il loro contenuto, di coloro ai quali i dati sono stati comunicati o diffusi, eccettuato il caso in cui tale adempimento si rivela impossibile o comporta un impiego di mezzi manifestamente sproporzionato rispetto al diritto tutelato.<span class=\"apple-converted-space\">\u00a0<\/span><\/p>\n<p>4. L\u2019interessato ha diritto di opporsi, in tutto o in parte:<span class=\"apple-converted-space\">\u00a0<\/span><br \/>\na) per motivi legittimi al trattamento dei dati personali che lo riguardano, ancorch\u00e9 pertinenti allo scopo della raccolta;<span class=\"apple-converted-space\">\u00a0<\/span><br \/>\nb) al trattamento di dati personali che lo riguardano a fini di invio di materiale pubblicitario o di vendita diretta o per il compimento di ricerche di mercato o di comunicazione commerciale.<\/p>\n<p class=\"titolo\"><strong>Note Legali<\/strong><\/p>\n<p class=\"info\"><strong>Termini e condizioni di utilizzo<\/strong><span class=\"apple-converted-space\"><strong>\u00a0<\/strong><\/span><\/p>\n<p>Il Sito Internet di Cm Service Italia Srl \u00e8 un servizio di informazioni on-line fornito da Cm Service Italia Srl. Il suo utilizzo \u00e8 subordinato all\u2019accettazione dei termini e delle condizioni, qui di seguito stabilite. Se non si intende accettare si \u00e8 invitati a non utilizzare il Sito ed a non scaricare alcun materiale dallo stesso.<\/p>\n<p><strong>Limiti all\u2019utilizzo<\/strong><\/p>\n<p class=\"info\">I contenuti delle pagine del Sito Cm Service Italia Srl sono Copyright \u00a9 Cm Service Italia Srl. Tutti i diritti riservati. I contenuti delle pagine del Sito www.cmserviceitalia.it e www.cmserviceitalia.com non possono, n\u00e9 totalmente n\u00e9 in parte, essere copiati, riprodotti, trasferiti, caricati, pubblicati o distribuiti in qualsiasi modo senza il preventivo consenso scritto di Cm Service Italia Srl, fatta salva la possibilit\u00e0 di immagazzinarli nel proprio computer o di stampare estratti delle pagine di questo Sito unicamente per utilizzo personale.<span class=\"apple-converted-space\">\u00a0<\/span><\/p>\n<p>I marchi e logo che compaiono su questo Sito sono di propriet\u00e0 di Cm Service Italia Srl. Essi non possono essere utilizzati su alcun sito Internet diverso dal Sito www.cmserviceitalia.it e www.cmserviceitalia.com senza il preventivo consenso scritto di Cm Service Italia Srl.<\/p>\n<p><strong>Limiti di responsabilit\u00e0<\/strong><\/p>\n<p class=\"info\">Le informazioni di questo Sito sono fornite in buona fede e Cm Service Italia Srl le ritiene accurate. In ogni caso, chiunque intenda acquistare prodotti non deve rifarsi a dette informazioni ma deve accertarsi, ulteriormente, dell\u2019effettiva natura dei prodotti e della loro concreta idoneit\u00e0 all\u2019uso che se ne intende fare. Conseguentemente, tutte le informazioni di questo Sito sono fornite senza alcuna garanzia, implicita od esplicita, di qualsiasi tipo, quali, a titolo puramente esemplificativo, di qualit\u00e0 dei prodotti, di idoneit\u00e0 per uno specifico scopo o di non violazione di diritti di propriet\u00e0 intellettuale. In nessun caso Cm Service Italia Srl sar\u00e0 ritenuta responsabile per qualsiasi danno diretto o indiretto, causato dall\u2019utilizzo di questo Sito. Le informazioni contenute in questo Sito possono essere tecnicamente inaccurate o viziate da errori tipografici. Le informazioni possono essere modificate od aggiornate senza preavviso. Cm Service Italia Srl pu\u00f2 anche migliorare o cambiare prodotti descritti in questo Sito, senza preavviso.<\/p>\n<p>[\/vc_column_text][\/vc_column][\/vc_row]<\/p>\n<\/div>","protected":false},"excerpt":{"rendered":"<p>[vc_row][vc_column][section_header layout_type=&#8221;section-heading-colorblock&#8221; main_heading=&#8221;Privacy&#8221; font_size=&#8221;default&#8221; use_multi_color=&#8221;0&#8243;][\/vc_column][\/vc_row][vc_row css=&#8221;.vc_custom_1504599714862{margin-top: 20px !important;margin-bottom: 20px !important;}&#8221;][vc_column][vc_column_text] Informativa sul trattamento dei dati personali ai sensi del D.Lgs. 196\/2003 Si descrivono le modalit\u00e0 di gestione del sito in riferimento al trattamento dei dati personali degli utenti che lo consultano.\u00a0 L\u2019informativa \u00e8 resa ai sensi dell\u2019art. 13 del D. Lgs 30 giugno 2003 n.&hellip;<\/p>\n","protected":false},"author":11,"featured_media":0,"parent":0,"menu_order":0,"comment_status":"closed","ping_status":"closed","template":"","meta":{"footnotes":""},"class_list":["post-8799","page","type-page","status-publish","hentry"],"yoast_head":"<!-- This site is optimized with the Yoast SEO plugin v27.2 - https:\/\/yoast.com\/product\/yoast-seo-wordpress\/ -->\r\n<title>Privacy - CM Service<\/title>\r\n<meta name=\"robots\" content=\"index, follow, max-snippet:-1, max-image-preview:large, max-video-preview:-1\" \/>\r\n<link rel=\"canonical\" href=\"https:\/\/cmserviceitalia.it\/it\/privacy\/\" \/>\r\n<meta property=\"og:locale\" content=\"it_IT\" \/>\r\n<meta property=\"og:type\" content=\"article\" \/>\r\n<meta property=\"og:title\" content=\"Privacy - CM Service\" \/>\r\n<meta property=\"og:description\" content=\"[vc_row][vc_column][section_header layout_type=&#8221;section-heading-colorblock&#8221; main_heading=&#8221;Privacy&#8221; font_size=&#8221;default&#8221; use_multi_color=&#8221;0&#8243;][\/vc_column][\/vc_row][vc_row css=&#8221;.vc_custom_1504599714862{margin-top: 20px !important;margin-bottom: 20px !important;}&#8221;][vc_column][vc_column_text] Informativa sul trattamento dei dati personali ai sensi del D.Lgs. 196\/2003 Si descrivono le modalit\u00e0 di gestione del sito in riferimento al trattamento dei dati personali degli utenti che lo consultano.\u00a0 L\u2019informativa \u00e8 resa ai sensi dell\u2019art. 13 del D. Lgs 30 giugno 2003 n.&hellip;\" \/>\r\n<meta property=\"og:url\" content=\"https:\/\/cmserviceitalia.it\/it\/privacy\/\" \/>\r\n<meta property=\"og:site_name\" content=\"CM Service\" \/>\r\n<meta property=\"article:modified_time\" content=\"2017-09-05T08:53:14+00:00\" \/>\r\n<meta property=\"og:image\" content=\"https:\/\/cmserviceitalia.it\/assets\/uploads\/logo_cm-service_jaune_02.jpg\" \/>\r\n\t<meta property=\"og:image:width\" content=\"732\" \/>\r\n\t<meta property=\"og:image:height\" content=\"732\" \/>\r\n\t<meta property=\"og:image:type\" content=\"image\/jpeg\" \/>\r\n<meta name=\"twitter:label1\" content=\"Tempo di lettura stimato\" \/>\n\t<meta name=\"twitter:data1\" content=\"7 minuti\" \/>\r\n<script type=\"application\/ld+json\" class=\"yoast-schema-graph\">{\"@context\":\"https:\/\/schema.org\",\"@graph\":[{\"@type\":\"WebPage\",\"@id\":\"https:\/\/cmserviceitalia.it\/it\/privacy\/\",\"url\":\"https:\/\/cmserviceitalia.it\/it\/privacy\/\",\"name\":\"Privacy - CM Service\",\"isPartOf\":{\"@id\":\"https:\/\/cmserviceitalia.it\/#website\"},\"datePublished\":\"2017-09-05T08:38:25+00:00\",\"dateModified\":\"2017-09-05T08:53:14+00:00\",\"inLanguage\":\"it-IT\",\"potentialAction\":[{\"@type\":\"ReadAction\",\"target\":[\"https:\/\/cmserviceitalia.it\/it\/privacy\/\"]}]},{\"@type\":\"WebSite\",\"@id\":\"https:\/\/cmserviceitalia.it\/#website\",\"url\":\"https:\/\/cmserviceitalia.it\/\",\"name\":\"CM Service\",\"description\":\"Printer Slotter Presse de d\u00e9coupe automatique Diecutter Automatique\",\"publisher\":{\"@id\":\"https:\/\/cmserviceitalia.it\/#organization\"},\"potentialAction\":[{\"@type\":\"SearchAction\",\"target\":{\"@type\":\"EntryPoint\",\"urlTemplate\":\"https:\/\/cmserviceitalia.it\/?s={search_term_string}\"},\"query-input\":{\"@type\":\"PropertyValueSpecification\",\"valueRequired\":true,\"valueName\":\"search_term_string\"}}],\"inLanguage\":\"it-IT\"},{\"@type\":\"Organization\",\"@id\":\"https:\/\/cmserviceitalia.it\/#organization\",\"name\":\"CM Service Italia\",\"url\":\"https:\/\/cmserviceitalia.it\/\",\"logo\":{\"@type\":\"ImageObject\",\"inLanguage\":\"it-IT\",\"@id\":\"https:\/\/cmserviceitalia.it\/#\/schema\/logo\/image\/\",\"url\":\"https:\/\/cmserviceitalia.it\/assets\/uploads\/logo_cm-service_jaune_02.jpg\",\"contentUrl\":\"https:\/\/cmserviceitalia.it\/assets\/uploads\/logo_cm-service_jaune_02.jpg\",\"width\":732,\"height\":732,\"caption\":\"CM Service Italia\"},\"image\":{\"@id\":\"https:\/\/cmserviceitalia.it\/#\/schema\/logo\/image\/\"}}]}<\/script>\r\n<!-- \/ Yoast SEO plugin. -->","yoast_head_json":{"title":"Privacy - CM Service","robots":{"index":"index","follow":"follow","max-snippet":"max-snippet:-1","max-image-preview":"max-image-preview:large","max-video-preview":"max-video-preview:-1"},"canonical":"https:\/\/cmserviceitalia.it\/it\/privacy\/","og_locale":"it_IT","og_type":"article","og_title":"Privacy - CM Service","og_description":"[vc_row][vc_column][section_header layout_type=&#8221;section-heading-colorblock&#8221; main_heading=&#8221;Privacy&#8221; font_size=&#8221;default&#8221; use_multi_color=&#8221;0&#8243;][\/vc_column][\/vc_row][vc_row css=&#8221;.vc_custom_1504599714862{margin-top: 20px !important;margin-bottom: 20px !important;}&#8221;][vc_column][vc_column_text] Informativa sul trattamento dei dati personali ai sensi del D.Lgs. 196\/2003 Si descrivono le modalit\u00e0 di gestione del sito in riferimento al trattamento dei dati personali degli utenti che lo consultano.\u00a0 L\u2019informativa \u00e8 resa ai sensi dell\u2019art. 13 del D. Lgs 30 giugno 2003 n.&hellip;","og_url":"https:\/\/cmserviceitalia.it\/it\/privacy\/","og_site_name":"CM Service","article_modified_time":"2017-09-05T08:53:14+00:00","og_image":[{"width":732,"height":732,"url":"https:\/\/cmserviceitalia.it\/assets\/uploads\/logo_cm-service_jaune_02.jpg","type":"image\/jpeg"}],"twitter_misc":{"Tempo di lettura stimato":"7 minuti"},"schema":{"@context":"https:\/\/schema.org","@graph":[{"@type":"WebPage","@id":"https:\/\/cmserviceitalia.it\/it\/privacy\/","url":"https:\/\/cmserviceitalia.it\/it\/privacy\/","name":"Privacy - CM Service","isPartOf":{"@id":"https:\/\/cmserviceitalia.it\/#website"},"datePublished":"2017-09-05T08:38:25+00:00","dateModified":"2017-09-05T08:53:14+00:00","inLanguage":"it-IT","potentialAction":[{"@type":"ReadAction","target":["https:\/\/cmserviceitalia.it\/it\/privacy\/"]}]},{"@type":"WebSite","@id":"https:\/\/cmserviceitalia.it\/#website","url":"https:\/\/cmserviceitalia.it\/","name":"CM Service","description":"Printer Slotter Presse de d\u00e9coupe automatique Diecutter Automatique","publisher":{"@id":"https:\/\/cmserviceitalia.it\/#organization"},"potentialAction":[{"@type":"SearchAction","target":{"@type":"EntryPoint","urlTemplate":"https:\/\/cmserviceitalia.it\/?s={search_term_string}"},"query-input":{"@type":"PropertyValueSpecification","valueRequired":true,"valueName":"search_term_string"}}],"inLanguage":"it-IT"},{"@type":"Organization","@id":"https:\/\/cmserviceitalia.it\/#organization","name":"CM Service Italia","url":"https:\/\/cmserviceitalia.it\/","logo":{"@type":"ImageObject","inLanguage":"it-IT","@id":"https:\/\/cmserviceitalia.it\/#\/schema\/logo\/image\/","url":"https:\/\/cmserviceitalia.it\/assets\/uploads\/logo_cm-service_jaune_02.jpg","contentUrl":"https:\/\/cmserviceitalia.it\/assets\/uploads\/logo_cm-service_jaune_02.jpg","width":732,"height":732,"caption":"CM Service Italia"},"image":{"@id":"https:\/\/cmserviceitalia.it\/#\/schema\/logo\/image\/"}}]}},"_links":{"self":[{"href":"https:\/\/cmserviceitalia.it\/it\/wp-json\/wp\/v2\/pages\/8799","targetHints":{"allow":["GET"]}}],"collection":[{"href":"https:\/\/cmserviceitalia.it\/it\/wp-json\/wp\/v2\/pages"}],"about":[{"href":"https:\/\/cmserviceitalia.it\/it\/wp-json\/wp\/v2\/types\/page"}],"author":[{"embeddable":true,"href":"https:\/\/cmserviceitalia.it\/it\/wp-json\/wp\/v2\/users\/11"}],"replies":[{"embeddable":true,"href":"https:\/\/cmserviceitalia.it\/it\/wp-json\/wp\/v2\/comments?post=8799"}],"version-history":[{"count":4,"href":"https:\/\/cmserviceitalia.it\/it\/wp-json\/wp\/v2\/pages\/8799\/revisions"}],"predecessor-version":[{"id":8803,"href":"https:\/\/cmserviceitalia.it\/it\/wp-json\/wp\/v2\/pages\/8799\/revisions\/8803"}],"wp:attachment":[{"href":"https:\/\/cmserviceitalia.it\/it\/wp-json\/wp\/v2\/media?parent=8799"}],"curies":[{"name":"wp","href":"https:\/\/api.w.org\/{rel}","templated":true}]}}