{"id":8821,"date":"2017-09-05T09:03:07","date_gmt":"2017-09-05T09:03:07","guid":{"rendered":"http:\/\/www.cmserviceitalia.it\/cookies\/"},"modified":"2017-09-05T09:09:05","modified_gmt":"2017-09-05T09:09:05","slug":"cookies","status":"publish","type":"page","link":"https:\/\/cmserviceitalia.it\/it\/cookies\/","title":{"rendered":"Cookies"},"content":{"rendered":"<div class=\"wpb-content-wrapper\"><p>[vc_row][vc_column][section_header layout_type=&#8221;section-heading-colorblock&#8221; main_heading=&#8221;Informativa estesa sull\u2019uso di cookies&#8221; font_size=&#8221;default&#8221; use_multi_color=&#8221;0&#8243;][\/vc_column][\/vc_row][vc_row css=&#8221;.vc_custom_1504599714862{margin-top: 20px !important;margin-bottom: 20px !important;}&#8221;][vc_column][vc_column_text css=&#8221;.vc_custom_1504602171170{margin-bottom: 10px !important;}&#8221;]<\/p>\n<h3>PREMESSA<\/h3>\n<p>La presente \u201cinformativa estesa\u201d \u00e8 stata redatta e personalizzata appositamente per il presente sito CM SERVICE in base a quanto previsto dal Provvedimento dell\u20198 maggio 2014 emanato dal Garante per la protezione dei dati personali. Essa integra ed aggiorna altre informative gi\u00e0 presenti sul sito e\/o rilasciate prima d\u2019ora dall\u2019azienda, in combinazione con le quali fornisce tutti gli elementi richiesti dall\u2019art. 13 del D. Lgs. 196\/2003 e dai successivi Provvedimenti dell\u2019Autorit\u00e0 Garante per la protezione dei dati personali.<\/p>\n<h3>AVVERTENZA IMPORTANTE<\/h3>\n<p>Si informano i terzi tutti che l\u2019utilizzo della presente informativa, o anche solo di alcune parti di essa, su altri siti web in riferimento ai quali sarebbe certamente non pertinente e\/o errata e\/o incongruente, pu\u00f2 comportare l\u2019irrogazione di pesanti sanzioni da parte dell\u2019Autorit\u00e0 Garante per la protezione dei dati personali.<\/p>\n<h3>OGGETTO DELL\u2019INFORMATIVA<\/h3>\n<p>La nostra azienda sfrutta nelle presenti pagine web tecnologie facenti ricorso ai cos\u00ec detti \u201ccookies\u201d e questa informativa ha la finalit\u00e0 di illustrare all\u2019utente in maniera chiara e precisa le loro modalit\u00e0 di utilizzo. Il presente documento annulla e sostituisce integralmente eventuali precedenti indicazioni fornite dall\u2019azienda in tema di cookies, le quali sono quindi da considerarsi del tutto superate.<\/p>\n<h3>COSA SONO I COOKIES<\/h3>\n<p>I cookies sono stringhe di testo (file di piccole dimensioni), che i siti visitati da un utente inviano al suo terminale (pc, tablet, smart phone, ecc.), ove vengono memorizzati per poi essere ritrasmessi agli stessi siti che li hanno inviati, nel corso della visita successiva del medesimo utente.<\/p>\n<h3>TIPOLOGIE DI COOKIES E RELATIVE FINALIT\u00c0<\/h3>\n<p>I cookies utilizzati nel presente sito web sono delle seguenti tipologie: Cookies tecnici: permettono all\u2019utente l\u2019ottimale e veloce navigazione attraverso il sito web e l\u2019efficiente utilizzo dei servizi e\/o delle varie opzioni che esso offre, consentendo ad esempio di effettuare un acquisto o di autenticarsi per accedere ad aree riservate. Questi cookies sono necessari per migliorare la fruibilit\u00e0 del sito web, ma possono comunque essere disattivati. Cookies di analisi: sono strumenti di analisi web anonima ed aggregata, che permettono di avere informazioni su come gli utenti utilizzano il sito web, su come ci sono arrivati, sul numero e la durata delle visite, ecc. Tali cookies consentono di introdurre migliorie al sito web, le quali facilitano l\u2019accesso da parte degli utenti e di elaborare statistiche. Questi cookies non sono necessari per l\u2019ottimale fruibilit\u00e0 del sito web e pertanto possono essere disattivati. Cookies di terze parti: sono dei cookies installati sul terminale dell\u2019utente ad opera di gestori di siti terzi, per il tramite del presente sito. I cookies di terze parti, aventi principalmente finalit\u00e0 di analisi, derivano per lo pi\u00f9 dalle funzionalit\u00e0 di Google Analytics. E\u2019 possibile avere maggiori informazioni su Google Analytics cliccando sul seguente link: http:\/\/www.google.it\/intl\/it\/analytics. Per disabilitare i cookies e per impedire a Google Analytics di raccogliere dati sulla navigazione, \u00e8 possibile scaricare il componente aggiuntivo del browser per la disattivazione di Google Analytics cliccando sul seguente link: https:\/\/tools.google.com\/dlpage\/gaoptout.<\/p>\n<h3>LE IMPOSTAZIONI DEL BROWSER<\/h3>\n<p>Informiamo inoltre che l\u2019utente pu\u00f2 configurare, liberamente ed in qualsiasi momento, i suoi parametri di privacy in relazione all\u2019installazione ed uso di cookies, direttamente attraverso il suo programma di navigazione (browser) seguendo le relative istruzioni. In particolare l\u2019utente pu\u00f2 impostare la cos\u00ec detta \u201cnavigazione privata\u201d, grazie alla quale il suo programma di navigazione interrompe il salvataggio dello storico dei siti visitati, delle eventuali password inserite, dei cookies e delle altre informazioni sulle pagine visitate. Avvertiamo che nel caso in cui l\u2019utente decida di disattivare tutti i cookies (anche quelli di natura tecnica), la qualit\u00e0 e la rapidit\u00e0 dei servizi offerti dal presente sito web potrebbero peggiorare drasticamente e si potrebbe perdere l\u2019accesso ad alcune sezioni del sito stesso.<\/p>\n<h3>INDICAZIONI PRATICHE RIVOLTE ALL\u2019UTENTE PER LA CORRETTA IMPOSTAZIONE DEL BROWSER<\/h3>\n<p>Per bloccare o limitare l\u2019utilizzo dei cookies, sia da parte del presente sito che da parte di altri siti web, direttamente tramite il proprio browser, si possono seguire le istruzioni specifiche per ciascun programma:[\/vc_column_text][vc_raw_html css=&#8221;.vc_custom_1504602233944{margin-top: 15px !important;}&#8221;]JTNDdGFibGUlMjBib3JkZXIlM0QlMjIxJTIyJTIwY2VsbHNwYWNpbmclM0QlMjIxJTIyJTIwY2VsbHBhZGRpbmclM0QlMjIxJTIyJTNFJTBBJTNDdGhlYWQlM0UlMEElM0N0ciUzRSUwQSUzQ3RoJTIwY29sc3BhbiUzRCUyMjIlMjIlMjBzY29wZSUzRCUyMmNvbCUyMiUzRUNPTUUlMjBESVNBVFRJVkFSRSUyMEklMjBDT09LSUVTJTIwU1VMJTIwU0lUTyUzQyUyRnRoJTNFJTBBJTNDJTJGdHIlM0UlMEElM0MlMkZ0aGVhZCUzRSUwQSUzQ3Rib2R5JTNFJTBBJTNDdHIlM0UlMEElM0N0ZCUzRUlOVEVSTkVUJTIwRVhQTE9SRVIlM0MlMkZ0ZCUzRSUwQSUzQ3RkJTNFQ29tZSUyMGRpc2FiaWxpdGFyZSUyMGklMjBDb29raWVzJTIwc2UlMjB1dGlsaXp6aSUyMElFJTI2bmJzcCUzQiUzQ2ElMjBocmVmJTNEJTIyaHR0cCUzQSUyRiUyRndpbmRvd3MubWljcm9zb2Z0LmNvbSUyRml0LWl0JTJGaW50ZXJuZXQtZXhwbG9yZXIlMkZkZWxldGUtbWFuYWdlLWNvb2tpZXMlMjNpZSUzRGllLTExJTIyJTIwdGFyZ2V0JTNEJTIyX2JsYW5rJTIyJTNFQ0xJQ0NBJTIwUVVJJTNDJTJGYSUzRSUzQyUyRnRkJTNFJTBBJTNDJTJGdHIlM0UlMEElM0N0ciUzRSUwQSUzQ3RkJTNFQ0hST01FJTNDJTJGdGQlM0UlMEElM0N0ZCUzRUNvbWUlMjBkaXNhYmlsaXRhcmUlMjBpJTIwQ29va2llcyUyMHNlJTIwdXRpbGl6emklMjBHT09HTEUlMjBDSFJPTUUlMjZuYnNwJTNCJTNDYSUyMGhyZWYlM0QlMjJodHRwcyUzQSUyRiUyRnN1cHBvcnQuZ29vZ2xlLmNvbSUyRmNocm9tZSUyRmFuc3dlciUyRjk1NjQ3JTNGaGwlM0RpdCUyMiUyMHRhcmdldCUzRCUyMl9ibGFuayUyMiUzRUNMSUNDQSUyMFFVSSUzQyUyRmElM0UlM0MlMkZ0ZCUzRSUwQSUzQyUyRnRyJTNFJTBBJTNDdHIlM0UlMEElM0N0ZCUzRUZJUkVGT1glM0MlMkZ0ZCUzRSUwQSUzQ3RkJTNFQ29tZSUyMGRpc2FiaWxpdGFyZSUyMGklMjBDb29raWVzJTIwc2UlMjB1dGlsaXp6aSUyMEZJUkVGT1glMjBNT1pJTExBJTI2bmJzcCUzQiUzQ2ElMjBocmVmJTNEJTIyaHR0cHMlM0ElMkYlMkZzdXBwb3J0Lm1vemlsbGEub3JnJTJGaXQlMkZrYiUyRlNpdGklMjUyMHdlYiUyNTIwZSUyNTIwYXZ2aXNvJTI1MjBkaSUyNTIwYmxvY2NvJTI1MjBkZWklMjUyMGNvb2tpZSUyMiUyMHRhcmdldCUzRCUyMl9ibGFuayUyMiUzRUNMSUNDQSUyMFFVSSUzQyUyRmElM0UlM0MlMkZ0ZCUzRSUwQSUzQyUyRnRyJTNFJTBBJTNDdHIlM0UlMEElM0N0ZCUzRVNBRkFSSSUzQyUyRnRkJTNFJTBBJTNDdGQlM0VDb21lJTIwZGlzYWJpbGl0YXJlJTIwaSUyMENvb2tpZXMlMjBzZSUyMHV0aWxpenppJTIwU0FGQVJJJTI2bmJzcCUzQiUzQ2ElMjBocmVmJTNEJTIyaHR0cHMlM0ElMkYlMkZzdXBwb3J0LmFwcGxlLmNvbSUyRmtiJTJGUEg1MDQyJTNGbG9jYWxlJTNEaXRfSVQlMjIlMjB0YXJnZXQlM0QlMjJfYmxhbmslMjIlM0VDTElDQ0ElMjBRVUklM0MlMkZhJTNFJTNDJTJGdGQlM0UlMEElM0MlMkZ0ciUzRSUwQSUzQ3RyJTNFJTBBJTNDdGQlM0VPUEVSQSUzQyUyRnRkJTNFJTBBJTNDdGQlM0VDb21lJTIwZGlzYWJpbGl0YXJlJTIwaSUyMENvb2tpZXMlMjBzZSUyMHV0aWxpenppJTIwT1BFUkElMjZuYnNwJTNCJTNDYSUyMGhyZWYlM0QlMjJodHRwJTNBJTJGJTJGaGVscC5vcGVyYS5jb20lMkZXaW5kb3dzJTJGMTAuMDAlMkZpdCUyRmNvb2tpZXMuaHRtbCUyMiUyMHRhcmdldCUzRCUyMl9ibGFuayUyMiUzRUNMSUNDQSUyMFFVSSUzQyUyRmElM0UlM0MlMkZ0ZCUzRSUwQSUzQyUyRnRyJTNFJTBBJTNDJTJGdGJvZHklM0UlMEElM0MlMkZ0YWJsZSUzRQ==[\/vc_raw_html][\/vc_column][\/vc_row]<\/p>\n<\/div>","protected":false},"excerpt":{"rendered":"<p>[vc_row][vc_column][section_header layout_type=&#8221;section-heading-colorblock&#8221; main_heading=&#8221;Informativa estesa sull\u2019uso di cookies&#8221; font_size=&#8221;default&#8221; use_multi_color=&#8221;0&#8243;][\/vc_column][\/vc_row][vc_row css=&#8221;.vc_custom_1504599714862{margin-top: 20px !important;margin-bottom: 20px !important;}&#8221;][vc_column][vc_column_text css=&#8221;.vc_custom_1504602171170{margin-bottom: 10px !important;}&#8221;] PREMESSA La presente \u201cinformativa estesa\u201d \u00e8 stata redatta e personalizzata appositamente per il presente sito CM SERVICE in base a quanto previsto dal Provvedimento dell\u20198 maggio 2014 emanato dal Garante per la protezione dei dati personali. Essa integra&hellip;<\/p>\n","protected":false},"author":11,"featured_media":0,"parent":0,"menu_order":0,"comment_status":"closed","ping_status":"closed","template":"","meta":{"footnotes":""},"class_list":["post-8821","page","type-page","status-publish","hentry"],"yoast_head":"<!-- This site is optimized with the Yoast SEO plugin v27.2 - https:\/\/yoast.com\/product\/yoast-seo-wordpress\/ -->\r\n<title>Cookies - CM Service<\/title>\r\n<meta name=\"robots\" content=\"index, follow, max-snippet:-1, max-image-preview:large, max-video-preview:-1\" \/>\r\n<link rel=\"canonical\" href=\"https:\/\/cmserviceitalia.it\/it\/cookies\/\" \/>\r\n<meta property=\"og:locale\" content=\"it_IT\" \/>\r\n<meta property=\"og:type\" content=\"article\" \/>\r\n<meta property=\"og:title\" content=\"Cookies - CM Service\" \/>\r\n<meta property=\"og:description\" content=\"[vc_row][vc_column][section_header layout_type=&#8221;section-heading-colorblock&#8221; main_heading=&#8221;Informativa estesa sull\u2019uso di cookies&#8221; font_size=&#8221;default&#8221; use_multi_color=&#8221;0&#8243;][\/vc_column][\/vc_row][vc_row css=&#8221;.vc_custom_1504599714862{margin-top: 20px !important;margin-bottom: 20px !important;}&#8221;][vc_column][vc_column_text css=&#8221;.vc_custom_1504602171170{margin-bottom: 10px !important;}&#8221;] PREMESSA La presente \u201cinformativa estesa\u201d \u00e8 stata redatta e personalizzata appositamente per il presente sito CM SERVICE in base a quanto previsto dal Provvedimento dell\u20198 maggio 2014 emanato dal Garante per la protezione dei dati personali. Essa integra&hellip;\" \/>\r\n<meta property=\"og:url\" content=\"https:\/\/cmserviceitalia.it\/it\/cookies\/\" \/>\r\n<meta property=\"og:site_name\" content=\"CM Service\" \/>\r\n<meta property=\"article:modified_time\" content=\"2017-09-05T09:09:05+00:00\" \/>\r\n<meta property=\"og:image\" content=\"https:\/\/cmserviceitalia.it\/assets\/uploads\/logo_cm-service_jaune_02.jpg\" \/>\r\n\t<meta property=\"og:image:width\" content=\"732\" \/>\r\n\t<meta property=\"og:image:height\" content=\"732\" \/>\r\n\t<meta property=\"og:image:type\" content=\"image\/jpeg\" \/>\r\n<meta name=\"twitter:label1\" content=\"Tempo di lettura stimato\" \/>\n\t<meta name=\"twitter:data1\" content=\"5 minuti\" \/>\r\n<script type=\"application\/ld+json\" class=\"yoast-schema-graph\">{\"@context\":\"https:\/\/schema.org\",\"@graph\":[{\"@type\":\"WebPage\",\"@id\":\"https:\/\/cmserviceitalia.it\/it\/cookies\/\",\"url\":\"https:\/\/cmserviceitalia.it\/it\/cookies\/\",\"name\":\"Cookies - CM Service\",\"isPartOf\":{\"@id\":\"https:\/\/cmserviceitalia.it\/#website\"},\"datePublished\":\"2017-09-05T09:03:07+00:00\",\"dateModified\":\"2017-09-05T09:09:05+00:00\",\"inLanguage\":\"it-IT\",\"potentialAction\":[{\"@type\":\"ReadAction\",\"target\":[\"https:\/\/cmserviceitalia.it\/it\/cookies\/\"]}]},{\"@type\":\"WebSite\",\"@id\":\"https:\/\/cmserviceitalia.it\/#website\",\"url\":\"https:\/\/cmserviceitalia.it\/\",\"name\":\"CM Service\",\"description\":\"Printer Slotter Presse de d\u00e9coupe automatique Diecutter Automatique\",\"publisher\":{\"@id\":\"https:\/\/cmserviceitalia.it\/#organization\"},\"potentialAction\":[{\"@type\":\"SearchAction\",\"target\":{\"@type\":\"EntryPoint\",\"urlTemplate\":\"https:\/\/cmserviceitalia.it\/?s={search_term_string}\"},\"query-input\":{\"@type\":\"PropertyValueSpecification\",\"valueRequired\":true,\"valueName\":\"search_term_string\"}}],\"inLanguage\":\"it-IT\"},{\"@type\":\"Organization\",\"@id\":\"https:\/\/cmserviceitalia.it\/#organization\",\"name\":\"CM Service Italia\",\"url\":\"https:\/\/cmserviceitalia.it\/\",\"logo\":{\"@type\":\"ImageObject\",\"inLanguage\":\"it-IT\",\"@id\":\"https:\/\/cmserviceitalia.it\/#\/schema\/logo\/image\/\",\"url\":\"https:\/\/cmserviceitalia.it\/assets\/uploads\/logo_cm-service_jaune_02.jpg\",\"contentUrl\":\"https:\/\/cmserviceitalia.it\/assets\/uploads\/logo_cm-service_jaune_02.jpg\",\"width\":732,\"height\":732,\"caption\":\"CM Service Italia\"},\"image\":{\"@id\":\"https:\/\/cmserviceitalia.it\/#\/schema\/logo\/image\/\"}}]}<\/script>\r\n<!-- \/ Yoast SEO plugin. -->","yoast_head_json":{"title":"Cookies - CM Service","robots":{"index":"index","follow":"follow","max-snippet":"max-snippet:-1","max-image-preview":"max-image-preview:large","max-video-preview":"max-video-preview:-1"},"canonical":"https:\/\/cmserviceitalia.it\/it\/cookies\/","og_locale":"it_IT","og_type":"article","og_title":"Cookies - CM Service","og_description":"[vc_row][vc_column][section_header layout_type=&#8221;section-heading-colorblock&#8221; main_heading=&#8221;Informativa estesa sull\u2019uso di cookies&#8221; font_size=&#8221;default&#8221; use_multi_color=&#8221;0&#8243;][\/vc_column][\/vc_row][vc_row css=&#8221;.vc_custom_1504599714862{margin-top: 20px !important;margin-bottom: 20px !important;}&#8221;][vc_column][vc_column_text css=&#8221;.vc_custom_1504602171170{margin-bottom: 10px !important;}&#8221;] PREMESSA La presente \u201cinformativa estesa\u201d \u00e8 stata redatta e personalizzata appositamente per il presente sito CM SERVICE in base a quanto previsto dal Provvedimento dell\u20198 maggio 2014 emanato dal Garante per la protezione dei dati personali. Essa integra&hellip;","og_url":"https:\/\/cmserviceitalia.it\/it\/cookies\/","og_site_name":"CM Service","article_modified_time":"2017-09-05T09:09:05+00:00","og_image":[{"width":732,"height":732,"url":"https:\/\/cmserviceitalia.it\/assets\/uploads\/logo_cm-service_jaune_02.jpg","type":"image\/jpeg"}],"twitter_misc":{"Tempo di lettura stimato":"5 minuti"},"schema":{"@context":"https:\/\/schema.org","@graph":[{"@type":"WebPage","@id":"https:\/\/cmserviceitalia.it\/it\/cookies\/","url":"https:\/\/cmserviceitalia.it\/it\/cookies\/","name":"Cookies - CM Service","isPartOf":{"@id":"https:\/\/cmserviceitalia.it\/#website"},"datePublished":"2017-09-05T09:03:07+00:00","dateModified":"2017-09-05T09:09:05+00:00","inLanguage":"it-IT","potentialAction":[{"@type":"ReadAction","target":["https:\/\/cmserviceitalia.it\/it\/cookies\/"]}]},{"@type":"WebSite","@id":"https:\/\/cmserviceitalia.it\/#website","url":"https:\/\/cmserviceitalia.it\/","name":"CM Service","description":"Printer Slotter Presse de d\u00e9coupe automatique Diecutter Automatique","publisher":{"@id":"https:\/\/cmserviceitalia.it\/#organization"},"potentialAction":[{"@type":"SearchAction","target":{"@type":"EntryPoint","urlTemplate":"https:\/\/cmserviceitalia.it\/?s={search_term_string}"},"query-input":{"@type":"PropertyValueSpecification","valueRequired":true,"valueName":"search_term_string"}}],"inLanguage":"it-IT"},{"@type":"Organization","@id":"https:\/\/cmserviceitalia.it\/#organization","name":"CM Service Italia","url":"https:\/\/cmserviceitalia.it\/","logo":{"@type":"ImageObject","inLanguage":"it-IT","@id":"https:\/\/cmserviceitalia.it\/#\/schema\/logo\/image\/","url":"https:\/\/cmserviceitalia.it\/assets\/uploads\/logo_cm-service_jaune_02.jpg","contentUrl":"https:\/\/cmserviceitalia.it\/assets\/uploads\/logo_cm-service_jaune_02.jpg","width":732,"height":732,"caption":"CM Service Italia"},"image":{"@id":"https:\/\/cmserviceitalia.it\/#\/schema\/logo\/image\/"}}]}},"_links":{"self":[{"href":"https:\/\/cmserviceitalia.it\/it\/wp-json\/wp\/v2\/pages\/8821","targetHints":{"allow":["GET"]}}],"collection":[{"href":"https:\/\/cmserviceitalia.it\/it\/wp-json\/wp\/v2\/pages"}],"about":[{"href":"https:\/\/cmserviceitalia.it\/it\/wp-json\/wp\/v2\/types\/page"}],"author":[{"embeddable":true,"href":"https:\/\/cmserviceitalia.it\/it\/wp-json\/wp\/v2\/users\/11"}],"replies":[{"embeddable":true,"href":"https:\/\/cmserviceitalia.it\/it\/wp-json\/wp\/v2\/comments?post=8821"}],"version-history":[{"count":2,"href":"https:\/\/cmserviceitalia.it\/it\/wp-json\/wp\/v2\/pages\/8821\/revisions"}],"predecessor-version":[{"id":8823,"href":"https:\/\/cmserviceitalia.it\/it\/wp-json\/wp\/v2\/pages\/8821\/revisions\/8823"}],"wp:attachment":[{"href":"https:\/\/cmserviceitalia.it\/it\/wp-json\/wp\/v2\/media?parent=8821"}],"curies":[{"name":"wp","href":"https:\/\/api.w.org\/{rel}","templated":true}]}}