{"id":12174,"date":"2017-05-29T10:22:42","date_gmt":"2017-05-29T10:22:42","guid":{"rendered":"https:\/\/cmserviceitalia.it\/cm-service-italia-pre-owned-corrugated-machinery\/"},"modified":"2023-10-25T12:02:52","modified_gmt":"2023-10-25T10:02:52","slug":"cm-service-italia-pre-owned-corrugated-machinery","status":"publish","type":"page","link":"https:\/\/cmserviceitalia.it\/pl\/","title":{"rendered":"CM Service Italia Pre owned Tektura falista"},"content":{"rendered":"<div class=\"wpb-content-wrapper\"><p>[vc_row expanded=&#8221;2&#8243; css=&#8221;.vc_custom_1507545853638{background-color: #ffffff !important;}&#8221;][vc_column][rev_slider_vc alias=&#8221;grade_machinery_1&#8243; el_class=&#8221;max1280&#8243;][vc_row_inner equal_height=&#8221;yes&#8221; gap=&#8221;5&#8243; css=&#8221;.vc_custom_1507545915903{margin-top: -50px !important;padding-right: 0px !important;padding-bottom: 10px !important;padding-left: 0px !important;}&#8221; el_class=&#8221;smaller-font shadow-box&#8221;][vc_column_inner width=&#8221;1\/4&#8243; css=&#8221;.vc_custom_1503057541483{margin-bottom: 15px !important;padding-right: 15px !important;padding-left: 15px !important;background-color: #ffffff !important;}&#8221;][vc_single_image image=&#8221;12175&#8243; img_size=&#8221;262&#215;200&#8243; alignment=&#8221;center&#8221; onclick=&#8221;custom_link&#8221; css=&#8221;.vc_custom_1518517224311{margin-right: -15px !important;margin-left: -15px !important;}&#8221; link=&#8221;https:\/\/cmserviceitalia.it\/pl\/odnawiane-automatyczne-maszyny-sztancujace-bobst-spo\/&#8221;][vc_column_text css=&#8221;.vc_custom_1518517235248{margin-top: -15px !important;margin-bottom: 0px !important;}&#8221;]<\/p>\n<h4 class=\"t_home\"><a href=\"https:\/\/cmserviceitalia.it\/pl\/odnawiane-automatyczne-maszyny-sztancujace-bobst-spo\/\">BOBST<\/a><\/h4>\n<p class=\"s_titre_home\">Maszyny sztancuj\u0105ce SPO<\/p>\n<p class=\"p_home\">Nasze bogate do\u015bwiadczenie w zakresie przebudowy maszyn sztancuj\u0105cych BOBST SPO gwarantuje wysok\u0105 wydajno\u015b\u0107 maszyn po remoncie<\/p>\n<p>[\/vc_column_text][\/vc_column_inner][vc_column_inner width=&#8221;1\/4&#8243; css=&#8221;.vc_custom_1503057534467{margin-bottom: 15px !important;padding-right: 15px !important;padding-left: 15px !important;background-color: #ffffff !important;}&#8221;][vc_single_image image=&#8221;12178&#8243; img_size=&#8221;262&#215;200&#8243; alignment=&#8221;center&#8221; onclick=&#8221;custom_link&#8221; css=&#8221;.vc_custom_1518517252682{margin-right: -15px !important;margin-left: -15px !important;}&#8221; link=&#8221;https:\/\/cmserviceitalia.it\/pl\/odnowiona-maszyna-fleksograficzna-bobst\/&#8221;][vc_column_text css=&#8221;.vc_custom_1518517263580{margin-top: -15px !important;margin-bottom: 0px !important;}&#8221;]<\/p>\n<h4 class=\"t_home\"><a href=\"https:\/\/cmserviceitalia.it\/pl\/odnowiona-maszyna-fleksograficzna-bobst\/\">BOBST<\/a><\/h4>\n<p class=\"s_titre_home\">Maszyny fleksograficzne<\/p>\n<p class=\"p_home\">Posiadamy wieloletnie do\u015bwiadczenie w zakresie przebudowy i remont\u00f3w fleksograficznych maszyn drukarskich BOBST FLEXO. Oferujemy pe\u0142n\u0105 gwarancj\u0119 na okres 6\u201312 miesi\u0119cy.<\/p>\n<p>[\/vc_column_text][\/vc_column_inner][vc_column_inner width=&#8221;1\/4&#8243; css=&#8221;.vc_custom_1503057548401{margin-bottom: 15px !important;padding-right: 15px !important;padding-left: 15px !important;background-color: #ffffff !important;}&#8221;][vc_single_image image=&#8221;12180&#8243; img_size=&#8221;262&#215;200&#8243; alignment=&#8221;center&#8221; onclick=&#8221;custom_link&#8221; css=&#8221;.vc_custom_1518517296939{margin-right: -15px !important;margin-left: -15px !important;}&#8221; link=&#8221;https:\/\/cmserviceitalia.it\/pl\/demontaz-maszyn\/&#8221;][vc_column_text css=&#8221;.vc_custom_1518517289121{margin-top: -15px !important;margin-bottom: 0px !important;}&#8221;]<\/p>\n<h4 class=\"t_home\"><a href=\"https:\/\/cmserviceitalia.it\/pl\/demontaz-maszyn\/\">BOBST<br \/>\n<\/a><\/h4>\n<p class=\"s_titre_home\">Demonta\u017c<\/p>\n<p class=\"p_home\">Nasi technicy \u015bwiadcz\u0105 profesjonalne us\u0142ugi w zakresie kompleksowego demonta\u017cu maszyn \u2014 zar\u00f3wno lokalnie, jak i za granic\u0105 \u2014 od etapu rozmontowania, przez transport, ponowny monta\u017c, a\u017c po rozruch.<\/p>\n<p>[\/vc_column_text][\/vc_column_inner][vc_column_inner width=&#8221;1\/4&#8243; css=&#8221;.vc_custom_1503057555178{margin-bottom: 15px !important;padding-right: 15px !important;padding-left: 15px !important;background-color: #ffffff !important;}&#8221;][vc_single_image image=&#8221;12992&#8243; img_size=&#8221;262&#215;200&#8243; alignment=&#8221;center&#8221; onclick=&#8221;custom_link&#8221; css=&#8221;.vc_custom_1698228019394{margin-right: -15px !important;margin-left: -15px !important;}&#8221; link=&#8221;https:\/\/cmserviceitalia.it\/pl\/odnowiona-maszyna-martin-do-produkcji-okladek\/&#8221;][vc_column_text css=&#8221;.vc_custom_1698228087058{margin-top: -15px !important;margin-bottom: 0px !important;}&#8221;]<\/p>\n<h4 class=\"t_home\"><a href=\"https:\/\/cmserviceitalia.it\/pl\/odnowiona-maszyna-martin-do-produkcji-okladek\/\">Martin<br \/>\n<\/a><\/h4>\n<p class=\"s_titre_home\">Maszyna do produkcji pude\u0142ek<\/p>\n<p class=\"p_home\">Przed renowacj\u0105 nasze maszyny do produkcji pude\u0142ek Martin s\u0105 ca\u0142kowicie demontowane i dok\u0142adnie czyszczone, co pozwala przeprowadzi\u0107 szczeg\u00f3\u0142ow\u0105 ocen\u0119 i kontrol\u0119 oraz na tej podstawie zdecydowa\u0107, jakiego rodzaju prace nale\u017cy wykona\u0107.<\/p>\n<p>[\/vc_column_text][\/vc_column_inner][\/vc_row_inner][\/vc_column][\/vc_row][vc_row expanded=&#8221;2&#8243; css=&#8221;.vc_custom_1502456762772{margin-bottom: 0px !important;padding-top: 10px !important;padding-bottom: 10px !important;}&#8221; el_class=&#8221;white-font&#8221;][vc_column css=&#8221;.vc_custom_1488269132659{margin-top: 10px !important;}&#8221;][vc_row_inner css=&#8221;.vc_custom_1488215614916{margin-bottom: 0px !important;}&#8221;][vc_column_inner][section_header layout_type=&#8221;section-heading-underlined&#8221; main_heading=&#8221;GLOBALNI SPECJALI\u015aCI W ZAKRESIE MODERNIZACJI MASZYN DLA BRAN\u017bY TEKTURY FALISTEJ&#8221; font_size=&#8221;custom&#8221; custom_font_size=&#8221;23&#8243; font_weight=&#8221;normal&#8221; use_multi_color=&#8221;0&#8243; color=&#8221;#3f4348&#8243; separator_color=&#8221;#ffffff&#8221; css=&#8221;.vc_custom_1518425568935{margin-bottom: 10px !important;}&#8221;][vc_single_image image=&#8221;12181&#8243; img_size=&#8221;900&#215;2&#8243; alignment=&#8221;center&#8221; css=&#8221;.vc_custom_1503649623679{margin-top: 0px !important;margin-bottom: 0px !important;}&#8221;][vc_column_text css=&#8221;.vc_custom_1518425583740{margin-top: -10px !important;margin-bottom: 16px !important;}&#8221;]<\/p>\n<p style=\"text-align: center; color: #3f4348; text-transform: uppercase;\"><span style=\"font-size: 1.1em;\">CM SERVICE ITALIA to optymalny wyb\u00f3r dla wszystkich, kt\u00f3rzy poszukuj\u0105 najwy\u017cszej jako\u015bci us\u0142ug w zakresie renowacji maszyn. Jeste\u015bmy niezawodnym partnerem dla klient\u00f3w zainteresowanych inwestowaniem w u\u017cywane maszyny z gwarancj\u0105.<\/span><\/p>\n<p>[\/vc_column_text][\/vc_column_inner][\/vc_row_inner][\/vc_column][\/vc_row][vc_row css=&#8221;.vc_custom_1503061914880{margin-top: 0px !important;}&#8221;][vc_column][vc_row_inner css=&#8221;.vc_custom_1518512623921{margin-top: 15px !important;margin-bottom: 40px !important;}&#8221;][vc_column_inner width=&#8221;1\/3&#8243; css=&#8221;.vc_custom_1503056668705{padding-top: 20px !important;padding-bottom: 20px !important;}&#8221;][vc_posts_slider count=&#8221;1&#8243; interval=&#8221;0&#8243; slides_content=&#8221;teaser&#8221; slides_title=&#8221;1&#8243; thumb_size=&#8221;303&#215;93&#8243; posttypes=&#8221;post&#8221; posts_in=&#8221;4845&#8243; css=&#8221;.vc_custom_1503051523453{margin-bottom: 0px !important;}&#8221;][\/vc_column_inner][vc_column_inner width=&#8221;1\/3&#8243; css=&#8221;.vc_custom_1503056677227{padding-top: 20px !important;padding-bottom: 20px !important;}&#8221;][vc_posts_slider count=&#8221;1&#8243; interval=&#8221;0&#8243; slides_content=&#8221;teaser&#8221; slides_title=&#8221;1&#8243; posttypes=&#8221;post&#8221; posts_in=&#8221;4831&#8243; css=&#8221;.vc_custom_1500369271426{margin-bottom: 0px !important;}&#8221;][\/vc_column_inner][vc_column_inner width=&#8221;1\/3&#8243; css=&#8221;.vc_custom_1503056682937{padding-top: 20px !important;padding-bottom: 20px !important;}&#8221;][vc_posts_slider count=&#8221;1&#8243; interval=&#8221;0&#8243; slides_content=&#8221;teaser&#8221; slides_title=&#8221;1&#8243; posttypes=&#8221;post&#8221; posts_in=&#8221;4838&#8243;][\/vc_column_inner][\/vc_row_inner][\/vc_column][\/vc_row]<\/p>\n<\/div>","protected":false},"excerpt":{"rendered":"<p>[vc_row expanded=&#8221;2&#8243; css=&#8221;.vc_custom_1507545853638{background-color: #ffffff !important;}&#8221;][vc_column][rev_slider_vc alias=&#8221;grade_machinery_1&#8243; el_class=&#8221;max1280&#8243;][vc_row_inner equal_height=&#8221;yes&#8221; gap=&#8221;5&#8243; css=&#8221;.vc_custom_1507545915903{margin-top: -50px !important;padding-right: 0px !important;padding-bottom: 10px !important;padding-left: 0px !important;}&#8221; el_class=&#8221;smaller-font shadow-box&#8221;][vc_column_inner width=&#8221;1\/4&#8243; css=&#8221;.vc_custom_1503057541483{margin-bottom: 15px !important;padding-right: 15px !important;padding-left: 15px !important;background-color: #ffffff !important;}&#8221;][vc_single_image image=&#8221;12175&#8243; img_size=&#8221;262&#215;200&#8243; alignment=&#8221;center&#8221; onclick=&#8221;custom_link&#8221; css=&#8221;.vc_custom_1518517224311{margin-right: -15px !important;margin-left: -15px !important;}&#8221; link=&#8221;https:\/\/cmserviceitalia.it\/pl\/odnawiane-automatyczne-maszyny-sztancujace-bobst-spo\/&#8221;][vc_column_text css=&#8221;.vc_custom_1518517235248{margin-top: -15px !important;margin-bottom: 0px !important;}&#8221;] BOBST Maszyny sztancuj\u0105ce SPO Nasze bogate do\u015bwiadczenie w zakresie przebudowy&hellip;<\/p>\n","protected":false},"author":11,"featured_media":0,"parent":0,"menu_order":0,"comment_status":"closed","ping_status":"closed","template":"fullwidth.php","meta":{"footnotes":""},"class_list":["post-12174","page","type-page","status-publish","hentry"],"yoast_head":"<!-- This site is optimized with the Yoast SEO plugin v27.2 - https:\/\/yoast.com\/product\/yoast-seo-wordpress\/ -->\r\n<title>CM Service Italia Pre owned Tektura falista - CM Service<\/title>\r\n<meta name=\"robots\" content=\"index, follow, max-snippet:-1, max-image-preview:large, max-video-preview:-1\" \/>\r\n<link rel=\"canonical\" href=\"https:\/\/cmserviceitalia.it\/pl\/\" \/>\r\n<meta property=\"og:locale\" content=\"pl_PL\" \/>\r\n<meta property=\"og:type\" content=\"article\" \/>\r\n<meta property=\"og:title\" content=\"CM Service Italia Pre owned Tektura falista - CM Service\" \/>\r\n<meta property=\"og:description\" content=\"[vc_row expanded=&#8221;2&#8243; css=&#8221;.vc_custom_1507545853638{background-color: #ffffff !important;}&#8221;][vc_column][rev_slider_vc alias=&#8221;grade_machinery_1&#8243; el_class=&#8221;max1280&#8243;][vc_row_inner equal_height=&#8221;yes&#8221; gap=&#8221;5&#8243; css=&#8221;.vc_custom_1507545915903{margin-top: -50px !important;padding-right: 0px !important;padding-bottom: 10px !important;padding-left: 0px !important;}&#8221; el_class=&#8221;smaller-font shadow-box&#8221;][vc_column_inner width=&#8221;1\/4&#8243; css=&#8221;.vc_custom_1503057541483{margin-bottom: 15px !important;padding-right: 15px !important;padding-left: 15px !important;background-color: #ffffff !important;}&#8221;][vc_single_image image=&#8221;12175&#8243; img_size=&#8221;262&#215;200&#8243; alignment=&#8221;center&#8221; onclick=&#8221;custom_link&#8221; css=&#8221;.vc_custom_1518517224311{margin-right: -15px !important;margin-left: -15px !important;}&#8221; link=&#8221;https:\/\/cmserviceitalia.it\/pl\/odnawiane-automatyczne-maszyny-sztancujace-bobst-spo\/&#8221;][vc_column_text css=&#8221;.vc_custom_1518517235248{margin-top: -15px !important;margin-bottom: 0px !important;}&#8221;] BOBST Maszyny sztancuj\u0105ce SPO Nasze bogate do\u015bwiadczenie w zakresie przebudowy&hellip;\" \/>\r\n<meta property=\"og:url\" content=\"https:\/\/cmserviceitalia.it\/pl\/\" \/>\r\n<meta property=\"og:site_name\" content=\"CM Service\" \/>\r\n<meta property=\"article:modified_time\" content=\"2023-10-25T10:02:52+00:00\" \/>\r\n<meta property=\"og:image\" content=\"https:\/\/cmserviceitalia.it\/assets\/uploads\/logo_cm-service_jaune_02.jpg\" \/>\r\n\t<meta property=\"og:image:width\" content=\"732\" \/>\r\n\t<meta property=\"og:image:height\" content=\"732\" \/>\r\n\t<meta property=\"og:image:type\" content=\"image\/jpeg\" \/>\r\n<meta name=\"twitter:label1\" content=\"Szacowany czas czytania\" \/>\n\t<meta name=\"twitter:data1\" content=\"2 minuty\" \/>\r\n<script type=\"application\/ld+json\" class=\"yoast-schema-graph\">{\"@context\":\"https:\/\/schema.org\",\"@graph\":[{\"@type\":\"WebPage\",\"@id\":\"https:\/\/cmserviceitalia.it\/pl\/\",\"url\":\"https:\/\/cmserviceitalia.it\/pl\/\",\"name\":\"CM Service Italia Pre owned Tektura falista - CM Service\",\"isPartOf\":{\"@id\":\"https:\/\/cmserviceitalia.it\/#website\"},\"datePublished\":\"2017-05-29T10:22:42+00:00\",\"dateModified\":\"2023-10-25T10:02:52+00:00\",\"inLanguage\":\"pl-PL\",\"potentialAction\":[{\"@type\":\"ReadAction\",\"target\":[\"https:\/\/cmserviceitalia.it\/pl\/\"]}]},{\"@type\":\"WebSite\",\"@id\":\"https:\/\/cmserviceitalia.it\/#website\",\"url\":\"https:\/\/cmserviceitalia.it\/\",\"name\":\"CM Service\",\"description\":\"Printer Slotter Presse de d\u00e9coupe automatique Diecutter Automatique\",\"publisher\":{\"@id\":\"https:\/\/cmserviceitalia.it\/#organization\"},\"potentialAction\":[{\"@type\":\"SearchAction\",\"target\":{\"@type\":\"EntryPoint\",\"urlTemplate\":\"https:\/\/cmserviceitalia.it\/?s={search_term_string}\"},\"query-input\":{\"@type\":\"PropertyValueSpecification\",\"valueRequired\":true,\"valueName\":\"search_term_string\"}}],\"inLanguage\":\"pl-PL\"},{\"@type\":\"Organization\",\"@id\":\"https:\/\/cmserviceitalia.it\/#organization\",\"name\":\"CM Service Italia\",\"url\":\"https:\/\/cmserviceitalia.it\/\",\"logo\":{\"@type\":\"ImageObject\",\"inLanguage\":\"pl-PL\",\"@id\":\"https:\/\/cmserviceitalia.it\/#\/schema\/logo\/image\/\",\"url\":\"https:\/\/cmserviceitalia.it\/assets\/uploads\/logo_cm-service_jaune_02.jpg\",\"contentUrl\":\"https:\/\/cmserviceitalia.it\/assets\/uploads\/logo_cm-service_jaune_02.jpg\",\"width\":732,\"height\":732,\"caption\":\"CM Service Italia\"},\"image\":{\"@id\":\"https:\/\/cmserviceitalia.it\/#\/schema\/logo\/image\/\"}}]}<\/script>\r\n<!-- \/ Yoast SEO plugin. -->","yoast_head_json":{"title":"CM Service Italia Pre owned Tektura falista - CM Service","robots":{"index":"index","follow":"follow","max-snippet":"max-snippet:-1","max-image-preview":"max-image-preview:large","max-video-preview":"max-video-preview:-1"},"canonical":"https:\/\/cmserviceitalia.it\/pl\/","og_locale":"pl_PL","og_type":"article","og_title":"CM Service Italia Pre owned Tektura falista - CM Service","og_description":"[vc_row expanded=&#8221;2&#8243; css=&#8221;.vc_custom_1507545853638{background-color: #ffffff !important;}&#8221;][vc_column][rev_slider_vc alias=&#8221;grade_machinery_1&#8243; el_class=&#8221;max1280&#8243;][vc_row_inner equal_height=&#8221;yes&#8221; gap=&#8221;5&#8243; css=&#8221;.vc_custom_1507545915903{margin-top: -50px !important;padding-right: 0px !important;padding-bottom: 10px !important;padding-left: 0px !important;}&#8221; el_class=&#8221;smaller-font shadow-box&#8221;][vc_column_inner width=&#8221;1\/4&#8243; css=&#8221;.vc_custom_1503057541483{margin-bottom: 15px !important;padding-right: 15px !important;padding-left: 15px !important;background-color: #ffffff !important;}&#8221;][vc_single_image image=&#8221;12175&#8243; img_size=&#8221;262&#215;200&#8243; alignment=&#8221;center&#8221; onclick=&#8221;custom_link&#8221; css=&#8221;.vc_custom_1518517224311{margin-right: -15px !important;margin-left: -15px !important;}&#8221; link=&#8221;https:\/\/cmserviceitalia.it\/pl\/odnawiane-automatyczne-maszyny-sztancujace-bobst-spo\/&#8221;][vc_column_text css=&#8221;.vc_custom_1518517235248{margin-top: -15px !important;margin-bottom: 0px !important;}&#8221;] BOBST Maszyny sztancuj\u0105ce SPO Nasze bogate do\u015bwiadczenie w zakresie przebudowy&hellip;","og_url":"https:\/\/cmserviceitalia.it\/pl\/","og_site_name":"CM Service","article_modified_time":"2023-10-25T10:02:52+00:00","og_image":[{"width":732,"height":732,"url":"https:\/\/cmserviceitalia.it\/assets\/uploads\/logo_cm-service_jaune_02.jpg","type":"image\/jpeg"}],"twitter_misc":{"Szacowany czas czytania":"2 minuty"},"schema":{"@context":"https:\/\/schema.org","@graph":[{"@type":"WebPage","@id":"https:\/\/cmserviceitalia.it\/pl\/","url":"https:\/\/cmserviceitalia.it\/pl\/","name":"CM Service Italia Pre owned Tektura falista - CM Service","isPartOf":{"@id":"https:\/\/cmserviceitalia.it\/#website"},"datePublished":"2017-05-29T10:22:42+00:00","dateModified":"2023-10-25T10:02:52+00:00","inLanguage":"pl-PL","potentialAction":[{"@type":"ReadAction","target":["https:\/\/cmserviceitalia.it\/pl\/"]}]},{"@type":"WebSite","@id":"https:\/\/cmserviceitalia.it\/#website","url":"https:\/\/cmserviceitalia.it\/","name":"CM Service","description":"Printer Slotter Presse de d\u00e9coupe automatique Diecutter Automatique","publisher":{"@id":"https:\/\/cmserviceitalia.it\/#organization"},"potentialAction":[{"@type":"SearchAction","target":{"@type":"EntryPoint","urlTemplate":"https:\/\/cmserviceitalia.it\/?s={search_term_string}"},"query-input":{"@type":"PropertyValueSpecification","valueRequired":true,"valueName":"search_term_string"}}],"inLanguage":"pl-PL"},{"@type":"Organization","@id":"https:\/\/cmserviceitalia.it\/#organization","name":"CM Service Italia","url":"https:\/\/cmserviceitalia.it\/","logo":{"@type":"ImageObject","inLanguage":"pl-PL","@id":"https:\/\/cmserviceitalia.it\/#\/schema\/logo\/image\/","url":"https:\/\/cmserviceitalia.it\/assets\/uploads\/logo_cm-service_jaune_02.jpg","contentUrl":"https:\/\/cmserviceitalia.it\/assets\/uploads\/logo_cm-service_jaune_02.jpg","width":732,"height":732,"caption":"CM Service Italia"},"image":{"@id":"https:\/\/cmserviceitalia.it\/#\/schema\/logo\/image\/"}}]}},"_links":{"self":[{"href":"https:\/\/cmserviceitalia.it\/pl\/wp-json\/wp\/v2\/pages\/12174","targetHints":{"allow":["GET"]}}],"collection":[{"href":"https:\/\/cmserviceitalia.it\/pl\/wp-json\/wp\/v2\/pages"}],"about":[{"href":"https:\/\/cmserviceitalia.it\/pl\/wp-json\/wp\/v2\/types\/page"}],"author":[{"embeddable":true,"href":"https:\/\/cmserviceitalia.it\/pl\/wp-json\/wp\/v2\/users\/11"}],"replies":[{"embeddable":true,"href":"https:\/\/cmserviceitalia.it\/pl\/wp-json\/wp\/v2\/comments?post=12174"}],"version-history":[{"count":13,"href":"https:\/\/cmserviceitalia.it\/pl\/wp-json\/wp\/v2\/pages\/12174\/revisions"}],"predecessor-version":[{"id":14601,"href":"https:\/\/cmserviceitalia.it\/pl\/wp-json\/wp\/v2\/pages\/12174\/revisions\/14601"}],"wp:attachment":[{"href":"https:\/\/cmserviceitalia.it\/pl\/wp-json\/wp\/v2\/media?parent=12174"}],"curies":[{"name":"wp","href":"https:\/\/api.w.org\/{rel}","templated":true}]}}