{"id":12195,"date":"2018-02-12T09:14:44","date_gmt":"2018-02-12T09:14:44","guid":{"rendered":"https:\/\/cmserviceitalia.it\/?page_id=12195"},"modified":"2018-02-12T09:16:36","modified_gmt":"2018-02-12T09:16:36","slug":"o-nas","status":"publish","type":"page","link":"https:\/\/cmserviceitalia.it\/pl\/o-nas\/","title":{"rendered":"O NAS"},"content":{"rendered":"<div class=\"wpb-content-wrapper\"><p>[vc_row][vc_column][section_header layout_type=&#8221;section-heading-colorblock&#8221; main_heading=&#8221;DOSTAWCA ODNAWIANYCH MASZYN DO PRODUKCJI TEKTURY FALISTEJ &#8221; font_size=&#8221;default&#8221; use_multi_color=&#8221;0&#8243;][\/vc_column][\/vc_row][vc_row css=&#8221;.vc_custom_1502810813929{margin-top: 20px !important;margin-bottom: 0px !important;}&#8221;][vc_column css=&#8221;.vc_custom_1502380516729{margin-bottom: 0px !important;}&#8221;][vc_cta h2=&#8221;&#8221; shape=&#8221;square&#8221; style=&#8221;custom&#8221; custom_background=&#8221;#ffffff&#8221;]<img loading=\"lazy\" decoding=\"async\" class=\"aligncenter wp-image-8663 size-full\" src=\"https:\/\/cmserviceitalia.it\/assets\/uploads\/automatic-flatbed-die-cutter-bobst-spo-1600-83-1024x768-1-1.jpg\" alt=\"automatic-flatbed-die-cutter-bobst-spo-1600-\" width=\"1024\" height=\"438\" srcset=\"https:\/\/cmserviceitalia.it\/assets\/uploads\/automatic-flatbed-die-cutter-bobst-spo-1600-83-1024x768-1-1.jpg 1024w, https:\/\/cmserviceitalia.it\/assets\/uploads\/automatic-flatbed-die-cutter-bobst-spo-1600-83-1024x768-1-1-300x128.jpg 300w, https:\/\/cmserviceitalia.it\/assets\/uploads\/automatic-flatbed-die-cutter-bobst-spo-1600-83-1024x768-1-1-768x329.jpg 768w\" sizes=\"auto, (max-width: 1024px) 100vw, 1024px\" \/><\/p>\n<p style=\"text-align: justify;\">CM Service jest profesjonalnym dostawc\u0105 odnowionych maszyn do produkcji tektury falistej. Jeste\u015bmy m\u0142od\u0105 i dynamiczn\u0105 firm\u0105 zatrudniaj\u0105c\u0105 wykwalifikowanych pracownik\u00f3w z ponad 20-letnim do\u015bwiadczeniem w przemy\u015ble przetw\u00f3rczym i pracy z maszynami do produkcji tektury falistej. Zajmujemy si\u0119 sprzeda\u017c\u0105, konserwacj\u0105 i monta\u017cem maszyn, rozwi\u0105zaniami mechanicznymi i elektrycznymi oraz opracowywaniem oprogramowania i jego wdra\u017caniem.<\/p>\n<p style=\"text-align: justify;\">CM Service jest profesjonalnym dostawc\u0105 odnowionych maszyn do produkcji tektury falistej. Jeste\u015bmy m\u0142od\u0105 i dynamiczn\u0105 firm\u0105 zatrudniaj\u0105c\u0105 wykwalifikowanych pracownik\u00f3w z ponad 20-letnim do\u015bwiadczeniem w przemy\u015ble przetw\u00f3rczym i pracy z maszynami do produkcji tektury falistej. Zajmujemy si\u0119 sprzeda\u017c\u0105, konserwacj\u0105 i monta\u017cem maszyn, rozwi\u0105zaniami mechanicznymi i elektrycznymi oraz opracowywaniem oprogramowania i jego wdra\u017caniem.<\/p>\n<p style=\"text-align: justify;\">CM Service jest profesjonalnym dostawc\u0105 odnowionych maszyn do produkcji tektury falistej. Jeste\u015bmy m\u0142od\u0105 i dynamiczn\u0105 firm\u0105 zatrudniaj\u0105c\u0105 wykwalifikowanych pracownik\u00f3w z ponad 20-letnim do\u015bwiadczeniem w przemy\u015ble przetw\u00f3rczym i pracy z maszynami do produkcji tektury falistej. Zajmujemy si\u0119 sprzeda\u017c\u0105, konserwacj\u0105 i monta\u017cem maszyn, rozwi\u0105zaniami mechanicznymi i elektrycznymi oraz opracowywaniem oprogramowania i jego wdra\u017caniem.<\/p>\n<p style=\"text-align: justify;\">\u015awiadczymy us\u0142ugi nie tylko we W\u0142oszech, ale tak\u017ce w ca\u0142ej Europie i Afryce P\u00f3\u0142nocnej.<\/p>\n<p style=\"text-align: justify;\">My\u015blimy o przysz\u0142o\u015bci: stawiamy na nieustanny wzrost i rozw\u00f3j, by m\u00f3c pod\u0105\u017ca\u0107 za post\u0119pem technologicznym i spe\u0142nia\u0107 potrzeby klient\u00f3w w mo\u017cliwe najwi\u0119kszym stopniu.<\/p>\n<p>[\/vc_cta][\/vc_column][\/vc_row]<\/p>\n<\/div>","protected":false},"excerpt":{"rendered":"<p>[vc_row][vc_column][section_header layout_type=&#8221;section-heading-colorblock&#8221; main_heading=&#8221;DOSTAWCA ODNAWIANYCH MASZYN DO PRODUKCJI TEKTURY FALISTEJ &#8221; font_size=&#8221;default&#8221; use_multi_color=&#8221;0&#8243;][\/vc_column][\/vc_row][vc_row css=&#8221;.vc_custom_1502810813929{margin-top: 20px !important;margin-bottom: 0px !important;}&#8221;][vc_column css=&#8221;.vc_custom_1502380516729{margin-bottom: 0px !important;}&#8221;][vc_cta h2=&#8221;&#8221; shape=&#8221;square&#8221; style=&#8221;custom&#8221; custom_background=&#8221;#ffffff&#8221;] CM Service jest profesjonalnym dostawc\u0105 odnowionych maszyn do produkcji tektury falistej. Jeste\u015bmy m\u0142od\u0105 i dynamiczn\u0105 firm\u0105 zatrudniaj\u0105c\u0105 wykwalifikowanych pracownik\u00f3w z ponad 20-letnim do\u015bwiadczeniem w przemy\u015ble przetw\u00f3rczym i pracy z maszynami do&hellip;<\/p>\n","protected":false},"author":11,"featured_media":0,"parent":0,"menu_order":0,"comment_status":"closed","ping_status":"closed","template":"","meta":{"footnotes":""},"class_list":["post-12195","page","type-page","status-publish","hentry"],"yoast_head":"<!-- This site is optimized with the Yoast SEO plugin v27.2 - https:\/\/yoast.com\/product\/yoast-seo-wordpress\/ -->\r\n<title>O NAS - CM Service<\/title>\r\n<meta name=\"robots\" content=\"index, follow, max-snippet:-1, max-image-preview:large, max-video-preview:-1\" \/>\r\n<link rel=\"canonical\" href=\"https:\/\/cmserviceitalia.it\/pl\/o-nas\/\" \/>\r\n<meta property=\"og:locale\" content=\"pl_PL\" \/>\r\n<meta property=\"og:type\" content=\"article\" \/>\r\n<meta property=\"og:title\" content=\"O NAS - CM Service\" \/>\r\n<meta property=\"og:description\" content=\"[vc_row][vc_column][section_header layout_type=&#8221;section-heading-colorblock&#8221; main_heading=&#8221;DOSTAWCA ODNAWIANYCH MASZYN DO PRODUKCJI TEKTURY FALISTEJ &#8221; font_size=&#8221;default&#8221; use_multi_color=&#8221;0&#8243;][\/vc_column][\/vc_row][vc_row css=&#8221;.vc_custom_1502810813929{margin-top: 20px !important;margin-bottom: 0px !important;}&#8221;][vc_column css=&#8221;.vc_custom_1502380516729{margin-bottom: 0px !important;}&#8221;][vc_cta h2=&#8221;&#8221; shape=&#8221;square&#8221; style=&#8221;custom&#8221; custom_background=&#8221;#ffffff&#8221;] CM Service jest profesjonalnym dostawc\u0105 odnowionych maszyn do produkcji tektury falistej. Jeste\u015bmy m\u0142od\u0105 i dynamiczn\u0105 firm\u0105 zatrudniaj\u0105c\u0105 wykwalifikowanych pracownik\u00f3w z ponad 20-letnim do\u015bwiadczeniem w przemy\u015ble przetw\u00f3rczym i pracy z maszynami do&hellip;\" \/>\r\n<meta property=\"og:url\" content=\"https:\/\/cmserviceitalia.it\/pl\/o-nas\/\" \/>\r\n<meta property=\"og:site_name\" content=\"CM Service\" \/>\r\n<meta property=\"article:modified_time\" content=\"2018-02-12T09:16:36+00:00\" \/>\r\n<meta property=\"og:image\" content=\"https:\/\/cmserviceitalia.it\/assets\/uploads\/automatic-flatbed-die-cutter-bobst-spo-1600-83-1024x768-1-1.jpg\" \/>\r\n<meta name=\"twitter:label1\" content=\"Szacowany czas czytania\" \/>\n\t<meta name=\"twitter:data1\" content=\"2 minuty\" \/>\r\n<script type=\"application\/ld+json\" class=\"yoast-schema-graph\">{\"@context\":\"https:\/\/schema.org\",\"@graph\":[{\"@type\":\"WebPage\",\"@id\":\"https:\/\/cmserviceitalia.it\/pl\/o-nas\/\",\"url\":\"https:\/\/cmserviceitalia.it\/pl\/o-nas\/\",\"name\":\"O NAS - CM Service\",\"isPartOf\":{\"@id\":\"https:\/\/cmserviceitalia.it\/#website\"},\"primaryImageOfPage\":{\"@id\":\"https:\/\/cmserviceitalia.it\/pl\/o-nas\/#primaryimage\"},\"image\":{\"@id\":\"https:\/\/cmserviceitalia.it\/pl\/o-nas\/#primaryimage\"},\"thumbnailUrl\":\"https:\/\/cmserviceitalia.it\/assets\/uploads\/automatic-flatbed-die-cutter-bobst-spo-1600-83-1024x768-1-1.jpg\",\"datePublished\":\"2018-02-12T09:14:44+00:00\",\"dateModified\":\"2018-02-12T09:16:36+00:00\",\"inLanguage\":\"pl-PL\",\"potentialAction\":[{\"@type\":\"ReadAction\",\"target\":[\"https:\/\/cmserviceitalia.it\/pl\/o-nas\/\"]}]},{\"@type\":\"ImageObject\",\"inLanguage\":\"pl-PL\",\"@id\":\"https:\/\/cmserviceitalia.it\/pl\/o-nas\/#primaryimage\",\"url\":\"https:\/\/cmserviceitalia.it\/assets\/uploads\/automatic-flatbed-die-cutter-bobst-spo-1600-83-1024x768-1-1.jpg\",\"contentUrl\":\"https:\/\/cmserviceitalia.it\/assets\/uploads\/automatic-flatbed-die-cutter-bobst-spo-1600-83-1024x768-1-1.jpg\"},{\"@type\":\"WebSite\",\"@id\":\"https:\/\/cmserviceitalia.it\/#website\",\"url\":\"https:\/\/cmserviceitalia.it\/\",\"name\":\"CM Service\",\"description\":\"Printer Slotter Presse de d\u00e9coupe automatique Diecutter Automatique\",\"publisher\":{\"@id\":\"https:\/\/cmserviceitalia.it\/#organization\"},\"potentialAction\":[{\"@type\":\"SearchAction\",\"target\":{\"@type\":\"EntryPoint\",\"urlTemplate\":\"https:\/\/cmserviceitalia.it\/?s={search_term_string}\"},\"query-input\":{\"@type\":\"PropertyValueSpecification\",\"valueRequired\":true,\"valueName\":\"search_term_string\"}}],\"inLanguage\":\"pl-PL\"},{\"@type\":\"Organization\",\"@id\":\"https:\/\/cmserviceitalia.it\/#organization\",\"name\":\"CM Service Italia\",\"url\":\"https:\/\/cmserviceitalia.it\/\",\"logo\":{\"@type\":\"ImageObject\",\"inLanguage\":\"pl-PL\",\"@id\":\"https:\/\/cmserviceitalia.it\/#\/schema\/logo\/image\/\",\"url\":\"https:\/\/cmserviceitalia.it\/assets\/uploads\/logo_cm-service_jaune_02.jpg\",\"contentUrl\":\"https:\/\/cmserviceitalia.it\/assets\/uploads\/logo_cm-service_jaune_02.jpg\",\"width\":732,\"height\":732,\"caption\":\"CM Service Italia\"},\"image\":{\"@id\":\"https:\/\/cmserviceitalia.it\/#\/schema\/logo\/image\/\"}}]}<\/script>\r\n<!-- \/ Yoast SEO plugin. -->","yoast_head_json":{"title":"O NAS - CM Service","robots":{"index":"index","follow":"follow","max-snippet":"max-snippet:-1","max-image-preview":"max-image-preview:large","max-video-preview":"max-video-preview:-1"},"canonical":"https:\/\/cmserviceitalia.it\/pl\/o-nas\/","og_locale":"pl_PL","og_type":"article","og_title":"O NAS - CM Service","og_description":"[vc_row][vc_column][section_header layout_type=&#8221;section-heading-colorblock&#8221; main_heading=&#8221;DOSTAWCA ODNAWIANYCH MASZYN DO PRODUKCJI TEKTURY FALISTEJ &#8221; font_size=&#8221;default&#8221; use_multi_color=&#8221;0&#8243;][\/vc_column][\/vc_row][vc_row css=&#8221;.vc_custom_1502810813929{margin-top: 20px !important;margin-bottom: 0px !important;}&#8221;][vc_column css=&#8221;.vc_custom_1502380516729{margin-bottom: 0px !important;}&#8221;][vc_cta h2=&#8221;&#8221; shape=&#8221;square&#8221; style=&#8221;custom&#8221; custom_background=&#8221;#ffffff&#8221;] CM Service jest profesjonalnym dostawc\u0105 odnowionych maszyn do produkcji tektury falistej. Jeste\u015bmy m\u0142od\u0105 i dynamiczn\u0105 firm\u0105 zatrudniaj\u0105c\u0105 wykwalifikowanych pracownik\u00f3w z ponad 20-letnim do\u015bwiadczeniem w przemy\u015ble przetw\u00f3rczym i pracy z maszynami do&hellip;","og_url":"https:\/\/cmserviceitalia.it\/pl\/o-nas\/","og_site_name":"CM Service","article_modified_time":"2018-02-12T09:16:36+00:00","og_image":[{"url":"https:\/\/cmserviceitalia.it\/assets\/uploads\/automatic-flatbed-die-cutter-bobst-spo-1600-83-1024x768-1-1.jpg","type":"","width":"","height":""}],"twitter_misc":{"Szacowany czas czytania":"2 minuty"},"schema":{"@context":"https:\/\/schema.org","@graph":[{"@type":"WebPage","@id":"https:\/\/cmserviceitalia.it\/pl\/o-nas\/","url":"https:\/\/cmserviceitalia.it\/pl\/o-nas\/","name":"O NAS - CM Service","isPartOf":{"@id":"https:\/\/cmserviceitalia.it\/#website"},"primaryImageOfPage":{"@id":"https:\/\/cmserviceitalia.it\/pl\/o-nas\/#primaryimage"},"image":{"@id":"https:\/\/cmserviceitalia.it\/pl\/o-nas\/#primaryimage"},"thumbnailUrl":"https:\/\/cmserviceitalia.it\/assets\/uploads\/automatic-flatbed-die-cutter-bobst-spo-1600-83-1024x768-1-1.jpg","datePublished":"2018-02-12T09:14:44+00:00","dateModified":"2018-02-12T09:16:36+00:00","inLanguage":"pl-PL","potentialAction":[{"@type":"ReadAction","target":["https:\/\/cmserviceitalia.it\/pl\/o-nas\/"]}]},{"@type":"ImageObject","inLanguage":"pl-PL","@id":"https:\/\/cmserviceitalia.it\/pl\/o-nas\/#primaryimage","url":"https:\/\/cmserviceitalia.it\/assets\/uploads\/automatic-flatbed-die-cutter-bobst-spo-1600-83-1024x768-1-1.jpg","contentUrl":"https:\/\/cmserviceitalia.it\/assets\/uploads\/automatic-flatbed-die-cutter-bobst-spo-1600-83-1024x768-1-1.jpg"},{"@type":"WebSite","@id":"https:\/\/cmserviceitalia.it\/#website","url":"https:\/\/cmserviceitalia.it\/","name":"CM Service","description":"Printer Slotter Presse de d\u00e9coupe automatique Diecutter Automatique","publisher":{"@id":"https:\/\/cmserviceitalia.it\/#organization"},"potentialAction":[{"@type":"SearchAction","target":{"@type":"EntryPoint","urlTemplate":"https:\/\/cmserviceitalia.it\/?s={search_term_string}"},"query-input":{"@type":"PropertyValueSpecification","valueRequired":true,"valueName":"search_term_string"}}],"inLanguage":"pl-PL"},{"@type":"Organization","@id":"https:\/\/cmserviceitalia.it\/#organization","name":"CM Service Italia","url":"https:\/\/cmserviceitalia.it\/","logo":{"@type":"ImageObject","inLanguage":"pl-PL","@id":"https:\/\/cmserviceitalia.it\/#\/schema\/logo\/image\/","url":"https:\/\/cmserviceitalia.it\/assets\/uploads\/logo_cm-service_jaune_02.jpg","contentUrl":"https:\/\/cmserviceitalia.it\/assets\/uploads\/logo_cm-service_jaune_02.jpg","width":732,"height":732,"caption":"CM Service Italia"},"image":{"@id":"https:\/\/cmserviceitalia.it\/#\/schema\/logo\/image\/"}}]}},"_links":{"self":[{"href":"https:\/\/cmserviceitalia.it\/pl\/wp-json\/wp\/v2\/pages\/12195","targetHints":{"allow":["GET"]}}],"collection":[{"href":"https:\/\/cmserviceitalia.it\/pl\/wp-json\/wp\/v2\/pages"}],"about":[{"href":"https:\/\/cmserviceitalia.it\/pl\/wp-json\/wp\/v2\/types\/page"}],"author":[{"embeddable":true,"href":"https:\/\/cmserviceitalia.it\/pl\/wp-json\/wp\/v2\/users\/11"}],"replies":[{"embeddable":true,"href":"https:\/\/cmserviceitalia.it\/pl\/wp-json\/wp\/v2\/comments?post=12195"}],"version-history":[{"count":3,"href":"https:\/\/cmserviceitalia.it\/pl\/wp-json\/wp\/v2\/pages\/12195\/revisions"}],"predecessor-version":[{"id":12200,"href":"https:\/\/cmserviceitalia.it\/pl\/wp-json\/wp\/v2\/pages\/12195\/revisions\/12200"}],"wp:attachment":[{"href":"https:\/\/cmserviceitalia.it\/pl\/wp-json\/wp\/v2\/media?parent=12195"}],"curies":[{"name":"wp","href":"https:\/\/api.w.org\/{rel}","templated":true}]}}