{"id":12235,"date":"2018-02-12T10:09:06","date_gmt":"2018-02-12T10:09:06","guid":{"rendered":"https:\/\/cmserviceitalia.it\/?page_id=12235"},"modified":"2018-02-12T17:21:00","modified_gmt":"2018-02-12T17:21:00","slug":"modernizacja","status":"publish","type":"page","link":"https:\/\/cmserviceitalia.it\/pl\/modernizacja\/","title":{"rendered":"MODERNIZACJA"},"content":{"rendered":"<div class=\"wpb-content-wrapper\"><p>[vc_row][vc_column][section_header layout_type=&#8221;section-heading-colorblock&#8221; main_heading=&#8221;MODERNIZACJA MASZYN DO PRODUKCJI TEKTURY FALISTEJ &#8221; font_size=&#8221;default&#8221; use_multi_color=&#8221;0&#8243;][\/vc_column][\/vc_row][vc_row][vc_column css=&#8221;.vc_custom_1502812287945{margin-top: 20px !important;}&#8221;][vc_cta h2=&#8221;&#8221; shape=&#8221;square&#8221; style=&#8221;custom&#8221; custom_background=&#8221;#ffffff&#8221;]MODERNIZACJA MECHANICZNA I ELEKTRYCZNA ORAZ AKTUALIZACJA OPROGRAMOWANIA ODNOWIONYCH MASZYN<\/p>\n<p style=\"text-align: justify;\">CM Service Italy oferuje us\u0142ug\u0119 modernizacji istniej\u0105cych maszyn lub maszyn u\u017cywanych maj\u0105c\u0105 na celu okre\u015blenie rozwi\u0105za\u0144 i modernizacji mechanicznych, elektronicznych i programowych, kt\u00f3re mog\u0105 usprawni\u0107 dzia\u0142anie maszyn oraz poprawi\u0107 jako\u015b\u0107 \u015bwiadczonych us\u0142ug.<\/p>\n<p style=\"text-align: justify;\">Us\u0142uga ta jest mo\u017cliwa dzi\u0119ki zespo\u0142owi ekspert\u00f3w, kt\u00f3rzy przeprowadzaj\u0105 starann\u0105 ocen\u0119 i analiz\u0119 oraz proponuj\u0105 najkorzystniejsze warianty modernizacji: zar\u00f3wno z punktu widzenia koszt\u00f3w, jak i czasu realizacji zam\u00f3wie\u0144. Dost\u0119pne us\u0142ugi modernizacji r\u00f3\u017cni\u0105 si\u0119 w zale\u017cno\u015bci od danej kategorii i modelu produktu. Mo\u017cemy wyr\u00f3\u017cni\u0107 r\u00f3\u017cne warianty modernizacji dla nast\u0119puj\u0105cych kategorii maszyn do przetw\u00f3rstwa papieru:<\/p>\n<ul>\n<li><a href=\"#\">BOBST FLEXO PRINTING UPGRADE <\/a><\/li>\n<li><a href=\"https:\/\/cmserviceitalia.it\/pl\/modernizacje-odnowionych-automatycznych-maszyn-sztancujacych-2\/\">BOBST SPO DIE-CUTTERS UPGRADE <\/a><\/li>\n<li>CASEMAKER UPGRADE<\/li>\n<li>BOXMAKER GOEPFERT UPGRADE<\/li>\n<\/ul>\n<p>[\/vc_cta][\/vc_column][\/vc_row]<\/p>\n<\/div>","protected":false},"excerpt":{"rendered":"<p>[vc_row][vc_column][section_header layout_type=&#8221;section-heading-colorblock&#8221; main_heading=&#8221;MODERNIZACJA MASZYN DO PRODUKCJI TEKTURY FALISTEJ &#8221; font_size=&#8221;default&#8221; use_multi_color=&#8221;0&#8243;][\/vc_column][\/vc_row][vc_row][vc_column css=&#8221;.vc_custom_1502812287945{margin-top: 20px !important;}&#8221;][vc_cta h2=&#8221;&#8221; shape=&#8221;square&#8221; style=&#8221;custom&#8221; custom_background=&#8221;#ffffff&#8221;]MODERNIZACJA MECHANICZNA I ELEKTRYCZNA ORAZ AKTUALIZACJA OPROGRAMOWANIA ODNOWIONYCH MASZYN CM Service Italy oferuje us\u0142ug\u0119 modernizacji istniej\u0105cych maszyn lub maszyn u\u017cywanych maj\u0105c\u0105 na celu okre\u015blenie rozwi\u0105za\u0144 i modernizacji mechanicznych, elektronicznych i programowych, kt\u00f3re mog\u0105 usprawni\u0107 dzia\u0142anie maszyn oraz poprawi\u0107&hellip;<\/p>\n","protected":false},"author":11,"featured_media":0,"parent":0,"menu_order":0,"comment_status":"closed","ping_status":"closed","template":"","meta":{"footnotes":""},"class_list":["post-12235","page","type-page","status-publish","hentry"],"yoast_head":"<!-- This site is optimized with the Yoast SEO plugin v27.2 - https:\/\/yoast.com\/product\/yoast-seo-wordpress\/ -->\r\n<title>MODERNIZACJA - CM Service<\/title>\r\n<meta name=\"robots\" content=\"index, follow, max-snippet:-1, max-image-preview:large, max-video-preview:-1\" \/>\r\n<link rel=\"canonical\" href=\"https:\/\/cmserviceitalia.it\/pl\/modernizacja\/\" \/>\r\n<meta property=\"og:locale\" content=\"pl_PL\" \/>\r\n<meta property=\"og:type\" content=\"article\" \/>\r\n<meta property=\"og:title\" content=\"MODERNIZACJA - CM Service\" \/>\r\n<meta property=\"og:description\" content=\"[vc_row][vc_column][section_header layout_type=&#8221;section-heading-colorblock&#8221; main_heading=&#8221;MODERNIZACJA MASZYN DO PRODUKCJI TEKTURY FALISTEJ &#8221; font_size=&#8221;default&#8221; use_multi_color=&#8221;0&#8243;][\/vc_column][\/vc_row][vc_row][vc_column css=&#8221;.vc_custom_1502812287945{margin-top: 20px !important;}&#8221;][vc_cta h2=&#8221;&#8221; shape=&#8221;square&#8221; style=&#8221;custom&#8221; custom_background=&#8221;#ffffff&#8221;]MODERNIZACJA MECHANICZNA I ELEKTRYCZNA ORAZ AKTUALIZACJA OPROGRAMOWANIA ODNOWIONYCH MASZYN CM Service Italy oferuje us\u0142ug\u0119 modernizacji istniej\u0105cych maszyn lub maszyn u\u017cywanych maj\u0105c\u0105 na celu okre\u015blenie rozwi\u0105za\u0144 i modernizacji mechanicznych, elektronicznych i programowych, kt\u00f3re mog\u0105 usprawni\u0107 dzia\u0142anie maszyn oraz poprawi\u0107&hellip;\" \/>\r\n<meta property=\"og:url\" content=\"https:\/\/cmserviceitalia.it\/pl\/modernizacja\/\" \/>\r\n<meta property=\"og:site_name\" content=\"CM Service\" \/>\r\n<meta property=\"article:modified_time\" content=\"2018-02-12T17:21:00+00:00\" \/>\r\n<meta property=\"og:image\" content=\"https:\/\/cmserviceitalia.it\/assets\/uploads\/logo_cm-service_jaune_02.jpg\" \/>\r\n\t<meta property=\"og:image:width\" content=\"732\" \/>\r\n\t<meta property=\"og:image:height\" content=\"732\" \/>\r\n\t<meta property=\"og:image:type\" content=\"image\/jpeg\" \/>\r\n<meta name=\"twitter:label1\" content=\"Szacowany czas czytania\" \/>\n\t<meta name=\"twitter:data1\" content=\"1 minuta\" \/>\r\n<script type=\"application\/ld+json\" class=\"yoast-schema-graph\">{\"@context\":\"https:\/\/schema.org\",\"@graph\":[{\"@type\":\"WebPage\",\"@id\":\"https:\/\/cmserviceitalia.it\/pl\/modernizacja\/\",\"url\":\"https:\/\/cmserviceitalia.it\/pl\/modernizacja\/\",\"name\":\"MODERNIZACJA - CM Service\",\"isPartOf\":{\"@id\":\"https:\/\/cmserviceitalia.it\/#website\"},\"datePublished\":\"2018-02-12T10:09:06+00:00\",\"dateModified\":\"2018-02-12T17:21:00+00:00\",\"inLanguage\":\"pl-PL\",\"potentialAction\":[{\"@type\":\"ReadAction\",\"target\":[\"https:\/\/cmserviceitalia.it\/pl\/modernizacja\/\"]}]},{\"@type\":\"WebSite\",\"@id\":\"https:\/\/cmserviceitalia.it\/#website\",\"url\":\"https:\/\/cmserviceitalia.it\/\",\"name\":\"CM Service\",\"description\":\"Printer Slotter Presse de d\u00e9coupe automatique Diecutter Automatique\",\"publisher\":{\"@id\":\"https:\/\/cmserviceitalia.it\/#organization\"},\"potentialAction\":[{\"@type\":\"SearchAction\",\"target\":{\"@type\":\"EntryPoint\",\"urlTemplate\":\"https:\/\/cmserviceitalia.it\/?s={search_term_string}\"},\"query-input\":{\"@type\":\"PropertyValueSpecification\",\"valueRequired\":true,\"valueName\":\"search_term_string\"}}],\"inLanguage\":\"pl-PL\"},{\"@type\":\"Organization\",\"@id\":\"https:\/\/cmserviceitalia.it\/#organization\",\"name\":\"CM Service Italia\",\"url\":\"https:\/\/cmserviceitalia.it\/\",\"logo\":{\"@type\":\"ImageObject\",\"inLanguage\":\"pl-PL\",\"@id\":\"https:\/\/cmserviceitalia.it\/#\/schema\/logo\/image\/\",\"url\":\"https:\/\/cmserviceitalia.it\/assets\/uploads\/logo_cm-service_jaune_02.jpg\",\"contentUrl\":\"https:\/\/cmserviceitalia.it\/assets\/uploads\/logo_cm-service_jaune_02.jpg\",\"width\":732,\"height\":732,\"caption\":\"CM Service Italia\"},\"image\":{\"@id\":\"https:\/\/cmserviceitalia.it\/#\/schema\/logo\/image\/\"}}]}<\/script>\r\n<!-- \/ Yoast SEO plugin. -->","yoast_head_json":{"title":"MODERNIZACJA - CM Service","robots":{"index":"index","follow":"follow","max-snippet":"max-snippet:-1","max-image-preview":"max-image-preview:large","max-video-preview":"max-video-preview:-1"},"canonical":"https:\/\/cmserviceitalia.it\/pl\/modernizacja\/","og_locale":"pl_PL","og_type":"article","og_title":"MODERNIZACJA - CM Service","og_description":"[vc_row][vc_column][section_header layout_type=&#8221;section-heading-colorblock&#8221; main_heading=&#8221;MODERNIZACJA MASZYN DO PRODUKCJI TEKTURY FALISTEJ &#8221; font_size=&#8221;default&#8221; use_multi_color=&#8221;0&#8243;][\/vc_column][\/vc_row][vc_row][vc_column css=&#8221;.vc_custom_1502812287945{margin-top: 20px !important;}&#8221;][vc_cta h2=&#8221;&#8221; shape=&#8221;square&#8221; style=&#8221;custom&#8221; custom_background=&#8221;#ffffff&#8221;]MODERNIZACJA MECHANICZNA I ELEKTRYCZNA ORAZ AKTUALIZACJA OPROGRAMOWANIA ODNOWIONYCH MASZYN CM Service Italy oferuje us\u0142ug\u0119 modernizacji istniej\u0105cych maszyn lub maszyn u\u017cywanych maj\u0105c\u0105 na celu okre\u015blenie rozwi\u0105za\u0144 i modernizacji mechanicznych, elektronicznych i programowych, kt\u00f3re mog\u0105 usprawni\u0107 dzia\u0142anie maszyn oraz poprawi\u0107&hellip;","og_url":"https:\/\/cmserviceitalia.it\/pl\/modernizacja\/","og_site_name":"CM Service","article_modified_time":"2018-02-12T17:21:00+00:00","og_image":[{"width":732,"height":732,"url":"https:\/\/cmserviceitalia.it\/assets\/uploads\/logo_cm-service_jaune_02.jpg","type":"image\/jpeg"}],"twitter_misc":{"Szacowany czas czytania":"1 minuta"},"schema":{"@context":"https:\/\/schema.org","@graph":[{"@type":"WebPage","@id":"https:\/\/cmserviceitalia.it\/pl\/modernizacja\/","url":"https:\/\/cmserviceitalia.it\/pl\/modernizacja\/","name":"MODERNIZACJA - CM Service","isPartOf":{"@id":"https:\/\/cmserviceitalia.it\/#website"},"datePublished":"2018-02-12T10:09:06+00:00","dateModified":"2018-02-12T17:21:00+00:00","inLanguage":"pl-PL","potentialAction":[{"@type":"ReadAction","target":["https:\/\/cmserviceitalia.it\/pl\/modernizacja\/"]}]},{"@type":"WebSite","@id":"https:\/\/cmserviceitalia.it\/#website","url":"https:\/\/cmserviceitalia.it\/","name":"CM Service","description":"Printer Slotter Presse de d\u00e9coupe automatique Diecutter Automatique","publisher":{"@id":"https:\/\/cmserviceitalia.it\/#organization"},"potentialAction":[{"@type":"SearchAction","target":{"@type":"EntryPoint","urlTemplate":"https:\/\/cmserviceitalia.it\/?s={search_term_string}"},"query-input":{"@type":"PropertyValueSpecification","valueRequired":true,"valueName":"search_term_string"}}],"inLanguage":"pl-PL"},{"@type":"Organization","@id":"https:\/\/cmserviceitalia.it\/#organization","name":"CM Service Italia","url":"https:\/\/cmserviceitalia.it\/","logo":{"@type":"ImageObject","inLanguage":"pl-PL","@id":"https:\/\/cmserviceitalia.it\/#\/schema\/logo\/image\/","url":"https:\/\/cmserviceitalia.it\/assets\/uploads\/logo_cm-service_jaune_02.jpg","contentUrl":"https:\/\/cmserviceitalia.it\/assets\/uploads\/logo_cm-service_jaune_02.jpg","width":732,"height":732,"caption":"CM Service Italia"},"image":{"@id":"https:\/\/cmserviceitalia.it\/#\/schema\/logo\/image\/"}}]}},"_links":{"self":[{"href":"https:\/\/cmserviceitalia.it\/pl\/wp-json\/wp\/v2\/pages\/12235","targetHints":{"allow":["GET"]}}],"collection":[{"href":"https:\/\/cmserviceitalia.it\/pl\/wp-json\/wp\/v2\/pages"}],"about":[{"href":"https:\/\/cmserviceitalia.it\/pl\/wp-json\/wp\/v2\/types\/page"}],"author":[{"embeddable":true,"href":"https:\/\/cmserviceitalia.it\/pl\/wp-json\/wp\/v2\/users\/11"}],"replies":[{"embeddable":true,"href":"https:\/\/cmserviceitalia.it\/pl\/wp-json\/wp\/v2\/comments?post=12235"}],"version-history":[{"count":6,"href":"https:\/\/cmserviceitalia.it\/pl\/wp-json\/wp\/v2\/pages\/12235\/revisions"}],"predecessor-version":[{"id":13163,"href":"https:\/\/cmserviceitalia.it\/pl\/wp-json\/wp\/v2\/pages\/12235\/revisions\/13163"}],"wp:attachment":[{"href":"https:\/\/cmserviceitalia.it\/pl\/wp-json\/wp\/v2\/media?parent=12235"}],"curies":[{"name":"wp","href":"https:\/\/api.w.org\/{rel}","templated":true}]}}