{"id":12243,"date":"2018-02-12T10:24:00","date_gmt":"2018-02-12T10:24:00","guid":{"rendered":"https:\/\/cmserviceitalia.it\/?page_id=12243"},"modified":"2018-02-13T10:45:57","modified_gmt":"2018-02-13T10:45:57","slug":"modernizacje-odnowionych-automatycznych-maszyn-sztancujacych-2","status":"publish","type":"page","link":"https:\/\/cmserviceitalia.it\/pl\/modernizacje-odnowionych-automatycznych-maszyn-sztancujacych-2\/","title":{"rendered":"MODERNIZACJE ODNOWIONYCH AUTOMATYCZNYCH MASZYN SZTANCUJ\u0104CYCH"},"content":{"rendered":"<div class=\"wpb-content-wrapper\"><p>[vc_row][vc_column css=&#8221;.vc_custom_1500913021189{margin-bottom: 10px !important;}&#8221;][section_header layout_type=&#8221;section-heading-colorblock&#8221; main_heading=&#8221; MODERNIZACJE ODNOWIONYCH AUTOMATYCZNYCH MASZYN SZTANCUJ\u0104CYCH&#8221; font_size=&#8221;default&#8221; use_multi_color=&#8221;0&#8243;][\/vc_column][\/vc_row][vc_row css=&#8221;.vc_custom_1502440647437{margin-top: 10px !important;}&#8221;][vc_column][vc_cta h2=&#8221;&#8221; shape=&#8221;square&#8221; style=&#8221;custom&#8221; custom_background=&#8221;#ffffff&#8221;]<\/p>\n<p style=\"text-align: justify;\">W przypadku modernizacji automatycznych maszyn sztancuj\u0105cych Bobst mo\u017cliwo\u015bci w zakresie poprawy parametr\u00f3w jako\u015bciowych i technicznych r\u00f3\u017cni\u0105 si\u0119 w zale\u017cno\u015bci od modelu.<\/p>\n<p>Oferujemy g\u0142\u00f3wnie us\u0142ugi modernizacji nast\u0119puj\u0105cych typ\u00f3w urz\u0105dze\u0144:<\/p>\n<ul>\n<li><a href=\"https:\/\/cmserviceitalia.it\/pl\/modernizacja-maszyn-sztancujacych-bobst-spo-1575\/\">MODERNIZACJA MASZYN SZTANCUJ\u0104CYCH BOBST SPO 1575<\/a><\/li>\n<li><a href=\"https:\/\/cmserviceitalia.it\/pl\/modernizacja-maszyn-sztancujacych-bobst-spo-1600-2000\/\">MODERNIZACJA MASZYN SZTANCUJ\u0104CYCH BOBST SPO 1600-2000<\/a><\/li>\n<\/ul>\n<p>[\/vc_cta][\/vc_column][\/vc_row]<\/p>\n<\/div>","protected":false},"excerpt":{"rendered":"<p>[vc_row][vc_column css=&#8221;.vc_custom_1500913021189{margin-bottom: 10px !important;}&#8221;][section_header layout_type=&#8221;section-heading-colorblock&#8221; main_heading=&#8221; MODERNIZACJE ODNOWIONYCH AUTOMATYCZNYCH MASZYN SZTANCUJ\u0104CYCH&#8221; font_size=&#8221;default&#8221; use_multi_color=&#8221;0&#8243;][\/vc_column][\/vc_row][vc_row css=&#8221;.vc_custom_1502440647437{margin-top: 10px !important;}&#8221;][vc_column][vc_cta h2=&#8221;&#8221; shape=&#8221;square&#8221; style=&#8221;custom&#8221; custom_background=&#8221;#ffffff&#8221;] W przypadku modernizacji automatycznych maszyn sztancuj\u0105cych Bobst mo\u017cliwo\u015bci w zakresie poprawy parametr\u00f3w jako\u015bciowych i technicznych r\u00f3\u017cni\u0105 si\u0119 w zale\u017cno\u015bci od modelu. Oferujemy g\u0142\u00f3wnie us\u0142ugi modernizacji nast\u0119puj\u0105cych typ\u00f3w urz\u0105dze\u0144: MODERNIZACJA MASZYN SZTANCUJ\u0104CYCH BOBST SPO 1575 MODERNIZACJA&hellip;<\/p>\n","protected":false},"author":11,"featured_media":0,"parent":0,"menu_order":0,"comment_status":"closed","ping_status":"closed","template":"","meta":{"footnotes":""},"class_list":["post-12243","page","type-page","status-publish","hentry"],"yoast_head":"<!-- This site is optimized with the Yoast SEO plugin v27.2 - https:\/\/yoast.com\/product\/yoast-seo-wordpress\/ -->\r\n<title>MODERNIZACJE ODNOWIONYCH AUTOMATYCZNYCH MASZYN SZTANCUJ\u0104CYCH - CM Service<\/title>\r\n<meta name=\"robots\" content=\"index, follow, max-snippet:-1, max-image-preview:large, max-video-preview:-1\" \/>\r\n<link rel=\"canonical\" href=\"https:\/\/cmserviceitalia.it\/pl\/modernizacje-odnowionych-automatycznych-maszyn-sztancujacych-2\/\" \/>\r\n<meta property=\"og:locale\" content=\"pl_PL\" \/>\r\n<meta property=\"og:type\" content=\"article\" \/>\r\n<meta property=\"og:title\" content=\"MODERNIZACJE ODNOWIONYCH AUTOMATYCZNYCH MASZYN SZTANCUJ\u0104CYCH - CM Service\" \/>\r\n<meta property=\"og:description\" content=\"[vc_row][vc_column css=&#8221;.vc_custom_1500913021189{margin-bottom: 10px !important;}&#8221;][section_header layout_type=&#8221;section-heading-colorblock&#8221; main_heading=&#8221; MODERNIZACJE ODNOWIONYCH AUTOMATYCZNYCH MASZYN SZTANCUJ\u0104CYCH&#8221; font_size=&#8221;default&#8221; use_multi_color=&#8221;0&#8243;][\/vc_column][\/vc_row][vc_row css=&#8221;.vc_custom_1502440647437{margin-top: 10px !important;}&#8221;][vc_column][vc_cta h2=&#8221;&#8221; shape=&#8221;square&#8221; style=&#8221;custom&#8221; custom_background=&#8221;#ffffff&#8221;] W przypadku modernizacji automatycznych maszyn sztancuj\u0105cych Bobst mo\u017cliwo\u015bci w zakresie poprawy parametr\u00f3w jako\u015bciowych i technicznych r\u00f3\u017cni\u0105 si\u0119 w zale\u017cno\u015bci od modelu. Oferujemy g\u0142\u00f3wnie us\u0142ugi modernizacji nast\u0119puj\u0105cych typ\u00f3w urz\u0105dze\u0144: MODERNIZACJA MASZYN SZTANCUJ\u0104CYCH BOBST SPO 1575 MODERNIZACJA&hellip;\" \/>\r\n<meta property=\"og:url\" content=\"https:\/\/cmserviceitalia.it\/pl\/modernizacje-odnowionych-automatycznych-maszyn-sztancujacych-2\/\" \/>\r\n<meta property=\"og:site_name\" content=\"CM Service\" \/>\r\n<meta property=\"article:modified_time\" content=\"2018-02-13T10:45:57+00:00\" \/>\r\n<meta property=\"og:image\" content=\"https:\/\/cmserviceitalia.it\/assets\/uploads\/logo_cm-service_jaune_02.jpg\" \/>\r\n\t<meta property=\"og:image:width\" content=\"732\" \/>\r\n\t<meta property=\"og:image:height\" content=\"732\" \/>\r\n\t<meta property=\"og:image:type\" content=\"image\/jpeg\" \/>\r\n<meta name=\"twitter:label1\" content=\"Szacowany czas czytania\" \/>\n\t<meta name=\"twitter:data1\" content=\"1 minuta\" \/>\r\n<script type=\"application\/ld+json\" class=\"yoast-schema-graph\">{\"@context\":\"https:\/\/schema.org\",\"@graph\":[{\"@type\":\"WebPage\",\"@id\":\"https:\/\/cmserviceitalia.it\/pl\/modernizacje-odnowionych-automatycznych-maszyn-sztancujacych-2\/\",\"url\":\"https:\/\/cmserviceitalia.it\/pl\/modernizacje-odnowionych-automatycznych-maszyn-sztancujacych-2\/\",\"name\":\"MODERNIZACJE ODNOWIONYCH AUTOMATYCZNYCH MASZYN SZTANCUJ\u0104CYCH - CM Service\",\"isPartOf\":{\"@id\":\"https:\/\/cmserviceitalia.it\/#website\"},\"datePublished\":\"2018-02-12T10:24:00+00:00\",\"dateModified\":\"2018-02-13T10:45:57+00:00\",\"inLanguage\":\"pl-PL\",\"potentialAction\":[{\"@type\":\"ReadAction\",\"target\":[\"https:\/\/cmserviceitalia.it\/pl\/modernizacje-odnowionych-automatycznych-maszyn-sztancujacych-2\/\"]}]},{\"@type\":\"WebSite\",\"@id\":\"https:\/\/cmserviceitalia.it\/#website\",\"url\":\"https:\/\/cmserviceitalia.it\/\",\"name\":\"CM Service\",\"description\":\"Printer Slotter Presse de d\u00e9coupe automatique Diecutter Automatique\",\"publisher\":{\"@id\":\"https:\/\/cmserviceitalia.it\/#organization\"},\"potentialAction\":[{\"@type\":\"SearchAction\",\"target\":{\"@type\":\"EntryPoint\",\"urlTemplate\":\"https:\/\/cmserviceitalia.it\/?s={search_term_string}\"},\"query-input\":{\"@type\":\"PropertyValueSpecification\",\"valueRequired\":true,\"valueName\":\"search_term_string\"}}],\"inLanguage\":\"pl-PL\"},{\"@type\":\"Organization\",\"@id\":\"https:\/\/cmserviceitalia.it\/#organization\",\"name\":\"CM Service Italia\",\"url\":\"https:\/\/cmserviceitalia.it\/\",\"logo\":{\"@type\":\"ImageObject\",\"inLanguage\":\"pl-PL\",\"@id\":\"https:\/\/cmserviceitalia.it\/#\/schema\/logo\/image\/\",\"url\":\"https:\/\/cmserviceitalia.it\/assets\/uploads\/logo_cm-service_jaune_02.jpg\",\"contentUrl\":\"https:\/\/cmserviceitalia.it\/assets\/uploads\/logo_cm-service_jaune_02.jpg\",\"width\":732,\"height\":732,\"caption\":\"CM Service Italia\"},\"image\":{\"@id\":\"https:\/\/cmserviceitalia.it\/#\/schema\/logo\/image\/\"}}]}<\/script>\r\n<!-- \/ Yoast SEO plugin. -->","yoast_head_json":{"title":"MODERNIZACJE ODNOWIONYCH AUTOMATYCZNYCH MASZYN SZTANCUJ\u0104CYCH - CM Service","robots":{"index":"index","follow":"follow","max-snippet":"max-snippet:-1","max-image-preview":"max-image-preview:large","max-video-preview":"max-video-preview:-1"},"canonical":"https:\/\/cmserviceitalia.it\/pl\/modernizacje-odnowionych-automatycznych-maszyn-sztancujacych-2\/","og_locale":"pl_PL","og_type":"article","og_title":"MODERNIZACJE ODNOWIONYCH AUTOMATYCZNYCH MASZYN SZTANCUJ\u0104CYCH - CM Service","og_description":"[vc_row][vc_column css=&#8221;.vc_custom_1500913021189{margin-bottom: 10px !important;}&#8221;][section_header layout_type=&#8221;section-heading-colorblock&#8221; main_heading=&#8221; MODERNIZACJE ODNOWIONYCH AUTOMATYCZNYCH MASZYN SZTANCUJ\u0104CYCH&#8221; font_size=&#8221;default&#8221; use_multi_color=&#8221;0&#8243;][\/vc_column][\/vc_row][vc_row css=&#8221;.vc_custom_1502440647437{margin-top: 10px !important;}&#8221;][vc_column][vc_cta h2=&#8221;&#8221; shape=&#8221;square&#8221; style=&#8221;custom&#8221; custom_background=&#8221;#ffffff&#8221;] W przypadku modernizacji automatycznych maszyn sztancuj\u0105cych Bobst mo\u017cliwo\u015bci w zakresie poprawy parametr\u00f3w jako\u015bciowych i technicznych r\u00f3\u017cni\u0105 si\u0119 w zale\u017cno\u015bci od modelu. Oferujemy g\u0142\u00f3wnie us\u0142ugi modernizacji nast\u0119puj\u0105cych typ\u00f3w urz\u0105dze\u0144: MODERNIZACJA MASZYN SZTANCUJ\u0104CYCH BOBST SPO 1575 MODERNIZACJA&hellip;","og_url":"https:\/\/cmserviceitalia.it\/pl\/modernizacje-odnowionych-automatycznych-maszyn-sztancujacych-2\/","og_site_name":"CM Service","article_modified_time":"2018-02-13T10:45:57+00:00","og_image":[{"width":732,"height":732,"url":"https:\/\/cmserviceitalia.it\/assets\/uploads\/logo_cm-service_jaune_02.jpg","type":"image\/jpeg"}],"twitter_misc":{"Szacowany czas czytania":"1 minuta"},"schema":{"@context":"https:\/\/schema.org","@graph":[{"@type":"WebPage","@id":"https:\/\/cmserviceitalia.it\/pl\/modernizacje-odnowionych-automatycznych-maszyn-sztancujacych-2\/","url":"https:\/\/cmserviceitalia.it\/pl\/modernizacje-odnowionych-automatycznych-maszyn-sztancujacych-2\/","name":"MODERNIZACJE ODNOWIONYCH AUTOMATYCZNYCH MASZYN SZTANCUJ\u0104CYCH - CM Service","isPartOf":{"@id":"https:\/\/cmserviceitalia.it\/#website"},"datePublished":"2018-02-12T10:24:00+00:00","dateModified":"2018-02-13T10:45:57+00:00","inLanguage":"pl-PL","potentialAction":[{"@type":"ReadAction","target":["https:\/\/cmserviceitalia.it\/pl\/modernizacje-odnowionych-automatycznych-maszyn-sztancujacych-2\/"]}]},{"@type":"WebSite","@id":"https:\/\/cmserviceitalia.it\/#website","url":"https:\/\/cmserviceitalia.it\/","name":"CM Service","description":"Printer Slotter Presse de d\u00e9coupe automatique Diecutter Automatique","publisher":{"@id":"https:\/\/cmserviceitalia.it\/#organization"},"potentialAction":[{"@type":"SearchAction","target":{"@type":"EntryPoint","urlTemplate":"https:\/\/cmserviceitalia.it\/?s={search_term_string}"},"query-input":{"@type":"PropertyValueSpecification","valueRequired":true,"valueName":"search_term_string"}}],"inLanguage":"pl-PL"},{"@type":"Organization","@id":"https:\/\/cmserviceitalia.it\/#organization","name":"CM Service Italia","url":"https:\/\/cmserviceitalia.it\/","logo":{"@type":"ImageObject","inLanguage":"pl-PL","@id":"https:\/\/cmserviceitalia.it\/#\/schema\/logo\/image\/","url":"https:\/\/cmserviceitalia.it\/assets\/uploads\/logo_cm-service_jaune_02.jpg","contentUrl":"https:\/\/cmserviceitalia.it\/assets\/uploads\/logo_cm-service_jaune_02.jpg","width":732,"height":732,"caption":"CM Service Italia"},"image":{"@id":"https:\/\/cmserviceitalia.it\/#\/schema\/logo\/image\/"}}]}},"_links":{"self":[{"href":"https:\/\/cmserviceitalia.it\/pl\/wp-json\/wp\/v2\/pages\/12243","targetHints":{"allow":["GET"]}}],"collection":[{"href":"https:\/\/cmserviceitalia.it\/pl\/wp-json\/wp\/v2\/pages"}],"about":[{"href":"https:\/\/cmserviceitalia.it\/pl\/wp-json\/wp\/v2\/types\/page"}],"author":[{"embeddable":true,"href":"https:\/\/cmserviceitalia.it\/pl\/wp-json\/wp\/v2\/users\/11"}],"replies":[{"embeddable":true,"href":"https:\/\/cmserviceitalia.it\/pl\/wp-json\/wp\/v2\/comments?post=12243"}],"version-history":[{"count":5,"href":"https:\/\/cmserviceitalia.it\/pl\/wp-json\/wp\/v2\/pages\/12243\/revisions"}],"predecessor-version":[{"id":13192,"href":"https:\/\/cmserviceitalia.it\/pl\/wp-json\/wp\/v2\/pages\/12243\/revisions\/13192"}],"wp:attachment":[{"href":"https:\/\/cmserviceitalia.it\/pl\/wp-json\/wp\/v2\/media?parent=12243"}],"curies":[{"name":"wp","href":"https:\/\/api.w.org\/{rel}","templated":true}]}}