{"id":12248,"date":"2018-02-12T10:30:25","date_gmt":"2018-02-12T10:30:25","guid":{"rendered":"https:\/\/cmserviceitalia.it\/?page_id=12248"},"modified":"2018-02-12T10:33:37","modified_gmt":"2018-02-12T10:33:37","slug":"modernizacja-maszyn-sztancujacych-bobst-spo-1575","status":"publish","type":"page","link":"https:\/\/cmserviceitalia.it\/pl\/modernizacja-maszyn-sztancujacych-bobst-spo-1575\/","title":{"rendered":"MODERNIZACJA MASZYN SZTANCUJ\u0104CYCH BOBST SPO 1575"},"content":{"rendered":"<div class=\"wpb-content-wrapper\"><p>[vc_row][vc_column css=&#8221;.vc_custom_1502440714698{margin-bottom: 20px !important;}&#8221;][section_header layout_type=&#8221;section-heading-colorblock&#8221; main_heading=&#8221;MODERNIZACJA MASZYN SZTANCUJ\u0104CYCH BOBST SPO 1575&#8243; font_size=&#8221;default&#8221; use_multi_color=&#8221;0&#8243;][\/vc_column][\/vc_row][vc_row][vc_column][vc_column_text]<\/p>\n<p style=\"text-align: justify;\">W przypadku automatycznych maszyn sztancuj\u0105cych z \u0142o\u017cem p\u0142askim (Autoplaten\u00ae) Bobst SPO 1575 jeste\u015bmy w stanie przeprowadzi\u0107 nast\u0119puj\u0105ce modernizacje:<\/p>\n<p>[\/vc_column_text][\/vc_column][\/vc_row][vc_row][vc_column][vc_tta_accordion][vc_tta_section title=&#8221;Automatyczny system smarowania \u0142a\u0144cuch\u00f3w&#8221; tab_id=&#8221;1496664097826-79a1b1fd-cb49&#8243;][vc_gallery type=&#8221;image_grid&#8221; images=&#8221;6617&#8243; onclick=&#8221;img_link_large&#8221;][\/vc_tta_section][vc_tta_section title=&#8221;Przeprojektowanie i renowacja przewod\u00f3w elektrycznych w celu zapewnienia zgodno\u015bci z aktualnymi przepisami bezpiecze\u0144stwa&#8221; tab_id=&#8221;1496664097868-346955f4-6248&#8243;][vc_gallery type=&#8221;image_grid&#8221; images=&#8221;6621,6625,6629&#8243; onclick=&#8221;img_link_large&#8221;][\/vc_tta_section][vc_tta_section title=&#8221;System osi I i II dla stanowisk usuwania pow\u0142ok&#8221; tab_id=&#8221;1496664186105-372d6967-6b54&#8243;][vc_gallery type=&#8221;image_grid&#8221; images=&#8221;6633,6637,6641&#8243; onclick=&#8221;img_link_large&#8221;][\/vc_tta_section][vc_tta_section title=&#8221;Utrz\u0105sarka poprzeczna&#8221; tab_id=&#8221;1496664237467-458a9604-5928&#8243;][vc_gallery type=&#8221;image_grid&#8221; images=&#8221;6645&#8243; onclick=&#8221;img_link_large&#8221;][\/vc_tta_section][vc_tta_section title=&#8221;Zmieniacz ram&#8221; tab_id=&#8221;1496664275000-adceb6b6-561c&#8221;][vc_gallery type=&#8221;image_grid&#8221; images=&#8221;6649&#8243; onclick=&#8221;img_link_large&#8221;][\/vc_tta_section][vc_tta_section title=&#8221;Blokada \u0142a\u0144cuchowa listwy z \u0142apkami&#8221; tab_id=&#8221;1496664289372-fe75ae0c-5500&#8243;][vc_gallery type=&#8221;image_grid&#8221; images=&#8221;6653,6657&#8243; onclick=&#8221;img_link_large&#8221;][\/vc_tta_section][vc_tta_section title=&#8221;Wymiana silnika g\u0142\u00f3wnego&#8221; tab_id=&#8221;1496664303947-b4c2f8c0-96ee&#8221;][vc_gallery type=&#8221;image_grid&#8221; images=&#8221;6661&#8243; onclick=&#8221;img_link_large&#8221;][\/vc_tta_section][\/vc_tta_accordion][\/vc_column][\/vc_row]<\/p>\n<\/div>","protected":false},"excerpt":{"rendered":"<p>[vc_row][vc_column css=&#8221;.vc_custom_1502440714698{margin-bottom: 20px !important;}&#8221;][section_header layout_type=&#8221;section-heading-colorblock&#8221; main_heading=&#8221;MODERNIZACJA MASZYN SZTANCUJ\u0104CYCH BOBST SPO 1575&#8243; font_size=&#8221;default&#8221; use_multi_color=&#8221;0&#8243;][\/vc_column][\/vc_row][vc_row][vc_column][vc_column_text] W przypadku automatycznych maszyn sztancuj\u0105cych z \u0142o\u017cem p\u0142askim (Autoplaten\u00ae) Bobst SPO 1575 jeste\u015bmy w stanie przeprowadzi\u0107 nast\u0119puj\u0105ce modernizacje: [\/vc_column_text][\/vc_column][\/vc_row][vc_row][vc_column][vc_tta_accordion][vc_tta_section title=&#8221;Automatyczny system smarowania \u0142a\u0144cuch\u00f3w&#8221; tab_id=&#8221;1496664097826-79a1b1fd-cb49&#8243;][vc_gallery type=&#8221;image_grid&#8221; images=&#8221;6617&#8243; onclick=&#8221;img_link_large&#8221;][\/vc_tta_section][vc_tta_section title=&#8221;Przeprojektowanie i renowacja przewod\u00f3w elektrycznych w celu zapewnienia zgodno\u015bci z aktualnymi przepisami bezpiecze\u0144stwa&#8221; tab_id=&#8221;1496664097868-346955f4-6248&#8243;][vc_gallery type=&#8221;image_grid&#8221;&hellip;<\/p>\n","protected":false},"author":11,"featured_media":0,"parent":0,"menu_order":0,"comment_status":"closed","ping_status":"closed","template":"","meta":{"footnotes":""},"class_list":["post-12248","page","type-page","status-publish","hentry"],"yoast_head":"<!-- This site is optimized with the Yoast SEO plugin v27.2 - https:\/\/yoast.com\/product\/yoast-seo-wordpress\/ -->\r\n<title>MODERNIZACJA MASZYN SZTANCUJ\u0104CYCH BOBST SPO 1575 - CM Service<\/title>\r\n<meta name=\"robots\" content=\"index, follow, max-snippet:-1, max-image-preview:large, max-video-preview:-1\" \/>\r\n<link rel=\"canonical\" href=\"https:\/\/cmserviceitalia.it\/pl\/modernizacja-maszyn-sztancujacych-bobst-spo-1575\/\" \/>\r\n<meta property=\"og:locale\" content=\"pl_PL\" \/>\r\n<meta property=\"og:type\" content=\"article\" \/>\r\n<meta property=\"og:title\" content=\"MODERNIZACJA MASZYN SZTANCUJ\u0104CYCH BOBST SPO 1575 - CM Service\" \/>\r\n<meta property=\"og:description\" content=\"[vc_row][vc_column css=&#8221;.vc_custom_1502440714698{margin-bottom: 20px !important;}&#8221;][section_header layout_type=&#8221;section-heading-colorblock&#8221; main_heading=&#8221;MODERNIZACJA MASZYN SZTANCUJ\u0104CYCH BOBST SPO 1575&#8243; font_size=&#8221;default&#8221; use_multi_color=&#8221;0&#8243;][\/vc_column][\/vc_row][vc_row][vc_column][vc_column_text] W przypadku automatycznych maszyn sztancuj\u0105cych z \u0142o\u017cem p\u0142askim (Autoplaten\u00ae) Bobst SPO 1575 jeste\u015bmy w stanie przeprowadzi\u0107 nast\u0119puj\u0105ce modernizacje: [\/vc_column_text][\/vc_column][\/vc_row][vc_row][vc_column][vc_tta_accordion][vc_tta_section title=&#8221;Automatyczny system smarowania \u0142a\u0144cuch\u00f3w&#8221; tab_id=&#8221;1496664097826-79a1b1fd-cb49&#8243;][vc_gallery type=&#8221;image_grid&#8221; images=&#8221;6617&#8243; onclick=&#8221;img_link_large&#8221;][\/vc_tta_section][vc_tta_section title=&#8221;Przeprojektowanie i renowacja przewod\u00f3w elektrycznych w celu zapewnienia zgodno\u015bci z aktualnymi przepisami bezpiecze\u0144stwa&#8221; tab_id=&#8221;1496664097868-346955f4-6248&#8243;][vc_gallery type=&#8221;image_grid&#8221;&hellip;\" \/>\r\n<meta property=\"og:url\" content=\"https:\/\/cmserviceitalia.it\/pl\/modernizacja-maszyn-sztancujacych-bobst-spo-1575\/\" \/>\r\n<meta property=\"og:site_name\" content=\"CM Service\" \/>\r\n<meta property=\"article:modified_time\" content=\"2018-02-12T10:33:37+00:00\" \/>\r\n<meta property=\"og:image\" content=\"https:\/\/cmserviceitalia.it\/assets\/uploads\/logo_cm-service_jaune_02.jpg\" \/>\r\n\t<meta property=\"og:image:width\" content=\"732\" \/>\r\n\t<meta property=\"og:image:height\" content=\"732\" \/>\r\n\t<meta property=\"og:image:type\" content=\"image\/jpeg\" \/>\r\n<meta name=\"twitter:label1\" content=\"Szacowany czas czytania\" \/>\n\t<meta name=\"twitter:data1\" content=\"1 minuta\" \/>\r\n<script type=\"application\/ld+json\" class=\"yoast-schema-graph\">{\"@context\":\"https:\/\/schema.org\",\"@graph\":[{\"@type\":\"WebPage\",\"@id\":\"https:\/\/cmserviceitalia.it\/pl\/modernizacja-maszyn-sztancujacych-bobst-spo-1575\/\",\"url\":\"https:\/\/cmserviceitalia.it\/pl\/modernizacja-maszyn-sztancujacych-bobst-spo-1575\/\",\"name\":\"MODERNIZACJA MASZYN SZTANCUJ\u0104CYCH BOBST SPO 1575 - CM Service\",\"isPartOf\":{\"@id\":\"https:\/\/cmserviceitalia.it\/#website\"},\"datePublished\":\"2018-02-12T10:30:25+00:00\",\"dateModified\":\"2018-02-12T10:33:37+00:00\",\"inLanguage\":\"pl-PL\",\"potentialAction\":[{\"@type\":\"ReadAction\",\"target\":[\"https:\/\/cmserviceitalia.it\/pl\/modernizacja-maszyn-sztancujacych-bobst-spo-1575\/\"]}]},{\"@type\":\"WebSite\",\"@id\":\"https:\/\/cmserviceitalia.it\/#website\",\"url\":\"https:\/\/cmserviceitalia.it\/\",\"name\":\"CM Service\",\"description\":\"Printer Slotter Presse de d\u00e9coupe automatique Diecutter Automatique\",\"publisher\":{\"@id\":\"https:\/\/cmserviceitalia.it\/#organization\"},\"potentialAction\":[{\"@type\":\"SearchAction\",\"target\":{\"@type\":\"EntryPoint\",\"urlTemplate\":\"https:\/\/cmserviceitalia.it\/?s={search_term_string}\"},\"query-input\":{\"@type\":\"PropertyValueSpecification\",\"valueRequired\":true,\"valueName\":\"search_term_string\"}}],\"inLanguage\":\"pl-PL\"},{\"@type\":\"Organization\",\"@id\":\"https:\/\/cmserviceitalia.it\/#organization\",\"name\":\"CM Service Italia\",\"url\":\"https:\/\/cmserviceitalia.it\/\",\"logo\":{\"@type\":\"ImageObject\",\"inLanguage\":\"pl-PL\",\"@id\":\"https:\/\/cmserviceitalia.it\/#\/schema\/logo\/image\/\",\"url\":\"https:\/\/cmserviceitalia.it\/assets\/uploads\/logo_cm-service_jaune_02.jpg\",\"contentUrl\":\"https:\/\/cmserviceitalia.it\/assets\/uploads\/logo_cm-service_jaune_02.jpg\",\"width\":732,\"height\":732,\"caption\":\"CM Service Italia\"},\"image\":{\"@id\":\"https:\/\/cmserviceitalia.it\/#\/schema\/logo\/image\/\"}}]}<\/script>\r\n<!-- \/ Yoast SEO plugin. -->","yoast_head_json":{"title":"MODERNIZACJA MASZYN SZTANCUJ\u0104CYCH BOBST SPO 1575 - CM Service","robots":{"index":"index","follow":"follow","max-snippet":"max-snippet:-1","max-image-preview":"max-image-preview:large","max-video-preview":"max-video-preview:-1"},"canonical":"https:\/\/cmserviceitalia.it\/pl\/modernizacja-maszyn-sztancujacych-bobst-spo-1575\/","og_locale":"pl_PL","og_type":"article","og_title":"MODERNIZACJA MASZYN SZTANCUJ\u0104CYCH BOBST SPO 1575 - CM Service","og_description":"[vc_row][vc_column css=&#8221;.vc_custom_1502440714698{margin-bottom: 20px !important;}&#8221;][section_header layout_type=&#8221;section-heading-colorblock&#8221; main_heading=&#8221;MODERNIZACJA MASZYN SZTANCUJ\u0104CYCH BOBST SPO 1575&#8243; font_size=&#8221;default&#8221; use_multi_color=&#8221;0&#8243;][\/vc_column][\/vc_row][vc_row][vc_column][vc_column_text] W przypadku automatycznych maszyn sztancuj\u0105cych z \u0142o\u017cem p\u0142askim (Autoplaten\u00ae) Bobst SPO 1575 jeste\u015bmy w stanie przeprowadzi\u0107 nast\u0119puj\u0105ce modernizacje: [\/vc_column_text][\/vc_column][\/vc_row][vc_row][vc_column][vc_tta_accordion][vc_tta_section title=&#8221;Automatyczny system smarowania \u0142a\u0144cuch\u00f3w&#8221; tab_id=&#8221;1496664097826-79a1b1fd-cb49&#8243;][vc_gallery type=&#8221;image_grid&#8221; images=&#8221;6617&#8243; onclick=&#8221;img_link_large&#8221;][\/vc_tta_section][vc_tta_section title=&#8221;Przeprojektowanie i renowacja przewod\u00f3w elektrycznych w celu zapewnienia zgodno\u015bci z aktualnymi przepisami bezpiecze\u0144stwa&#8221; tab_id=&#8221;1496664097868-346955f4-6248&#8243;][vc_gallery type=&#8221;image_grid&#8221;&hellip;","og_url":"https:\/\/cmserviceitalia.it\/pl\/modernizacja-maszyn-sztancujacych-bobst-spo-1575\/","og_site_name":"CM Service","article_modified_time":"2018-02-12T10:33:37+00:00","og_image":[{"width":732,"height":732,"url":"https:\/\/cmserviceitalia.it\/assets\/uploads\/logo_cm-service_jaune_02.jpg","type":"image\/jpeg"}],"twitter_misc":{"Szacowany czas czytania":"1 minuta"},"schema":{"@context":"https:\/\/schema.org","@graph":[{"@type":"WebPage","@id":"https:\/\/cmserviceitalia.it\/pl\/modernizacja-maszyn-sztancujacych-bobst-spo-1575\/","url":"https:\/\/cmserviceitalia.it\/pl\/modernizacja-maszyn-sztancujacych-bobst-spo-1575\/","name":"MODERNIZACJA MASZYN SZTANCUJ\u0104CYCH BOBST SPO 1575 - CM Service","isPartOf":{"@id":"https:\/\/cmserviceitalia.it\/#website"},"datePublished":"2018-02-12T10:30:25+00:00","dateModified":"2018-02-12T10:33:37+00:00","inLanguage":"pl-PL","potentialAction":[{"@type":"ReadAction","target":["https:\/\/cmserviceitalia.it\/pl\/modernizacja-maszyn-sztancujacych-bobst-spo-1575\/"]}]},{"@type":"WebSite","@id":"https:\/\/cmserviceitalia.it\/#website","url":"https:\/\/cmserviceitalia.it\/","name":"CM Service","description":"Printer Slotter Presse de d\u00e9coupe automatique Diecutter Automatique","publisher":{"@id":"https:\/\/cmserviceitalia.it\/#organization"},"potentialAction":[{"@type":"SearchAction","target":{"@type":"EntryPoint","urlTemplate":"https:\/\/cmserviceitalia.it\/?s={search_term_string}"},"query-input":{"@type":"PropertyValueSpecification","valueRequired":true,"valueName":"search_term_string"}}],"inLanguage":"pl-PL"},{"@type":"Organization","@id":"https:\/\/cmserviceitalia.it\/#organization","name":"CM Service Italia","url":"https:\/\/cmserviceitalia.it\/","logo":{"@type":"ImageObject","inLanguage":"pl-PL","@id":"https:\/\/cmserviceitalia.it\/#\/schema\/logo\/image\/","url":"https:\/\/cmserviceitalia.it\/assets\/uploads\/logo_cm-service_jaune_02.jpg","contentUrl":"https:\/\/cmserviceitalia.it\/assets\/uploads\/logo_cm-service_jaune_02.jpg","width":732,"height":732,"caption":"CM Service Italia"},"image":{"@id":"https:\/\/cmserviceitalia.it\/#\/schema\/logo\/image\/"}}]}},"_links":{"self":[{"href":"https:\/\/cmserviceitalia.it\/pl\/wp-json\/wp\/v2\/pages\/12248","targetHints":{"allow":["GET"]}}],"collection":[{"href":"https:\/\/cmserviceitalia.it\/pl\/wp-json\/wp\/v2\/pages"}],"about":[{"href":"https:\/\/cmserviceitalia.it\/pl\/wp-json\/wp\/v2\/types\/page"}],"author":[{"embeddable":true,"href":"https:\/\/cmserviceitalia.it\/pl\/wp-json\/wp\/v2\/users\/11"}],"replies":[{"embeddable":true,"href":"https:\/\/cmserviceitalia.it\/pl\/wp-json\/wp\/v2\/comments?post=12248"}],"version-history":[{"count":4,"href":"https:\/\/cmserviceitalia.it\/pl\/wp-json\/wp\/v2\/pages\/12248\/revisions"}],"predecessor-version":[{"id":12264,"href":"https:\/\/cmserviceitalia.it\/pl\/wp-json\/wp\/v2\/pages\/12248\/revisions\/12264"}],"wp:attachment":[{"href":"https:\/\/cmserviceitalia.it\/pl\/wp-json\/wp\/v2\/media?parent=12248"}],"curies":[{"name":"wp","href":"https:\/\/api.w.org\/{rel}","templated":true}]}}