{"id":12305,"date":"2018-02-12T10:43:35","date_gmt":"2018-02-12T10:43:35","guid":{"rendered":"https:\/\/cmserviceitalia.it\/?page_id=12305"},"modified":"2018-02-13T10:21:07","modified_gmt":"2018-02-13T10:21:07","slug":"demontaz-maszyn","status":"publish","type":"page","link":"https:\/\/cmserviceitalia.it\/pl\/demontaz-maszyn\/","title":{"rendered":"DEMONTA\u017b MASZYN"},"content":{"rendered":"<div class=\"wpb-content-wrapper\"><p>[vc_row][vc_column][section_header layout_type=&#8221;section-heading-colorblock&#8221; main_heading=&#8221;DEMONTA\u017b MASZYN&#8221; font_size=&#8221;default&#8221; use_multi_color=&#8221;0&#8243; css=&#8221;.vc_custom_1518432316764{margin-bottom: 20px !important;}&#8221;][\/vc_column][\/vc_row][vc_row][vc_column][vc_cta h2=&#8221;&#8221; shape=&#8221;square&#8221; style=&#8221;custom&#8221; custom_background=&#8221;#ffffff&#8221;]<\/p>\n<h3>Profesjonalne us\u0142ugi w zakresie kompleksowego demonta\u017cu maszyn \u2014 zar\u00f3wno lokalnie, jak i za granic\u0105.<\/h3>\n<p style=\"text-align: justify;\"><b>CM SERVICE ITALIA<\/b> oferuje profesjonalne us\u0142ugi w zakresie kompleksowego demonta\u017cu maszyn do produkcji tektury falistej takich producent\u00f3w jak Bobst, Martin, TCY i Piemonte Meccanica \u2013 zar\u00f3wno lokalnie, jak i za granic\u0105. Nasi technicy \u015bwiadcz\u0105 kompleksowe us\u0142ugi od etapu rozmontowania, przez transport, ponowny monta\u017c, a\u017c po rozruch.<\/p>\n<p>[\/vc_cta][\/vc_column][\/vc_row][vc_row css=&#8221;.vc_custom_1502435626463{margin-bottom: 15px !important;}&#8221;][vc_column width=&#8221;1\/4&#8243;][vc_single_image image=&#8221;6671&#8243; img_size=&#8221;240&#215;240&#8243; alignment=&#8221;center&#8221; onclick=&#8221;img_link_large&#8221;][\/vc_column][vc_column width=&#8221;1\/4&#8243;][vc_single_image image=&#8221;6675&#8243; img_size=&#8221;240&#215;240&#8243; alignment=&#8221;center&#8221; onclick=&#8221;img_link_large&#8221;][\/vc_column][vc_column width=&#8221;1\/4&#8243;][vc_single_image image=&#8221;6679&#8243; img_size=&#8221;240&#215;240&#8243; alignment=&#8221;center&#8221; onclick=&#8221;img_link_large&#8221;][\/vc_column][vc_column width=&#8221;1\/4&#8243;][vc_single_image image=&#8221;6683&#8243; img_size=&#8221;240&#215;240&#8243; alignment=&#8221;center&#8221; onclick=&#8221;img_link_large&#8221;][\/vc_column][\/vc_row]<\/p>\n<\/div>","protected":false},"excerpt":{"rendered":"<p>[vc_row][vc_column][section_header layout_type=&#8221;section-heading-colorblock&#8221; main_heading=&#8221;DEMONTA\u017b MASZYN&#8221; font_size=&#8221;default&#8221; use_multi_color=&#8221;0&#8243; css=&#8221;.vc_custom_1518432316764{margin-bottom: 20px !important;}&#8221;][\/vc_column][\/vc_row][vc_row][vc_column][vc_cta h2=&#8221;&#8221; shape=&#8221;square&#8221; style=&#8221;custom&#8221; custom_background=&#8221;#ffffff&#8221;] Profesjonalne us\u0142ugi w zakresie kompleksowego demonta\u017cu maszyn \u2014 zar\u00f3wno lokalnie, jak i za granic\u0105. CM SERVICE ITALIA oferuje profesjonalne us\u0142ugi w zakresie kompleksowego demonta\u017cu maszyn do produkcji tektury falistej takich producent\u00f3w jak Bobst, Martin, TCY i Piemonte Meccanica \u2013 zar\u00f3wno lokalnie, jak&hellip;<\/p>\n","protected":false},"author":11,"featured_media":0,"parent":0,"menu_order":0,"comment_status":"closed","ping_status":"closed","template":"","meta":{"footnotes":""},"class_list":["post-12305","page","type-page","status-publish","hentry"],"yoast_head":"<!-- This site is optimized with the Yoast SEO plugin v27.2 - https:\/\/yoast.com\/product\/yoast-seo-wordpress\/ -->\r\n<title>DEMONTA\u017b MASZYN - CM Service<\/title>\r\n<meta name=\"robots\" content=\"index, follow, max-snippet:-1, max-image-preview:large, max-video-preview:-1\" \/>\r\n<link rel=\"canonical\" href=\"https:\/\/cmserviceitalia.it\/bobst-spo-machinery-removal\/\" \/>\r\n<meta property=\"og:locale\" content=\"pl_PL\" \/>\r\n<meta property=\"og:type\" content=\"article\" \/>\r\n<meta property=\"og:title\" content=\"DEMONTA\u017b MASZYN - CM Service\" \/>\r\n<meta property=\"og:description\" content=\"[vc_row][vc_column][section_header layout_type=&#8221;section-heading-colorblock&#8221; main_heading=&#8221;DEMONTA\u017b MASZYN&#8221; font_size=&#8221;default&#8221; use_multi_color=&#8221;0&#8243; css=&#8221;.vc_custom_1518432316764{margin-bottom: 20px !important;}&#8221;][\/vc_column][\/vc_row][vc_row][vc_column][vc_cta h2=&#8221;&#8221; shape=&#8221;square&#8221; style=&#8221;custom&#8221; custom_background=&#8221;#ffffff&#8221;] Profesjonalne us\u0142ugi w zakresie kompleksowego demonta\u017cu maszyn \u2014 zar\u00f3wno lokalnie, jak i za granic\u0105. CM SERVICE ITALIA oferuje profesjonalne us\u0142ugi w zakresie kompleksowego demonta\u017cu maszyn do produkcji tektury falistej takich producent\u00f3w jak Bobst, Martin, TCY i Piemonte Meccanica \u2013 zar\u00f3wno lokalnie, jak&hellip;\" \/>\r\n<meta property=\"og:url\" content=\"https:\/\/cmserviceitalia.it\/bobst-spo-machinery-removal\/\" \/>\r\n<meta property=\"og:site_name\" content=\"CM Service\" \/>\r\n<meta property=\"article:modified_time\" content=\"2018-02-13T10:21:07+00:00\" \/>\r\n<meta property=\"og:image\" content=\"https:\/\/cmserviceitalia.it\/assets\/uploads\/logo_cm-service_jaune_02.jpg\" \/>\r\n\t<meta property=\"og:image:width\" content=\"732\" \/>\r\n\t<meta property=\"og:image:height\" content=\"732\" \/>\r\n\t<meta property=\"og:image:type\" content=\"image\/jpeg\" \/>\r\n<meta name=\"twitter:label1\" content=\"Szacowany czas czytania\" \/>\n\t<meta name=\"twitter:data1\" content=\"1 minuta\" \/>\r\n<script type=\"application\/ld+json\" class=\"yoast-schema-graph\">{\"@context\":\"https:\/\/schema.org\",\"@graph\":[{\"@type\":\"WebPage\",\"@id\":\"https:\/\/cmserviceitalia.it\/bobst-spo-machinery-removal\/\",\"url\":\"https:\/\/cmserviceitalia.it\/bobst-spo-machinery-removal\/\",\"name\":\"DEMONTA\u017b MASZYN - CM Service\",\"isPartOf\":{\"@id\":\"https:\/\/cmserviceitalia.it\/#website\"},\"datePublished\":\"2018-02-12T10:43:35+00:00\",\"dateModified\":\"2018-02-13T10:21:07+00:00\",\"inLanguage\":\"pl-PL\",\"potentialAction\":[{\"@type\":\"ReadAction\",\"target\":[\"https:\/\/cmserviceitalia.it\/bobst-spo-machinery-removal\/\"]}]},{\"@type\":\"WebSite\",\"@id\":\"https:\/\/cmserviceitalia.it\/#website\",\"url\":\"https:\/\/cmserviceitalia.it\/\",\"name\":\"CM Service\",\"description\":\"Printer Slotter Presse de d\u00e9coupe automatique Diecutter Automatique\",\"publisher\":{\"@id\":\"https:\/\/cmserviceitalia.it\/#organization\"},\"potentialAction\":[{\"@type\":\"SearchAction\",\"target\":{\"@type\":\"EntryPoint\",\"urlTemplate\":\"https:\/\/cmserviceitalia.it\/?s={search_term_string}\"},\"query-input\":{\"@type\":\"PropertyValueSpecification\",\"valueRequired\":true,\"valueName\":\"search_term_string\"}}],\"inLanguage\":\"pl-PL\"},{\"@type\":\"Organization\",\"@id\":\"https:\/\/cmserviceitalia.it\/#organization\",\"name\":\"CM Service Italia\",\"url\":\"https:\/\/cmserviceitalia.it\/\",\"logo\":{\"@type\":\"ImageObject\",\"inLanguage\":\"pl-PL\",\"@id\":\"https:\/\/cmserviceitalia.it\/#\/schema\/logo\/image\/\",\"url\":\"https:\/\/cmserviceitalia.it\/assets\/uploads\/logo_cm-service_jaune_02.jpg\",\"contentUrl\":\"https:\/\/cmserviceitalia.it\/assets\/uploads\/logo_cm-service_jaune_02.jpg\",\"width\":732,\"height\":732,\"caption\":\"CM Service Italia\"},\"image\":{\"@id\":\"https:\/\/cmserviceitalia.it\/#\/schema\/logo\/image\/\"}}]}<\/script>\r\n<!-- \/ Yoast SEO plugin. -->","yoast_head_json":{"title":"DEMONTA\u017b MASZYN - CM Service","robots":{"index":"index","follow":"follow","max-snippet":"max-snippet:-1","max-image-preview":"max-image-preview:large","max-video-preview":"max-video-preview:-1"},"canonical":"https:\/\/cmserviceitalia.it\/bobst-spo-machinery-removal\/","og_locale":"pl_PL","og_type":"article","og_title":"DEMONTA\u017b MASZYN - CM Service","og_description":"[vc_row][vc_column][section_header layout_type=&#8221;section-heading-colorblock&#8221; main_heading=&#8221;DEMONTA\u017b MASZYN&#8221; font_size=&#8221;default&#8221; use_multi_color=&#8221;0&#8243; css=&#8221;.vc_custom_1518432316764{margin-bottom: 20px !important;}&#8221;][\/vc_column][\/vc_row][vc_row][vc_column][vc_cta h2=&#8221;&#8221; shape=&#8221;square&#8221; style=&#8221;custom&#8221; custom_background=&#8221;#ffffff&#8221;] Profesjonalne us\u0142ugi w zakresie kompleksowego demonta\u017cu maszyn \u2014 zar\u00f3wno lokalnie, jak i za granic\u0105. CM SERVICE ITALIA oferuje profesjonalne us\u0142ugi w zakresie kompleksowego demonta\u017cu maszyn do produkcji tektury falistej takich producent\u00f3w jak Bobst, Martin, TCY i Piemonte Meccanica \u2013 zar\u00f3wno lokalnie, jak&hellip;","og_url":"https:\/\/cmserviceitalia.it\/bobst-spo-machinery-removal\/","og_site_name":"CM Service","article_modified_time":"2018-02-13T10:21:07+00:00","og_image":[{"width":732,"height":732,"url":"https:\/\/cmserviceitalia.it\/assets\/uploads\/logo_cm-service_jaune_02.jpg","type":"image\/jpeg"}],"twitter_misc":{"Szacowany czas czytania":"1 minuta"},"schema":{"@context":"https:\/\/schema.org","@graph":[{"@type":"WebPage","@id":"https:\/\/cmserviceitalia.it\/bobst-spo-machinery-removal\/","url":"https:\/\/cmserviceitalia.it\/bobst-spo-machinery-removal\/","name":"DEMONTA\u017b MASZYN - CM Service","isPartOf":{"@id":"https:\/\/cmserviceitalia.it\/#website"},"datePublished":"2018-02-12T10:43:35+00:00","dateModified":"2018-02-13T10:21:07+00:00","inLanguage":"pl-PL","potentialAction":[{"@type":"ReadAction","target":["https:\/\/cmserviceitalia.it\/bobst-spo-machinery-removal\/"]}]},{"@type":"WebSite","@id":"https:\/\/cmserviceitalia.it\/#website","url":"https:\/\/cmserviceitalia.it\/","name":"CM Service","description":"Printer Slotter Presse de d\u00e9coupe automatique Diecutter Automatique","publisher":{"@id":"https:\/\/cmserviceitalia.it\/#organization"},"potentialAction":[{"@type":"SearchAction","target":{"@type":"EntryPoint","urlTemplate":"https:\/\/cmserviceitalia.it\/?s={search_term_string}"},"query-input":{"@type":"PropertyValueSpecification","valueRequired":true,"valueName":"search_term_string"}}],"inLanguage":"pl-PL"},{"@type":"Organization","@id":"https:\/\/cmserviceitalia.it\/#organization","name":"CM Service Italia","url":"https:\/\/cmserviceitalia.it\/","logo":{"@type":"ImageObject","inLanguage":"pl-PL","@id":"https:\/\/cmserviceitalia.it\/#\/schema\/logo\/image\/","url":"https:\/\/cmserviceitalia.it\/assets\/uploads\/logo_cm-service_jaune_02.jpg","contentUrl":"https:\/\/cmserviceitalia.it\/assets\/uploads\/logo_cm-service_jaune_02.jpg","width":732,"height":732,"caption":"CM Service Italia"},"image":{"@id":"https:\/\/cmserviceitalia.it\/#\/schema\/logo\/image\/"}}]}},"_links":{"self":[{"href":"https:\/\/cmserviceitalia.it\/pl\/wp-json\/wp\/v2\/pages\/12305","targetHints":{"allow":["GET"]}}],"collection":[{"href":"https:\/\/cmserviceitalia.it\/pl\/wp-json\/wp\/v2\/pages"}],"about":[{"href":"https:\/\/cmserviceitalia.it\/pl\/wp-json\/wp\/v2\/types\/page"}],"author":[{"embeddable":true,"href":"https:\/\/cmserviceitalia.it\/pl\/wp-json\/wp\/v2\/users\/11"}],"replies":[{"embeddable":true,"href":"https:\/\/cmserviceitalia.it\/pl\/wp-json\/wp\/v2\/comments?post=12305"}],"version-history":[{"count":5,"href":"https:\/\/cmserviceitalia.it\/pl\/wp-json\/wp\/v2\/pages\/12305\/revisions"}],"predecessor-version":[{"id":13189,"href":"https:\/\/cmserviceitalia.it\/pl\/wp-json\/wp\/v2\/pages\/12305\/revisions\/13189"}],"wp:attachment":[{"href":"https:\/\/cmserviceitalia.it\/pl\/wp-json\/wp\/v2\/media?parent=12305"}],"curies":[{"name":"wp","href":"https:\/\/api.w.org\/{rel}","templated":true}]}}