{"id":12313,"date":"2018-02-12T10:46:37","date_gmt":"2018-02-12T10:46:37","guid":{"rendered":"https:\/\/cmserviceitalia.it\/?page_id=12313"},"modified":"2018-02-13T10:24:00","modified_gmt":"2018-02-13T10:24:00","slug":"uslugi-posprzedazowe","status":"publish","type":"page","link":"https:\/\/cmserviceitalia.it\/pl\/uslugi-posprzedazowe\/","title":{"rendered":"US\u0141UGI POSPRZEDA\u017bOWE"},"content":{"rendered":"<div class=\"wpb-content-wrapper\"><p>[vc_row][vc_column][section_header layout_type=&#8221;section-heading-colorblock&#8221; main_heading=&#8221;US\u0141UGI POSPRZEDA\u017bOWE&#8221; font_size=&#8221;default&#8221; use_multi_color=&#8221;0&#8243;][\/vc_column][\/vc_row][vc_row][vc_column css=&#8221;.vc_custom_1502805848947{margin-top: 15px !important;}&#8221;][vc_cta h2=&#8221;&#8221; shape=&#8221;square&#8221; style=&#8221;custom&#8221; custom_background=&#8221;#ffffff&#8221;]<\/p>\n<h3>\u015awiadczymy ca\u0142odobowe us\u0142ugi posprzeda\u017cowe<\/h3>\n<p style=\"text-align: justify;\">\u015awiadczymy ca\u0142odobowe us\u0142ugi posprzeda\u017cowe :<\/p>\n<ul>\n<li>Szczeg\u00f3\u0142ow\u0105 analiz\u0119 problemu przez telefon<\/li>\n<li>Natychmiastow\u0105 pomocy w przypadku b\u0142\u0119d\u00f3w elektrycznych\/elektronicznych poprzez po\u0142\u0105czenie zdalne w trybie online z maszyn\u0105 w celu identyfikacji i natychmiastowego rozwi\u0105zania problemu<\/li>\n<li>Okresow\u0105 konserwacj\u0119 maszyny i wyposa\u017cenia na podstawie umowy<\/li>\n<\/ul>\n<p>[\/vc_cta][\/vc_column][\/vc_row]<\/p>\n<\/div>","protected":false},"excerpt":{"rendered":"<p>[vc_row][vc_column][section_header layout_type=&#8221;section-heading-colorblock&#8221; main_heading=&#8221;US\u0141UGI POSPRZEDA\u017bOWE&#8221; font_size=&#8221;default&#8221; use_multi_color=&#8221;0&#8243;][\/vc_column][\/vc_row][vc_row][vc_column css=&#8221;.vc_custom_1502805848947{margin-top: 15px !important;}&#8221;][vc_cta h2=&#8221;&#8221; shape=&#8221;square&#8221; style=&#8221;custom&#8221; custom_background=&#8221;#ffffff&#8221;] \u015awiadczymy ca\u0142odobowe us\u0142ugi posprzeda\u017cowe \u015awiadczymy ca\u0142odobowe us\u0142ugi posprzeda\u017cowe : Szczeg\u00f3\u0142ow\u0105 analiz\u0119 problemu przez telefon Natychmiastow\u0105 pomocy w przypadku b\u0142\u0119d\u00f3w elektrycznych\/elektronicznych poprzez po\u0142\u0105czenie zdalne w trybie online z maszyn\u0105 w celu identyfikacji i natychmiastowego rozwi\u0105zania problemu Okresow\u0105 konserwacj\u0119 maszyny i wyposa\u017cenia na podstawie&hellip;<\/p>\n","protected":false},"author":11,"featured_media":0,"parent":0,"menu_order":0,"comment_status":"closed","ping_status":"closed","template":"","meta":{"footnotes":""},"class_list":["post-12313","page","type-page","status-publish","hentry"],"yoast_head":"<!-- This site is optimized with the Yoast SEO plugin v27.2 - https:\/\/yoast.com\/product\/yoast-seo-wordpress\/ -->\r\n<title>US\u0141UGI POSPRZEDA\u017bOWE - CM Service<\/title>\r\n<meta name=\"robots\" content=\"index, follow, max-snippet:-1, max-image-preview:large, max-video-preview:-1\" \/>\r\n<link rel=\"canonical\" href=\"https:\/\/cmserviceitalia.it\/pl\/uslugi-posprzedazowe\/\" \/>\r\n<meta property=\"og:locale\" content=\"pl_PL\" \/>\r\n<meta property=\"og:type\" content=\"article\" \/>\r\n<meta property=\"og:title\" content=\"US\u0141UGI POSPRZEDA\u017bOWE - CM Service\" \/>\r\n<meta property=\"og:description\" content=\"[vc_row][vc_column][section_header layout_type=&#8221;section-heading-colorblock&#8221; main_heading=&#8221;US\u0141UGI POSPRZEDA\u017bOWE&#8221; font_size=&#8221;default&#8221; use_multi_color=&#8221;0&#8243;][\/vc_column][\/vc_row][vc_row][vc_column css=&#8221;.vc_custom_1502805848947{margin-top: 15px !important;}&#8221;][vc_cta h2=&#8221;&#8221; shape=&#8221;square&#8221; style=&#8221;custom&#8221; custom_background=&#8221;#ffffff&#8221;] \u015awiadczymy ca\u0142odobowe us\u0142ugi posprzeda\u017cowe \u015awiadczymy ca\u0142odobowe us\u0142ugi posprzeda\u017cowe : Szczeg\u00f3\u0142ow\u0105 analiz\u0119 problemu przez telefon Natychmiastow\u0105 pomocy w przypadku b\u0142\u0119d\u00f3w elektrycznych\/elektronicznych poprzez po\u0142\u0105czenie zdalne w trybie online z maszyn\u0105 w celu identyfikacji i natychmiastowego rozwi\u0105zania problemu Okresow\u0105 konserwacj\u0119 maszyny i wyposa\u017cenia na podstawie&hellip;\" \/>\r\n<meta property=\"og:url\" content=\"https:\/\/cmserviceitalia.it\/pl\/uslugi-posprzedazowe\/\" \/>\r\n<meta property=\"og:site_name\" content=\"CM Service\" \/>\r\n<meta property=\"article:modified_time\" content=\"2018-02-13T10:24:00+00:00\" \/>\r\n<meta property=\"og:image\" content=\"https:\/\/cmserviceitalia.it\/assets\/uploads\/logo_cm-service_jaune_02.jpg\" \/>\r\n\t<meta property=\"og:image:width\" content=\"732\" \/>\r\n\t<meta property=\"og:image:height\" content=\"732\" \/>\r\n\t<meta property=\"og:image:type\" content=\"image\/jpeg\" \/>\r\n<meta name=\"twitter:label1\" content=\"Szacowany czas czytania\" \/>\n\t<meta name=\"twitter:data1\" content=\"1 minuta\" \/>\r\n<script type=\"application\/ld+json\" class=\"yoast-schema-graph\">{\"@context\":\"https:\/\/schema.org\",\"@graph\":[{\"@type\":\"WebPage\",\"@id\":\"https:\/\/cmserviceitalia.it\/pl\/uslugi-posprzedazowe\/\",\"url\":\"https:\/\/cmserviceitalia.it\/pl\/uslugi-posprzedazowe\/\",\"name\":\"US\u0141UGI POSPRZEDA\u017bOWE - CM Service\",\"isPartOf\":{\"@id\":\"https:\/\/cmserviceitalia.it\/#website\"},\"datePublished\":\"2018-02-12T10:46:37+00:00\",\"dateModified\":\"2018-02-13T10:24:00+00:00\",\"inLanguage\":\"pl-PL\",\"potentialAction\":[{\"@type\":\"ReadAction\",\"target\":[\"https:\/\/cmserviceitalia.it\/pl\/uslugi-posprzedazowe\/\"]}]},{\"@type\":\"WebSite\",\"@id\":\"https:\/\/cmserviceitalia.it\/#website\",\"url\":\"https:\/\/cmserviceitalia.it\/\",\"name\":\"CM Service\",\"description\":\"Printer Slotter Presse de d\u00e9coupe automatique Diecutter Automatique\",\"publisher\":{\"@id\":\"https:\/\/cmserviceitalia.it\/#organization\"},\"potentialAction\":[{\"@type\":\"SearchAction\",\"target\":{\"@type\":\"EntryPoint\",\"urlTemplate\":\"https:\/\/cmserviceitalia.it\/?s={search_term_string}\"},\"query-input\":{\"@type\":\"PropertyValueSpecification\",\"valueRequired\":true,\"valueName\":\"search_term_string\"}}],\"inLanguage\":\"pl-PL\"},{\"@type\":\"Organization\",\"@id\":\"https:\/\/cmserviceitalia.it\/#organization\",\"name\":\"CM Service Italia\",\"url\":\"https:\/\/cmserviceitalia.it\/\",\"logo\":{\"@type\":\"ImageObject\",\"inLanguage\":\"pl-PL\",\"@id\":\"https:\/\/cmserviceitalia.it\/#\/schema\/logo\/image\/\",\"url\":\"https:\/\/cmserviceitalia.it\/assets\/uploads\/logo_cm-service_jaune_02.jpg\",\"contentUrl\":\"https:\/\/cmserviceitalia.it\/assets\/uploads\/logo_cm-service_jaune_02.jpg\",\"width\":732,\"height\":732,\"caption\":\"CM Service Italia\"},\"image\":{\"@id\":\"https:\/\/cmserviceitalia.it\/#\/schema\/logo\/image\/\"}}]}<\/script>\r\n<!-- \/ Yoast SEO plugin. -->","yoast_head_json":{"title":"US\u0141UGI POSPRZEDA\u017bOWE - CM Service","robots":{"index":"index","follow":"follow","max-snippet":"max-snippet:-1","max-image-preview":"max-image-preview:large","max-video-preview":"max-video-preview:-1"},"canonical":"https:\/\/cmserviceitalia.it\/pl\/uslugi-posprzedazowe\/","og_locale":"pl_PL","og_type":"article","og_title":"US\u0141UGI POSPRZEDA\u017bOWE - CM Service","og_description":"[vc_row][vc_column][section_header layout_type=&#8221;section-heading-colorblock&#8221; main_heading=&#8221;US\u0141UGI POSPRZEDA\u017bOWE&#8221; font_size=&#8221;default&#8221; use_multi_color=&#8221;0&#8243;][\/vc_column][\/vc_row][vc_row][vc_column css=&#8221;.vc_custom_1502805848947{margin-top: 15px !important;}&#8221;][vc_cta h2=&#8221;&#8221; shape=&#8221;square&#8221; style=&#8221;custom&#8221; custom_background=&#8221;#ffffff&#8221;] \u015awiadczymy ca\u0142odobowe us\u0142ugi posprzeda\u017cowe \u015awiadczymy ca\u0142odobowe us\u0142ugi posprzeda\u017cowe : Szczeg\u00f3\u0142ow\u0105 analiz\u0119 problemu przez telefon Natychmiastow\u0105 pomocy w przypadku b\u0142\u0119d\u00f3w elektrycznych\/elektronicznych poprzez po\u0142\u0105czenie zdalne w trybie online z maszyn\u0105 w celu identyfikacji i natychmiastowego rozwi\u0105zania problemu Okresow\u0105 konserwacj\u0119 maszyny i wyposa\u017cenia na podstawie&hellip;","og_url":"https:\/\/cmserviceitalia.it\/pl\/uslugi-posprzedazowe\/","og_site_name":"CM Service","article_modified_time":"2018-02-13T10:24:00+00:00","og_image":[{"width":732,"height":732,"url":"https:\/\/cmserviceitalia.it\/assets\/uploads\/logo_cm-service_jaune_02.jpg","type":"image\/jpeg"}],"twitter_misc":{"Szacowany czas czytania":"1 minuta"},"schema":{"@context":"https:\/\/schema.org","@graph":[{"@type":"WebPage","@id":"https:\/\/cmserviceitalia.it\/pl\/uslugi-posprzedazowe\/","url":"https:\/\/cmserviceitalia.it\/pl\/uslugi-posprzedazowe\/","name":"US\u0141UGI POSPRZEDA\u017bOWE - CM Service","isPartOf":{"@id":"https:\/\/cmserviceitalia.it\/#website"},"datePublished":"2018-02-12T10:46:37+00:00","dateModified":"2018-02-13T10:24:00+00:00","inLanguage":"pl-PL","potentialAction":[{"@type":"ReadAction","target":["https:\/\/cmserviceitalia.it\/pl\/uslugi-posprzedazowe\/"]}]},{"@type":"WebSite","@id":"https:\/\/cmserviceitalia.it\/#website","url":"https:\/\/cmserviceitalia.it\/","name":"CM Service","description":"Printer Slotter Presse de d\u00e9coupe automatique Diecutter Automatique","publisher":{"@id":"https:\/\/cmserviceitalia.it\/#organization"},"potentialAction":[{"@type":"SearchAction","target":{"@type":"EntryPoint","urlTemplate":"https:\/\/cmserviceitalia.it\/?s={search_term_string}"},"query-input":{"@type":"PropertyValueSpecification","valueRequired":true,"valueName":"search_term_string"}}],"inLanguage":"pl-PL"},{"@type":"Organization","@id":"https:\/\/cmserviceitalia.it\/#organization","name":"CM Service Italia","url":"https:\/\/cmserviceitalia.it\/","logo":{"@type":"ImageObject","inLanguage":"pl-PL","@id":"https:\/\/cmserviceitalia.it\/#\/schema\/logo\/image\/","url":"https:\/\/cmserviceitalia.it\/assets\/uploads\/logo_cm-service_jaune_02.jpg","contentUrl":"https:\/\/cmserviceitalia.it\/assets\/uploads\/logo_cm-service_jaune_02.jpg","width":732,"height":732,"caption":"CM Service Italia"},"image":{"@id":"https:\/\/cmserviceitalia.it\/#\/schema\/logo\/image\/"}}]}},"_links":{"self":[{"href":"https:\/\/cmserviceitalia.it\/pl\/wp-json\/wp\/v2\/pages\/12313","targetHints":{"allow":["GET"]}}],"collection":[{"href":"https:\/\/cmserviceitalia.it\/pl\/wp-json\/wp\/v2\/pages"}],"about":[{"href":"https:\/\/cmserviceitalia.it\/pl\/wp-json\/wp\/v2\/types\/page"}],"author":[{"embeddable":true,"href":"https:\/\/cmserviceitalia.it\/pl\/wp-json\/wp\/v2\/users\/11"}],"replies":[{"embeddable":true,"href":"https:\/\/cmserviceitalia.it\/pl\/wp-json\/wp\/v2\/comments?post=12313"}],"version-history":[{"count":6,"href":"https:\/\/cmserviceitalia.it\/pl\/wp-json\/wp\/v2\/pages\/12313\/revisions"}],"predecessor-version":[{"id":13191,"href":"https:\/\/cmserviceitalia.it\/pl\/wp-json\/wp\/v2\/pages\/12313\/revisions\/13191"}],"wp:attachment":[{"href":"https:\/\/cmserviceitalia.it\/pl\/wp-json\/wp\/v2\/media?parent=12313"}],"curies":[{"name":"wp","href":"https:\/\/api.w.org\/{rel}","templated":true}]}}